{"id":14156,"date":"2024-08-16T01:57:55","date_gmt":"2024-08-16T01:57:55","guid":{"rendered":"https:\/\/timberwalls.net\/produkter\/hts-bearing-beams\/"},"modified":"2024-09-10T18:30:32","modified_gmt":"2024-09-10T18:30:32","slug":"hts-lejebjaelker","status":"publish","type":"page","link":"https:\/\/timberwalls.net\/da\/produkter\/hts-lejebjaelker\/","title":{"rendered":"HTS Lejebj\u00e6lker"},"content":{"rendered":"<div class=\"wpb-content-wrapper\"><p>[vc_row gap=&#8221;20&#8243; content_placement=&#8221;middle&#8221; woodmart_css_id=&#8221;66beb66f5696d&#8221; responsive_spacing=&#8221;eyJwYXJhbV90eXBlIjoid29vZG1hcnRfcmVzcG9uc2l2ZV9zcGFjaW5nIiwic2VsZWN0b3JfaWQiOiI2NmJlYjY2ZjU2OTZkIiwic2hvcnRjb2RlIjoidmNfcm93IiwiZGF0YSI6eyJ0YWJsZXQiOnt9LCJtb2JpbGUiOnt9fX0=&#8221; mobile_bg_img_hidden=&#8221;no&#8221; tablet_bg_img_hidden=&#8221;no&#8221; woodmart_parallax=&#8221;0&#8243; woodmart_gradient_switch=&#8221;no&#8221; woodmart_box_shadow=&#8221;no&#8221; wd_z_index=&#8221;no&#8221; woodmart_disable_overflow=&#8221;0&#8243; row_reverse_mobile=&#8221;0&#8243; row_reverse_tablet=&#8221;0&#8243;][vc_column width=&#8221;1\/2&#8243;]\t\t\t<link rel=\"stylesheet\" id=\"wd-section-title-css\" href=\"https:\/\/timberwalls.net\/wp-content\/themes\/woodmart\/css\/parts\/el-section-title.min.css?ver=7.5.2\" type=\"text\/css\" media=\"all\" \/> \t\t\t\t\t\t<link rel=\"stylesheet\" id=\"wd-mod-highlighted-text-css\" href=\"https:\/\/timberwalls.net\/wp-content\/themes\/woodmart\/css\/parts\/mod-highlighted-text.min.css?ver=7.5.2\" type=\"text\/css\" media=\"all\" \/> \t\t\t\n\t\t<div id=\"wd-66e08f57e74c4\" class=\"title-wrapper wd-wpb set-mb-s reset-last-child  wd-rs-66e08f57e74c4 wd-title-color-default wd-title-style-default text-left  wd-underline-colored\">\n\t\t\t\n\t\t\t<div class=\"liner-continer\">\n\t\t\t\t<h4 class=\"woodmart-title-container title  wd-font-weight- wd-fontsize-l\" >HTS Lejebj\u00e6lker<\/h4>\n\t\t\t\t\t\t\t<\/div>\n\t\t\t\n\t\t\t\n\t\t\t\n\t\t<\/div>\n\t\t\n\t\t\t\t\t<link rel=\"stylesheet\" id=\"wd-text-block-css\" href=\"https:\/\/timberwalls.net\/wp-content\/themes\/woodmart\/css\/parts\/el-text-block.min.css?ver=7.5.2\" type=\"text\/css\" media=\"all\" \/> \t\t\t\t\t<div id=\"wd-66e08f5d8dc22\" class=\"wd-text-block wd-wpb reset-last-child wd-rs-66e08f5d8dc22 text-left \">\n\t\t\t<p>Hybridbj\u00e6lker lavet af tr\u00e6 og metal er langt st\u00e6rkere og lettere end dem der er lavet af enten tr\u00e6 eller metal. De er pr\u00e6cist tilpasset det strukturelle system og belastningen af hver bygning, ideelle til rum uden underst\u00f8tninger p\u00e5 op til 24 meter. S\u00e5danne bj\u00e6lker er velegnede til montering af tage, overl\u00e6g, l\u00e6 osv. De kan tilpasses mange steder og er nemme at montere. Hybridbj\u00e6lker har ogs\u00e5 fremragende lyd- og varmeisoleringsegenskaber. Disse bj\u00e6lker opfylder internationale kvalitetskrav og standarder.<\/p>\n\t\t<\/div>\n\t\t\n\t\t<div id=\"wd-66e08f67e3922\" class=\"title-wrapper wd-wpb set-mb-s reset-last-child  wd-rs-66e08f67e3922 wd-title-color-default wd-title-style-default text-left  wd-underline-colored\">\n\t\t\t\n\t\t\t<div class=\"liner-continer\">\n\t\t\t\t<h4 class=\"woodmart-title-container title  wd-font-weight- wd-fontsize-l\" >Send os din foresp\u00f8rgsel eller sp\u00f8rgsm\u00e5l nedenfor.<\/h4>\n\t\t\t\t\t\t\t<\/div>\n\t\t\t\n\t\t\t\n\t\t\t\n\t\t<\/div>\n\t\t\n\t\t\t\t<div id=\"wd-66e0903fd95cf\" class=\"wd-text-block wd-wpb reset-last-child wd-rs-66e0903fd95cf text-left \">\n\t\t\t<div class='fluentform ff-default fluentform_wrapper_23 ffs_default_wrap'><form data-form_id=\"23\" id=\"fluentform_23\" class=\"frm-fluent-form fluent_form_23 ff-el-form-top ff_form_instance_23_1 ff-form-loading ffs_default\" data-form_instance=\"ff_form_instance_23_1\" method=\"POST\" ><fieldset  style=\"border: none!important;margin: 0!important;padding: 0!important;background-color: transparent!important;box-shadow: none!important;outline: none!important; min-inline-size: 100%;\">\n                    <legend class=\"ff_screen_reader_title\" style=\"display: block; margin: 0!important;padding: 0!important;height: 0!important;text-indent: -999999px;width: 0!important;overflow:hidden;\">Blank Form DA<\/legend><input type='hidden' name='__fluent_form_embded_post_id' value='14156' \/><input type=\"hidden\" id=\"_fluentform_23_fluentformnonce\" name=\"_fluentform_23_fluentformnonce\" value=\"64a27a8ecf\" \/><input type=\"hidden\" name=\"_wp_http_referer\" value=\"\/da\/wp-json\/wp\/v2\/pages\/14156\" \/><div data-name=\"ff_cn_id_1\"  class='ff-t-container ff-column-container ff_columns_total_2  '><div class='ff-t-cell ff-t-column-1' style='flex-basis: 50%;'><div class='ff-el-group ff-el-form-hide_label'><div class=\"ff-el-input--label asterisk-right\"><label for='ff_23_input_text' aria-label=\"Dit navn\">Dit navn<\/label><\/div><div class='ff-el-input--content'><input type=\"text\" name=\"input_text\" class=\"ff-el-form-control\" placeholder=\"Dit navn\" data-name=\"input_text\" id=\"ff_23_input_text\"  aria-invalid=\"false\" aria-required=false><\/div><\/div><\/div><div class='ff-t-cell ff-t-column-2' style='flex-basis: 50%;'><div class='ff-el-group ff-el-form-hide_label'><div class=\"ff-el-input--label ff-el-is-required asterisk-right\"><label for='ff_23_email' aria-label=\"E-mail\">E-mail<\/label><\/div><div class='ff-el-input--content'><input type=\"email\" name=\"email\" id=\"ff_23_email\" class=\"ff-el-form-control\" placeholder=\"E-mail\" data-name=\"email\"  aria-invalid=\"false\" aria-required=true><\/div><\/div><\/div><\/div><div data-name=\"ff_cn_id_2\"  class='ff-t-container ff-column-container ff_columns_total_2  '><div class='ff-t-cell ff-t-column-1' style='flex-basis: 50%;'><div class='ff-el-group ff-el-form-hide_label'><div class=\"ff-el-input--label asterisk-right\"><label for='ff_23_input_text_2' aria-label=\"Telefonnummer\">Telefonnummer<\/label><\/div><div class='ff-el-input--content'><input type=\"text\" name=\"input_text_2\" class=\"ff-el-form-control\" placeholder=\"Telefonnummer\" data-name=\"input_text_2\" id=\"ff_23_input_text_2\"  aria-invalid=\"false\" aria-required=false><\/div><\/div><\/div><div class='ff-t-cell ff-t-column-2' style='flex-basis: 50%;'><div class='ff-el-group ff-el-form-hide_label'><div class=\"ff-el-input--label asterisk-right\"><label for='ff_23_input_text_3' aria-label=\"Firma\">Firma<\/label><\/div><div class='ff-el-input--content'><input type=\"text\" name=\"input_text_3\" class=\"ff-el-form-control\" placeholder=\"Firma\" data-name=\"input_text_3\" id=\"ff_23_input_text_3\"  aria-invalid=\"false\" aria-required=false><\/div><\/div><\/div><\/div><div data-name=\"ff_cn_id_3\"  class='ff-t-container ff-column-container ff_columns_total_1  '><div class='ff-t-cell ff-t-column-1' style='flex-basis: 100%;'><div class='ff-el-group ff-el-form-hide_label'><div class=\"ff-el-input--label asterisk-right\"><label for='ff_23_description' aria-label=\"Din besked\">Din besked<\/label><\/div><div class='ff-el-input--content'><textarea aria-invalid=\"false\" aria-required=false name=\"description\" id=\"ff_23_description\" class=\"ff-el-form-control\" placeholder=\"Din besked\" rows=\"3\" cols=\"2\" data-name=\"description\" ><\/textarea><\/div><\/div><div class='ff-el-group    ff-el-input--content'><div class='ff-el-form-check ff-el-tc'><label aria-label='terms & conditions' class='ff-el-form-check-label ff_tc_label' for=gdpr-agreement_a91a85c8d094f96be04a48c17ff1916d><span class='ff_tc_checkbox'><input type=\"checkbox\" name=\"gdpr-agreement\" class=\"ff-el-form-check-input ff_gdpr_field\" data-name=\"gdpr-agreement\" id=\"gdpr-agreement_a91a85c8d094f96be04a48c17ff1916d\"  value='on' aria-invalid='false' aria-required=true><\/span> <div class='ff_t_c'>Jeg er enig med <a href=\"https:\/\/timberwalls.net\/da\/privatlivspolitikken\/\">privatlivspolitikken<\/a><\/div><\/label><\/div><\/div><div class='ff-el-group ff-text-left ff_submit_btn_wrapper ff_submit_btn_wrapper_custom'><button class=\"ff-btn ff-btn-submit ff-btn-md ff_btn_style wpf_has_custom_css\" type=\"submit\" name=\"custom_submit_button-23_1\" data-name=\"custom_submit_button-23_1\" >SEND<\/button><style>form.fluent_form_23 .wpf_has_custom_css.ff-btn-submit { background-color:rgba(112, 86, 53, 1);border-color:rgba(112, 86, 53, 1);color:rgba(255, 255, 255, 1);border-radius:50px;min-width:100%; }form.fluent_form_23 .wpf_has_custom_css.ff-btn-submit:hover { background-color:rgba(146, 169, 96, 1);border-color:rgba(146, 169, 96, 1);color:rgba(255, 255, 255, 1);min-width:100%; } <\/style><\/div><\/div><\/div><\/fieldset><\/form><div id='fluentform_23_errors' class='ff-errors-in-stack ff_form_instance_23_1 ff-form-loading_errors ff_form_instance_23_1_errors'><\/div><\/div>        <script type=\"text\/javascript\">\n            window.fluent_form_ff_form_instance_23_1 = {\"id\":\"23\",\"settings\":{\"layout\":{\"labelPlacement\":\"top\",\"helpMessagePlacement\":\"with_label\",\"errorMessagePlacement\":\"inline\",\"cssClassName\":\"\",\"asteriskPlacement\":\"asterisk-right\"},\"restrictions\":{\"denyEmptySubmission\":{\"enabled\":false}}},\"form_instance\":\"ff_form_instance_23_1\",\"form_id_selector\":\"fluentform_23\",\"rules\":{\"input_text\":{\"required\":{\"value\":false,\"message\":\"This field is required\",\"global_message\":\"This field is required\",\"global\":true}},\"email\":{\"required\":{\"value\":true,\"message\":\"This field is required\",\"global_message\":\"This field is required\",\"global\":true},\"email\":{\"value\":true,\"message\":\"This field must contain a valid email\",\"global_message\":\"This field must contain a valid email\",\"global\":true}},\"input_text_2\":{\"required\":{\"value\":false,\"message\":\"This field is required\",\"global_message\":\"This field is required\",\"global\":true}},\"input_text_3\":{\"required\":{\"value\":false,\"message\":\"This field is required\",\"global_message\":\"This field is required\",\"global\":true}},\"description\":{\"required\":{\"value\":false,\"message\":\"This field is required\",\"global_message\":\"This field is required\",\"global\":true}},\"gdpr-agreement\":{\"required\":{\"value\":true,\"message\":\"This field is required\",\"global_message\":\"This field is required\",\"global\":true}}},\"debounce_time\":300};\n                    <\/script>\n        \n\t\t<\/div>\n\t\t[\/vc_column][vc_column width=&#8221;1\/2&#8243;]\t\t\t<link rel=\"stylesheet\" id=\"wd-photoswipe-css\" href=\"https:\/\/timberwalls.net\/wp-content\/themes\/woodmart\/css\/parts\/lib-photoswipe.min.css?ver=7.5.2\" type=\"text\/css\" media=\"all\" \/> \t\t\t\t\t\t<link rel=\"stylesheet\" id=\"wd-image-gallery-css\" href=\"https:\/\/timberwalls.net\/wp-content\/themes\/woodmart\/css\/parts\/el-gallery.min.css?ver=7.5.2\" type=\"text\/css\" media=\"all\" \/> \t\t\t\t\t<div id=\"gallery_214\" class=\"wd-images-gallery wd-wpb wd-rs-66d7088aeb82d photoswipe-images\" style=\"--wd-justify-content:center;--wd-align-items:center;\">\n\t\t\t\n\t\t\t<div class=\" wd-grid-g\" style=\"--wd-col-lg:2;--wd-col-md:2;--wd-col-sm:2;--wd-gap-lg:6px;\">\n\t\t\t\t\n\t\t\t\t\t\t\t\t\t\t\t\t\t\t\t<div class=\"wd-gallery-item wd-col\">\n\t\t\t\t\t\t\t\t\t\t\t\t\t\t<a href=\"https:\/\/timberwalls.net\/wp-content\/uploads\/2024\/09\/image00018-scaled.jpeg\" data-elementor-open-lightbox=\"no\" data-index=\"1\" data-width=\"2560\" data-height=\"1920\" \n\t\t\t\t\t\t\t\t\t\t\t\t >\n\t\t\t\t\t\t\t\t\n\t\t\t\t\t\t\t\t<img loading=\"lazy\" decoding=\"async\" width=\"300\" height=\"200\" src=\"https:\/\/timberwalls.net\/wp-content\/uploads\/2024\/09\/image00018-scaled-300x200.jpeg\" class=\"wd-gallery-image image-1\" alt=\"HTS sijos: idealiai tinka gyvenam\u0173j\u0173 ir komercini\u0173 pastat\u0173 projektams\" \/>\n\t\t\t\t\t\t\t\t\t\t\t\t\t\t\t<\/a>\n\t\t\t\t\t\t\t\t\t\t\t\t<\/div>\n\t\t\t\t\t\t\t\t\t\t\t<div class=\"wd-gallery-item wd-col\">\n\t\t\t\t\t\t\t\t\t\t\t\t\t\t<a href=\"https:\/\/timberwalls.net\/wp-content\/uploads\/2024\/09\/image00010-scaled.jpeg\" data-elementor-open-lightbox=\"no\" data-index=\"2\" data-width=\"2560\" data-height=\"1920\" \n\t\t\t\t\t\t\t\t\t\t\t\t >\n\t\t\t\t\t\t\t\t\n\t\t\t\t\t\t\t\t<img loading=\"lazy\" decoding=\"async\" width=\"300\" height=\"200\" src=\"https:\/\/timberwalls.net\/wp-content\/uploads\/2024\/09\/image00010-scaled-300x200.jpeg\" class=\"wd-gallery-image image-2\" alt=\"HTS sijos: idealiai tinka gyvenam\u0173j\u0173 ir komercini\u0173 pastat\u0173 projektams\" \/>\n\t\t\t\t\t\t\t\t\t\t\t\t\t\t\t<\/a>\n\t\t\t\t\t\t\t\t\t\t\t\t<\/div>\n\t\t\t\t\t\t\t\t\t\t\t<div class=\"wd-gallery-item wd-col\">\n\t\t\t\t\t\t\t\t\t\t\t\t\t\t<a href=\"https:\/\/timberwalls.net\/wp-content\/uploads\/2024\/09\/image00014-scaled.jpeg\" data-elementor-open-lightbox=\"no\" data-index=\"3\" data-width=\"2560\" data-height=\"1920\" \n\t\t\t\t\t\t\t\t\t\t\t\t >\n\t\t\t\t\t\t\t\t\n\t\t\t\t\t\t\t\t<img loading=\"lazy\" decoding=\"async\" width=\"300\" height=\"200\" src=\"https:\/\/timberwalls.net\/wp-content\/uploads\/2024\/09\/image00014-scaled-300x200.jpeg\" class=\"wd-gallery-image image-3\" alt=\"HTS sijos: idealiai tinka gyvenam\u0173j\u0173 ir komercini\u0173 pastat\u0173 projektams\" \/>\n\t\t\t\t\t\t\t\t\t\t\t\t\t\t\t<\/a>\n\t\t\t\t\t\t\t\t\t\t\t\t<\/div>\n\t\t\t\t\t\t\t\t\t\t\t<div class=\"wd-gallery-item wd-col\">\n\t\t\t\t\t\t\t\t\t\t\t\t\t\t<a href=\"https:\/\/timberwalls.net\/wp-content\/uploads\/2024\/09\/image00006-1-scaled.jpeg\" data-elementor-open-lightbox=\"no\" data-index=\"4\" data-width=\"2560\" data-height=\"1920\" \n\t\t\t\t\t\t\t\t\t\t\t\t >\n\t\t\t\t\t\t\t\t\n\t\t\t\t\t\t\t\t<img loading=\"lazy\" decoding=\"async\" width=\"300\" height=\"200\" src=\"https:\/\/timberwalls.net\/wp-content\/uploads\/2024\/09\/image00006-1-scaled-300x200.jpeg\" class=\"wd-gallery-image image-4\" alt=\"HTS sija, naudojama stogo konstrukcijoje\" \/>\n\t\t\t\t\t\t\t\t\t\t\t\t\t\t\t<\/a>\n\t\t\t\t\t\t\t\t\t\t\t\t<\/div>\n\t\t\t\t\t\t\t\t\t\n\t\t\t\t\t\t\t<\/div>\n\n\t\t\t\t\t<\/div>\n\t\t[\/vc_column][\/vc_row]<\/p>\n<\/div>","protected":false},"excerpt":{"rendered":"<p>[vc_row gap=&#8221;20&#8243; content_placement=&#8221;middle&#8221; woodmart_css_id=&#8221;66beb66f5696d&#8221; responsive_spacing=&#8221;eyJwYXJhbV90eXBlIjoid29vZG1hcnRfcmVzcG9uc2l2ZV9zcGFjaW5nIiwic2VsZWN0b3JfaWQiOiI2NmJlYjY2ZjU2OTZkIiwic2hvcnRjb2RlIjoidmNfcm93IiwiZGF0YSI6eyJ0YWJsZXQiOnt9LCJtb2JpbGUiOnt9fX0=&#8221; mobile_bg_img_hidden=&#8221;no&#8221; tablet_bg_img_hidden=&#8221;no&#8221; woodmart_parallax=&#8221;0&#8243; woodmart_gradient_switch=&#8221;no&#8221; woodmart_box_shadow=&#8221;no&#8221; wd_z_index=&#8221;no&#8221; woodmart_disable_overflow=&#8221;0&#8243; row_reverse_mobile=&#8221;0&#8243; row_reverse_tablet=&#8221;0&#8243;][vc_column width=&#8221;1\/2&#8243;][\/vc_column][vc_column width=&#8221;1\/2&#8243;][\/vc_column][\/vc_row]<\/p>\n","protected":false},"author":1,"featured_media":0,"parent":14152,"menu_order":0,"comment_status":"closed","ping_status":"closed","template":"","meta":{"footnotes":""},"class_list":["post-14156","page","type-page","status-publish","hentry"],"yoast_head":"<!-- This site is optimized with the Yoast SEO plugin v23.6 - https:\/\/yoast.com\/wordpress\/plugins\/seo\/ -->\n<title>HTS Lejebj\u00e6lker - timberwalls.net<\/title>\n<meta name=\"robots\" content=\"index, follow, max-snippet:-1, max-image-preview:large, max-video-preview:-1\" \/>\n<link rel=\"canonical\" href=\"https:\/\/timberwalls.net\/da\/produkter\/hts-lejebjaelker\/\" \/>\n<meta property=\"og:locale\" content=\"da_DK\" \/>\n<meta property=\"og:type\" content=\"article\" \/>\n<meta property=\"og:title\" content=\"HTS Lejebj\u00e6lker - timberwalls.net\" \/>\n<meta property=\"og:url\" content=\"https:\/\/timberwalls.net\/da\/produkter\/hts-lejebjaelker\/\" \/>\n<meta property=\"og:site_name\" content=\"timberwalls.net\" \/>\n<meta property=\"article:modified_time\" content=\"2024-09-10T18:30:32+00:00\" \/>\n<meta property=\"og:image\" content=\"https:\/\/timberwalls.net\/wp-content\/uploads\/2024\/09\/843_1854905491.jpg\" \/>\n\t<meta property=\"og:image:width\" content=\"1600\" \/>\n\t<meta property=\"og:image:height\" content=\"1200\" \/>\n\t<meta property=\"og:image:type\" content=\"image\/jpeg\" \/>\n<meta name=\"twitter:card\" content=\"summary_large_image\" \/>\n<meta name=\"twitter:label1\" content=\"Estimeret l\u00e6setid\" \/>\n\t<meta name=\"twitter:data1\" content=\"2 minutter\" \/>\n<script type=\"application\/ld+json\" class=\"yoast-schema-graph\">{\"@context\":\"https:\/\/schema.org\",\"@graph\":[{\"@type\":\"WebPage\",\"@id\":\"https:\/\/timberwalls.net\/da\/produkter\/hts-lejebjaelker\/\",\"url\":\"https:\/\/timberwalls.net\/da\/produkter\/hts-lejebjaelker\/\",\"name\":\"HTS Lejebj\u00e6lker - timberwalls.net\",\"isPartOf\":{\"@id\":\"https:\/\/timberwalls.net\/de\/#website\"},\"datePublished\":\"2024-08-16T01:57:55+00:00\",\"dateModified\":\"2024-09-10T18:30:32+00:00\",\"breadcrumb\":{\"@id\":\"https:\/\/timberwalls.net\/da\/produkter\/hts-lejebjaelker\/#breadcrumb\"},\"inLanguage\":\"da-DK\",\"potentialAction\":[{\"@type\":\"ReadAction\",\"target\":[\"https:\/\/timberwalls.net\/da\/produkter\/hts-lejebjaelker\/\"]}]},{\"@type\":\"BreadcrumbList\",\"@id\":\"https:\/\/timberwalls.net\/da\/produkter\/hts-lejebjaelker\/#breadcrumb\",\"itemListElement\":[{\"@type\":\"ListItem\",\"position\":1,\"name\":\"Home\",\"item\":\"https:\/\/timberwalls.net\/da\/\"},{\"@type\":\"ListItem\",\"position\":2,\"name\":\"Produkter\",\"item\":\"https:\/\/timberwalls.net\/da\/produkter\/\"},{\"@type\":\"ListItem\",\"position\":3,\"name\":\"HTS Lejebj\u00e6lker\"}]},{\"@type\":\"WebSite\",\"@id\":\"https:\/\/timberwalls.net\/de\/#website\",\"url\":\"https:\/\/timberwalls.net\/de\/\",\"name\":\"timberwalls.net\",\"description\":\"timberwalls.net\",\"publisher\":{\"@id\":\"https:\/\/timberwalls.net\/de\/#organization\"},\"potentialAction\":[{\"@type\":\"SearchAction\",\"target\":{\"@type\":\"EntryPoint\",\"urlTemplate\":\"https:\/\/timberwalls.net\/de\/?s={search_term_string}\"},\"query-input\":{\"@type\":\"PropertyValueSpecification\",\"valueRequired\":true,\"valueName\":\"search_term_string\"}}],\"inLanguage\":\"da-DK\"},{\"@type\":\"Organization\",\"@id\":\"https:\/\/timberwalls.net\/de\/#organization\",\"name\":\"Wooden frame-panel houses\",\"url\":\"https:\/\/timberwalls.net\/de\/\",\"logo\":{\"@type\":\"ImageObject\",\"inLanguage\":\"da-DK\",\"@id\":\"https:\/\/timberwalls.net\/de\/#\/schema\/logo\/image\/\",\"url\":\"https:\/\/timberwalls.net\/wp-content\/uploads\/2024\/08\/Timberwalls-logo-1.jpg\",\"contentUrl\":\"https:\/\/timberwalls.net\/wp-content\/uploads\/2024\/08\/Timberwalls-logo-1.jpg\",\"width\":960,\"height\":685,\"caption\":\"Wooden frame-panel houses\"},\"image\":{\"@id\":\"https:\/\/timberwalls.net\/de\/#\/schema\/logo\/image\/\"}}]}<\/script>\n<!-- \/ Yoast SEO plugin. -->","yoast_head_json":{"title":"HTS Lejebj\u00e6lker - timberwalls.net","robots":{"index":"index","follow":"follow","max-snippet":"max-snippet:-1","max-image-preview":"max-image-preview:large","max-video-preview":"max-video-preview:-1"},"canonical":"https:\/\/timberwalls.net\/da\/produkter\/hts-lejebjaelker\/","og_locale":"da_DK","og_type":"article","og_title":"HTS Lejebj\u00e6lker - timberwalls.net","og_url":"https:\/\/timberwalls.net\/da\/produkter\/hts-lejebjaelker\/","og_site_name":"timberwalls.net","article_modified_time":"2024-09-10T18:30:32+00:00","og_image":[{"width":1600,"height":1200,"url":"https:\/\/timberwalls.net\/wp-content\/uploads\/2024\/09\/843_1854905491.jpg","type":"image\/jpeg"}],"twitter_card":"summary_large_image","twitter_misc":{"Estimeret l\u00e6setid":"2 minutter"},"schema":{"@context":"https:\/\/schema.org","@graph":[{"@type":"WebPage","@id":"https:\/\/timberwalls.net\/da\/produkter\/hts-lejebjaelker\/","url":"https:\/\/timberwalls.net\/da\/produkter\/hts-lejebjaelker\/","name":"HTS Lejebj\u00e6lker - timberwalls.net","isPartOf":{"@id":"https:\/\/timberwalls.net\/de\/#website"},"datePublished":"2024-08-16T01:57:55+00:00","dateModified":"2024-09-10T18:30:32+00:00","breadcrumb":{"@id":"https:\/\/timberwalls.net\/da\/produkter\/hts-lejebjaelker\/#breadcrumb"},"inLanguage":"da-DK","potentialAction":[{"@type":"ReadAction","target":["https:\/\/timberwalls.net\/da\/produkter\/hts-lejebjaelker\/"]}]},{"@type":"BreadcrumbList","@id":"https:\/\/timberwalls.net\/da\/produkter\/hts-lejebjaelker\/#breadcrumb","itemListElement":[{"@type":"ListItem","position":1,"name":"Home","item":"https:\/\/timberwalls.net\/da\/"},{"@type":"ListItem","position":2,"name":"Produkter","item":"https:\/\/timberwalls.net\/da\/produkter\/"},{"@type":"ListItem","position":3,"name":"HTS Lejebj\u00e6lker"}]},{"@type":"WebSite","@id":"https:\/\/timberwalls.net\/de\/#website","url":"https:\/\/timberwalls.net\/de\/","name":"timberwalls.net","description":"timberwalls.net","publisher":{"@id":"https:\/\/timberwalls.net\/de\/#organization"},"potentialAction":[{"@type":"SearchAction","target":{"@type":"EntryPoint","urlTemplate":"https:\/\/timberwalls.net\/de\/?s={search_term_string}"},"query-input":{"@type":"PropertyValueSpecification","valueRequired":true,"valueName":"search_term_string"}}],"inLanguage":"da-DK"},{"@type":"Organization","@id":"https:\/\/timberwalls.net\/de\/#organization","name":"Wooden frame-panel houses","url":"https:\/\/timberwalls.net\/de\/","logo":{"@type":"ImageObject","inLanguage":"da-DK","@id":"https:\/\/timberwalls.net\/de\/#\/schema\/logo\/image\/","url":"https:\/\/timberwalls.net\/wp-content\/uploads\/2024\/08\/Timberwalls-logo-1.jpg","contentUrl":"https:\/\/timberwalls.net\/wp-content\/uploads\/2024\/08\/Timberwalls-logo-1.jpg","width":960,"height":685,"caption":"Wooden frame-panel houses"},"image":{"@id":"https:\/\/timberwalls.net\/de\/#\/schema\/logo\/image\/"}}]}},"_links":{"self":[{"href":"https:\/\/timberwalls.net\/da\/wp-json\/wp\/v2\/pages\/14156","targetHints":{"allow":["GET"]}}],"collection":[{"href":"https:\/\/timberwalls.net\/da\/wp-json\/wp\/v2\/pages"}],"about":[{"href":"https:\/\/timberwalls.net\/da\/wp-json\/wp\/v2\/types\/page"}],"author":[{"embeddable":true,"href":"https:\/\/timberwalls.net\/da\/wp-json\/wp\/v2\/users\/1"}],"replies":[{"embeddable":true,"href":"https:\/\/timberwalls.net\/da\/wp-json\/wp\/v2\/comments?post=14156"}],"version-history":[{"count":2,"href":"https:\/\/timberwalls.net\/da\/wp-json\/wp\/v2\/pages\/14156\/revisions"}],"predecessor-version":[{"id":14171,"href":"https:\/\/timberwalls.net\/da\/wp-json\/wp\/v2\/pages\/14156\/revisions\/14171"}],"up":[{"embeddable":true,"href":"https:\/\/timberwalls.net\/da\/wp-json\/wp\/v2\/pages\/14152"}],"wp:attachment":[{"href":"https:\/\/timberwalls.net\/da\/wp-json\/wp\/v2\/media?parent=14156"}],"curies":[{"name":"wp","href":"https:\/\/api.w.org\/{rel}","templated":true}]}}