{"id":14200,"date":"2021-08-25T07:26:28","date_gmt":"2021-08-25T07:26:28","guid":{"rendered":"https:\/\/timberwalls.net\/about-us\/"},"modified":"2024-09-11T12:48:27","modified_gmt":"2024-09-11T12:48:27","slug":"om-os","status":"publish","type":"page","link":"https:\/\/timberwalls.net\/da\/om-os\/","title":{"rendered":"Om os"},"content":{"rendered":"<div class=\"wpb-content-wrapper\"><p>[vc_row woodmart_stretch_content=&#8221;section-stretch&#8221; css=&#8221;.vc_custom_1723692837248{margin-top: -50px !important;margin-bottom: 50px !important;padding-top: 20px !important;padding-bottom: 20px !important;background-color: #f2efeb !important;background-position: center !important;background-repeat: no-repeat !important;background-size: cover !important;}&#8221; woodmart_css_id=&#8221;66bd771be7b66&#8243; responsive_spacing=&#8221;eyJwYXJhbV90eXBlIjoid29vZG1hcnRfcmVzcG9uc2l2ZV9zcGFjaW5nIiwic2VsZWN0b3JfaWQiOiI2NmJkNzcxYmU3YjY2Iiwic2hvcnRjb2RlIjoidmNfcm93IiwiZGF0YSI6eyJ0YWJsZXQiOnt9LCJtb2JpbGUiOnt9fX0=&#8221; mobile_bg_img_hidden=&#8221;no&#8221; tablet_bg_img_hidden=&#8221;no&#8221; woodmart_parallax=&#8221;0&#8243; woodmart_gradient_switch=&#8221;no&#8221; woodmart_box_shadow=&#8221;no&#8221; wd_z_index=&#8221;no&#8221; woodmart_disable_overflow=&#8221;0&#8243; row_reverse_mobile=&#8221;0&#8243; row_reverse_tablet=&#8221;0&#8243;][vc_column]\t\t\t<link rel=\"stylesheet\" id=\"wd-section-title-css\" href=\"https:\/\/timberwalls.net\/wp-content\/themes\/woodmart\/css\/parts\/el-section-title.min.css?ver=7.5.2\" type=\"text\/css\" media=\"all\" \/> \t\t\t\t\t\t<link rel=\"stylesheet\" id=\"wd-mod-highlighted-text-css\" href=\"https:\/\/timberwalls.net\/wp-content\/themes\/woodmart\/css\/parts\/mod-highlighted-text.min.css?ver=7.5.2\" type=\"text\/css\" media=\"all\" \/> \t\t\t\n\t\t<div id=\"wd-66e0967344afe\" class=\"title-wrapper wd-wpb set-mb-s reset-last-child  wd-rs-66e0967344afe wd-title-color-default wd-title-style-default text-center vc_custom_1725994616634 wd-underline-colored\">\n\t\t\t\n\t\t\t<div class=\"liner-continer\">\n\t\t\t\t<h4 class=\"woodmart-title-container title  wd-font-weight-500 wd-fontsize-l\" >Velkommen til TIMBERWALLS, hvor vi har specialiseret os i produktion af h\u00f8jkvalitets tr\u00e6huse, erhvervsbygninger i tr\u00e6, tagkonstruktioner og HTS-bj\u00e6lker. Vores engagement i innovation og ekspertise adskiller os i byggebranchen.<\/h4>\n\t\t\t\t\t\t\t<\/div>\n\t\t\t\n\t\t\t\n\t\t\t\n\t\t<\/div>\n\t\t\n\t\t[\/vc_column][\/vc_row][vc_row gap=&#8221;20&#8243; content_placement=&#8221;middle&#8221; woodmart_css_id=&#8221;66bd77c32ce47&#8243; responsive_spacing=&#8221;eyJwYXJhbV90eXBlIjoid29vZG1hcnRfcmVzcG9uc2l2ZV9zcGFjaW5nIiwic2VsZWN0b3JfaWQiOiI2NmJkNzdjMzJjZTQ3Iiwic2hvcnRjb2RlIjoidmNfcm93IiwiZGF0YSI6eyJ0YWJsZXQiOnt9LCJtb2JpbGUiOnt9fX0=&#8221; mobile_bg_img_hidden=&#8221;no&#8221; tablet_bg_img_hidden=&#8221;no&#8221; woodmart_parallax=&#8221;0&#8243; woodmart_gradient_switch=&#8221;no&#8221; woodmart_box_shadow=&#8221;no&#8221; wd_z_index=&#8221;no&#8221; woodmart_disable_overflow=&#8221;0&#8243; row_reverse_mobile=&#8221;0&#8243; row_reverse_tablet=&#8221;0&#8243;][vc_column width=&#8221;1\/2&#8243; css=&#8221;.vc_custom_1615617895716{padding-top: 0px !important;}&#8221; mobile_bg_img_hidden=&#8221;no&#8221; tablet_bg_img_hidden=&#8221;no&#8221; woodmart_parallax=&#8221;0&#8243; woodmart_sticky_column=&#8221;false&#8221; parallax_scroll=&#8221;no&#8221; mobile_reset_margin=&#8221;no&#8221; tablet_reset_margin=&#8221;no&#8221;]\n\t\t<div id=\"wd-66e0967c8ab73\" class=\"title-wrapper wd-wpb set-mb-s reset-last-child  wd-rs-66e0967c8ab73 wd-title-color-default wd-title-style-default text-left vc_custom_1725994627475 wd-underline-colored\">\n\t\t\t\n\t\t\t<div class=\"liner-continer\">\n\t\t\t\t<h4 class=\"woodmart-title-container title  wd-font-weight- wd-fontsize-l\" >KVALITET<\/h4>\n\t\t\t\t\t\t\t<\/div>\n\t\t\t\n\t\t\t\n\t\t\t\n\t\t<\/div>\n\t\t\n\t\t\t\t\t<link rel=\"stylesheet\" id=\"wd-text-block-css\" href=\"https:\/\/timberwalls.net\/wp-content\/themes\/woodmart\/css\/parts\/el-text-block.min.css?ver=7.5.2\" type=\"text\/css\" media=\"all\" \/> \t\t\t\t\t<div id=\"wd-66e0968624946\" class=\"wd-text-block wd-wpb reset-last-child wd-rs-66e0968624946 text-left wd-fontsize-s \">\n\t\t\t<p>De nyeste teknologier, up-to-date udstyr og dygtige medarbejdere er n\u00f8glen til h\u00f8j kvalitet. Takket v\u00e6re vores partnere automatiseres produktionsprocesserne og udf\u00f8res af certificeret og internationalt anerkendt udstyr, som overv\u00e5ges af kvalificeret personale. Vores leverand\u00f8r af produktionsudstyr \u2013 WEINMANN er en af de mest innovative producenter i Tyskland. Takket v\u00e6re innovativt udstyr og professionelt personale kan vi garantere en ensartet fremstillingsproces og vigtigst af alt \u2013 resultater af h\u00f8jeste kvalitet.<\/p>\n<p>Vi bruger kun certificerede, tidstestede materialer af h\u00f8j kvalitet i vores fremstillingsprocesser. Da kvalitet er en topprioritet for vores virksomhed, har vi strenge kvalitetskrav til materialer og foretr\u00e6kker milj\u00f8venlige materialer. Fremstillingsprocesser foreg\u00e5r i lukkede lokaler, s\u00e5 vores materialer er beskyttet mod vejrforhold.<\/p>\n\t\t<\/div>\n\t\t[\/vc_column][vc_column width=&#8221;1\/2&#8243; css=&#8221;.vc_custom_1629877093976{padding-top: 0px !important;}&#8221; mobile_bg_img_hidden=&#8221;no&#8221; tablet_bg_img_hidden=&#8221;no&#8221; woodmart_parallax=&#8221;0&#8243; woodmart_sticky_column=&#8221;false&#8221; parallax_scroll=&#8221;no&#8221; mobile_reset_margin=&#8221;no&#8221; tablet_reset_margin=&#8221;no&#8221; wd_z_index=&#8221;no&#8221; woodmart_css_id=&#8221;6125f363cf509&#8243; responsive_spacing=&#8221;eyJwYXJhbV90eXBlIjoid29vZG1hcnRfcmVzcG9uc2l2ZV9zcGFjaW5nIiwic2VsZWN0b3JfaWQiOiI2MTI1ZjM2M2NmNTA5Iiwic2hvcnRjb2RlIjoidmNfY29sdW1uIiwiZGF0YSI6eyJ0YWJsZXQiOnt9LCJtb2JpbGUiOnt9fX0=&#8221;][vc_video link=&#8221;https:\/\/www.youtube.com\/watch?v=aJWnvkapC5E&#8221; css=&#8221;&#8221; poster_image=&#8221;10974&#8243; image_poster_switch=&#8221;yes&#8221; img_size=&#8221;full&#8221; woodmart_css_id=&#8221;66bd76af119bf&#8221;][\/vc_column][\/vc_row][vc_row gap=&#8221;20&#8243; content_placement=&#8221;middle&#8221; woodmart_css_id=&#8221;66bd77c32ce47&#8243; responsive_spacing=&#8221;eyJwYXJhbV90eXBlIjoid29vZG1hcnRfcmVzcG9uc2l2ZV9zcGFjaW5nIiwic2VsZWN0b3JfaWQiOiI2NmJkNzdjMzJjZTQ3Iiwic2hvcnRjb2RlIjoidmNfcm93IiwiZGF0YSI6eyJ0YWJsZXQiOnt9LCJtb2JpbGUiOnt9fX0=&#8221; mobile_bg_img_hidden=&#8221;no&#8221; tablet_bg_img_hidden=&#8221;no&#8221; woodmart_parallax=&#8221;0&#8243; woodmart_gradient_switch=&#8221;no&#8221; woodmart_box_shadow=&#8221;no&#8221; wd_z_index=&#8221;no&#8221; woodmart_disable_overflow=&#8221;0&#8243; row_reverse_mobile=&#8221;0&#8243; row_reverse_tablet=&#8221;0&#8243;][vc_column]\n\t\t<div id=\"wd-66e096d7cacad\" class=\"title-wrapper wd-wpb set-mb-s reset-last-child  wd-rs-66e096d7cacad wd-title-color-default wd-title-style-default text-left vc_custom_1725994715492 wd-underline-colored\">\n\t\t\t\n\t\t\t<div class=\"liner-continer\">\n\t\t\t\t<h4 class=\"woodmart-title-container title  wd-font-weight- wd-fontsize-l\" >HISTORIE<\/h4>\n\t\t\t\t\t\t\t<\/div>\n\t\t\t\n\t\t\t\n\t\t\t\n\t\t<\/div>\n\t\t\n\t\t\t\t\t<link rel=\"stylesheet\" id=\"wd-timeline-css\" href=\"https:\/\/timberwalls.net\/wp-content\/themes\/woodmart\/css\/parts\/el-timeline.min.css?ver=7.5.2\" type=\"text\/css\" media=\"all\" \/> \t\t\t\t\t<div id=\"wd-66bd79bdb8f27\" class=\"wd-timeline-wrapper wd-item-default wd-line-dashed wd-rs-66bd79bdb8f27 \">\n\t\t\t<div class=\"woodmart-timeline-line\">\n\t\t\t\t<span class=\"line-dot dot-start\"><\/span>\n\t\t\t\t<span class=\"line-dot dot-end\"><\/span>\n\t\t\t<\/div>\n\t\t\t<div class=\"wd-timeline\">\n\t\t\t\t\t\t<div id=\"wd-66e096de38b74\" class=\"wd-timeline-item wd-item-position-left\">\n\n\t\t\t<div class=\"woodmart-timeline-dot\"><\/div>\n\n\t\t\t<div class=\"timeline-col timeline-col-primary\">\n\t\t\t\t<span class=\"timeline-arrow\"><\/span>\n\t\t\t\t\t\t\t\t<h4 class=\"wd-timeline-title\">I 1994<\/h4>\n\t\t\t\t<div class=\"wd-timeline-content set-cont-mb-s reset-last-child\">&#8220;Gelmeda&#8221; JSC startede sin aktivitet med prim\u00e6rt at bygge og fremstille bj\u00e6lkehuse, badehuse, sommerhuse og andre \u00f8kologiske og tr\u00e6produkter. Ved at vinde kundernes tillid og succesfuldt implementere mange projekter, og takket v\u00e6re vores specialister, steg produktionsteknologien og medarbejdernes f\u00e6rdigheder konsekvent.<\/div>\n\t\t\t<\/div>\n\n\t\t\t<div class=\"timeline-col timeline-col-secondary\">\t\n\t\t\t\t<span class=\"timeline-arrow\"><\/span>\n\t\t\t\t\t\t\t\t\t<div class=\"wd-timeline-image\" >\n\t\t\t\t\t\t<img loading=\"lazy\" decoding=\"async\" width=\"1440\" height=\"960\" src=\"https:\/\/timberwalls.net\/wp-content\/uploads\/2024\/08\/TaDiena-005.jpg\" class=\"attachment-full size-full\" alt=\"\" srcset=\"https:\/\/timberwalls.net\/wp-content\/uploads\/2024\/08\/TaDiena-005.jpg 1440w, https:\/\/timberwalls.net\/wp-content\/uploads\/2024\/08\/TaDiena-005-400x267.jpg 400w, https:\/\/timberwalls.net\/wp-content\/uploads\/2024\/08\/TaDiena-005-1200x800.jpg 1200w, https:\/\/timberwalls.net\/wp-content\/uploads\/2024\/08\/TaDiena-005-768x512.jpg 768w, https:\/\/timberwalls.net\/wp-content\/uploads\/2024\/08\/TaDiena-005-430x287.jpg 430w, https:\/\/timberwalls.net\/wp-content\/uploads\/2024\/08\/TaDiena-005-700x467.jpg 700w, https:\/\/timberwalls.net\/wp-content\/uploads\/2024\/08\/TaDiena-005-150x100.jpg 150w\" sizes=\"auto, (max-width: 1440px) 100vw, 1440px\" \/>\t\t\t\t\t<\/div>\n\t\t\t\t\t\t\t\t<h4 class=\"wd-timeline-title\"><\/h4>\n\t\t\t\t<div class=\"wd-timeline-content set-cont-mb-s reset-last-child\"><\/div>\n\t\t\t<\/div>\n\t\t\t\t\t<\/div>\n\t\t\t\t<div id=\"wd-66e096f44614d\" class=\"wd-timeline-item wd-item-position-left\">\n\n\t\t\t<div class=\"woodmart-timeline-dot\"><\/div>\n\n\t\t\t<div class=\"timeline-col timeline-col-primary\">\n\t\t\t\t<span class=\"timeline-arrow\"><\/span>\n\t\t\t\t\t\t\t\t\t<div class=\"wd-timeline-image\" >\n\t\t\t\t\t\t<img loading=\"lazy\" decoding=\"async\" width=\"1440\" height=\"960\" src=\"https:\/\/timberwalls.net\/wp-content\/uploads\/2024\/08\/TaDiena-009.jpg\" class=\"attachment-full size-full\" alt=\"\" srcset=\"https:\/\/timberwalls.net\/wp-content\/uploads\/2024\/08\/TaDiena-009.jpg 1440w, https:\/\/timberwalls.net\/wp-content\/uploads\/2024\/08\/TaDiena-009-400x267.jpg 400w, https:\/\/timberwalls.net\/wp-content\/uploads\/2024\/08\/TaDiena-009-1200x800.jpg 1200w, https:\/\/timberwalls.net\/wp-content\/uploads\/2024\/08\/TaDiena-009-768x512.jpg 768w, https:\/\/timberwalls.net\/wp-content\/uploads\/2024\/08\/TaDiena-009-430x287.jpg 430w, https:\/\/timberwalls.net\/wp-content\/uploads\/2024\/08\/TaDiena-009-700x467.jpg 700w, https:\/\/timberwalls.net\/wp-content\/uploads\/2024\/08\/TaDiena-009-150x100.jpg 150w\" sizes=\"auto, (max-width: 1440px) 100vw, 1440px\" \/>\t\t\t\t\t<\/div>\n\t\t\t\t\t\t\t\t<h4 class=\"wd-timeline-title\"><\/h4>\n\t\t\t\t<div class=\"wd-timeline-content set-cont-mb-s reset-last-child\"><\/div>\n\t\t\t<\/div>\n\n\t\t\t<div class=\"timeline-col timeline-col-secondary\">\t\n\t\t\t\t<span class=\"timeline-arrow\"><\/span>\n\t\t\t\t\t\t\t\t<h4 class=\"wd-timeline-title\">I 2016<\/h4>\n\t\t\t\t<div class=\"wd-timeline-content set-cont-mb-s reset-last-child\">ved at f\u00f8lge de nyeste trends, teknologier og markedsbehov, og takket v\u00e6re EU's strukturfonde, begyndte vi at kommunikere med den internationalt anerkendte produktions- og teknologivirksomhed WEINMANN. Denne virksomhed foreslog og hjalp os med at f\u00e5 det mest innovative udstyr, og nu kan vi v\u00e6re stolte af resultaterne: fremstilling af \u00f8konomiske, \u00f8kologiske og passive boliger.<\/div>\n\t\t\t<\/div>\n\t\t\t\t\t<\/div>\n\t\t\t\t\t<\/div>\n\t\t\t\t\t<\/div>\n\t\t[\/vc_column][\/vc_row]<\/p>\n<\/div>","protected":false},"excerpt":{"rendered":"<p>[vc_row woodmart_stretch_content=&#8221;section-stretch&#8221; css=&#8221;.vc_custom_1723692837248{margin-top: -50px !important;margin-bottom: 50px !important;padding-top: 20px !important;padding-bottom: 20px !important;background-color: #f2efeb !important;background-position: center !important;background-repeat: no-repeat !important;background-size: cover !important;}&#8221; woodmart_css_id=&#8221;66bd771be7b66&#8243;<\/p>\n","protected":false},"author":1,"featured_media":0,"parent":0,"menu_order":0,"comment_status":"closed","ping_status":"closed","template":"","meta":{"footnotes":""},"class_list":["post-14200","page","type-page","status-publish","hentry"],"yoast_head":"<!-- This site is optimized with the Yoast SEO plugin v23.6 - https:\/\/yoast.com\/wordpress\/plugins\/seo\/ -->\n<title>Om os - timberwalls.net<\/title>\n<meta name=\"robots\" content=\"index, follow, max-snippet:-1, max-image-preview:large, max-video-preview:-1\" \/>\n<link rel=\"canonical\" href=\"https:\/\/timberwalls.net\/da\/om-os\/\" \/>\n<meta property=\"og:locale\" content=\"da_DK\" \/>\n<meta property=\"og:type\" content=\"article\" \/>\n<meta property=\"og:title\" content=\"Om os - timberwalls.net\" \/>\n<meta property=\"og:url\" content=\"https:\/\/timberwalls.net\/da\/om-os\/\" \/>\n<meta property=\"og:site_name\" content=\"timberwalls.net\" \/>\n<meta property=\"article:modified_time\" content=\"2024-09-11T12:48:27+00:00\" \/>\n<meta property=\"og:image\" content=\"https:\/\/timberwalls.net\/wp-content\/uploads\/2024\/09\/843_1854905491.jpg\" \/>\n\t<meta property=\"og:image:width\" content=\"1600\" \/>\n\t<meta property=\"og:image:height\" content=\"1200\" \/>\n\t<meta property=\"og:image:type\" content=\"image\/jpeg\" \/>\n<meta name=\"twitter:card\" content=\"summary_large_image\" \/>\n<meta name=\"twitter:label1\" content=\"Estimeret l\u00e6setid\" \/>\n\t<meta name=\"twitter:data1\" content=\"5 minutter\" \/>\n<script type=\"application\/ld+json\" class=\"yoast-schema-graph\">{\"@context\":\"https:\/\/schema.org\",\"@graph\":[{\"@type\":\"WebPage\",\"@id\":\"https:\/\/timberwalls.net\/da\/om-os\/\",\"url\":\"https:\/\/timberwalls.net\/da\/om-os\/\",\"name\":\"Om os - timberwalls.net\",\"isPartOf\":{\"@id\":\"https:\/\/timberwalls.net\/de\/#website\"},\"datePublished\":\"2021-08-25T07:26:28+00:00\",\"dateModified\":\"2024-09-11T12:48:27+00:00\",\"breadcrumb\":{\"@id\":\"https:\/\/timberwalls.net\/da\/om-os\/#breadcrumb\"},\"inLanguage\":\"da-DK\",\"potentialAction\":[{\"@type\":\"ReadAction\",\"target\":[\"https:\/\/timberwalls.net\/da\/om-os\/\"]}]},{\"@type\":\"BreadcrumbList\",\"@id\":\"https:\/\/timberwalls.net\/da\/om-os\/#breadcrumb\",\"itemListElement\":[{\"@type\":\"ListItem\",\"position\":1,\"name\":\"Home\",\"item\":\"https:\/\/timberwalls.net\/da\/\"},{\"@type\":\"ListItem\",\"position\":2,\"name\":\"Om os\"}]},{\"@type\":\"WebSite\",\"@id\":\"https:\/\/timberwalls.net\/de\/#website\",\"url\":\"https:\/\/timberwalls.net\/de\/\",\"name\":\"timberwalls.net\",\"description\":\"timberwalls.net\",\"publisher\":{\"@id\":\"https:\/\/timberwalls.net\/de\/#organization\"},\"potentialAction\":[{\"@type\":\"SearchAction\",\"target\":{\"@type\":\"EntryPoint\",\"urlTemplate\":\"https:\/\/timberwalls.net\/de\/?s={search_term_string}\"},\"query-input\":{\"@type\":\"PropertyValueSpecification\",\"valueRequired\":true,\"valueName\":\"search_term_string\"}}],\"inLanguage\":\"da-DK\"},{\"@type\":\"Organization\",\"@id\":\"https:\/\/timberwalls.net\/de\/#organization\",\"name\":\"Wooden frame-panel houses\",\"url\":\"https:\/\/timberwalls.net\/de\/\",\"logo\":{\"@type\":\"ImageObject\",\"inLanguage\":\"da-DK\",\"@id\":\"https:\/\/timberwalls.net\/de\/#\/schema\/logo\/image\/\",\"url\":\"https:\/\/timberwalls.net\/wp-content\/uploads\/2024\/08\/Timberwalls-logo-1.jpg\",\"contentUrl\":\"https:\/\/timberwalls.net\/wp-content\/uploads\/2024\/08\/Timberwalls-logo-1.jpg\",\"width\":960,\"height\":685,\"caption\":\"Wooden frame-panel houses\"},\"image\":{\"@id\":\"https:\/\/timberwalls.net\/de\/#\/schema\/logo\/image\/\"}}]}<\/script>\n<!-- \/ Yoast SEO plugin. -->","yoast_head_json":{"title":"Om os - timberwalls.net","robots":{"index":"index","follow":"follow","max-snippet":"max-snippet:-1","max-image-preview":"max-image-preview:large","max-video-preview":"max-video-preview:-1"},"canonical":"https:\/\/timberwalls.net\/da\/om-os\/","og_locale":"da_DK","og_type":"article","og_title":"Om os - timberwalls.net","og_url":"https:\/\/timberwalls.net\/da\/om-os\/","og_site_name":"timberwalls.net","article_modified_time":"2024-09-11T12:48:27+00:00","og_image":[{"width":1600,"height":1200,"url":"https:\/\/timberwalls.net\/wp-content\/uploads\/2024\/09\/843_1854905491.jpg","type":"image\/jpeg"}],"twitter_card":"summary_large_image","twitter_misc":{"Estimeret l\u00e6setid":"5 minutter"},"schema":{"@context":"https:\/\/schema.org","@graph":[{"@type":"WebPage","@id":"https:\/\/timberwalls.net\/da\/om-os\/","url":"https:\/\/timberwalls.net\/da\/om-os\/","name":"Om os - timberwalls.net","isPartOf":{"@id":"https:\/\/timberwalls.net\/de\/#website"},"datePublished":"2021-08-25T07:26:28+00:00","dateModified":"2024-09-11T12:48:27+00:00","breadcrumb":{"@id":"https:\/\/timberwalls.net\/da\/om-os\/#breadcrumb"},"inLanguage":"da-DK","potentialAction":[{"@type":"ReadAction","target":["https:\/\/timberwalls.net\/da\/om-os\/"]}]},{"@type":"BreadcrumbList","@id":"https:\/\/timberwalls.net\/da\/om-os\/#breadcrumb","itemListElement":[{"@type":"ListItem","position":1,"name":"Home","item":"https:\/\/timberwalls.net\/da\/"},{"@type":"ListItem","position":2,"name":"Om os"}]},{"@type":"WebSite","@id":"https:\/\/timberwalls.net\/de\/#website","url":"https:\/\/timberwalls.net\/de\/","name":"timberwalls.net","description":"timberwalls.net","publisher":{"@id":"https:\/\/timberwalls.net\/de\/#organization"},"potentialAction":[{"@type":"SearchAction","target":{"@type":"EntryPoint","urlTemplate":"https:\/\/timberwalls.net\/de\/?s={search_term_string}"},"query-input":{"@type":"PropertyValueSpecification","valueRequired":true,"valueName":"search_term_string"}}],"inLanguage":"da-DK"},{"@type":"Organization","@id":"https:\/\/timberwalls.net\/de\/#organization","name":"Wooden frame-panel houses","url":"https:\/\/timberwalls.net\/de\/","logo":{"@type":"ImageObject","inLanguage":"da-DK","@id":"https:\/\/timberwalls.net\/de\/#\/schema\/logo\/image\/","url":"https:\/\/timberwalls.net\/wp-content\/uploads\/2024\/08\/Timberwalls-logo-1.jpg","contentUrl":"https:\/\/timberwalls.net\/wp-content\/uploads\/2024\/08\/Timberwalls-logo-1.jpg","width":960,"height":685,"caption":"Wooden frame-panel houses"},"image":{"@id":"https:\/\/timberwalls.net\/de\/#\/schema\/logo\/image\/"}}]}},"_links":{"self":[{"href":"https:\/\/timberwalls.net\/da\/wp-json\/wp\/v2\/pages\/14200","targetHints":{"allow":["GET"]}}],"collection":[{"href":"https:\/\/timberwalls.net\/da\/wp-json\/wp\/v2\/pages"}],"about":[{"href":"https:\/\/timberwalls.net\/da\/wp-json\/wp\/v2\/types\/page"}],"author":[{"embeddable":true,"href":"https:\/\/timberwalls.net\/da\/wp-json\/wp\/v2\/users\/1"}],"replies":[{"embeddable":true,"href":"https:\/\/timberwalls.net\/da\/wp-json\/wp\/v2\/comments?post=14200"}],"version-history":[{"count":3,"href":"https:\/\/timberwalls.net\/da\/wp-json\/wp\/v2\/pages\/14200\/revisions"}],"predecessor-version":[{"id":14263,"href":"https:\/\/timberwalls.net\/da\/wp-json\/wp\/v2\/pages\/14200\/revisions\/14263"}],"wp:attachment":[{"href":"https:\/\/timberwalls.net\/da\/wp-json\/wp\/v2\/media?parent=14200"}],"curies":[{"name":"wp","href":"https:\/\/api.w.org\/{rel}","templated":true}]}}