{"id":16188,"date":"2024-11-12T12:32:01","date_gmt":"2024-11-12T12:32:01","guid":{"rendered":"https:\/\/timberwalls.net\/commercial-projects\/"},"modified":"2025-10-16T07:51:15","modified_gmt":"2025-10-16T07:51:15","slug":"proyectos-comerciales","status":"publish","type":"page","link":"https:\/\/timberwalls.net\/es\/proyectos-comerciales\/","title":{"rendered":"Proyectos Comerciales"},"content":{"rendered":"<div class=\"wpb-content-wrapper\"><p>[vc_row][vc_column width=\u00bb1\/2&#8243; css=\u00bb.vc_custom_1723730383399{margin-bottom: 20px !important;}\u00bb woodmart_css_id=\u00bb66be09cba7ef4&#8243; parallax_scroll=\u00bbno\u00bb woodmart_sticky_column=\u00bbfalse\u00bb wd_collapsible_content_switcher=\u00bbno\u00bb wd_column_role_offcanvas_desktop=\u00bbno\u00bb wd_column_role_offcanvas_tablet=\u00bbno\u00bb wd_column_role_offcanvas_mobile=\u00bbno\u00bb wd_column_role_content_desktop=\u00bbno\u00bb wd_column_role_content_tablet=\u00bbno\u00bb wd_column_role_content_mobile=\u00bbno\u00bb mobile_bg_img_hidden=\u00bbno\u00bb tablet_bg_img_hidden=\u00bbno\u00bb woodmart_parallax=\u00bb0&#8243; woodmart_box_shadow=\u00bbno\u00bb responsive_spacing=\u00bbeyJwYXJhbV90eXBlIjoid29vZG1hcnRfcmVzcG9uc2l2ZV9zcGFjaW5nIiwic2VsZWN0b3JfaWQiOiI2NmJlMDljYmE3ZWY0Iiwic2hvcnRjb2RlIjoidmNfY29sdW1uIiwiZGF0YSI6eyJ0YWJsZXQiOnt9LCJtb2JpbGUiOnt9fX0=\u00bb mobile_reset_margin=\u00bbno\u00bb tablet_reset_margin=\u00bbno\u00bb wd_z_index=\u00bbno\u00bb]\t\t\t<link rel=\"stylesheet\" id=\"wd-banner-css\" href=\"https:\/\/timberwalls.net\/wp-content\/themes\/woodmart\/css\/parts\/wpb-el-banner.min.css?ver=7.5.2\" type=\"text\/css\" media=\"all\" \/> \t\t\t\t\t\t<link rel=\"stylesheet\" id=\"wd-banner-style-mask-and-shadow-css\" href=\"https:\/\/timberwalls.net\/wp-content\/themes\/woodmart\/css\/parts\/el-banner-style-mask-and-shadow.min.css?ver=7.5.2\" type=\"text\/css\" media=\"all\" \/> \t\t\t\t\t\t<link rel=\"stylesheet\" id=\"wd-banner-hover-zoom-css\" href=\"https:\/\/timberwalls.net\/wp-content\/themes\/woodmart\/css\/parts\/el-banner-hover-zoom.min.css?ver=7.5.2\" type=\"text\/css\" media=\"all\" \/> \t\t\t\t\t\t<link rel=\"stylesheet\" id=\"wd-banner-btn-hover-css\" href=\"https:\/\/timberwalls.net\/wp-content\/themes\/woodmart\/css\/parts\/el-banner-btn-hover.min.css?ver=7.5.2\" type=\"text\/css\" media=\"all\" \/> \t\t\t\t\t\t<link rel=\"stylesheet\" id=\"wd-mod-highlighted-text-css\" href=\"https:\/\/timberwalls.net\/wp-content\/themes\/woodmart\/css\/parts\/mod-highlighted-text.min.css?ver=7.5.2\" type=\"text\/css\" media=\"all\" \/> \t\t\t\t\t<div class=\"promo-banner-wrapper  wd-rs-68f0a3aa60766 \">\n\t\t\t<div id=\"wd-68f0a3aa60766\" class=\"promo-banner  banner-mask banner-hover-zoom color-scheme-light banner-btn-size-default banner-btn-style-bordered  with-btn banner-btn-position-hover wd-with-link wd-underline-colored\">\n\t\t\t\t<div class=\"main-wrapp-img\">\n\t\t\t\t\t<div class=\"banner-image wd-bg-position-center\" >\n\t\t\t\t\t\t<img loading=\"lazy\" decoding=\"async\" width=\"1707\" height=\"2560\" src=\"https:\/\/timberwalls.net\/wp-content\/uploads\/2025\/01\/bernard-hermant-g9ydDMdpfM0-unsplash-1-scaled.jpg\" class=\"attachment-full size-full\" alt=\"\" \/>\t\t\t\t\t<\/div>\n\t\t\t\t<\/div>\n\n\t\t\t\t<div class=\"wrapper-content-banner wd-fill  wd-items-middle wd-justify-center\">\n\t\t\t\t\t<div class=\"content-banner  text-center\">\n\t\t\t\t\t\t<h4 class=\"banner-title wd-font-weight- wd-fontsize-xl\">EDIFICIOS COMERCIALES PREFABRICADOS PARA DESARROLLADORES<\/h4>\t\t\t\t\t\t\n\t\t\t\t\t\t\n\t\t\t\t\t\t<div class=\"banner-btn-wrapper\"><div id=\"wd-6a0394cd72511\" class=\"  wd-button-wrapper text-center\"><a href=\"https:\/\/timberwalls.net\/es\/productos\/edificios-comerciales-prefabricados-para-desarrolladores\/\" title=\"\" class=\"btn btn-color-white btn-style-bordered btn-style-round btn-size-default\">View more<\/a><\/div><\/div>\t\t\t\t\t<\/div>\n\t\t\t\t<\/div>\n\n\t\t\t\t\t\t\t\t\t<a class=\"wd-promo-banner-link wd-fill\" aria-label=\"Banner link\" href=\"https:\/\/timberwalls.net\/es\/productos\/edificios-comerciales-prefabricados-para-desarrolladores\/\" title=\"\"><\/a>\n\t\t\t\t\n\t\t\t\t\t\t\t<\/div>\n\t\t<\/div>\n\n\t\t[\/vc_column][vc_column width=\u00bb1\/2&#8243; css=\u00bb.vc_custom_1723730390169{margin-bottom: 20px !important;}\u00bb woodmart_css_id=\u00bb66be09d21077f\u00bb parallax_scroll=\u00bbno\u00bb woodmart_sticky_column=\u00bbfalse\u00bb wd_collapsible_content_switcher=\u00bbno\u00bb wd_column_role_offcanvas_desktop=\u00bbno\u00bb wd_column_role_offcanvas_tablet=\u00bbno\u00bb wd_column_role_offcanvas_mobile=\u00bbno\u00bb wd_column_role_content_desktop=\u00bbno\u00bb wd_column_role_content_tablet=\u00bbno\u00bb wd_column_role_content_mobile=\u00bbno\u00bb mobile_bg_img_hidden=\u00bbno\u00bb tablet_bg_img_hidden=\u00bbno\u00bb woodmart_parallax=\u00bb0&#8243; woodmart_box_shadow=\u00bbno\u00bb responsive_spacing=\u00bbeyJwYXJhbV90eXBlIjoid29vZG1hcnRfcmVzcG9uc2l2ZV9zcGFjaW5nIiwic2VsZWN0b3JfaWQiOiI2NmJlMDlkMjEwNzdmIiwic2hvcnRjb2RlIjoidmNfY29sdW1uIiwiZGF0YSI6eyJ0YWJsZXQiOnt9LCJtb2JpbGUiOnt9fX0=\u00bb mobile_reset_margin=\u00bbno\u00bb tablet_reset_margin=\u00bbno\u00bb wd_z_index=\u00bbno\u00bb]\t\t<div class=\"promo-banner-wrapper  wd-rs-68f0a3c7aa714 \">\n\t\t\t<div id=\"wd-68f0a3c7aa714\" class=\"promo-banner  banner-mask banner-hover-zoom color-scheme-light banner-btn-size-default banner-btn-style-bordered  with-btn banner-btn-position-hover wd-with-link wd-underline-colored\">\n\t\t\t\t<div class=\"main-wrapp-img\">\n\t\t\t\t\t<div class=\"banner-image wd-bg-position-center\" >\n\t\t\t\t\t\t<img loading=\"lazy\" decoding=\"async\" width=\"1500\" height=\"1000\" src=\"https:\/\/timberwalls.net\/wp-content\/uploads\/2024\/11\/101d588705d6bbedcc3109ed3a6be5fa.webp\" class=\"attachment-full size-full\" alt=\"\" \/>\t\t\t\t\t<\/div>\n\t\t\t\t<\/div>\n\n\t\t\t\t<div class=\"wrapper-content-banner wd-fill  wd-items-middle wd-justify-center\">\n\t\t\t\t\t<div class=\"content-banner  text-center\">\n\t\t\t\t\t\t<h4 class=\"banner-title wd-font-weight- wd-fontsize-xl\">RENOVACI\u00d3N CON PANELES<\/h4>\t\t\t\t\t\t\n\t\t\t\t\t\t\n\t\t\t\t\t\t<div class=\"banner-btn-wrapper\"><div id=\"wd-6a0394cd72e0b\" class=\"  wd-button-wrapper text-center\"><a href=\"https:\/\/timberwalls.net\/es\/productos\/renovacion-de-paneles\/\" title=\"\" class=\"btn btn-color-white btn-style-bordered btn-style-round btn-size-default\">View more<\/a><\/div><\/div>\t\t\t\t\t<\/div>\n\t\t\t\t<\/div>\n\n\t\t\t\t\t\t\t\t\t<a class=\"wd-promo-banner-link wd-fill\" aria-label=\"Banner link\" href=\"https:\/\/timberwalls.net\/es\/productos\/renovacion-de-paneles\/\" title=\"\"><\/a>\n\t\t\t\t\n\t\t\t\t\t\t\t<\/div>\n\t\t<\/div>\n\n\t\t[\/vc_column][\/vc_row][vc_row css=\u00bb.vc_custom_1728915612520{margin-top: 50px !important;}\u00bb woodmart_css_id=\u00bb670d2899a1c9b\u00bb responsive_spacing=\u00bbeyJwYXJhbV90eXBlIjoid29vZG1hcnRfcmVzcG9uc2l2ZV9zcGFjaW5nIiwic2VsZWN0b3JfaWQiOiI2NzBkMjg5OWExYzliIiwic2hvcnRjb2RlIjoidmNfcm93IiwiZGF0YSI6eyJ0YWJsZXQiOnt9LCJtb2JpbGUiOnt9fX0=\u00bb mobile_bg_img_hidden=\u00bbno\u00bb tablet_bg_img_hidden=\u00bbno\u00bb woodmart_parallax=\u00bb0&#8243; woodmart_gradient_switch=\u00bbno\u00bb woodmart_box_shadow=\u00bbno\u00bb wd_z_index=\u00bbno\u00bb woodmart_disable_overflow=\u00bb0&#8243; row_reverse_mobile=\u00bb0&#8243; row_reverse_tablet=\u00bb0&#8243;][vc_column]\t\t\t<link rel=\"stylesheet\" id=\"wd-text-block-css\" href=\"https:\/\/timberwalls.net\/wp-content\/themes\/woodmart\/css\/parts\/el-text-block.min.css?ver=7.5.2\" type=\"text\/css\" media=\"all\" \/> \t\t\t\t\t<div id=\"wd-68e7acb54744a\" class=\"wd-text-block wd-wpb reset-last-child wd-rs-68e7acb54744a text-left \">\n\t\t\t<h3>Proceso de Construcci\u00f3n de Edificios Comerciales Prefabricados<\/h3>\n<p>Los edificios comerciales prefabricados son conocidos por su construcci\u00f3n r\u00e1pida y eficiente, gracias a los elementos de panel prefabricados. Este proceso de fabricaci\u00f3n ahorra tiempo y evita desaf\u00edos inesperados que pueden surgir durante la construcci\u00f3n.<\/p>\n<p>El proceso de fabricaci\u00f3n incluye varias etapas clave:<\/p>\n<ul>\n<li><strong>Dise\u00f1o:<\/strong> Cada edificio prefabricado comienza con un proyecto individual. Los arquitectos e ingenieros colaboran con los clientes para crear un plan \u00fanico, teniendo en cuenta las caracter\u00edsticas espec\u00edficas del terreno, las preferencias del cliente y las normativas de construcci\u00f3n.<\/li>\n<li><strong>Fabricaci\u00f3n de Paneles:<\/strong> A partir del proyecto preparado, los paneles se fabrican en la f\u00e1brica. Estos elementos se hacen con un marco de madera relleno de materiales aislantes. Las ventanas, puertas y sistemas de ingenier\u00eda se integran en los paneles.<\/li>\n<li><strong>Transporte e Instalaci\u00f3n:<\/strong> Los paneles terminados se transportan al sitio de construcci\u00f3n y se ensamblan sobre una base preparada. El trabajo de instalaci\u00f3n se realiza de manera r\u00e1pida y precisa, ya que cada panel se fabrica de acuerdo con un proyecto individual y encaja en su lugar exacto.<\/li>\n<li><strong>Trabajos de Acabado:<\/strong> Despu\u00e9s de ensamblar el edificio prefabricado, se realizan los trabajos de acabado interior y exterior. Al elegir los materiales y m\u00e9todos de acabado adecuados, el edificio prefabricado adquiere un car\u00e1cter individual.<\/li>\n<\/ul>\n<h3>Ventajas de las Construcciones de Estructura de Madera y Prefabricadas<\/h3>\n<p>La construcci\u00f3n con estructura de madera es una tecnolog\u00eda de construcci\u00f3n vers\u00e1til y probada con varias ventajas en comparaci\u00f3n con la construcci\u00f3n tradicional de ladrillo y mamposter\u00eda. Aqu\u00ed algunos de los principales beneficios de elegir una construcci\u00f3n de estructura de madera o panel prefabricado:<\/p>\n<ul>\n<li><strong>Construcci\u00f3n m\u00e1s r\u00e1pida:<\/strong> Dado que las paredes de un edificio prefabricado de madera se ensamblan en un entorno controlado, el proceso de construcci\u00f3n es significativamente m\u00e1s r\u00e1pido que los m\u00e9todos tradicionales. Esto significa que puedes mudarte a tu nueva casa antes y evitar las molestias de un largo proyecto de construcci\u00f3n.<\/li>\n<li><strong>Construcci\u00f3n sostenible:<\/strong> La madera es un recurso renovable, y la construcci\u00f3n de estructuras de madera y edificios prefabricados utiliza menos madera que las casas tradicionales de troncos. Adem\u00e1s, el proceso de ensamblaje reduce los desechos en el sitio de construcci\u00f3n.<\/li>\n<li><strong>Eficiencia energ\u00e9tica:<\/strong> Las construcciones con estructura de madera y paneles prefabricados son naturalmente eficientes en energ\u00eda debido a las excelentes propiedades aislantes de la madera. Esto puede ayudarte a ahorrar dinero en facturas de calefacci\u00f3n y refrigeraci\u00f3n durante todo el a\u00f1o.<\/li>\n<li><strong>Durabilidad:<\/strong> Las construcciones prefabricadas de madera bien construidas y mantenidas pueden durar siglos. La resistencia y estabilidad de la madera la convierten en un material de construcci\u00f3n confiable que puede soportar los elementos.<\/li>\n<li><strong>Flexibilidad de dise\u00f1o:<\/strong> La construcci\u00f3n con paneles de madera permite un alto grado de flexibilidad en el dise\u00f1o. Puedes crear una casa \u00fanica con diversos estilos arquitect\u00f3nicos y planos.<\/li>\n<\/ul>\n<p><strong>Timberwalls<\/strong> se compromete a ofrecer a sus clientes edificios prefabricados de estructura y paneles de madera de la m\u00e1s alta calidad. Utilizamos \u00fanicamente materiales de primera calidad y empleamos artesanos experimentados para garantizar que su hogar est\u00e9 construido para durar.<\/p>\n<h3>Por qu\u00e9 elegir Timberwalls<\/h3>\n<ul>\n<li><strong>M\u00e1s de 20 a\u00f1os de experiencia:<\/strong> Llevamos m\u00e1s de 20 a\u00f1os construyendo edificios prefabricados con estructura y paneles de madera, con un historial comprobado de \u00e9xito. Sabemos lo que se necesita para construir una casa que cumpla con sus necesidades y supere sus expectativas.<\/li>\n<li><strong>Amplia gama de servicios:<\/strong> Ofrecemos una amplia gama de servicios para satisfacer sus necesidades, desde el dise\u00f1o y la ingenier\u00eda hasta la construcci\u00f3n y los acabados. Podemos ayudarle en cada etapa del proceso de construcci\u00f3n de su hogar.<\/li>\n<li><strong>Enfoque en el cliente:<\/strong> Estamos comprometidos en brindar a nuestros clientes la mejor experiencia posible. Trabajaremos estrechamente con usted durante todo el proceso de construcci\u00f3n para garantizar que su hogar se construya seg\u00fan sus especificaciones exactas.<\/li>\n<\/ul>\n<p>Si est\u00e1 considerando construir una nueva casa, le animamos a conocer m\u00e1s sobre los beneficios de la construcci\u00f3n de edificios prefabricados con estructura de madera y paneles. Contacte a <strong>Timberwalls<\/strong> hoy mismo para hablar sobre la casa de sus sue\u00f1os y comenzar su proyecto de construcci\u00f3n.<\/p>\n\t\t<\/div>\n\t\t[\/vc_column][\/vc_row][vc_row][vc_column]<div id=\"wd-68f0a3e870826\" class=\" wd-rs-68f0a3e870826  wd-button-wrapper text-center\"><a href=\"https:\/\/timberwalls.net\/es\/contacto\/\" title=\"\" class=\"btn btn-color-alt btn-style-default btn-style-round btn-size-extra-large\">CONT\u00c1CTENOS<\/a><\/div>[\/vc_column][\/vc_row]<\/p>\n<\/div>","protected":false},"excerpt":{"rendered":"<p>[vc_row][vc_column width=\u00bb1\/2&#8243; css=\u00bb.vc_custom_1723730383399{margin-bottom: 20px !important;}\u00bb woodmart_css_id=\u00bb66be09cba7ef4&#8243; parallax_scroll=\u00bbno\u00bb woodmart_sticky_column=\u00bbfalse\u00bb wd_collapsible_content_switcher=\u00bbno\u00bb wd_column_role_offcanvas_desktop=\u00bbno\u00bb wd_column_role_offcanvas_tablet=\u00bbno\u00bb wd_column_role_offcanvas_mobile=\u00bbno\u00bb wd_column_role_content_desktop=\u00bbno\u00bb wd_column_role_content_tablet=\u00bbno\u00bb wd_column_role_content_mobile=\u00bbno\u00bb mobile_bg_img_hidden=\u00bbno\u00bb tablet_bg_img_hidden=\u00bbno\u00bb woodmart_parallax=\u00bb0&#8243; woodmart_box_shadow=\u00bbno\u00bb responsive_spacing=\u00bbeyJwYXJhbV90eXBlIjoid29vZG1hcnRfcmVzcG9uc2l2ZV9zcGFjaW5nIiwic2VsZWN0b3JfaWQiOiI2NmJlMDljYmE3ZWY0Iiwic2hvcnRjb2RlIjoidmNfY29sdW1uIiwiZGF0YSI6eyJ0YWJsZXQiOnt9LCJtb2JpbGUiOnt9fX0=\u00bb<\/p>\n","protected":false},"author":3,"featured_media":0,"parent":0,"menu_order":0,"comment_status":"closed","ping_status":"closed","template":"","meta":{"footnotes":""},"class_list":["post-16188","page","type-page","status-publish","hentry"],"yoast_head":"<!-- This site is optimized with the Yoast SEO plugin v23.6 - https:\/\/yoast.com\/wordpress\/plugins\/seo\/ -->\n<title>Proyectos Comerciales - timberwalls.net<\/title>\n<meta name=\"robots\" content=\"index, follow, max-snippet:-1, max-image-preview:large, max-video-preview:-1\" \/>\n<link rel=\"canonical\" href=\"https:\/\/timberwalls.net\/es\/proyectos-comerciales\/\" \/>\n<meta property=\"og:locale\" content=\"es_ES\" \/>\n<meta property=\"og:type\" content=\"article\" \/>\n<meta property=\"og:title\" content=\"Proyectos Comerciales - timberwalls.net\" \/>\n<meta property=\"og:url\" content=\"https:\/\/timberwalls.net\/es\/proyectos-comerciales\/\" \/>\n<meta property=\"og:site_name\" content=\"timberwalls.net\" \/>\n<meta property=\"article:modified_time\" content=\"2025-10-16T07:51:15+00:00\" \/>\n<meta property=\"og:image\" content=\"https:\/\/timberwalls.net\/wp-content\/uploads\/2024\/09\/843_1854905491.jpg\" \/>\n\t<meta property=\"og:image:width\" content=\"1600\" \/>\n\t<meta property=\"og:image:height\" content=\"1200\" \/>\n\t<meta property=\"og:image:type\" content=\"image\/jpeg\" \/>\n<meta name=\"twitter:card\" content=\"summary_large_image\" \/>\n<meta name=\"twitter:label1\" content=\"Tiempo de lectura\" \/>\n\t<meta name=\"twitter:data1\" content=\"5 minutos\" \/>\n<script type=\"application\/ld+json\" class=\"yoast-schema-graph\">{\"@context\":\"https:\/\/schema.org\",\"@graph\":[{\"@type\":\"WebPage\",\"@id\":\"https:\/\/timberwalls.net\/es\/proyectos-comerciales\/\",\"url\":\"https:\/\/timberwalls.net\/es\/proyectos-comerciales\/\",\"name\":\"Proyectos Comerciales - timberwalls.net\",\"isPartOf\":{\"@id\":\"https:\/\/timberwalls.net\/de\/#website\"},\"datePublished\":\"2024-11-12T12:32:01+00:00\",\"dateModified\":\"2025-10-16T07:51:15+00:00\",\"breadcrumb\":{\"@id\":\"https:\/\/timberwalls.net\/es\/proyectos-comerciales\/#breadcrumb\"},\"inLanguage\":\"es\",\"potentialAction\":[{\"@type\":\"ReadAction\",\"target\":[\"https:\/\/timberwalls.net\/es\/proyectos-comerciales\/\"]}]},{\"@type\":\"BreadcrumbList\",\"@id\":\"https:\/\/timberwalls.net\/es\/proyectos-comerciales\/#breadcrumb\",\"itemListElement\":[{\"@type\":\"ListItem\",\"position\":1,\"name\":\"Home\",\"item\":\"https:\/\/timberwalls.net\/es\/\"},{\"@type\":\"ListItem\",\"position\":2,\"name\":\"Proyectos Comerciales\"}]},{\"@type\":\"WebSite\",\"@id\":\"https:\/\/timberwalls.net\/de\/#website\",\"url\":\"https:\/\/timberwalls.net\/de\/\",\"name\":\"timberwalls.net\",\"description\":\"timberwalls.net\",\"publisher\":{\"@id\":\"https:\/\/timberwalls.net\/de\/#organization\"},\"potentialAction\":[{\"@type\":\"SearchAction\",\"target\":{\"@type\":\"EntryPoint\",\"urlTemplate\":\"https:\/\/timberwalls.net\/de\/?s={search_term_string}\"},\"query-input\":{\"@type\":\"PropertyValueSpecification\",\"valueRequired\":true,\"valueName\":\"search_term_string\"}}],\"inLanguage\":\"es\"},{\"@type\":\"Organization\",\"@id\":\"https:\/\/timberwalls.net\/de\/#organization\",\"name\":\"Wooden frame-panel houses\",\"url\":\"https:\/\/timberwalls.net\/de\/\",\"logo\":{\"@type\":\"ImageObject\",\"inLanguage\":\"es\",\"@id\":\"https:\/\/timberwalls.net\/de\/#\/schema\/logo\/image\/\",\"url\":\"https:\/\/timberwalls.net\/wp-content\/uploads\/2024\/08\/Timberwalls-logo-1.jpg\",\"contentUrl\":\"https:\/\/timberwalls.net\/wp-content\/uploads\/2024\/08\/Timberwalls-logo-1.jpg\",\"width\":960,\"height\":685,\"caption\":\"Wooden frame-panel houses\"},\"image\":{\"@id\":\"https:\/\/timberwalls.net\/de\/#\/schema\/logo\/image\/\"}}]}<\/script>\n<!-- \/ Yoast SEO plugin. -->","yoast_head_json":{"title":"Proyectos Comerciales - timberwalls.net","robots":{"index":"index","follow":"follow","max-snippet":"max-snippet:-1","max-image-preview":"max-image-preview:large","max-video-preview":"max-video-preview:-1"},"canonical":"https:\/\/timberwalls.net\/es\/proyectos-comerciales\/","og_locale":"es_ES","og_type":"article","og_title":"Proyectos Comerciales - timberwalls.net","og_url":"https:\/\/timberwalls.net\/es\/proyectos-comerciales\/","og_site_name":"timberwalls.net","article_modified_time":"2025-10-16T07:51:15+00:00","og_image":[{"width":1600,"height":1200,"url":"https:\/\/timberwalls.net\/wp-content\/uploads\/2024\/09\/843_1854905491.jpg","type":"image\/jpeg"}],"twitter_card":"summary_large_image","twitter_misc":{"Tiempo de lectura":"5 minutos"},"schema":{"@context":"https:\/\/schema.org","@graph":[{"@type":"WebPage","@id":"https:\/\/timberwalls.net\/es\/proyectos-comerciales\/","url":"https:\/\/timberwalls.net\/es\/proyectos-comerciales\/","name":"Proyectos Comerciales - timberwalls.net","isPartOf":{"@id":"https:\/\/timberwalls.net\/de\/#website"},"datePublished":"2024-11-12T12:32:01+00:00","dateModified":"2025-10-16T07:51:15+00:00","breadcrumb":{"@id":"https:\/\/timberwalls.net\/es\/proyectos-comerciales\/#breadcrumb"},"inLanguage":"es","potentialAction":[{"@type":"ReadAction","target":["https:\/\/timberwalls.net\/es\/proyectos-comerciales\/"]}]},{"@type":"BreadcrumbList","@id":"https:\/\/timberwalls.net\/es\/proyectos-comerciales\/#breadcrumb","itemListElement":[{"@type":"ListItem","position":1,"name":"Home","item":"https:\/\/timberwalls.net\/es\/"},{"@type":"ListItem","position":2,"name":"Proyectos Comerciales"}]},{"@type":"WebSite","@id":"https:\/\/timberwalls.net\/de\/#website","url":"https:\/\/timberwalls.net\/de\/","name":"timberwalls.net","description":"timberwalls.net","publisher":{"@id":"https:\/\/timberwalls.net\/de\/#organization"},"potentialAction":[{"@type":"SearchAction","target":{"@type":"EntryPoint","urlTemplate":"https:\/\/timberwalls.net\/de\/?s={search_term_string}"},"query-input":{"@type":"PropertyValueSpecification","valueRequired":true,"valueName":"search_term_string"}}],"inLanguage":"es"},{"@type":"Organization","@id":"https:\/\/timberwalls.net\/de\/#organization","name":"Wooden frame-panel houses","url":"https:\/\/timberwalls.net\/de\/","logo":{"@type":"ImageObject","inLanguage":"es","@id":"https:\/\/timberwalls.net\/de\/#\/schema\/logo\/image\/","url":"https:\/\/timberwalls.net\/wp-content\/uploads\/2024\/08\/Timberwalls-logo-1.jpg","contentUrl":"https:\/\/timberwalls.net\/wp-content\/uploads\/2024\/08\/Timberwalls-logo-1.jpg","width":960,"height":685,"caption":"Wooden frame-panel houses"},"image":{"@id":"https:\/\/timberwalls.net\/de\/#\/schema\/logo\/image\/"}}]}},"_links":{"self":[{"href":"https:\/\/timberwalls.net\/es\/wp-json\/wp\/v2\/pages\/16188","targetHints":{"allow":["GET"]}}],"collection":[{"href":"https:\/\/timberwalls.net\/es\/wp-json\/wp\/v2\/pages"}],"about":[{"href":"https:\/\/timberwalls.net\/es\/wp-json\/wp\/v2\/types\/page"}],"author":[{"embeddable":true,"href":"https:\/\/timberwalls.net\/es\/wp-json\/wp\/v2\/users\/3"}],"replies":[{"embeddable":true,"href":"https:\/\/timberwalls.net\/es\/wp-json\/wp\/v2\/comments?post=16188"}],"version-history":[{"count":6,"href":"https:\/\/timberwalls.net\/es\/wp-json\/wp\/v2\/pages\/16188\/revisions"}],"predecessor-version":[{"id":16522,"href":"https:\/\/timberwalls.net\/es\/wp-json\/wp\/v2\/pages\/16188\/revisions\/16522"}],"wp:attachment":[{"href":"https:\/\/timberwalls.net\/es\/wp-json\/wp\/v2\/media?parent=16188"}],"curies":[{"name":"wp","href":"https:\/\/api.w.org\/{rel}","templated":true}]}}