{"id":16229,"date":"2024-08-16T01:57:55","date_gmt":"2024-08-16T01:57:55","guid":{"rendered":"https:\/\/timberwalls.net\/products\/hts-bearing-beams\/"},"modified":"2025-10-10T08:46:39","modified_gmt":"2025-10-10T08:46:39","slug":"vigas-soporte-hts","status":"publish","type":"page","link":"https:\/\/timberwalls.net\/es\/productos\/vigas-soporte-hts\/","title":{"rendered":"Vigas Soporte HTS"},"content":{"rendered":"<div class=\"wpb-content-wrapper\"><p>[vc_row gap=\u00bb20&#8243; content_placement=\u00bbmiddle\u00bb woodmart_css_id=\u00bb66beb66f5696d\u00bb responsive_spacing=\u00bbeyJwYXJhbV90eXBlIjoid29vZG1hcnRfcmVzcG9uc2l2ZV9zcGFjaW5nIiwic2VsZWN0b3JfaWQiOiI2NmJlYjY2ZjU2OTZkIiwic2hvcnRjb2RlIjoidmNfcm93IiwiZGF0YSI6eyJ0YWJsZXQiOnt9LCJtb2JpbGUiOnt9fX0=\u00bb mobile_bg_img_hidden=\u00bbno\u00bb tablet_bg_img_hidden=\u00bbno\u00bb woodmart_parallax=\u00bb0&#8243; woodmart_gradient_switch=\u00bbno\u00bb woodmart_box_shadow=\u00bbno\u00bb wd_z_index=\u00bbno\u00bb woodmart_disable_overflow=\u00bb0&#8243; row_reverse_mobile=\u00bb0&#8243; row_reverse_tablet=\u00bb0&#8243;][vc_column width=\u00bb1\/2&#8243;]\t\t\t<link rel=\"stylesheet\" id=\"wd-section-title-css\" href=\"https:\/\/timberwalls.net\/wp-content\/themes\/woodmart\/css\/parts\/el-section-title.min.css?ver=7.5.2\" type=\"text\/css\" media=\"all\" \/> \t\t\t\t\t\t<link rel=\"stylesheet\" id=\"wd-mod-highlighted-text-css\" href=\"https:\/\/timberwalls.net\/wp-content\/themes\/woodmart\/css\/parts\/mod-highlighted-text.min.css?ver=7.5.2\" type=\"text\/css\" media=\"all\" \/> \t\t\t\n\t\t<div id=\"wd-68e7b2b2b39a5\" class=\"title-wrapper wd-wpb set-mb-s reset-last-child  wd-rs-68e7b2b2b39a5 wd-title-color-default wd-title-style-default text-left  wd-underline-colored\">\n\t\t\t\n\t\t\t<div class=\"liner-continer\">\n\t\t\t\t<h4 class=\"woodmart-title-container title  wd-font-weight- wd-fontsize-l\" >VIGAS SOPORTE HTS<\/h4>\n\t\t\t\t\t\t\t<\/div>\n\t\t\t\n\t\t\t\n\t\t\t\n\t\t<\/div>\n\t\t\n\t\t\t\t\t<link rel=\"stylesheet\" id=\"wd-text-block-css\" href=\"https:\/\/timberwalls.net\/wp-content\/themes\/woodmart\/css\/parts\/el-text-block.min.css?ver=7.5.2\" type=\"text\/css\" media=\"all\" \/> \t\t\t\t\t<div id=\"wd-68e7b2c9a5f7f\" class=\"wd-text-block wd-wpb reset-last-child wd-rs-68e7b2c9a5f7f text-left \">\n\t\t\t<p>Las vigas h\u00edbridas de madera y metal son mucho m\u00e1s resistentes y ligeras que las hechas \u00fanicamente de madera o de metal. Est\u00e1n adaptadas con precisi\u00f3n al sistema estructural y a la carga de cada edificio, ideales para espacios sin soportes de hasta 24 metros. Estas vigas son adecuadas para la instalaci\u00f3n de techos, cubiertas, refugios, etc. Pueden adaptarse en muchos lugares y son f\u00e1ciles de instalar. Las vigas h\u00edbridas tambi\u00e9n cuentan con excelentes propiedades de aislamiento ac\u00fastico y t\u00e9rmico. Estas vigas cumplen con los requisitos y est\u00e1ndares internacionales de calidad.<\/p>\n\t\t<\/div>\n\t\t\n\t\t<div id=\"wd-68e7b2e0c9f1a\" class=\"title-wrapper wd-wpb set-mb-s reset-last-child  wd-rs-68e7b2e0c9f1a wd-title-color-default wd-title-style-default text-left  wd-underline-colored\">\n\t\t\t\n\t\t\t<div class=\"liner-continer\">\n\t\t\t\t<h4 class=\"woodmart-title-container title  wd-font-weight- wd-fontsize-l\" >Env\u00edenos su consulta o pregunta a continuaci\u00f3n.<\/h4>\n\t\t\t\t\t\t\t<\/div>\n\t\t\t\n\t\t\t\n\t\t\t\n\t\t<\/div>\n\t\t\n\t\t\t\t<div id=\"wd-68c13a6a189cb\" class=\"wd-text-block wd-wpb reset-last-child wd-rs-68c13a6a189cb text-left \">\n\t\t\t<div class='fluentform ff-default fluentform_wrapper_26 ffs_default_wrap'><form data-form_id=\"26\" id=\"fluentform_26\" class=\"frm-fluent-form fluent_form_26 ff-el-form-top ff_form_instance_26_1 ff-form-loading ffs_default\" data-form_instance=\"ff_form_instance_26_1\" method=\"POST\" ><fieldset  style=\"border: none!important;margin: 0!important;padding: 0!important;background-color: transparent!important;box-shadow: none!important;outline: none!important; min-inline-size: 100%;\">\n                    <legend class=\"ff_screen_reader_title\" style=\"display: block; margin: 0!important;padding: 0!important;height: 0!important;text-indent: -999999px;width: 0!important;overflow:hidden;\">Blank Form ES<\/legend><input type='hidden' name='__fluent_form_embded_post_id' value='16229' \/><input type=\"hidden\" id=\"_fluentform_26_fluentformnonce\" name=\"_fluentform_26_fluentformnonce\" value=\"2658b8eb9d\" \/><input type=\"hidden\" name=\"_wp_http_referer\" value=\"\/es\/wp-json\/wp\/v2\/pages\/16229\" \/><div data-name=\"ff_cn_id_1\"  class='ff-t-container ff-column-container ff_columns_total_2  '><div class='ff-t-cell ff-t-column-1' style='flex-basis: 50%;'><div class='ff-el-group ff-el-form-hide_label'><div class=\"ff-el-input--label asterisk-right\"><label for='ff_26_input_text' aria-label=\"Nombre\">Nombre<\/label><\/div><div class='ff-el-input--content'><input type=\"text\" name=\"input_text\" class=\"ff-el-form-control\" placeholder=\"Nombre\" data-name=\"input_text\" id=\"ff_26_input_text\"  aria-invalid=\"false\" aria-required=false><\/div><\/div><\/div><div class='ff-t-cell ff-t-column-2' style='flex-basis: 50%;'><div class='ff-el-group ff-el-form-hide_label'><div class=\"ff-el-input--label ff-el-is-required asterisk-right\"><label for='ff_26_email' aria-label=\"Correo electr\u00f3nico\">Correo electr\u00f3nico<\/label><\/div><div class='ff-el-input--content'><input type=\"email\" name=\"email\" id=\"ff_26_email\" class=\"ff-el-form-control\" placeholder=\"Correo electr\u00f3nico\" data-name=\"email\"  aria-invalid=\"false\" aria-required=true><\/div><\/div><\/div><\/div><div data-name=\"ff_cn_id_2\"  class='ff-t-container ff-column-container ff_columns_total_2  '><div class='ff-t-cell ff-t-column-1' style='flex-basis: 50%;'><div class='ff-el-group ff-el-form-hide_label'><div class=\"ff-el-input--label asterisk-right\"><label for='ff_26_input_text_2' aria-label=\"N\u00famero de tel\u00e9fono\">N\u00famero de tel\u00e9fono<\/label><\/div><div class='ff-el-input--content'><input type=\"text\" name=\"input_text_2\" class=\"ff-el-form-control\" placeholder=\"N\u00famero de tel\u00e9fono\" data-name=\"input_text_2\" id=\"ff_26_input_text_2\"  aria-invalid=\"false\" aria-required=false><\/div><\/div><\/div><div class='ff-t-cell ff-t-column-2' style='flex-basis: 50%;'><div class='ff-el-group ff-el-form-hide_label'><div class=\"ff-el-input--label asterisk-right\"><label for='ff_26_input_text_3' aria-label=\"Compa\u00f1\u00eda\">Compa\u00f1\u00eda<\/label><\/div><div class='ff-el-input--content'><input type=\"text\" name=\"input_text_3\" class=\"ff-el-form-control\" placeholder=\"Compa\u00f1\u00eda\" data-name=\"input_text_3\" id=\"ff_26_input_text_3\"  aria-invalid=\"false\" aria-required=false><\/div><\/div><\/div><\/div><div data-name=\"ff_cn_id_3\"  class='ff-t-container ff-column-container ff_columns_total_1  '><div class='ff-t-cell ff-t-column-1' style='flex-basis: 100%;'><div class='ff-el-group ff-el-form-hide_label'><div class=\"ff-el-input--label asterisk-right\"><label for='ff_26_description' aria-label=\"Su solicitud\">Su solicitud<\/label><\/div><div class='ff-el-input--content'><textarea aria-invalid=\"false\" aria-required=false name=\"description\" id=\"ff_26_description\" class=\"ff-el-form-control\" placeholder=\"Su solicitud\" rows=\"3\" cols=\"2\" data-name=\"description\" ><\/textarea><\/div><\/div><div class='ff-el-group    ff-el-input--content'><div class='ff-el-form-check ff-el-tc'><label aria-label='terms & conditions' class='ff-el-form-check-label ff_tc_label' for=gdpr-agreement_ac175ff2c97bb8733af1abb6ef0efb9c><span class='ff_tc_checkbox'><input type=\"checkbox\" name=\"gdpr-agreement\" class=\"ff-el-form-check-input ff_gdpr_field\" data-name=\"gdpr-agreement\" id=\"gdpr-agreement_ac175ff2c97bb8733af1abb6ef0efb9c\"  value='on' aria-invalid='false' aria-required=true><\/span> <div class='ff_t_c'>Estoy de acuerdo con <a href=\"https:\/\/timberwalls.net\/es\/politica-de privacidad\/\">pol\u00edtica de privacidad<\/a><\/div><\/label><\/div><\/div><div class='ff-el-group ff-text-left ff_submit_btn_wrapper ff_submit_btn_wrapper_custom'><button class=\"ff-btn ff-btn-submit ff-btn-md ff_btn_style wpf_has_custom_css\" type=\"submit\" name=\"custom_submit_button-26_1\" data-name=\"custom_submit_button-26_1\" >ENVIAR<\/button><style>form.fluent_form_26 .wpf_has_custom_css.ff-btn-submit { background-color:rgba(112, 86, 53, 1);border-color:rgba(112, 86, 53, 1);color:rgba(255, 255, 255, 1);border-radius:50px;min-width:100%; }form.fluent_form_26 .wpf_has_custom_css.ff-btn-submit:hover { background-color:rgba(146, 169, 96, 1);border-color:rgba(146, 169, 96, 1);color:rgba(255, 255, 255, 1);min-width:100%; } <\/style><\/div><\/div><\/div><\/fieldset><\/form><div id='fluentform_26_errors' class='ff-errors-in-stack ff_form_instance_26_1 ff-form-loading_errors ff_form_instance_26_1_errors'><\/div><\/div>        <script type=\"text\/javascript\">\n            window.fluent_form_ff_form_instance_26_1 = {\"id\":\"26\",\"settings\":{\"layout\":{\"labelPlacement\":\"top\",\"helpMessagePlacement\":\"with_label\",\"errorMessagePlacement\":\"inline\",\"cssClassName\":\"\",\"asteriskPlacement\":\"asterisk-right\"},\"restrictions\":{\"denyEmptySubmission\":{\"enabled\":false}}},\"form_instance\":\"ff_form_instance_26_1\",\"form_id_selector\":\"fluentform_26\",\"rules\":{\"input_text\":{\"required\":{\"value\":false,\"message\":\"Este campo es obligatorio\",\"global_message\":\"This field is required\",\"global\":true}},\"email\":{\"required\":{\"value\":true,\"message\":\"Este campo es obligatorio.\",\"global_message\":\"This field is required\",\"global\":false},\"email\":{\"value\":true,\"message\":\"Este campo debe contener un correo electr\\u00f3nico v\\u00e1lido\",\"global_message\":\"This field must contain a valid email\",\"global\":false}},\"input_text_2\":{\"required\":{\"value\":false,\"message\":\"Este campo es obligatorio\",\"global_message\":\"This field is required\",\"global\":true}},\"input_text_3\":{\"required\":{\"value\":false,\"message\":\"Este campo es obligatorio\",\"global_message\":\"This field is required\",\"global\":true}},\"description\":{\"required\":{\"value\":false,\"message\":\"Este campo es obligatorio\",\"global_message\":\"This field is required\",\"global\":true}},\"gdpr-agreement\":{\"required\":{\"value\":true,\"message\":\"Este campo es obligatorio\",\"global_message\":\"This field is required\",\"global\":true}}},\"debounce_time\":300};\n                    <\/script>\n        \n\t\t<\/div>\n\t\t[\/vc_column][vc_column width=\u00bb1\/2&#8243;]\t\t\t<link rel=\"stylesheet\" id=\"wd-photoswipe-css\" href=\"https:\/\/timberwalls.net\/wp-content\/themes\/woodmart\/css\/parts\/lib-photoswipe.min.css?ver=7.5.2\" type=\"text\/css\" media=\"all\" \/> \t\t\t\t\t\t<link rel=\"stylesheet\" id=\"wd-image-gallery-css\" href=\"https:\/\/timberwalls.net\/wp-content\/themes\/woodmart\/css\/parts\/el-gallery.min.css?ver=7.5.2\" type=\"text\/css\" media=\"all\" \/> \t\t\t\t\t<div id=\"gallery_156\" class=\"wd-images-gallery wd-wpb wd-rs-66d7088aeb82d photoswipe-images\" style=\"--wd-justify-content:center;--wd-align-items:center;\">\n\t\t\t\n\t\t\t<div class=\" wd-grid-g\" style=\"--wd-col-lg:2;--wd-col-md:2;--wd-col-sm:2;--wd-gap-lg:6px;\">\n\t\t\t\t\n\t\t\t\t\t\t\t\t\t\t\t\t\t\t\t<div class=\"wd-gallery-item wd-col\">\n\t\t\t\t\t\t\t\t\t\t\t\t\t\t<a href=\"https:\/\/timberwalls.net\/wp-content\/uploads\/2024\/09\/image00018-scaled.jpeg\" data-elementor-open-lightbox=\"no\" data-index=\"1\" data-width=\"2560\" data-height=\"1920\" \n\t\t\t\t\t\t\t\t\t\t\t\t >\n\t\t\t\t\t\t\t\t\n\t\t\t\t\t\t\t\t<img loading=\"lazy\" decoding=\"async\" width=\"300\" height=\"200\" src=\"https:\/\/timberwalls.net\/wp-content\/uploads\/2024\/09\/image00018-scaled-300x200.jpeg\" class=\"wd-gallery-image image-1\" alt=\"HTS sijos: idealiai tinka gyvenam\u0173j\u0173 ir komercini\u0173 pastat\u0173 projektams\" \/>\n\t\t\t\t\t\t\t\t\t\t\t\t\t\t\t<\/a>\n\t\t\t\t\t\t\t\t\t\t\t\t<\/div>\n\t\t\t\t\t\t\t\t\t\t\t<div class=\"wd-gallery-item wd-col\">\n\t\t\t\t\t\t\t\t\t\t\t\t\t\t<a href=\"https:\/\/timberwalls.net\/wp-content\/uploads\/2024\/09\/image00010-scaled.jpeg\" data-elementor-open-lightbox=\"no\" data-index=\"2\" data-width=\"2560\" data-height=\"1920\" \n\t\t\t\t\t\t\t\t\t\t\t\t >\n\t\t\t\t\t\t\t\t\n\t\t\t\t\t\t\t\t<img loading=\"lazy\" decoding=\"async\" width=\"300\" height=\"200\" src=\"https:\/\/timberwalls.net\/wp-content\/uploads\/2024\/09\/image00010-scaled-300x200.jpeg\" class=\"wd-gallery-image image-2\" alt=\"HTS sijos: idealiai tinka gyvenam\u0173j\u0173 ir komercini\u0173 pastat\u0173 projektams\" \/>\n\t\t\t\t\t\t\t\t\t\t\t\t\t\t\t<\/a>\n\t\t\t\t\t\t\t\t\t\t\t\t<\/div>\n\t\t\t\t\t\t\t\t\t\t\t<div class=\"wd-gallery-item wd-col\">\n\t\t\t\t\t\t\t\t\t\t\t\t\t\t<a href=\"https:\/\/timberwalls.net\/wp-content\/uploads\/2024\/09\/image00014-scaled.jpeg\" data-elementor-open-lightbox=\"no\" data-index=\"3\" data-width=\"2560\" data-height=\"1920\" \n\t\t\t\t\t\t\t\t\t\t\t\t >\n\t\t\t\t\t\t\t\t\n\t\t\t\t\t\t\t\t<img loading=\"lazy\" decoding=\"async\" width=\"300\" height=\"200\" src=\"https:\/\/timberwalls.net\/wp-content\/uploads\/2024\/09\/image00014-scaled-300x200.jpeg\" class=\"wd-gallery-image image-3\" alt=\"HTS sijos: idealiai tinka gyvenam\u0173j\u0173 ir komercini\u0173 pastat\u0173 projektams\" \/>\n\t\t\t\t\t\t\t\t\t\t\t\t\t\t\t<\/a>\n\t\t\t\t\t\t\t\t\t\t\t\t<\/div>\n\t\t\t\t\t\t\t\t\t\t\t<div class=\"wd-gallery-item wd-col\">\n\t\t\t\t\t\t\t\t\t\t\t\t\t\t<a href=\"https:\/\/timberwalls.net\/wp-content\/uploads\/2024\/09\/image00006-1-scaled.jpeg\" data-elementor-open-lightbox=\"no\" data-index=\"4\" data-width=\"2560\" data-height=\"1920\" \n\t\t\t\t\t\t\t\t\t\t\t\t >\n\t\t\t\t\t\t\t\t\n\t\t\t\t\t\t\t\t<img loading=\"lazy\" decoding=\"async\" width=\"300\" height=\"200\" src=\"https:\/\/timberwalls.net\/wp-content\/uploads\/2024\/09\/image00006-1-scaled-300x200.jpeg\" class=\"wd-gallery-image image-4\" alt=\"HTS sija, naudojama stogo konstrukcijoje\" \/>\n\t\t\t\t\t\t\t\t\t\t\t\t\t\t\t<\/a>\n\t\t\t\t\t\t\t\t\t\t\t\t<\/div>\n\t\t\t\t\t\t\t\t\t\n\t\t\t\t\t\t\t<\/div>\n\n\t\t\t\t\t<\/div>\n\t\t[\/vc_column][\/vc_row]<\/p>\n<\/div>","protected":false},"excerpt":{"rendered":"<p>[vc_row gap=\u00bb20&#8243; content_placement=\u00bbmiddle\u00bb woodmart_css_id=\u00bb66beb66f5696d\u00bb responsive_spacing=\u00bbeyJwYXJhbV90eXBlIjoid29vZG1hcnRfcmVzcG9uc2l2ZV9zcGFjaW5nIiwic2VsZWN0b3JfaWQiOiI2NmJlYjY2ZjU2OTZkIiwic2hvcnRjb2RlIjoidmNfcm93IiwiZGF0YSI6eyJ0YWJsZXQiOnt9LCJtb2JpbGUiOnt9fX0=\u00bb mobile_bg_img_hidden=\u00bbno\u00bb tablet_bg_img_hidden=\u00bbno\u00bb woodmart_parallax=\u00bb0&#8243; woodmart_gradient_switch=\u00bbno\u00bb woodmart_box_shadow=\u00bbno\u00bb wd_z_index=\u00bbno\u00bb woodmart_disable_overflow=\u00bb0&#8243; row_reverse_mobile=\u00bb0&#8243; row_reverse_tablet=\u00bb0&#8243;][vc_column width=\u00bb1\/2&#8243;][\/vc_column][vc_column width=\u00bb1\/2&#8243;][\/vc_column][\/vc_row]<\/p>\n","protected":false},"author":1,"featured_media":0,"parent":16227,"menu_order":0,"comment_status":"closed","ping_status":"closed","template":"","meta":{"footnotes":""},"class_list":["post-16229","page","type-page","status-publish","hentry"],"yoast_head":"<!-- This site is optimized with the Yoast SEO plugin v23.6 - https:\/\/yoast.com\/wordpress\/plugins\/seo\/ -->\n<title>Vigas Soporte HTS - timberwalls.net<\/title>\n<meta name=\"robots\" content=\"index, follow, max-snippet:-1, max-image-preview:large, max-video-preview:-1\" \/>\n<link rel=\"canonical\" href=\"https:\/\/timberwalls.net\/es\/productos\/vigas-soporte-hts\/\" \/>\n<meta property=\"og:locale\" content=\"es_ES\" \/>\n<meta property=\"og:type\" content=\"article\" \/>\n<meta property=\"og:title\" content=\"Vigas Soporte HTS - timberwalls.net\" \/>\n<meta property=\"og:url\" content=\"https:\/\/timberwalls.net\/es\/productos\/vigas-soporte-hts\/\" \/>\n<meta property=\"og:site_name\" content=\"timberwalls.net\" \/>\n<meta property=\"article:modified_time\" content=\"2025-10-10T08:46:39+00:00\" \/>\n<meta property=\"og:image\" content=\"https:\/\/timberwalls.net\/wp-content\/uploads\/2024\/09\/843_1854905491.jpg\" \/>\n\t<meta property=\"og:image:width\" content=\"1600\" \/>\n\t<meta property=\"og:image:height\" content=\"1200\" \/>\n\t<meta property=\"og:image:type\" content=\"image\/jpeg\" \/>\n<meta name=\"twitter:card\" content=\"summary_large_image\" \/>\n<meta name=\"twitter:label1\" content=\"Tiempo de lectura\" \/>\n\t<meta name=\"twitter:data1\" content=\"1 minuto\" \/>\n<script type=\"application\/ld+json\" class=\"yoast-schema-graph\">{\"@context\":\"https:\/\/schema.org\",\"@graph\":[{\"@type\":\"WebPage\",\"@id\":\"https:\/\/timberwalls.net\/es\/productos\/vigas-soporte-hts\/\",\"url\":\"https:\/\/timberwalls.net\/es\/productos\/vigas-soporte-hts\/\",\"name\":\"Vigas Soporte HTS - timberwalls.net\",\"isPartOf\":{\"@id\":\"https:\/\/timberwalls.net\/de\/#website\"},\"datePublished\":\"2024-08-16T01:57:55+00:00\",\"dateModified\":\"2025-10-10T08:46:39+00:00\",\"breadcrumb\":{\"@id\":\"https:\/\/timberwalls.net\/es\/productos\/vigas-soporte-hts\/#breadcrumb\"},\"inLanguage\":\"es\",\"potentialAction\":[{\"@type\":\"ReadAction\",\"target\":[\"https:\/\/timberwalls.net\/es\/productos\/vigas-soporte-hts\/\"]}]},{\"@type\":\"BreadcrumbList\",\"@id\":\"https:\/\/timberwalls.net\/es\/productos\/vigas-soporte-hts\/#breadcrumb\",\"itemListElement\":[{\"@type\":\"ListItem\",\"position\":1,\"name\":\"Home\",\"item\":\"https:\/\/timberwalls.net\/es\/\"},{\"@type\":\"ListItem\",\"position\":2,\"name\":\"Productos\",\"item\":\"https:\/\/timberwalls.net\/es\/productos\/\"},{\"@type\":\"ListItem\",\"position\":3,\"name\":\"Vigas Soporte HTS\"}]},{\"@type\":\"WebSite\",\"@id\":\"https:\/\/timberwalls.net\/de\/#website\",\"url\":\"https:\/\/timberwalls.net\/de\/\",\"name\":\"timberwalls.net\",\"description\":\"timberwalls.net\",\"publisher\":{\"@id\":\"https:\/\/timberwalls.net\/de\/#organization\"},\"potentialAction\":[{\"@type\":\"SearchAction\",\"target\":{\"@type\":\"EntryPoint\",\"urlTemplate\":\"https:\/\/timberwalls.net\/de\/?s={search_term_string}\"},\"query-input\":{\"@type\":\"PropertyValueSpecification\",\"valueRequired\":true,\"valueName\":\"search_term_string\"}}],\"inLanguage\":\"es\"},{\"@type\":\"Organization\",\"@id\":\"https:\/\/timberwalls.net\/de\/#organization\",\"name\":\"Wooden frame-panel houses\",\"url\":\"https:\/\/timberwalls.net\/de\/\",\"logo\":{\"@type\":\"ImageObject\",\"inLanguage\":\"es\",\"@id\":\"https:\/\/timberwalls.net\/de\/#\/schema\/logo\/image\/\",\"url\":\"https:\/\/timberwalls.net\/wp-content\/uploads\/2024\/08\/Timberwalls-logo-1.jpg\",\"contentUrl\":\"https:\/\/timberwalls.net\/wp-content\/uploads\/2024\/08\/Timberwalls-logo-1.jpg\",\"width\":960,\"height\":685,\"caption\":\"Wooden frame-panel houses\"},\"image\":{\"@id\":\"https:\/\/timberwalls.net\/de\/#\/schema\/logo\/image\/\"}}]}<\/script>\n<!-- \/ Yoast SEO plugin. -->","yoast_head_json":{"title":"Vigas Soporte HTS - timberwalls.net","robots":{"index":"index","follow":"follow","max-snippet":"max-snippet:-1","max-image-preview":"max-image-preview:large","max-video-preview":"max-video-preview:-1"},"canonical":"https:\/\/timberwalls.net\/es\/productos\/vigas-soporte-hts\/","og_locale":"es_ES","og_type":"article","og_title":"Vigas Soporte HTS - timberwalls.net","og_url":"https:\/\/timberwalls.net\/es\/productos\/vigas-soporte-hts\/","og_site_name":"timberwalls.net","article_modified_time":"2025-10-10T08:46:39+00:00","og_image":[{"width":1600,"height":1200,"url":"https:\/\/timberwalls.net\/wp-content\/uploads\/2024\/09\/843_1854905491.jpg","type":"image\/jpeg"}],"twitter_card":"summary_large_image","twitter_misc":{"Tiempo de lectura":"1 minuto"},"schema":{"@context":"https:\/\/schema.org","@graph":[{"@type":"WebPage","@id":"https:\/\/timberwalls.net\/es\/productos\/vigas-soporte-hts\/","url":"https:\/\/timberwalls.net\/es\/productos\/vigas-soporte-hts\/","name":"Vigas Soporte HTS - timberwalls.net","isPartOf":{"@id":"https:\/\/timberwalls.net\/de\/#website"},"datePublished":"2024-08-16T01:57:55+00:00","dateModified":"2025-10-10T08:46:39+00:00","breadcrumb":{"@id":"https:\/\/timberwalls.net\/es\/productos\/vigas-soporte-hts\/#breadcrumb"},"inLanguage":"es","potentialAction":[{"@type":"ReadAction","target":["https:\/\/timberwalls.net\/es\/productos\/vigas-soporte-hts\/"]}]},{"@type":"BreadcrumbList","@id":"https:\/\/timberwalls.net\/es\/productos\/vigas-soporte-hts\/#breadcrumb","itemListElement":[{"@type":"ListItem","position":1,"name":"Home","item":"https:\/\/timberwalls.net\/es\/"},{"@type":"ListItem","position":2,"name":"Productos","item":"https:\/\/timberwalls.net\/es\/productos\/"},{"@type":"ListItem","position":3,"name":"Vigas Soporte HTS"}]},{"@type":"WebSite","@id":"https:\/\/timberwalls.net\/de\/#website","url":"https:\/\/timberwalls.net\/de\/","name":"timberwalls.net","description":"timberwalls.net","publisher":{"@id":"https:\/\/timberwalls.net\/de\/#organization"},"potentialAction":[{"@type":"SearchAction","target":{"@type":"EntryPoint","urlTemplate":"https:\/\/timberwalls.net\/de\/?s={search_term_string}"},"query-input":{"@type":"PropertyValueSpecification","valueRequired":true,"valueName":"search_term_string"}}],"inLanguage":"es"},{"@type":"Organization","@id":"https:\/\/timberwalls.net\/de\/#organization","name":"Wooden frame-panel houses","url":"https:\/\/timberwalls.net\/de\/","logo":{"@type":"ImageObject","inLanguage":"es","@id":"https:\/\/timberwalls.net\/de\/#\/schema\/logo\/image\/","url":"https:\/\/timberwalls.net\/wp-content\/uploads\/2024\/08\/Timberwalls-logo-1.jpg","contentUrl":"https:\/\/timberwalls.net\/wp-content\/uploads\/2024\/08\/Timberwalls-logo-1.jpg","width":960,"height":685,"caption":"Wooden frame-panel houses"},"image":{"@id":"https:\/\/timberwalls.net\/de\/#\/schema\/logo\/image\/"}}]}},"_links":{"self":[{"href":"https:\/\/timberwalls.net\/es\/wp-json\/wp\/v2\/pages\/16229","targetHints":{"allow":["GET"]}}],"collection":[{"href":"https:\/\/timberwalls.net\/es\/wp-json\/wp\/v2\/pages"}],"about":[{"href":"https:\/\/timberwalls.net\/es\/wp-json\/wp\/v2\/types\/page"}],"author":[{"embeddable":true,"href":"https:\/\/timberwalls.net\/es\/wp-json\/wp\/v2\/users\/1"}],"replies":[{"embeddable":true,"href":"https:\/\/timberwalls.net\/es\/wp-json\/wp\/v2\/comments?post=16229"}],"version-history":[{"count":3,"href":"https:\/\/timberwalls.net\/es\/wp-json\/wp\/v2\/pages\/16229\/revisions"}],"predecessor-version":[{"id":16489,"href":"https:\/\/timberwalls.net\/es\/wp-json\/wp\/v2\/pages\/16229\/revisions\/16489"}],"up":[{"embeddable":true,"href":"https:\/\/timberwalls.net\/es\/wp-json\/wp\/v2\/pages\/16227"}],"wp:attachment":[{"href":"https:\/\/timberwalls.net\/es\/wp-json\/wp\/v2\/media?parent=16229"}],"curies":[{"name":"wp","href":"https:\/\/api.w.org\/{rel}","templated":true}]}}