{"id":16231,"date":"2024-11-12T12:32:46","date_gmt":"2024-11-12T12:32:46","guid":{"rendered":"https:\/\/timberwalls.net\/products\/panel-renovation\/"},"modified":"2025-10-16T07:53:23","modified_gmt":"2025-10-16T07:53:23","slug":"renovacion-de-paneles","status":"publish","type":"page","link":"https:\/\/timberwalls.net\/es\/productos\/renovacion-de-paneles\/","title":{"rendered":"Renovaci\u00f3n de Paneles"},"content":{"rendered":"<div class=\"wpb-content-wrapper\"><p>[vc_row gap=\u00bb20&#8243; content_placement=\u00bbmiddle\u00bb woodmart_css_id=\u00bb66beb66f5696d\u00bb responsive_spacing=\u00bbeyJwYXJhbV90eXBlIjoid29vZG1hcnRfcmVzcG9uc2l2ZV9zcGFjaW5nIiwic2VsZWN0b3JfaWQiOiI2NmJlYjY2ZjU2OTZkIiwic2hvcnRjb2RlIjoidmNfcm93IiwiZGF0YSI6eyJ0YWJsZXQiOnt9LCJtb2JpbGUiOnt9fX0=\u00bb mobile_bg_img_hidden=\u00bbno\u00bb tablet_bg_img_hidden=\u00bbno\u00bb woodmart_parallax=\u00bb0&#8243; woodmart_gradient_switch=\u00bbno\u00bb woodmart_box_shadow=\u00bbno\u00bb wd_z_index=\u00bbno\u00bb woodmart_disable_overflow=\u00bb0&#8243; row_reverse_mobile=\u00bb0&#8243; row_reverse_tablet=\u00bb0&#8243;][vc_column]\t\t\t<link rel=\"stylesheet\" id=\"wd-text-block-css\" href=\"https:\/\/timberwalls.net\/wp-content\/themes\/woodmart\/css\/parts\/el-text-block.min.css?ver=7.5.2\" type=\"text\/css\" media=\"all\" \/> \t\t\t\t\t<div id=\"wd-68e7af8c35527\" class=\"wd-text-block wd-wpb reset-last-child wd-rs-68e7af8c35527 text-left \">\n\t\t\t<h3>Renovaci\u00f3n de paneles con Timberwalls<\/h3>\n<p>TIMBERWALLS \u2013 un socio confiable e innovador para desarrolladores que buscan soluciones de construcci\u00f3n econ\u00f3micas, sostenibles y de r\u00e1pida implementaci\u00f3n. Una de ellas es la renovaci\u00f3n de edificios sovi\u00e9ticos de varios pisos utilizando tecnolog\u00eda de paneles. En los pa\u00edses occidentales, la renovaci\u00f3n en serie con paneles se utiliza cada vez m\u00e1s. Su esencia es simple: paneles estructurales de madera ligeros, seguros y duraderos se fabrican en f\u00e1bricas, se adaptan a un edificio espec\u00edfico y luego se aplican r\u00e1pidamente a la estructura.<\/p>\n\t\t<\/div>\n\t\t[\/vc_column][\/vc_row][vc_row][vc_column width=\u00bb1\/2&#8243;]\t\t<div id=\"wd-68e7b0399f9e4\" class=\"wd-text-block wd-wpb reset-last-child wd-rs-68e7b0399f9e4 text-left \">\n\t\t\t<h3>\u00bfPor qu\u00e9 elegir la renovaci\u00f3n de paneles?<\/h3>\n<p>Al renovar con tecnolog\u00eda de paneles, no solo se a\u00edsla el exterior del edificio, sino que tambi\u00e9n se actualizan la calefacci\u00f3n, el agua caliente, los sistemas comunes de ingenier\u00eda, la ventilaci\u00f3n y los sistemas de seguridad contra incendios. Los techos de los s\u00f3tanos se a\u00edslan, se reemplazan las ventanas, se modernizan los balcones, las escaleras y los ascensores, y se a\u00edslan los techos.<\/p>\n<p>Ventajas:<\/p>\n<ul>\n<li><strong>Valor de la propiedad:<\/strong> Los edificios renovados con tecnolog\u00eda de paneles se vuelven mucho m\u00e1s atractivos en el mercado. El valor de la propiedad aumenta hasta un 30% en comparaci\u00f3n con edificios similares no renovados.<\/li>\n<li><strong>Eficiencia energ\u00e9tica:<\/strong> El uso de paneles con estructura de madera para la renovaci\u00f3n de fachadas proporciona no solo una nueva apariencia, sino tambi\u00e9n un aislamiento adicional, lo que reduce los costos de calefacci\u00f3n a la mitad.<\/li>\n<li><strong>Eliminaci\u00f3n de riesgos de emergencia:<\/strong> No es ning\u00fan secreto que los edificios de varios pisos construidos durante la era sovi\u00e9tica est\u00e1n en malas condiciones y representan una amenaza para el \u00e1rea circundante. Este riesgo se mitiga con fachadas renovadas.<\/li>\n<li><strong>Vida \u00fatil del edificio:<\/strong> Dado que la estructura del edificio est\u00e1 reforzada y protegida contra impactos externos, la vida \u00fatil del edificio se prolonga en 30 a\u00f1os.<\/li>\n<li><strong>Est\u00e9tica del edificio:<\/strong> No es ning\u00fan secreto que la apariencia de un edificio es importante para todos nosotros. La renovaci\u00f3n con paneles permite a las ciudades rejuvenecer y verse modernas sin necesidad de demoler y reconstruir edificios de varios pisos.<\/li>\n<li><strong>Emisiones de CO2:<\/strong> Un apartamento de 60 metros cuadrados en un edificio renovado con tecnolog\u00eda de paneles ahorra hasta 1 tonelada de emisiones de CO2 al medio ambiente.<\/li>\n<\/ul>\n\t\t<\/div>\n\t\t[\/vc_column][vc_column width=\u00bb1\/2&#8243;][vc_single_image image=\u00bb14618&#8243; img_size=\u00bb592 x 630&#8243; css=\u00bb\u00bb parallax_scroll=\u00bbno\u00bb woodmart_inline=\u00bbno\u00bb][\/vc_column][\/vc_row][vc_row][vc_column]\t\t<div id=\"wd-68e7b0fce1798\" class=\"wd-text-block wd-wpb reset-last-child wd-rs-68e7b0fce1798 text-left \">\n\t\t\t<h3>Colaboraci\u00f3n con TIMBERWALLS<\/h3>\n<p>Lo invitamos a colaborar con TIMBERWALLS \u2013 juntos, podemos llevar a cabo incluso los proyectos inmobiliarios m\u00e1s ambiciosos. Estamos listos para convertirnos en su socio confiable, ofreciendo soluciones avanzadas tanto para peque\u00f1as viviendas individuales como para barrios de gran escala, proyectos comerciales y de renovaci\u00f3n.<\/p>\n<p>Si tiene alguna pregunta o desea discutir su proyecto, por favor cont\u00e1ctenos \u2013 nuestro equipo est\u00e1 listo para asistirlo en cada paso del camino.<\/p>\n\t\t<\/div>\n\t\t[\/vc_column][\/vc_row][vc_row][vc_column]<div id=\"wd-68f0a4695db67\" class=\" wd-rs-68f0a4695db67  wd-button-wrapper text-center\"><a href=\"https:\/\/timberwalls.net\/es\/contacto\/\" title=\"\" class=\"btn btn-color-alt btn-style-default btn-style-round btn-size-extra-large\">CONT\u00c1CTENOS<\/a><\/div>[\/vc_column][\/vc_row]<\/p>\n<\/div>","protected":false},"excerpt":{"rendered":"<p>[vc_row gap=\u00bb20&#8243; content_placement=\u00bbmiddle\u00bb woodmart_css_id=\u00bb66beb66f5696d\u00bb responsive_spacing=\u00bbeyJwYXJhbV90eXBlIjoid29vZG1hcnRfcmVzcG9uc2l2ZV9zcGFjaW5nIiwic2VsZWN0b3JfaWQiOiI2NmJlYjY2ZjU2OTZkIiwic2hvcnRjb2RlIjoidmNfcm93IiwiZGF0YSI6eyJ0YWJsZXQiOnt9LCJtb2JpbGUiOnt9fX0=\u00bb mobile_bg_img_hidden=\u00bbno\u00bb tablet_bg_img_hidden=\u00bbno\u00bb woodmart_parallax=\u00bb0&#8243; woodmart_gradient_switch=\u00bbno\u00bb woodmart_box_shadow=\u00bbno\u00bb wd_z_index=\u00bbno\u00bb woodmart_disable_overflow=\u00bb0&#8243; row_reverse_mobile=\u00bb0&#8243; row_reverse_tablet=\u00bb0&#8243;][vc_column][\/vc_column][\/vc_row][vc_row][vc_column width=\u00bb1\/2&#8243;][\/vc_column][vc_column width=\u00bb1\/2&#8243;][vc_single_image image=\u00bb14618&#8243; img_size=\u00bb592 x 630&#8243;<\/p>\n","protected":false},"author":3,"featured_media":0,"parent":16227,"menu_order":0,"comment_status":"closed","ping_status":"closed","template":"","meta":{"footnotes":""},"class_list":["post-16231","page","type-page","status-publish","hentry"],"yoast_head":"<!-- This site is optimized with the Yoast SEO plugin v23.6 - https:\/\/yoast.com\/wordpress\/plugins\/seo\/ -->\n<title>Renovaci\u00f3n de Paneles - timberwalls.net<\/title>\n<meta name=\"description\" content=\"Renovaci\u00f3n de paneles Timberwalls: aumenta el valor de la propiedad, reduce los costos de calefacci\u00f3n a la mitad y prolonga la vida \u00fatil del edificio en 30 a\u00f1os.\" \/>\n<meta name=\"robots\" content=\"index, follow, max-snippet:-1, max-image-preview:large, max-video-preview:-1\" \/>\n<link rel=\"canonical\" href=\"https:\/\/timberwalls.net\/es\/productos\/renovacion-de-paneles\/\" \/>\n<meta property=\"og:locale\" content=\"es_ES\" \/>\n<meta property=\"og:type\" content=\"article\" \/>\n<meta property=\"og:title\" content=\"Renovaci\u00f3n de Paneles - timberwalls.net\" \/>\n<meta property=\"og:description\" content=\"Renovaci\u00f3n de paneles Timberwalls: aumenta el valor de la propiedad, reduce los costos de calefacci\u00f3n a la mitad y prolonga la vida \u00fatil del edificio en 30 a\u00f1os.\" \/>\n<meta property=\"og:url\" content=\"https:\/\/timberwalls.net\/es\/productos\/renovacion-de-paneles\/\" \/>\n<meta property=\"og:site_name\" content=\"timberwalls.net\" \/>\n<meta property=\"article:modified_time\" content=\"2025-10-16T07:53:23+00:00\" \/>\n<meta property=\"og:image\" content=\"https:\/\/timberwalls.net\/wp-content\/uploads\/2024\/09\/843_1854905491.jpg\" \/>\n\t<meta property=\"og:image:width\" content=\"1600\" \/>\n\t<meta property=\"og:image:height\" content=\"1200\" \/>\n\t<meta property=\"og:image:type\" content=\"image\/jpeg\" \/>\n<meta name=\"twitter:card\" content=\"summary_large_image\" \/>\n<meta name=\"twitter:label1\" content=\"Tiempo de lectura\" \/>\n\t<meta name=\"twitter:data1\" content=\"3 minutos\" \/>\n<script type=\"application\/ld+json\" class=\"yoast-schema-graph\">{\"@context\":\"https:\/\/schema.org\",\"@graph\":[{\"@type\":\"WebPage\",\"@id\":\"https:\/\/timberwalls.net\/es\/productos\/renovacion-de-paneles\/\",\"url\":\"https:\/\/timberwalls.net\/es\/productos\/renovacion-de-paneles\/\",\"name\":\"Renovaci\u00f3n de Paneles - timberwalls.net\",\"isPartOf\":{\"@id\":\"https:\/\/timberwalls.net\/de\/#website\"},\"datePublished\":\"2024-11-12T12:32:46+00:00\",\"dateModified\":\"2025-10-16T07:53:23+00:00\",\"description\":\"Renovaci\u00f3n de paneles Timberwalls: aumenta el valor de la propiedad, reduce los costos de calefacci\u00f3n a la mitad y prolonga la vida \u00fatil del edificio en 30 a\u00f1os.\",\"breadcrumb\":{\"@id\":\"https:\/\/timberwalls.net\/es\/productos\/renovacion-de-paneles\/#breadcrumb\"},\"inLanguage\":\"es\",\"potentialAction\":[{\"@type\":\"ReadAction\",\"target\":[\"https:\/\/timberwalls.net\/es\/productos\/renovacion-de-paneles\/\"]}]},{\"@type\":\"BreadcrumbList\",\"@id\":\"https:\/\/timberwalls.net\/es\/productos\/renovacion-de-paneles\/#breadcrumb\",\"itemListElement\":[{\"@type\":\"ListItem\",\"position\":1,\"name\":\"Home\",\"item\":\"https:\/\/timberwalls.net\/es\/\"},{\"@type\":\"ListItem\",\"position\":2,\"name\":\"Productos\",\"item\":\"https:\/\/timberwalls.net\/es\/productos\/\"},{\"@type\":\"ListItem\",\"position\":3,\"name\":\"Renovaci\u00f3n de Paneles\"}]},{\"@type\":\"WebSite\",\"@id\":\"https:\/\/timberwalls.net\/de\/#website\",\"url\":\"https:\/\/timberwalls.net\/de\/\",\"name\":\"timberwalls.net\",\"description\":\"timberwalls.net\",\"publisher\":{\"@id\":\"https:\/\/timberwalls.net\/de\/#organization\"},\"potentialAction\":[{\"@type\":\"SearchAction\",\"target\":{\"@type\":\"EntryPoint\",\"urlTemplate\":\"https:\/\/timberwalls.net\/de\/?s={search_term_string}\"},\"query-input\":{\"@type\":\"PropertyValueSpecification\",\"valueRequired\":true,\"valueName\":\"search_term_string\"}}],\"inLanguage\":\"es\"},{\"@type\":\"Organization\",\"@id\":\"https:\/\/timberwalls.net\/de\/#organization\",\"name\":\"Wooden frame-panel houses\",\"url\":\"https:\/\/timberwalls.net\/de\/\",\"logo\":{\"@type\":\"ImageObject\",\"inLanguage\":\"es\",\"@id\":\"https:\/\/timberwalls.net\/de\/#\/schema\/logo\/image\/\",\"url\":\"https:\/\/timberwalls.net\/wp-content\/uploads\/2024\/08\/Timberwalls-logo-1.jpg\",\"contentUrl\":\"https:\/\/timberwalls.net\/wp-content\/uploads\/2024\/08\/Timberwalls-logo-1.jpg\",\"width\":960,\"height\":685,\"caption\":\"Wooden frame-panel houses\"},\"image\":{\"@id\":\"https:\/\/timberwalls.net\/de\/#\/schema\/logo\/image\/\"}}]}<\/script>\n<!-- \/ Yoast SEO plugin. -->","yoast_head_json":{"title":"Renovaci\u00f3n de Paneles - timberwalls.net","description":"Renovaci\u00f3n de paneles Timberwalls: aumenta el valor de la propiedad, reduce los costos de calefacci\u00f3n a la mitad y prolonga la vida \u00fatil del edificio en 30 a\u00f1os.","robots":{"index":"index","follow":"follow","max-snippet":"max-snippet:-1","max-image-preview":"max-image-preview:large","max-video-preview":"max-video-preview:-1"},"canonical":"https:\/\/timberwalls.net\/es\/productos\/renovacion-de-paneles\/","og_locale":"es_ES","og_type":"article","og_title":"Renovaci\u00f3n de Paneles - timberwalls.net","og_description":"Renovaci\u00f3n de paneles Timberwalls: aumenta el valor de la propiedad, reduce los costos de calefacci\u00f3n a la mitad y prolonga la vida \u00fatil del edificio en 30 a\u00f1os.","og_url":"https:\/\/timberwalls.net\/es\/productos\/renovacion-de-paneles\/","og_site_name":"timberwalls.net","article_modified_time":"2025-10-16T07:53:23+00:00","og_image":[{"width":1600,"height":1200,"url":"https:\/\/timberwalls.net\/wp-content\/uploads\/2024\/09\/843_1854905491.jpg","type":"image\/jpeg"}],"twitter_card":"summary_large_image","twitter_misc":{"Tiempo de lectura":"3 minutos"},"schema":{"@context":"https:\/\/schema.org","@graph":[{"@type":"WebPage","@id":"https:\/\/timberwalls.net\/es\/productos\/renovacion-de-paneles\/","url":"https:\/\/timberwalls.net\/es\/productos\/renovacion-de-paneles\/","name":"Renovaci\u00f3n de Paneles - timberwalls.net","isPartOf":{"@id":"https:\/\/timberwalls.net\/de\/#website"},"datePublished":"2024-11-12T12:32:46+00:00","dateModified":"2025-10-16T07:53:23+00:00","description":"Renovaci\u00f3n de paneles Timberwalls: aumenta el valor de la propiedad, reduce los costos de calefacci\u00f3n a la mitad y prolonga la vida \u00fatil del edificio en 30 a\u00f1os.","breadcrumb":{"@id":"https:\/\/timberwalls.net\/es\/productos\/renovacion-de-paneles\/#breadcrumb"},"inLanguage":"es","potentialAction":[{"@type":"ReadAction","target":["https:\/\/timberwalls.net\/es\/productos\/renovacion-de-paneles\/"]}]},{"@type":"BreadcrumbList","@id":"https:\/\/timberwalls.net\/es\/productos\/renovacion-de-paneles\/#breadcrumb","itemListElement":[{"@type":"ListItem","position":1,"name":"Home","item":"https:\/\/timberwalls.net\/es\/"},{"@type":"ListItem","position":2,"name":"Productos","item":"https:\/\/timberwalls.net\/es\/productos\/"},{"@type":"ListItem","position":3,"name":"Renovaci\u00f3n de Paneles"}]},{"@type":"WebSite","@id":"https:\/\/timberwalls.net\/de\/#website","url":"https:\/\/timberwalls.net\/de\/","name":"timberwalls.net","description":"timberwalls.net","publisher":{"@id":"https:\/\/timberwalls.net\/de\/#organization"},"potentialAction":[{"@type":"SearchAction","target":{"@type":"EntryPoint","urlTemplate":"https:\/\/timberwalls.net\/de\/?s={search_term_string}"},"query-input":{"@type":"PropertyValueSpecification","valueRequired":true,"valueName":"search_term_string"}}],"inLanguage":"es"},{"@type":"Organization","@id":"https:\/\/timberwalls.net\/de\/#organization","name":"Wooden frame-panel houses","url":"https:\/\/timberwalls.net\/de\/","logo":{"@type":"ImageObject","inLanguage":"es","@id":"https:\/\/timberwalls.net\/de\/#\/schema\/logo\/image\/","url":"https:\/\/timberwalls.net\/wp-content\/uploads\/2024\/08\/Timberwalls-logo-1.jpg","contentUrl":"https:\/\/timberwalls.net\/wp-content\/uploads\/2024\/08\/Timberwalls-logo-1.jpg","width":960,"height":685,"caption":"Wooden frame-panel houses"},"image":{"@id":"https:\/\/timberwalls.net\/de\/#\/schema\/logo\/image\/"}}]}},"_links":{"self":[{"href":"https:\/\/timberwalls.net\/es\/wp-json\/wp\/v2\/pages\/16231","targetHints":{"allow":["GET"]}}],"collection":[{"href":"https:\/\/timberwalls.net\/es\/wp-json\/wp\/v2\/pages"}],"about":[{"href":"https:\/\/timberwalls.net\/es\/wp-json\/wp\/v2\/types\/page"}],"author":[{"embeddable":true,"href":"https:\/\/timberwalls.net\/es\/wp-json\/wp\/v2\/users\/3"}],"replies":[{"embeddable":true,"href":"https:\/\/timberwalls.net\/es\/wp-json\/wp\/v2\/comments?post=16231"}],"version-history":[{"count":4,"href":"https:\/\/timberwalls.net\/es\/wp-json\/wp\/v2\/pages\/16231\/revisions"}],"predecessor-version":[{"id":16525,"href":"https:\/\/timberwalls.net\/es\/wp-json\/wp\/v2\/pages\/16231\/revisions\/16525"}],"up":[{"embeddable":true,"href":"https:\/\/timberwalls.net\/es\/wp-json\/wp\/v2\/pages\/16227"}],"wp:attachment":[{"href":"https:\/\/timberwalls.net\/es\/wp-json\/wp\/v2\/media?parent=16231"}],"curies":[{"name":"wp","href":"https:\/\/api.w.org\/{rel}","templated":true}]}}