{"id":16234,"date":"2024-11-12T12:33:13","date_gmt":"2024-11-12T12:33:13","guid":{"rendered":"https:\/\/timberwalls.net\/products\/prefab-commercial-buildings-for-developers\/"},"modified":"2025-10-16T07:52:36","modified_gmt":"2025-10-16T07:52:36","slug":"edificios-comerciales-prefabricados-para-desarrolladores","status":"publish","type":"page","link":"https:\/\/timberwalls.net\/es\/productos\/edificios-comerciales-prefabricados-para-desarrolladores\/","title":{"rendered":"Edificios Comerciales Prefabricados Para Desarrolladores"},"content":{"rendered":"<div class=\"wpb-content-wrapper\"><p>[vc_row gap=\u00bb20&#8243; content_placement=\u00bbmiddle\u00bb woodmart_css_id=\u00bb66beb66f5696d\u00bb responsive_spacing=\u00bbeyJwYXJhbV90eXBlIjoid29vZG1hcnRfcmVzcG9uc2l2ZV9zcGFjaW5nIiwic2VsZWN0b3JfaWQiOiI2NmJlYjY2ZjU2OTZkIiwic2hvcnRjb2RlIjoidmNfcm93IiwiZGF0YSI6eyJ0YWJsZXQiOnt9LCJtb2JpbGUiOnt9fX0=\u00bb mobile_bg_img_hidden=\u00bbno\u00bb tablet_bg_img_hidden=\u00bbno\u00bb woodmart_parallax=\u00bb0&#8243; woodmart_gradient_switch=\u00bbno\u00bb woodmart_box_shadow=\u00bbno\u00bb wd_z_index=\u00bbno\u00bb woodmart_disable_overflow=\u00bb0&#8243; row_reverse_mobile=\u00bb0&#8243; row_reverse_tablet=\u00bb0&#8243;][vc_column]\t\t\t<link rel=\"stylesheet\" id=\"wd-text-block-css\" href=\"https:\/\/timberwalls.net\/wp-content\/themes\/woodmart\/css\/parts\/el-text-block.min.css?ver=7.5.2\" type=\"text\/css\" media=\"all\" \/> \t\t\t\t\t<div id=\"wd-68e7ae1dabf41\" class=\"wd-text-block wd-wpb reset-last-child wd-rs-68e7ae1dabf41 text-left \">\n\t\t\t<h3>Soluciones para Desarrolladores con TIMBERWALLS<\/h3>\n<p>TIMBERWALLS \u2013 un socio confiable e innovador para los desarrolladores que buscan soluciones de construcci\u00f3n econ\u00f3micas, sostenibles y de r\u00e1pida implementaci\u00f3n. Una de ellas es la renovaci\u00f3n de edificios de varias plantas de la era sovi\u00e9tica utilizando tecnolog\u00eda de paneles. En los pa\u00edses occidentales, la renovaci\u00f3n en serie con paneles se utiliza cada vez m\u00e1s. Su esencia es simple: paneles estructurales de madera ligeros, seguros y duraderos se fabrican en f\u00e1bricas, adaptados a un edificio espec\u00edfico y luego se aplican r\u00e1pidamente a la estructura.<\/p>\n\t\t<\/div>\n\t\t[vc_separator css=\u00bb\u00bb wd_hide_on_desktop=\u00bbno\u00bb wd_hide_on_tablet=\u00bbno\u00bb wd_hide_on_mobile=\u00bbno\u00bb][\/vc_column][\/vc_row][vc_row][vc_column width=\u00bb1\/2&#8243;]\t\t<div id=\"wd-68e7ae4266870\" class=\"wd-text-block wd-wpb reset-last-child wd-rs-68e7ae4266870 text-left \">\n\t\t\t<h3>\u00bfPor Qu\u00e9 Elegir la Tecnolog\u00eda de Paneles en Lugar de la Alba\u00f1iler\u00eda Tradicional?<\/h3>\n<p>La tecnolog\u00eda de paneles se est\u00e1 volviendo cada vez m\u00e1s popular entre los desarrolladores debido a varias ventajas clave en comparaci\u00f3n con la construcci\u00f3n tradicional de alba\u00f1iler\u00eda:<\/p>\n<p>\u2022 <strong>Ahorro de Tiempo y Rapidez:<\/strong> La construcci\u00f3n de casas con paneles es significativamente m\u00e1s r\u00e1pida. La mayor\u00eda de los componentes se fabrican en la f\u00e1brica y su montaje toma solo unas pocas semanas. Esto permite a los desarrolladores terminar proyectos m\u00e1s r\u00e1pido y obtener un retorno de inversi\u00f3n antes, a diferencia de la alba\u00f1iler\u00eda, que requiere m\u00e1s tiempo tanto para la construcci\u00f3n como para los procesos de secado.<\/p>\n<p>\u2022<strong> Eficiencia de Costos:<\/strong> La tecnolog\u00eda de paneles permite a los desarrolladores controlar los costos de manera m\u00e1s efectiva. Se ahorra tiempo, se reducen los costos de mano de obra y el uso planificado de materiales ayuda a evitar gastos inesperados.<\/p>\n<p>\u2022 <strong>Alta Calidad y Sostenibilidad:<\/strong> Nuestras casas de paneles cumplen con los m\u00e1s altos est\u00e1ndares de calidad. Cada elemento se fabrica en un entorno controlado, minimizando el riesgo de errores. Al usar materiales ecol\u00f3gicos, aseguramos un desarrollo sostenible del proyecto y un proceso de construcci\u00f3n m\u00e1s limpio, lo cual es especialmente importante en vecindarios residenciales.<\/p>\n<p>\u2022 <strong>Eficiencia Energ\u00e9tica:<\/strong> Las casas de paneles tienen excelentes propiedades de aislamiento t\u00e9rmico, lo que reduce los costos de calefacci\u00f3n y refrigeraci\u00f3n. Esto es muy valorado por los futuros propietarios, que ahorran en costos operativos a lo largo del tiempo.<\/p>\n<p>\u2022 <strong>Vecinos Felices y Obras Limpias:<\/strong> Gracias al r\u00e1pido proceso de construcci\u00f3n y a la reducci\u00f3n de desechos en el sitio, los vecinos experimentan menos molestias y el vecindario mantiene un entorno limpio.<\/p>\n<p>\u2022 <strong>Retorno de Inversi\u00f3n M\u00e1s R\u00e1pido:<\/strong> La finalizaci\u00f3n m\u00e1s r\u00e1pida de los proyectos significa retornos m\u00e1s r\u00e1pidos para los desarrolladores. Al elegir la tecnolog\u00eda de paneles, el proyecto puede completarse en un tiempo mucho m\u00e1s corto, lo que permite ventas o alquileres m\u00e1s r\u00e1pidos.<\/p>\n\t\t<\/div>\n\t\t[\/vc_column][vc_column width=\u00bb1\/2&#8243;][vc_single_image image=\u00bb14611&#8243; img_size=\u00bb593 x 728&#8243; css=\u00bb\u00bb parallax_scroll=\u00bbno\u00bb woodmart_inline=\u00bbno\u00bb][\/vc_column][\/vc_row][vc_row][vc_column width=\u00bb1\/2&#8243;][vc_single_image image=\u00bb15798&#8243; img_size=\u00bb2048 x 1000&#8243; css=\u00bb\u00bb parallax_scroll=\u00bbno\u00bb woodmart_inline=\u00bbno\u00bb][\/vc_column][vc_column width=\u00bb1\/2&#8243;][vc_separator css=\u00bb\u00bb wd_hide_on_desktop=\u00bbno\u00bb wd_hide_on_tablet=\u00bbno\u00bb wd_hide_on_mobile=\u00bbno\u00bb]\t\t<div id=\"wd-68e7aed8a3665\" class=\"wd-text-block wd-wpb reset-last-child wd-rs-68e7aed8a3665 text-left \">\n\t\t\t<h3>Beneficios de TIMBERWALLS para Desarrolladores:<\/h3>\n<p>\u2022 <strong>Gesti\u00f3n Integral de Proyectos:<\/strong> Desde el dise\u00f1o hasta la producci\u00f3n e instalaci\u00f3n, nuestro equipo trabaja para garantizar que su proyecto se complete sin problemas y a tiempo.<\/p>\n<p>\u2022 <strong>Equipo Profesional y Experimentado:<\/strong> Nuestros expertos ayudan a encontrar las mejores soluciones en cada etapa de su proyecto.<\/p>\n<p>\u2022 <strong>Est\u00e1ndares de Alta Calidad:<\/strong> Todas las operaciones de fabricaci\u00f3n e instalaci\u00f3n se realizan en estricto cumplimiento con los protocolos de control de calidad.<\/p>\n<p>\u2022 <strong>Certificaciones de Construcci\u00f3n Sostenible: <\/strong>Nuestras casas de panel cumplen con normas internacionales de sostenibilidad, lo que garantiza confianza en la entrega de un proyecto ecol\u00f3gico.<\/p>\n\t\t<\/div>\n\t\t[\/vc_column][\/vc_row][vc_row][vc_column]\t\t<div id=\"wd-68e7b16fda80c\" class=\"wd-text-block wd-wpb reset-last-child wd-rs-68e7b16fda80c text-left \">\n\t\t\t<h3>Colaboraci\u00f3n con TIMBERWALLS<\/h3>\n<p>Lo invitamos a colaborar con TIMBERWALLS\u2014juntos, podemos ejecutar incluso los proyectos inmobiliarios m\u00e1s ambiciosos. Estamos listos para ser su socio de confianza, ofreciendo soluciones avanzadas tanto para peque\u00f1as viviendas individuales como para proyectos residenciales, comerciales y de renovaci\u00f3n a gran escala.<\/p>\n<p>Si tiene alguna pregunta o desea discutir su proyecto, comun\u00edquese con nosotros\u2014nuestro equipo est\u00e1 listo para asistirlo en cada paso del proceso.<\/p>\n\t\t<\/div>\n\t\t[\/vc_column][\/vc_row][vc_row][vc_column]<div id=\"wd-68f0a4361f063\" class=\" wd-rs-68f0a4361f063  wd-button-wrapper text-center\"><a href=\"https:\/\/timberwalls.net\/es\/contacto\/\" title=\"\" class=\"btn btn-color-alt btn-style-default btn-style-round btn-size-extra-large\">CONT\u00c1CTENOS<\/a><\/div>[\/vc_column][\/vc_row]<\/p>\n<\/div>","protected":false},"excerpt":{"rendered":"<p>[vc_row gap=\u00bb20&#8243; content_placement=\u00bbmiddle\u00bb woodmart_css_id=\u00bb66beb66f5696d\u00bb responsive_spacing=\u00bbeyJwYXJhbV90eXBlIjoid29vZG1hcnRfcmVzcG9uc2l2ZV9zcGFjaW5nIiwic2VsZWN0b3JfaWQiOiI2NmJlYjY2ZjU2OTZkIiwic2hvcnRjb2RlIjoidmNfcm93IiwiZGF0YSI6eyJ0YWJsZXQiOnt9LCJtb2JpbGUiOnt9fX0=\u00bb mobile_bg_img_hidden=\u00bbno\u00bb tablet_bg_img_hidden=\u00bbno\u00bb woodmart_parallax=\u00bb0&#8243; woodmart_gradient_switch=\u00bbno\u00bb woodmart_box_shadow=\u00bbno\u00bb wd_z_index=\u00bbno\u00bb woodmart_disable_overflow=\u00bb0&#8243; row_reverse_mobile=\u00bb0&#8243; row_reverse_tablet=\u00bb0&#8243;][vc_column][vc_separator css=\u00bb\u00bb wd_hide_on_desktop=\u00bbno\u00bb wd_hide_on_tablet=\u00bbno\u00bb wd_hide_on_mobile=\u00bbno\u00bb][\/vc_column][\/vc_row][vc_row][vc_column width=\u00bb1\/2&#8243;][\/vc_column][vc_column width=\u00bb1\/2&#8243;][vc_single_image<\/p>\n","protected":false},"author":3,"featured_media":0,"parent":16227,"menu_order":0,"comment_status":"closed","ping_status":"closed","template":"","meta":{"footnotes":""},"class_list":["post-16234","page","type-page","status-publish","hentry"],"yoast_head":"<!-- This site is optimized with the Yoast SEO plugin v23.6 - https:\/\/yoast.com\/wordpress\/plugins\/seo\/ -->\n<title>Edificios Comerciales Prefabricados Para Desarrolladores - timberwalls.net<\/title>\n<meta name=\"description\" content=\"timberwalls.net Edificios comerciales prefabricados de alta calidad para desarrolladores: r\u00e1pidos, rentables y sostenibles para maximizar la inversi\u00f3n.\" \/>\n<meta name=\"robots\" content=\"index, follow, max-snippet:-1, max-image-preview:large, max-video-preview:-1\" \/>\n<link rel=\"canonical\" href=\"https:\/\/timberwalls.net\/es\/productos\/edificios-comerciales-prefabricados-para-desarrolladores\/\" \/>\n<meta property=\"og:locale\" content=\"es_ES\" \/>\n<meta property=\"og:type\" content=\"article\" \/>\n<meta property=\"og:title\" content=\"Edificios Comerciales Prefabricados Para Desarrolladores - timberwalls.net\" \/>\n<meta property=\"og:description\" content=\"timberwalls.net Edificios comerciales prefabricados de alta calidad para desarrolladores: r\u00e1pidos, rentables y sostenibles para maximizar la inversi\u00f3n.\" \/>\n<meta property=\"og:url\" content=\"https:\/\/timberwalls.net\/es\/productos\/edificios-comerciales-prefabricados-para-desarrolladores\/\" \/>\n<meta property=\"og:site_name\" content=\"timberwalls.net\" \/>\n<meta property=\"article:modified_time\" content=\"2025-10-16T07:52:36+00:00\" \/>\n<meta property=\"og:image\" content=\"https:\/\/timberwalls.net\/wp-content\/uploads\/2024\/09\/843_1854905491.jpg\" \/>\n\t<meta property=\"og:image:width\" content=\"1600\" \/>\n\t<meta property=\"og:image:height\" content=\"1200\" \/>\n\t<meta property=\"og:image:type\" content=\"image\/jpeg\" \/>\n<meta name=\"twitter:card\" content=\"summary_large_image\" \/>\n<meta name=\"twitter:label1\" content=\"Tiempo de lectura\" \/>\n\t<meta name=\"twitter:data1\" content=\"5 minutos\" \/>\n<script type=\"application\/ld+json\" class=\"yoast-schema-graph\">{\"@context\":\"https:\/\/schema.org\",\"@graph\":[{\"@type\":\"WebPage\",\"@id\":\"https:\/\/timberwalls.net\/es\/productos\/edificios-comerciales-prefabricados-para-desarrolladores\/\",\"url\":\"https:\/\/timberwalls.net\/es\/productos\/edificios-comerciales-prefabricados-para-desarrolladores\/\",\"name\":\"Edificios Comerciales Prefabricados Para Desarrolladores - timberwalls.net\",\"isPartOf\":{\"@id\":\"https:\/\/timberwalls.net\/de\/#website\"},\"datePublished\":\"2024-11-12T12:33:13+00:00\",\"dateModified\":\"2025-10-16T07:52:36+00:00\",\"description\":\"timberwalls.net Edificios comerciales prefabricados de alta calidad para desarrolladores: r\u00e1pidos, rentables y sostenibles para maximizar la inversi\u00f3n.\",\"breadcrumb\":{\"@id\":\"https:\/\/timberwalls.net\/es\/productos\/edificios-comerciales-prefabricados-para-desarrolladores\/#breadcrumb\"},\"inLanguage\":\"es\",\"potentialAction\":[{\"@type\":\"ReadAction\",\"target\":[\"https:\/\/timberwalls.net\/es\/productos\/edificios-comerciales-prefabricados-para-desarrolladores\/\"]}]},{\"@type\":\"BreadcrumbList\",\"@id\":\"https:\/\/timberwalls.net\/es\/productos\/edificios-comerciales-prefabricados-para-desarrolladores\/#breadcrumb\",\"itemListElement\":[{\"@type\":\"ListItem\",\"position\":1,\"name\":\"Home\",\"item\":\"https:\/\/timberwalls.net\/es\/\"},{\"@type\":\"ListItem\",\"position\":2,\"name\":\"Productos\",\"item\":\"https:\/\/timberwalls.net\/es\/productos\/\"},{\"@type\":\"ListItem\",\"position\":3,\"name\":\"Edificios Comerciales Prefabricados Para Desarrolladores\"}]},{\"@type\":\"WebSite\",\"@id\":\"https:\/\/timberwalls.net\/de\/#website\",\"url\":\"https:\/\/timberwalls.net\/de\/\",\"name\":\"timberwalls.net\",\"description\":\"timberwalls.net\",\"publisher\":{\"@id\":\"https:\/\/timberwalls.net\/de\/#organization\"},\"potentialAction\":[{\"@type\":\"SearchAction\",\"target\":{\"@type\":\"EntryPoint\",\"urlTemplate\":\"https:\/\/timberwalls.net\/de\/?s={search_term_string}\"},\"query-input\":{\"@type\":\"PropertyValueSpecification\",\"valueRequired\":true,\"valueName\":\"search_term_string\"}}],\"inLanguage\":\"es\"},{\"@type\":\"Organization\",\"@id\":\"https:\/\/timberwalls.net\/de\/#organization\",\"name\":\"Wooden frame-panel houses\",\"url\":\"https:\/\/timberwalls.net\/de\/\",\"logo\":{\"@type\":\"ImageObject\",\"inLanguage\":\"es\",\"@id\":\"https:\/\/timberwalls.net\/de\/#\/schema\/logo\/image\/\",\"url\":\"https:\/\/timberwalls.net\/wp-content\/uploads\/2024\/08\/Timberwalls-logo-1.jpg\",\"contentUrl\":\"https:\/\/timberwalls.net\/wp-content\/uploads\/2024\/08\/Timberwalls-logo-1.jpg\",\"width\":960,\"height\":685,\"caption\":\"Wooden frame-panel houses\"},\"image\":{\"@id\":\"https:\/\/timberwalls.net\/de\/#\/schema\/logo\/image\/\"}}]}<\/script>\n<!-- \/ Yoast SEO plugin. -->","yoast_head_json":{"title":"Edificios Comerciales Prefabricados Para Desarrolladores - timberwalls.net","description":"timberwalls.net Edificios comerciales prefabricados de alta calidad para desarrolladores: r\u00e1pidos, rentables y sostenibles para maximizar la inversi\u00f3n.","robots":{"index":"index","follow":"follow","max-snippet":"max-snippet:-1","max-image-preview":"max-image-preview:large","max-video-preview":"max-video-preview:-1"},"canonical":"https:\/\/timberwalls.net\/es\/productos\/edificios-comerciales-prefabricados-para-desarrolladores\/","og_locale":"es_ES","og_type":"article","og_title":"Edificios Comerciales Prefabricados Para Desarrolladores - timberwalls.net","og_description":"timberwalls.net Edificios comerciales prefabricados de alta calidad para desarrolladores: r\u00e1pidos, rentables y sostenibles para maximizar la inversi\u00f3n.","og_url":"https:\/\/timberwalls.net\/es\/productos\/edificios-comerciales-prefabricados-para-desarrolladores\/","og_site_name":"timberwalls.net","article_modified_time":"2025-10-16T07:52:36+00:00","og_image":[{"width":1600,"height":1200,"url":"https:\/\/timberwalls.net\/wp-content\/uploads\/2024\/09\/843_1854905491.jpg","type":"image\/jpeg"}],"twitter_card":"summary_large_image","twitter_misc":{"Tiempo de lectura":"5 minutos"},"schema":{"@context":"https:\/\/schema.org","@graph":[{"@type":"WebPage","@id":"https:\/\/timberwalls.net\/es\/productos\/edificios-comerciales-prefabricados-para-desarrolladores\/","url":"https:\/\/timberwalls.net\/es\/productos\/edificios-comerciales-prefabricados-para-desarrolladores\/","name":"Edificios Comerciales Prefabricados Para Desarrolladores - timberwalls.net","isPartOf":{"@id":"https:\/\/timberwalls.net\/de\/#website"},"datePublished":"2024-11-12T12:33:13+00:00","dateModified":"2025-10-16T07:52:36+00:00","description":"timberwalls.net Edificios comerciales prefabricados de alta calidad para desarrolladores: r\u00e1pidos, rentables y sostenibles para maximizar la inversi\u00f3n.","breadcrumb":{"@id":"https:\/\/timberwalls.net\/es\/productos\/edificios-comerciales-prefabricados-para-desarrolladores\/#breadcrumb"},"inLanguage":"es","potentialAction":[{"@type":"ReadAction","target":["https:\/\/timberwalls.net\/es\/productos\/edificios-comerciales-prefabricados-para-desarrolladores\/"]}]},{"@type":"BreadcrumbList","@id":"https:\/\/timberwalls.net\/es\/productos\/edificios-comerciales-prefabricados-para-desarrolladores\/#breadcrumb","itemListElement":[{"@type":"ListItem","position":1,"name":"Home","item":"https:\/\/timberwalls.net\/es\/"},{"@type":"ListItem","position":2,"name":"Productos","item":"https:\/\/timberwalls.net\/es\/productos\/"},{"@type":"ListItem","position":3,"name":"Edificios Comerciales Prefabricados Para Desarrolladores"}]},{"@type":"WebSite","@id":"https:\/\/timberwalls.net\/de\/#website","url":"https:\/\/timberwalls.net\/de\/","name":"timberwalls.net","description":"timberwalls.net","publisher":{"@id":"https:\/\/timberwalls.net\/de\/#organization"},"potentialAction":[{"@type":"SearchAction","target":{"@type":"EntryPoint","urlTemplate":"https:\/\/timberwalls.net\/de\/?s={search_term_string}"},"query-input":{"@type":"PropertyValueSpecification","valueRequired":true,"valueName":"search_term_string"}}],"inLanguage":"es"},{"@type":"Organization","@id":"https:\/\/timberwalls.net\/de\/#organization","name":"Wooden frame-panel houses","url":"https:\/\/timberwalls.net\/de\/","logo":{"@type":"ImageObject","inLanguage":"es","@id":"https:\/\/timberwalls.net\/de\/#\/schema\/logo\/image\/","url":"https:\/\/timberwalls.net\/wp-content\/uploads\/2024\/08\/Timberwalls-logo-1.jpg","contentUrl":"https:\/\/timberwalls.net\/wp-content\/uploads\/2024\/08\/Timberwalls-logo-1.jpg","width":960,"height":685,"caption":"Wooden frame-panel houses"},"image":{"@id":"https:\/\/timberwalls.net\/de\/#\/schema\/logo\/image\/"}}]}},"_links":{"self":[{"href":"https:\/\/timberwalls.net\/es\/wp-json\/wp\/v2\/pages\/16234","targetHints":{"allow":["GET"]}}],"collection":[{"href":"https:\/\/timberwalls.net\/es\/wp-json\/wp\/v2\/pages"}],"about":[{"href":"https:\/\/timberwalls.net\/es\/wp-json\/wp\/v2\/types\/page"}],"author":[{"embeddable":true,"href":"https:\/\/timberwalls.net\/es\/wp-json\/wp\/v2\/users\/3"}],"replies":[{"embeddable":true,"href":"https:\/\/timberwalls.net\/es\/wp-json\/wp\/v2\/comments?post=16234"}],"version-history":[{"count":7,"href":"https:\/\/timberwalls.net\/es\/wp-json\/wp\/v2\/pages\/16234\/revisions"}],"predecessor-version":[{"id":16524,"href":"https:\/\/timberwalls.net\/es\/wp-json\/wp\/v2\/pages\/16234\/revisions\/16524"}],"up":[{"embeddable":true,"href":"https:\/\/timberwalls.net\/es\/wp-json\/wp\/v2\/pages\/16227"}],"wp:attachment":[{"href":"https:\/\/timberwalls.net\/es\/wp-json\/wp\/v2\/media?parent=16234"}],"curies":[{"name":"wp","href":"https:\/\/api.w.org\/{rel}","templated":true}]}}