{"id":16361,"date":"2024-08-13T09:55:23","date_gmt":"2024-08-13T09:55:23","guid":{"rendered":"https:\/\/timberwalls.net\/privatumo-politika\/"},"modified":"2025-10-10T09:22:06","modified_gmt":"2025-10-10T09:22:06","slug":"politica-de-privacidad","status":"publish","type":"page","link":"https:\/\/timberwalls.net\/es\/politica-de-privacidad\/","title":{"rendered":"Pol\u00edtica de privacidad"},"content":{"rendered":"<div class=\"wpb-content-wrapper\"><p>[vc_row][vc_column][vc_column_text css=\u00bb\u00bb woodmart_inline=\u00bbno\u00bb text_larger=\u00bbno\u00bb]<\/p>\n<p>&nbsp;<\/p>\n<article class=\"text-token-text-primary w-full focus:outline-none [--shadow-height:45px] has-data-writing-block:pointer-events-none has-data-writing-block:-mt-(--shadow-height) has-data-writing-block:pt-(--shadow-height) [&amp;:has([data-writing-block])&gt;*]:pointer-events-auto scroll-mt-[calc(var(--header-height)+min(200px,max(70px,20svh)))]\" dir=\"auto\" tabindex=\"-1\" data-turn-id=\"request-WEB:5a1b475a-c92d-4eed-ab87-4904b9bffee7-12\" data-testid=\"conversation-turn-26\" data-scroll-anchor=\"true\" data-turn=\"assistant\">\n<div class=\"text-base my-auto mx-auto pb-10 [--thread-content-margin:--spacing(4)] thread-sm:[--thread-content-margin:--spacing(6)] thread-lg:[--thread-content-margin:--spacing(16)] px-(--thread-content-margin)\">\n<div class=\"[--thread-content-max-width:40rem] thread-lg:[--thread-content-max-width:48rem] mx-auto max-w-(--thread-content-max-width) flex-1 group\/turn-messages focus-visible:outline-hidden relative flex w-full min-w-0 flex-col agent-turn\" tabindex=\"-1\">\n<div class=\"flex max-w-full flex-col grow\">\n<div class=\"min-h-8 text-message relative flex w-full flex-col items-end gap-2 text-start break-words whitespace-normal [.text-message+&amp;]:mt-5\" dir=\"auto\" data-message-author-role=\"assistant\" data-message-id=\"b8120910-8b3c-4f70-a6e0-6792424e6027\" data-message-model-slug=\"gpt-5\">\n<div class=\"flex w-full flex-col gap-1 empty:hidden first:pt-[1px]\">\n<div class=\"markdown prose dark:prose-invert w-full break-words light markdown-new-styling\">\n<ol data-start=\"0\" data-end=\"22\">\n<li data-start=\"0\" data-end=\"22\">\n<p data-start=\"3\" data-end=\"22\">Informaci\u00f3n general<\/p>\n<\/li>\n<\/ol>\n<p data-start=\"24\" data-end=\"354\">UAB \u201eGelmeda\u201c (en adelante \u2013 el Responsable del Tratamiento) establece en la presente pol\u00edtica de privacidad las normas principales para la recopilaci\u00f3n, el tratamiento y el almacenamiento de sus datos personales y otra informaci\u00f3n relacionada con usted al utilizar el sitio web del Responsable del Tratamiento <a class=\"decorated-link\" href=\"http:\/\/www.timberwalls.net\" target=\"_new\" rel=\"noopener\" data-start=\"335\" data-end=\"354\">www.timberwalls.net<\/a><\/p>\n<p data-start=\"356\" data-end=\"394\">Datos del Responsable del Tratamiento:<\/p>\n<p data-start=\"396\" data-end=\"433\">C\u00f3digo de persona jur\u00eddica: 123923122<\/p>\n<p data-start=\"435\" data-end=\"505\">Direcci\u00f3n registrada: Girai\u010di\u0173 k. 5E, Girai\u010di\u0173 k., LT-21369 Elektr\u0117nai<\/p>\n<p data-start=\"507\" data-end=\"524\">Tel. +37069822366<\/p>\n<p data-start=\"526\" data-end=\"566\">Correo electr\u00f3nico: <a class=\"decorated-link cursor-pointer\" rel=\"noopener\" data-start=\"546\" data-end=\"566\">info@timberwalls.net<\/a><\/p>\n<p data-start=\"568\" data-end=\"993\">Usted puede visitar nuestro sitio web sin proporcionar ninguna informaci\u00f3n sobre s\u00ed mismo; sin embargo, si desea enviar una consulta y\/o registrarse, se le pedir\u00e1 que proporcione los datos personales especificados en el sistema. Respetamos su derecho a la privacidad y hacemos todo lo razonablemente posible para garantizar la seguridad y confidencialidad de los datos personales y otra informaci\u00f3n tratada en este sitio web.<\/p>\n<p data-start=\"995\" data-end=\"1715\">Confirmamos que los datos de los visitantes del sitio web y de las cuentas de redes sociales del Responsable del Tratamiento se recopilan de acuerdo con la legislaci\u00f3n vigente de la Uni\u00f3n Europea y de la Rep\u00fablica de Lituania, as\u00ed como con las directrices de las autoridades de control. Se aplican todas las medidas t\u00e9cnicas y administrativas razonables para proteger los datos recopilados sobre los visitantes del sitio web y de las redes sociales contra la p\u00e9rdida, el uso no autorizado y la alteraci\u00f3n. Los empleados del Responsable del Tratamiento est\u00e1n obligados por escrito a no divulgar ni difundir a terceros ninguna informaci\u00f3n obtenida en el trabajo, incluida la informaci\u00f3n sobre los visitantes del sitio web.<\/p>\n<p data-start=\"1717\" data-end=\"2023\">Las personas menores de 16 a\u00f1os no pueden proporcionar ning\u00fan dato personal a trav\u00e9s de nuestro sitio web o nuestras cuentas en redes sociales. Si usted es menor de 16 a\u00f1os, deber\u00e1 obtener el consentimiento de sus padres o tutores legales antes de proporcionar cualquier informaci\u00f3n personal y envi\u00e1rnoslo.<\/p>\n<p data-start=\"2025\" data-end=\"2182\">Los t\u00e9rminos utilizados en esta pol\u00edtica de privacidad se entienden tal como se definen en el Reglamento General de Protecci\u00f3n de Datos (UE) 2016\/679 (RGPD).<\/p>\n<ol start=\"2\" data-start=\"2184\" data-end=\"2247\">\n<li data-start=\"2184\" data-end=\"2247\">\n<p data-start=\"2187\" data-end=\"2247\">\u00bfQu\u00e9 datos personales recopilamos, almacenamos y utilizamos?<\/p>\n<\/li>\n<\/ol>\n<p data-start=\"2249\" data-end=\"2457\">Nuestro sitio web y nuestras cuentas en redes sociales le permiten proporcionarnos informaci\u00f3n directamente. Por ejemplo, al registrarse, comprar servicios\/productos en <a class=\"decorated-link\" href=\"http:\/\/www.timberwalls.net\" target=\"_new\" rel=\"noopener\" data-start=\"2418\" data-end=\"2437\">www.timberwalls.net<\/a> o enviar consultas.<\/p>\n<p data-start=\"2459\" data-end=\"2508\">Informaci\u00f3n proporcionada directamente por usted:<\/p>\n<p data-start=\"2510\" data-end=\"2603\">Nombre;<br \/>Apellido;<br \/>Direcci\u00f3n;<br \/>Correo electr\u00f3nico;<br \/>N\u00famero de tel\u00e9fono;<br \/>Direcci\u00f3n de residencia.<\/p>\n<p data-start=\"2605\" data-end=\"2693\">Tambi\u00e9n podemos recopilar informaci\u00f3n sobre c\u00f3mo utiliza nuestro sitio web, por ejemplo:<\/p>\n<p data-start=\"2695\" data-end=\"3287\">Informaci\u00f3n del dispositivo, es decir, direcci\u00f3n IP, versi\u00f3n del sistema operativo y par\u00e1metros del dispositivo utilizado para acceder a los contenidos\/productos;<br \/>Informaci\u00f3n de inicio de sesi\u00f3n, es decir, duraci\u00f3n y hora de su sesi\u00f3n, t\u00e9rminos de b\u00fasqueda introducidos en nuestro sitio web y cualquier informaci\u00f3n almacenada en cookies (la pol\u00edtica de cookies se detalla m\u00e1s abajo);<br \/>Informaci\u00f3n de ubicaci\u00f3n, es decir, se\u00f1ales GPS del dispositivo o informaci\u00f3n sobre los puntos de acceso WiFi o torres de telefon\u00eda m\u00f3vil m\u00e1s cercanas, que puede ser transmitida al utilizar nuestro sitio web.<\/p>\n<p data-start=\"3289\" data-end=\"3654\">Informaci\u00f3n de fuentes de terceros.<br \/>Podemos recibir informaci\u00f3n sobre usted de fuentes p\u00fablicas o comerciales (en la medida permitida por la ley) y combinarla con otros datos que obtengamos de usted o sobre usted. Tambi\u00e9n podemos recibir informaci\u00f3n de servicios de redes sociales de terceros cuando accede a ellos, por ejemplo, a trav\u00e9s de cuentas como \u201cFacebook\u201d.<\/p>\n<p data-start=\"3656\" data-end=\"4036\">Otra informaci\u00f3n recopilada.<br \/>Podemos recopilar informaci\u00f3n adicional sobre usted, su dispositivo o el uso de nuestro sitio web con su consentimiento.<br \/>Puede optar por no proporcionarnos cierta informaci\u00f3n (por ejemplo, para suscripci\u00f3n o fines de marketing), pero en ese caso podr\u00eda no ser posible utilizar algunos de nuestros servicios en l\u00ednea o recibir nuestras \u00faltimas ofertas.<\/p>\n<ol start=\"3\" data-start=\"4038\" data-end=\"4073\">\n<li data-start=\"4038\" data-end=\"4073\">\n<p data-start=\"4041\" data-end=\"4073\">\u00bfC\u00f3mo utilizamos su informaci\u00f3n?<\/p>\n<\/li>\n<\/ol>\n<p data-start=\"4075\" data-end=\"4144\">Podemos utilizar la informaci\u00f3n recopilada para los siguientes fines:<\/p>\n<p data-start=\"4146\" data-end=\"5087\">Venta y entrega de los productos\/servicios seleccionados (comercio electr\u00f3nico);<br \/>Procesamiento del pago del carrito de compra a trav\u00e9s de un proveedor externo de servicios bancarios;<br \/>Fines de marketing, como el env\u00edo de boletines informativos sobre temas relevantes, la presentaci\u00f3n de anuncios personalizados y contenido patrocinado, el env\u00edo de notificaciones sobre promociones, la evaluaci\u00f3n y el an\u00e1lisis de nuestro mercado, clientes, productos y servicios (incluyendo la recopilaci\u00f3n de su opini\u00f3n y la organizaci\u00f3n de encuestas de satisfacci\u00f3n). Solo utilizamos sus datos con fines de marketing directo si usted ha dado su consentimiento*;<br \/>Comprender c\u00f3mo las personas utilizan nuestros servicios en l\u00ednea, para mejorarlos y desarrollar nuevos contenidos, productos y servicios;<br \/>Organizar sorteos, concursos, juegos o promociones gratuitos, de acuerdo con la ley*;<br \/>Gestionar y responder a consultas;<br \/>Otros fines con su consentimiento*.<\/p>\n<ul data-start=\"5089\" data-end=\"5259\">\n<li data-start=\"5089\" data-end=\"5259\">\n<p data-start=\"5091\" data-end=\"5259\">Le informamos que tiene derecho a oponerse o retirar su consentimiento para el tratamiento de sus datos en los fines marcados con un asterisco (*) en cualquier momento.<\/p>\n<\/li>\n<\/ul>\n<p data-start=\"5261\" data-end=\"5481\">La informaci\u00f3n recopilada durante sorteos, concursos, juegos o promociones podr\u00e1 publicarse en el sitio web o las redes sociales de UAB \u201eGelmeda\u201c, por ejemplo, nombres y apellidos de los ganadores o trabajos presentados.<\/p>\n<ol start=\"4\" data-start=\"5483\" data-end=\"5520\">\n<li data-start=\"5483\" data-end=\"5520\">\n<p data-start=\"5486\" data-end=\"5520\">\u00bfA qui\u00e9n revelamos su informaci\u00f3n?<\/p>\n<\/li>\n<\/ol>\n<p data-start=\"5522\" data-end=\"5581\">Podemos divulgar su informaci\u00f3n a las siguientes entidades:<\/p>\n<p data-start=\"5583\" data-end=\"6045\">Empresas que prestan servicios a nuestra solicitud. Su acceso a la informaci\u00f3n est\u00e1 limitado y solo puede utilizarse para la prestaci\u00f3n de dichos servicios;<br \/>Empresas que ayudan a organizar concursos, juegos o promociones (por ejemplo, agencias de publicidad o marketing). Su acceso tambi\u00e9n est\u00e1 limitado \u00fanicamente a los fines mencionados;<br \/>Otras partes cuando as\u00ed lo exija la ley o sea necesario para proteger nuestros servicios de la sociedad de la informaci\u00f3n.<\/p>\n<p data-start=\"6047\" data-end=\"6096\">Casos en los que podemos divulgar su informaci\u00f3n:<\/p>\n<p data-start=\"6098\" data-end=\"6427\">Para cumplir con las leyes o responder a un requerimiento judicial obligatorio;<br \/>Para confirmar la legitimidad de nuestras acciones;<br \/>Para proteger al Responsable del Tratamiento, sus derechos, bienes o seguridad;<br \/>En caso de fusi\u00f3n, transferencia o quiebra de la empresa;<br \/>En otros casos, con su consentimiento o solicitud leg\u00edtima.<\/p>\n<ol start=\"5\" data-start=\"6429\" data-end=\"6488\">\n<li data-start=\"6429\" data-end=\"6488\">\n<p data-start=\"6432\" data-end=\"6488\">\u00bfDurante cu\u00e1nto tiempo conservamos sus datos personales?<\/p>\n<\/li>\n<\/ol>\n<p data-start=\"6490\" data-end=\"6704\">Conservaremos sus datos personales mientras utilice nuestros servicios de suscripci\u00f3n, durante la duraci\u00f3n de un concurso o promoci\u00f3n, etc. Rinkodaros tikslais saugosime 2 metus, po to atnaujinsime sutikim\u0173 gavim\u0105.<\/p>\n<ol start=\"6\" data-start=\"6706\" data-end=\"6751\">\n<li data-start=\"6706\" data-end=\"6751\">\n<p data-start=\"6709\" data-end=\"6751\">\u00bfQu\u00e9 hacemos para proteger su informaci\u00f3n?<\/p>\n<\/li>\n<\/ol>\n<p data-start=\"6753\" data-end=\"7073\">Hemos implementado medidas f\u00edsicas y t\u00e9cnicas razonables para proteger la informaci\u00f3n recopilada con fines de prestaci\u00f3n de servicios o contenido. Sin embargo, recuerde que, aunque tomamos precauciones adecuadas, ning\u00fan sitio web, transacci\u00f3n en l\u00ednea, sistema inform\u00e1tico o conexi\u00f3n inal\u00e1mbrica es completamente seguro.<\/p>\n<ol start=\"7\" data-start=\"7075\" data-end=\"7103\">\n<li data-start=\"7075\" data-end=\"7103\">\n<p data-start=\"7078\" data-end=\"7103\">Sus derechos garantizados<\/p>\n<\/li>\n<\/ol>\n<p data-start=\"7105\" data-end=\"7176\">Garantizamos el ejercicio de los siguientes derechos, previa solicitud:<\/p>\n<p data-start=\"7178\" data-end=\"7704\">Ser informado sobre el tratamiento de sus datos personales;<br \/>Acceder a sus datos personales y saber c\u00f3mo se tratan;<br \/>Solicitar la rectificaci\u00f3n o eliminaci\u00f3n de sus datos, o la suspensi\u00f3n del tratamiento (salvo conservaci\u00f3n);<br \/>Oponerse al tratamiento de sus datos personales, incluido el marketing directo;<br \/>Solicitar la eliminaci\u00f3n de sus datos (\u201cderecho al olvido\u201d);<br \/>Solicitar la portabilidad de sus datos personales en un formato legible por m\u00e1quina;<br \/>Presentar una reclamaci\u00f3n ante la Inspecci\u00f3n Estatal de Protecci\u00f3n de Datos.<\/p>\n<p data-start=\"7706\" data-end=\"7943\">El Responsable del Tratamiento podr\u00e1 limitar el ejercicio de estos derechos cuando sea necesario para garantizar la prevenci\u00f3n, investigaci\u00f3n o detecci\u00f3n de delitos, infracciones \u00e9ticas o para proteger los derechos y libertades de otros.<\/p>\n<ol start=\"8\" data-start=\"7945\" data-end=\"7993\">\n<li data-start=\"7945\" data-end=\"7993\">\n<p data-start=\"7948\" data-end=\"7993\">Sitios web, servicios y productos de terceros<\/p>\n<\/li>\n<\/ol>\n<p data-start=\"7995\" data-end=\"8387\">El sitio web o las cuentas de redes sociales del Responsable del Tratamiento pueden contener banners publicitarios o enlaces a sitios web y servicios de terceros que no controlamos. No somos responsables de la seguridad ni de la privacidad de la informaci\u00f3n recopilada por terceros. Le recomendamos leer las pol\u00edticas de privacidad aplicables a los sitios y servicios de terceros que utilice.<\/p>\n<ol start=\"9\" data-start=\"8389\" data-end=\"8432\">\n<li data-start=\"8389\" data-end=\"8432\">\n<p data-start=\"8392\" data-end=\"8432\">Cookies, se\u00f1ales y tecnolog\u00edas similares<\/p>\n<\/li>\n<\/ol>\n<p data-start=\"8434\" data-end=\"8588\">En esta pol\u00edtica de privacidad, el t\u00e9rmino \u201ccookies\u201d incluye las cookies y tecnolog\u00edas similares como etiquetas de p\u00edxel, balizas web y GIF transparentes.<\/p>\n<p data-start=\"8590\" data-end=\"9095\">Uso de cookies.<br \/>Cuando visita nuestro sitio web, queremos ofrecerle contenido y funciones adaptadas a sus necesidades. Para ello, utilizamos cookies: peque\u00f1os fragmentos de informaci\u00f3n almacenados en su navegador. Las cookies ayudan al Responsable del Tratamiento a reconocerle como visitante recurrente, guardar su historial de navegaci\u00f3n y adaptar el contenido en consecuencia. Tambi\u00e9n garantizan el funcionamiento fluido del sitio y permiten recopilar estad\u00edsticas an\u00f3nimas para mejorar su experiencia.<\/p>\n<p data-start=\"9097\" data-end=\"9124\">Ejemplos de uso de cookies:<\/p>\n<p data-start=\"9126\" data-end=\"9338\">Permiten identificar cu\u00e1ntos usuarios \u00fanicos est\u00e1n activos en el sitio al mismo tiempo, garantizando un rendimiento estable;<br \/>Permiten analizar la navegaci\u00f3n y adaptar la funcionalidad del sitio a sus necesidades.<\/p>\n<p data-start=\"9340\" data-end=\"9368\">Tipos de cookies utilizadas:<\/p>\n<p data-start=\"9370\" data-end=\"9554\">Cookies necesarias: esenciales para el funcionamiento b\u00e1sico del sitio web.<br \/>Cookies de rendimiento: recopilan informaci\u00f3n an\u00f3nima sobre el uso del sitio para mejorar su funcionamiento.<\/p>\n<p data-start=\"9556\" data-end=\"9692\">Tambi\u00e9n utilizamos cookies de terceros (por ejemplo, Google Analytics, CloudFlare, YouTube) seg\u00fan los est\u00e1ndares habituales de Internet.<\/p>\n<p data-start=\"9694\" data-end=\"9889\">Puede gestionar o eliminar las cookies a trav\u00e9s de la configuraci\u00f3n de su navegador. Sin embargo, tenga en cuenta que deshabilitar las cookies puede limitar el uso de algunas funciones del sitio.<\/p>\n<ol start=\"10\" data-start=\"9891\" data-end=\"9903\">\n<li data-start=\"9891\" data-end=\"9903\">\n<p data-start=\"9895\" data-end=\"9903\">Contacto<\/p>\n<\/li>\n<\/ol>\n<p data-start=\"9905\" data-end=\"10026\">Para cualquier solicitud o pregunta relacionada con el tratamiento de datos personales, escr\u00edbanos a <a class=\"decorated-link cursor-pointer\" rel=\"noopener\" data-start=\"10006\" data-end=\"10026\">info@timberwalls.net<\/a><\/p>\n<ol start=\"11\" data-start=\"10028\" data-end=\"10061\">\n<li data-start=\"10028\" data-end=\"10061\">\n<p data-start=\"10032\" data-end=\"10061\">Modificaciones de la pol\u00edtica<\/p>\n<\/li>\n<\/ol>\n<p data-start=\"10063\" data-end=\"10382\" data-is-last-node=\"\" data-is-only-node=\"\">UAB \u201eGelmeda\u201c se reserva el derecho de modificar parcial o totalmente esta pol\u00edtica de privacidad, notific\u00e1ndolo a trav\u00e9s de su sitio web. Cualquier disputa o desacuerdo se resolver\u00e1 mediante negociaci\u00f3n. Si no se llega a un acuerdo, las controversias se resolver\u00e1n de acuerdo con las leyes de la Rep\u00fablica de Lituania.<\/p>\n<\/div>\n<\/div>\n<\/div>\n<\/div>\n<\/div>\n<\/div>\n<\/article>\n<p>&nbsp;<\/p>\n<p>[\/vc_column_text][\/vc_column][\/vc_row]<\/p>\n<\/div>","protected":false},"excerpt":{"rendered":"<p>[vc_row][vc_column][vc_column_text css=\u00bb\u00bb woodmart_inline=\u00bbno\u00bb text_larger=\u00bbno\u00bb] &nbsp; Informaci\u00f3n general UAB \u201eGelmeda\u201c (en adelante \u2013 el Responsable del Tratamiento) establece en la presente<\/p>\n","protected":false},"author":1,"featured_media":0,"parent":0,"menu_order":0,"comment_status":"closed","ping_status":"closed","template":"","meta":{"footnotes":""},"class_list":["post-16361","page","type-page","status-publish","hentry"],"yoast_head":"<!-- This site is optimized with the Yoast SEO plugin v23.6 - https:\/\/yoast.com\/wordpress\/plugins\/seo\/ -->\n<title>Pol\u00edtica de privacidad - timberwalls.net<\/title>\n<meta name=\"description\" content=\"&nbsp; Informaci\u00f3n general UAB \u201eGelmeda\u201c (en adelante \u2013 el Responsable del Tratamiento) establece en la presente pol\u00edtica de privacidad las normas\" \/>\n<meta name=\"robots\" content=\"index, follow, max-snippet:-1, max-image-preview:large, max-video-preview:-1\" \/>\n<link rel=\"canonical\" href=\"https:\/\/timberwalls.net\/es\/politica-de-privacidad\/\" \/>\n<meta property=\"og:locale\" content=\"es_ES\" \/>\n<meta property=\"og:type\" content=\"article\" \/>\n<meta property=\"og:title\" content=\"Pol\u00edtica de privacidad - timberwalls.net\" \/>\n<meta property=\"og:description\" content=\"&nbsp; Informaci\u00f3n general UAB \u201eGelmeda\u201c (en adelante \u2013 el Responsable del Tratamiento) establece en la presente pol\u00edtica de privacidad las normas\" \/>\n<meta property=\"og:url\" content=\"https:\/\/timberwalls.net\/es\/politica-de-privacidad\/\" \/>\n<meta property=\"og:site_name\" content=\"timberwalls.net\" \/>\n<meta property=\"article:modified_time\" content=\"2025-10-10T09:22:06+00:00\" \/>\n<meta property=\"og:image\" content=\"https:\/\/timberwalls.net\/wp-content\/uploads\/2024\/09\/843_1854905491.jpg\" \/>\n\t<meta property=\"og:image:width\" content=\"1600\" \/>\n\t<meta property=\"og:image:height\" content=\"1200\" \/>\n\t<meta property=\"og:image:type\" content=\"image\/jpeg\" \/>\n<meta name=\"twitter:card\" content=\"summary_large_image\" \/>\n<meta name=\"twitter:label1\" content=\"Tiempo de lectura\" \/>\n\t<meta name=\"twitter:data1\" content=\"9 minutos\" \/>\n<script type=\"application\/ld+json\" class=\"yoast-schema-graph\">{\"@context\":\"https:\/\/schema.org\",\"@graph\":[{\"@type\":\"WebPage\",\"@id\":\"https:\/\/timberwalls.net\/es\/politica-de-privacidad\/\",\"url\":\"https:\/\/timberwalls.net\/es\/politica-de-privacidad\/\",\"name\":\"Pol\u00edtica de privacidad - timberwalls.net\",\"isPartOf\":{\"@id\":\"https:\/\/timberwalls.net\/de\/#website\"},\"datePublished\":\"2024-08-13T09:55:23+00:00\",\"dateModified\":\"2025-10-10T09:22:06+00:00\",\"description\":\"&nbsp; Informaci\u00f3n general UAB \u201eGelmeda\u201c (en adelante \u2013 el Responsable del Tratamiento) establece en la presente pol\u00edtica de privacidad las normas\",\"breadcrumb\":{\"@id\":\"https:\/\/timberwalls.net\/es\/politica-de-privacidad\/#breadcrumb\"},\"inLanguage\":\"es\",\"potentialAction\":[{\"@type\":\"ReadAction\",\"target\":[\"https:\/\/timberwalls.net\/es\/politica-de-privacidad\/\"]}]},{\"@type\":\"BreadcrumbList\",\"@id\":\"https:\/\/timberwalls.net\/es\/politica-de-privacidad\/#breadcrumb\",\"itemListElement\":[{\"@type\":\"ListItem\",\"position\":1,\"name\":\"Home\",\"item\":\"https:\/\/timberwalls.net\/es\/\"},{\"@type\":\"ListItem\",\"position\":2,\"name\":\"Pol\u00edtica de privacidad\"}]},{\"@type\":\"WebSite\",\"@id\":\"https:\/\/timberwalls.net\/de\/#website\",\"url\":\"https:\/\/timberwalls.net\/de\/\",\"name\":\"timberwalls.net\",\"description\":\"timberwalls.net\",\"publisher\":{\"@id\":\"https:\/\/timberwalls.net\/de\/#organization\"},\"potentialAction\":[{\"@type\":\"SearchAction\",\"target\":{\"@type\":\"EntryPoint\",\"urlTemplate\":\"https:\/\/timberwalls.net\/de\/?s={search_term_string}\"},\"query-input\":{\"@type\":\"PropertyValueSpecification\",\"valueRequired\":true,\"valueName\":\"search_term_string\"}}],\"inLanguage\":\"es\"},{\"@type\":\"Organization\",\"@id\":\"https:\/\/timberwalls.net\/de\/#organization\",\"name\":\"Wooden frame-panel houses\",\"url\":\"https:\/\/timberwalls.net\/de\/\",\"logo\":{\"@type\":\"ImageObject\",\"inLanguage\":\"es\",\"@id\":\"https:\/\/timberwalls.net\/de\/#\/schema\/logo\/image\/\",\"url\":\"https:\/\/timberwalls.net\/wp-content\/uploads\/2024\/08\/Timberwalls-logo-1.jpg\",\"contentUrl\":\"https:\/\/timberwalls.net\/wp-content\/uploads\/2024\/08\/Timberwalls-logo-1.jpg\",\"width\":960,\"height\":685,\"caption\":\"Wooden frame-panel houses\"},\"image\":{\"@id\":\"https:\/\/timberwalls.net\/de\/#\/schema\/logo\/image\/\"}}]}<\/script>\n<!-- \/ Yoast SEO plugin. -->","yoast_head_json":{"title":"Pol\u00edtica de privacidad - timberwalls.net","description":"&nbsp; Informaci\u00f3n general UAB \u201eGelmeda\u201c (en adelante \u2013 el Responsable del Tratamiento) establece en la presente pol\u00edtica de privacidad las normas","robots":{"index":"index","follow":"follow","max-snippet":"max-snippet:-1","max-image-preview":"max-image-preview:large","max-video-preview":"max-video-preview:-1"},"canonical":"https:\/\/timberwalls.net\/es\/politica-de-privacidad\/","og_locale":"es_ES","og_type":"article","og_title":"Pol\u00edtica de privacidad - timberwalls.net","og_description":"&nbsp; Informaci\u00f3n general UAB \u201eGelmeda\u201c (en adelante \u2013 el Responsable del Tratamiento) establece en la presente pol\u00edtica de privacidad las normas","og_url":"https:\/\/timberwalls.net\/es\/politica-de-privacidad\/","og_site_name":"timberwalls.net","article_modified_time":"2025-10-10T09:22:06+00:00","og_image":[{"width":1600,"height":1200,"url":"https:\/\/timberwalls.net\/wp-content\/uploads\/2024\/09\/843_1854905491.jpg","type":"image\/jpeg"}],"twitter_card":"summary_large_image","twitter_misc":{"Tiempo de lectura":"9 minutos"},"schema":{"@context":"https:\/\/schema.org","@graph":[{"@type":"WebPage","@id":"https:\/\/timberwalls.net\/es\/politica-de-privacidad\/","url":"https:\/\/timberwalls.net\/es\/politica-de-privacidad\/","name":"Pol\u00edtica de privacidad - timberwalls.net","isPartOf":{"@id":"https:\/\/timberwalls.net\/de\/#website"},"datePublished":"2024-08-13T09:55:23+00:00","dateModified":"2025-10-10T09:22:06+00:00","description":"&nbsp; Informaci\u00f3n general UAB \u201eGelmeda\u201c (en adelante \u2013 el Responsable del Tratamiento) establece en la presente pol\u00edtica de privacidad las normas","breadcrumb":{"@id":"https:\/\/timberwalls.net\/es\/politica-de-privacidad\/#breadcrumb"},"inLanguage":"es","potentialAction":[{"@type":"ReadAction","target":["https:\/\/timberwalls.net\/es\/politica-de-privacidad\/"]}]},{"@type":"BreadcrumbList","@id":"https:\/\/timberwalls.net\/es\/politica-de-privacidad\/#breadcrumb","itemListElement":[{"@type":"ListItem","position":1,"name":"Home","item":"https:\/\/timberwalls.net\/es\/"},{"@type":"ListItem","position":2,"name":"Pol\u00edtica de privacidad"}]},{"@type":"WebSite","@id":"https:\/\/timberwalls.net\/de\/#website","url":"https:\/\/timberwalls.net\/de\/","name":"timberwalls.net","description":"timberwalls.net","publisher":{"@id":"https:\/\/timberwalls.net\/de\/#organization"},"potentialAction":[{"@type":"SearchAction","target":{"@type":"EntryPoint","urlTemplate":"https:\/\/timberwalls.net\/de\/?s={search_term_string}"},"query-input":{"@type":"PropertyValueSpecification","valueRequired":true,"valueName":"search_term_string"}}],"inLanguage":"es"},{"@type":"Organization","@id":"https:\/\/timberwalls.net\/de\/#organization","name":"Wooden frame-panel houses","url":"https:\/\/timberwalls.net\/de\/","logo":{"@type":"ImageObject","inLanguage":"es","@id":"https:\/\/timberwalls.net\/de\/#\/schema\/logo\/image\/","url":"https:\/\/timberwalls.net\/wp-content\/uploads\/2024\/08\/Timberwalls-logo-1.jpg","contentUrl":"https:\/\/timberwalls.net\/wp-content\/uploads\/2024\/08\/Timberwalls-logo-1.jpg","width":960,"height":685,"caption":"Wooden frame-panel houses"},"image":{"@id":"https:\/\/timberwalls.net\/de\/#\/schema\/logo\/image\/"}}]}},"_links":{"self":[{"href":"https:\/\/timberwalls.net\/es\/wp-json\/wp\/v2\/pages\/16361","targetHints":{"allow":["GET"]}}],"collection":[{"href":"https:\/\/timberwalls.net\/es\/wp-json\/wp\/v2\/pages"}],"about":[{"href":"https:\/\/timberwalls.net\/es\/wp-json\/wp\/v2\/types\/page"}],"author":[{"embeddable":true,"href":"https:\/\/timberwalls.net\/es\/wp-json\/wp\/v2\/users\/1"}],"replies":[{"embeddable":true,"href":"https:\/\/timberwalls.net\/es\/wp-json\/wp\/v2\/comments?post=16361"}],"version-history":[{"count":3,"href":"https:\/\/timberwalls.net\/es\/wp-json\/wp\/v2\/pages\/16361\/revisions"}],"predecessor-version":[{"id":16501,"href":"https:\/\/timberwalls.net\/es\/wp-json\/wp\/v2\/pages\/16361\/revisions\/16501"}],"wp:attachment":[{"href":"https:\/\/timberwalls.net\/es\/wp-json\/wp\/v2\/media?parent=16361"}],"curies":[{"name":"wp","href":"https:\/\/api.w.org\/{rel}","templated":true}]}}