{"id":13408,"date":"2024-08-16T01:57:55","date_gmt":"2024-08-16T01:57:55","guid":{"rendered":"https:\/\/timberwalls.net\/hts-bearing-beams\/"},"modified":"2024-09-09T16:47:18","modified_gmt":"2024-09-09T16:47:18","slug":"poutres-portantes-hts","status":"publish","type":"page","link":"https:\/\/timberwalls.net\/fr\/produits\/poutres-portantes-hts\/","title":{"rendered":"Poutres portantes HTS"},"content":{"rendered":"<div class=\"wpb-content-wrapper\"><p>[vc_row gap=\u00a0\u00bb20&Prime; content_placement=\u00a0\u00bbmiddle\u00a0\u00bb woodmart_css_id=\u00a0\u00bb66beb66f5696d\u00a0\u00bb responsive_spacing=\u00a0\u00bbeyJwYXJhbV90eXBlIjoid29vZG1hcnRfcmVzcG9uc2l2ZV9zcGFjaW5nIiwic2VsZWN0b3JfaWQiOiI2NmJlYjY2ZjU2OTZkIiwic2hvcnRjb2RlIjoidmNfcm93IiwiZGF0YSI6eyJ0YWJsZXQiOnt9LCJtb2JpbGUiOnt9fX0=\u00a0\u00bb mobile_bg_img_hidden=\u00a0\u00bbno\u00a0\u00bb tablet_bg_img_hidden=\u00a0\u00bbno\u00a0\u00bb woodmart_parallax=\u00a0\u00bb0&Prime; woodmart_gradient_switch=\u00a0\u00bbno\u00a0\u00bb woodmart_box_shadow=\u00a0\u00bbno\u00a0\u00bb wd_z_index=\u00a0\u00bbno\u00a0\u00bb woodmart_disable_overflow=\u00a0\u00bb0&Prime; row_reverse_mobile=\u00a0\u00bb0&Prime; row_reverse_tablet=\u00a0\u00bb0&Prime;][vc_column width=\u00a0\u00bb1\/2&Prime;]\t\t\t<link rel=\"stylesheet\" id=\"wd-section-title-css\" href=\"https:\/\/timberwalls.net\/wp-content\/themes\/woodmart\/css\/parts\/el-section-title.min.css?ver=7.5.2\" type=\"text\/css\" media=\"all\" \/> \t\t\t\t\t\t<link rel=\"stylesheet\" id=\"wd-mod-highlighted-text-css\" href=\"https:\/\/timberwalls.net\/wp-content\/themes\/woodmart\/css\/parts\/mod-highlighted-text.min.css?ver=7.5.2\" type=\"text\/css\" media=\"all\" \/> \t\t\t\n\t\t<div id=\"wd-66d998979e798\" class=\"title-wrapper wd-wpb set-mb-s reset-last-child  wd-rs-66d998979e798 wd-title-color-default wd-title-style-default text-left  wd-underline-colored\">\n\t\t\t\n\t\t\t<div class=\"liner-continer\">\n\t\t\t\t<h4 class=\"woodmart-title-container title  wd-font-weight- wd-fontsize-l\" >Poutres portantes HTS<\/h4>\n\t\t\t\t\t\t\t<\/div>\n\t\t\t\n\t\t\t\n\t\t\t\n\t\t<\/div>\n\t\t\n\t\t\t\t\t<link rel=\"stylesheet\" id=\"wd-text-block-css\" href=\"https:\/\/timberwalls.net\/wp-content\/themes\/woodmart\/css\/parts\/el-text-block.min.css?ver=7.5.2\" type=\"text\/css\" media=\"all\" \/> \t\t\t\t\t<div id=\"wd-66d9989e4ce45\" class=\"wd-text-block wd-wpb reset-last-child wd-rs-66d9989e4ce45 text-left \">\n\t\t\t<p>Les poutres hybrides en bois et en m\u00e9tal sont beaucoup plus solides et plus l\u00e9g\u00e8res que celles en bois ou en m\u00e9tal. Ils sont pr\u00e9cis\u00e9ment adapt\u00e9s au syst\u00e8me structurel et \u00e0 la charge de chaque b\u00e2timent, id\u00e9aux pour les espaces non soutenus jusqu&rsquo;\u00e0 24 m\u00e8tres. De telles poutres conviennent \u00e0 l&rsquo;installation de toitures, de superpositions, d&rsquo;abris, etc. Elles peuvent \u00eatre adapt\u00e9es \u00e0 de nombreux endroits et sont faciles \u00e0 installer. Les poutres hybrides poss\u00e8dent \u00e9galement d\u2019excellentes propri\u00e9t\u00e9s d\u2019isolation phonique et thermique. Ces poutres r\u00e9pondent aux exigences et normes de qualit\u00e9 internationales.<\/p>\n\t\t<\/div>\n\t\t\n\t\t<div id=\"wd-66d998b9b6d8e\" class=\"title-wrapper wd-wpb set-mb-s reset-last-child  wd-rs-66d998b9b6d8e wd-title-color-default wd-title-style-default text-left  wd-underline-colored\">\n\t\t\t\n\t\t\t<div class=\"liner-continer\">\n\t\t\t\t<h4 class=\"woodmart-title-container title  wd-font-weight- wd-fontsize-l\" >Envoyez-nous votre demande ou question ci-dessous.<\/h4>\n\t\t\t\t\t\t\t<\/div>\n\t\t\t\n\t\t\t\n\t\t\t\n\t\t<\/div>\n\t\t\n\t\t\t\t<div id=\"wd-66d998cc1e533\" class=\"wd-text-block wd-wpb reset-last-child wd-rs-66d998cc1e533 text-left \">\n\t\t\t<div class='fluentform ff-default fluentform_wrapper_6 ffs_default_wrap'><form data-form_id=\"6\" id=\"fluentform_6\" class=\"frm-fluent-form fluent_form_6 ff-el-form-top ff_form_instance_6_1 ff-form-loading ffs_default\" data-form_instance=\"ff_form_instance_6_1\" method=\"POST\" ><fieldset  style=\"border: none!important;margin: 0!important;padding: 0!important;background-color: transparent!important;box-shadow: none!important;outline: none!important; min-inline-size: 100%;\">\n                    <legend class=\"ff_screen_reader_title\" style=\"display: block; margin: 0!important;padding: 0!important;height: 0!important;text-indent: -999999px;width: 0!important;overflow:hidden;\">uzklausa FR<\/legend><input type='hidden' name='__fluent_form_embded_post_id' value='13408' \/><input type=\"hidden\" id=\"_fluentform_6_fluentformnonce\" name=\"_fluentform_6_fluentformnonce\" value=\"2658b8eb9d\" \/><input type=\"hidden\" name=\"_wp_http_referer\" value=\"\/fr\/wp-json\/wp\/v2\/pages\/13408\" \/><div data-name=\"ff_cn_id_1\"  class='ff-t-container ff-column-container ff_columns_total_2  '><div class='ff-t-cell ff-t-column-1' style='flex-basis: 50%;'><div class='ff-el-group ff-el-form-hide_label'><div class=\"ff-el-input--label asterisk-right\"><label for='ff_6_input_text' aria-label=\"Votre nom\">Votre nom<\/label><\/div><div class='ff-el-input--content'><input type=\"text\" name=\"input_text\" class=\"ff-el-form-control\" placeholder=\"Votre nom\" data-name=\"input_text\" id=\"ff_6_input_text\"  aria-invalid=\"false\" aria-required=false><\/div><\/div><\/div><div class='ff-t-cell ff-t-column-2' style='flex-basis: 50%;'><div class='ff-el-group ff-el-form-hide_label'><div class=\"ff-el-input--label ff-el-is-required asterisk-right\"><label for='ff_6_email' aria-label=\"E-mail\">E-mail<\/label><\/div><div class='ff-el-input--content'><input type=\"email\" name=\"email\" id=\"ff_6_email\" class=\"ff-el-form-control\" placeholder=\"E-mail\" data-name=\"email\"  aria-invalid=\"false\" aria-required=true><\/div><\/div><\/div><\/div><div data-name=\"ff_cn_id_2\"  class='ff-t-container ff-column-container ff_columns_total_2  '><div class='ff-t-cell ff-t-column-1' style='flex-basis: 50%;'><div class='ff-el-group ff-el-form-hide_label'><div class=\"ff-el-input--label asterisk-right\"><label for='ff_6_input_text_2' aria-label=\"Num\u00e9ro de t\u00e9l\u00e9phone\">Num\u00e9ro de t\u00e9l\u00e9phone<\/label><\/div><div class='ff-el-input--content'><input type=\"text\" name=\"input_text_2\" class=\"ff-el-form-control\" placeholder=\"Num\u00e9ro de t\u00e9l\u00e9phone\" data-name=\"input_text_2\" id=\"ff_6_input_text_2\"  aria-invalid=\"false\" aria-required=false><\/div><\/div><\/div><div class='ff-t-cell ff-t-column-2' style='flex-basis: 50%;'><div class='ff-el-group ff-el-form-hide_label'><div class=\"ff-el-input--label asterisk-right\"><label for='ff_6_input_text_3' aria-label=\"Entreprise\">Entreprise<\/label><\/div><div class='ff-el-input--content'><input type=\"text\" name=\"input_text_3\" class=\"ff-el-form-control\" placeholder=\"Entreprise\" data-name=\"input_text_3\" id=\"ff_6_input_text_3\"  aria-invalid=\"false\" aria-required=false><\/div><\/div><\/div><\/div><div data-name=\"ff_cn_id_3\"  class='ff-t-container ff-column-container ff_columns_total_1  '><div class='ff-t-cell ff-t-column-1' style='flex-basis: 100%;'><div class='ff-el-group ff-el-form-hide_label'><div class=\"ff-el-input--label asterisk-right\"><label for='ff_6_description' aria-label=\"Votre message\">Votre message<\/label><\/div><div class='ff-el-input--content'><textarea aria-invalid=\"false\" aria-required=false name=\"description\" id=\"ff_6_description\" class=\"ff-el-form-control\" placeholder=\"Votre message\" rows=\"3\" cols=\"2\" data-name=\"description\" ><\/textarea><\/div><\/div><div class='ff-el-group    ff-el-input--content'><div class='ff-el-form-check ff-el-tc'><label aria-label='terms & conditions' class='ff-el-form-check-label ff_tc_label' for=gdpr-agreement_5e1b73d74ca0471d18c5b57fa3a3c9e0><span class='ff_tc_checkbox'><input type=\"checkbox\" name=\"gdpr-agreement\" class=\"ff-el-form-check-input ff_gdpr_field\" data-name=\"gdpr-agreement\" id=\"gdpr-agreement_5e1b73d74ca0471d18c5b57fa3a3c9e0\"  value='on' aria-invalid='false' aria-required=true><\/span> <div class='ff_t_c'>J'accepte la <a href=\"https:\/\/timberwalls.net\/fr\/politique-de-confidentialite\/\">politique de confidentialit\u00e9<\/a><\/div><\/label><\/div><\/div><div class='ff-el-group ff-text-left ff_submit_btn_wrapper ff_submit_btn_wrapper_custom'><button class=\"ff-btn ff-btn-submit ff-btn-md ff_btn_style wpf_has_custom_css\" type=\"submit\" name=\"custom_submit_button-6_1\" data-name=\"custom_submit_button-6_1\" >ENVOYER<\/button><style>form.fluent_form_6 .wpf_has_custom_css.ff-btn-submit { background-color:rgba(112, 86, 53, 1);border-color:rgba(112, 86, 53, 1);color:rgba(255, 255, 255, 1);border-radius:50px;min-width:100%; }form.fluent_form_6 .wpf_has_custom_css.ff-btn-submit:hover { background-color:rgba(146, 169, 96, 1);border-color:rgba(146, 169, 96, 1);color:rgba(255, 255, 255, 1);min-width:100%; } <\/style><\/div><\/div><\/div><\/fieldset><\/form><div id='fluentform_6_errors' class='ff-errors-in-stack ff_form_instance_6_1 ff-form-loading_errors ff_form_instance_6_1_errors'><\/div><\/div>        <script type=\"text\/javascript\">\n            window.fluent_form_ff_form_instance_6_1 = {\"id\":\"6\",\"settings\":{\"layout\":{\"labelPlacement\":\"top\",\"helpMessagePlacement\":\"with_label\",\"errorMessagePlacement\":\"inline\",\"cssClassName\":\"\",\"asteriskPlacement\":\"asterisk-right\"},\"restrictions\":{\"denyEmptySubmission\":{\"enabled\":false}}},\"form_instance\":\"ff_form_instance_6_1\",\"form_id_selector\":\"fluentform_6\",\"rules\":{\"input_text\":{\"required\":{\"value\":false,\"message\":\"Ce champ est obligatoire\",\"global_message\":\"This field is required\",\"global\":true}},\"email\":{\"required\":{\"value\":true,\"message\":\"Ce champ est obligatoire\",\"global_message\":\"This field is required\",\"global\":true},\"email\":{\"value\":true,\"message\":\"Ce champ doit contenir un e-mail valide\",\"global_message\":\"This field must contain a valid email\",\"global\":true}},\"input_text_2\":{\"required\":{\"value\":false,\"message\":\"Ce champ est obligatoire\",\"global_message\":\"This field is required\",\"global\":true}},\"input_text_3\":{\"required\":{\"value\":false,\"message\":\"Ce champ est obligatoire\",\"global_message\":\"This field is required\",\"global\":true}},\"description\":{\"required\":{\"value\":false,\"message\":\"Ce champ est obligatoire\",\"global_message\":\"This field is required\",\"global\":true}},\"gdpr-agreement\":{\"required\":{\"value\":true,\"message\":\"Ce champ est obligatoire\",\"global_message\":\"This field is required\",\"global\":true}}},\"debounce_time\":300};\n                    <\/script>\n        \n\t\t<\/div>\n\t\t[\/vc_column][vc_column width=\u00a0\u00bb1\/2&Prime;]\t\t\t<link rel=\"stylesheet\" id=\"wd-photoswipe-css\" href=\"https:\/\/timberwalls.net\/wp-content\/themes\/woodmart\/css\/parts\/lib-photoswipe.min.css?ver=7.5.2\" type=\"text\/css\" media=\"all\" \/> \t\t\t\t\t\t<link rel=\"stylesheet\" id=\"wd-image-gallery-css\" href=\"https:\/\/timberwalls.net\/wp-content\/themes\/woodmart\/css\/parts\/el-gallery.min.css?ver=7.5.2\" type=\"text\/css\" media=\"all\" \/> \t\t\t\t\t<div id=\"gallery_942\" class=\"wd-images-gallery wd-wpb wd-rs-66d7088aeb82d photoswipe-images\" style=\"--wd-justify-content:center;--wd-align-items:center;\">\n\t\t\t\n\t\t\t<div class=\" wd-grid-g\" style=\"--wd-col-lg:2;--wd-col-md:2;--wd-col-sm:2;--wd-gap-lg:6px;\">\n\t\t\t\t\n\t\t\t\t\t\t\t\t\t\t\t\t\t\t\t<div class=\"wd-gallery-item wd-col\">\n\t\t\t\t\t\t\t\t\t\t\t\t\t\t<a href=\"https:\/\/timberwalls.net\/wp-content\/uploads\/2024\/09\/image00018-scaled.jpeg\" data-elementor-open-lightbox=\"no\" data-index=\"1\" data-width=\"2560\" data-height=\"1920\" \n\t\t\t\t\t\t\t\t\t\t\t\t >\n\t\t\t\t\t\t\t\t\n\t\t\t\t\t\t\t\t<img loading=\"lazy\" decoding=\"async\" width=\"300\" height=\"200\" src=\"https:\/\/timberwalls.net\/wp-content\/uploads\/2024\/09\/image00018-scaled-300x200.jpeg\" class=\"wd-gallery-image image-1\" alt=\"HTS sijos: idealiai tinka gyvenam\u0173j\u0173 ir komercini\u0173 pastat\u0173 projektams\" \/>\n\t\t\t\t\t\t\t\t\t\t\t\t\t\t\t<\/a>\n\t\t\t\t\t\t\t\t\t\t\t\t<\/div>\n\t\t\t\t\t\t\t\t\t\t\t<div class=\"wd-gallery-item wd-col\">\n\t\t\t\t\t\t\t\t\t\t\t\t\t\t<a href=\"https:\/\/timberwalls.net\/wp-content\/uploads\/2024\/09\/image00010-scaled.jpeg\" data-elementor-open-lightbox=\"no\" data-index=\"2\" data-width=\"2560\" data-height=\"1920\" \n\t\t\t\t\t\t\t\t\t\t\t\t >\n\t\t\t\t\t\t\t\t\n\t\t\t\t\t\t\t\t<img loading=\"lazy\" decoding=\"async\" width=\"300\" height=\"200\" src=\"https:\/\/timberwalls.net\/wp-content\/uploads\/2024\/09\/image00010-scaled-300x200.jpeg\" class=\"wd-gallery-image image-2\" alt=\"HTS sijos: idealiai tinka gyvenam\u0173j\u0173 ir komercini\u0173 pastat\u0173 projektams\" \/>\n\t\t\t\t\t\t\t\t\t\t\t\t\t\t\t<\/a>\n\t\t\t\t\t\t\t\t\t\t\t\t<\/div>\n\t\t\t\t\t\t\t\t\t\t\t<div class=\"wd-gallery-item wd-col\">\n\t\t\t\t\t\t\t\t\t\t\t\t\t\t<a href=\"https:\/\/timberwalls.net\/wp-content\/uploads\/2024\/09\/image00014-scaled.jpeg\" data-elementor-open-lightbox=\"no\" data-index=\"3\" data-width=\"2560\" data-height=\"1920\" \n\t\t\t\t\t\t\t\t\t\t\t\t >\n\t\t\t\t\t\t\t\t\n\t\t\t\t\t\t\t\t<img loading=\"lazy\" decoding=\"async\" width=\"300\" height=\"200\" src=\"https:\/\/timberwalls.net\/wp-content\/uploads\/2024\/09\/image00014-scaled-300x200.jpeg\" class=\"wd-gallery-image image-3\" alt=\"HTS sijos: idealiai tinka gyvenam\u0173j\u0173 ir komercini\u0173 pastat\u0173 projektams\" \/>\n\t\t\t\t\t\t\t\t\t\t\t\t\t\t\t<\/a>\n\t\t\t\t\t\t\t\t\t\t\t\t<\/div>\n\t\t\t\t\t\t\t\t\t\t\t<div class=\"wd-gallery-item wd-col\">\n\t\t\t\t\t\t\t\t\t\t\t\t\t\t<a href=\"https:\/\/timberwalls.net\/wp-content\/uploads\/2024\/09\/image00006-1-scaled.jpeg\" data-elementor-open-lightbox=\"no\" data-index=\"4\" data-width=\"2560\" data-height=\"1920\" \n\t\t\t\t\t\t\t\t\t\t\t\t >\n\t\t\t\t\t\t\t\t\n\t\t\t\t\t\t\t\t<img loading=\"lazy\" decoding=\"async\" width=\"300\" height=\"200\" src=\"https:\/\/timberwalls.net\/wp-content\/uploads\/2024\/09\/image00006-1-scaled-300x200.jpeg\" class=\"wd-gallery-image image-4\" alt=\"HTS sija, naudojama stogo konstrukcijoje\" \/>\n\t\t\t\t\t\t\t\t\t\t\t\t\t\t\t<\/a>\n\t\t\t\t\t\t\t\t\t\t\t\t<\/div>\n\t\t\t\t\t\t\t\t\t\n\t\t\t\t\t\t\t<\/div>\n\n\t\t\t\t\t<\/div>\n\t\t[\/vc_column][\/vc_row]<\/p>\n<\/div>","protected":false},"excerpt":{"rendered":"<p>[vc_row gap=\u00a0\u00bb20&Prime; content_placement=\u00a0\u00bbmiddle\u00a0\u00bb woodmart_css_id=\u00a0\u00bb66beb66f5696d\u00a0\u00bb responsive_spacing=\u00a0\u00bbeyJwYXJhbV90eXBlIjoid29vZG1hcnRfcmVzcG9uc2l2ZV9zcGFjaW5nIiwic2VsZWN0b3JfaWQiOiI2NmJlYjY2ZjU2OTZkIiwic2hvcnRjb2RlIjoidmNfcm93IiwiZGF0YSI6eyJ0YWJsZXQiOnt9LCJtb2JpbGUiOnt9fX0=\u00a0\u00bb mobile_bg_img_hidden=\u00a0\u00bbno\u00a0\u00bb tablet_bg_img_hidden=\u00a0\u00bbno\u00a0\u00bb woodmart_parallax=\u00a0\u00bb0&Prime; woodmart_gradient_switch=\u00a0\u00bbno\u00a0\u00bb woodmart_box_shadow=\u00a0\u00bbno\u00a0\u00bb wd_z_index=\u00a0\u00bbno\u00a0\u00bb woodmart_disable_overflow=\u00a0\u00bb0&Prime; row_reverse_mobile=\u00a0\u00bb0&Prime; row_reverse_tablet=\u00a0\u00bb0&Prime;][vc_column width=\u00a0\u00bb1\/2&Prime;][\/vc_column][vc_column width=\u00a0\u00bb1\/2&Prime;][\/vc_column][\/vc_row]<\/p>\n","protected":false},"author":1,"featured_media":0,"parent":13448,"menu_order":0,"comment_status":"closed","ping_status":"closed","template":"","meta":{"footnotes":""},"class_list":["post-13408","page","type-page","status-publish","hentry"],"yoast_head":"<!-- This site is optimized with the Yoast SEO plugin v23.6 - https:\/\/yoast.com\/wordpress\/plugins\/seo\/ -->\n<title>Poutres portantes HTS - timberwalls.net<\/title>\n<meta name=\"robots\" content=\"index, follow, max-snippet:-1, max-image-preview:large, max-video-preview:-1\" \/>\n<link rel=\"canonical\" href=\"https:\/\/timberwalls.net\/fr\/produits\/poutres-portantes-hts\/\" \/>\n<meta property=\"og:locale\" content=\"fr_FR\" \/>\n<meta property=\"og:type\" content=\"article\" \/>\n<meta property=\"og:title\" content=\"Poutres portantes HTS - timberwalls.net\" \/>\n<meta property=\"og:url\" content=\"https:\/\/timberwalls.net\/fr\/produits\/poutres-portantes-hts\/\" \/>\n<meta property=\"og:site_name\" content=\"timberwalls.net\" \/>\n<meta property=\"article:modified_time\" content=\"2024-09-09T16:47:18+00:00\" \/>\n<meta property=\"og:image\" content=\"https:\/\/timberwalls.net\/wp-content\/uploads\/2024\/09\/843_1854905491.jpg\" \/>\n\t<meta property=\"og:image:width\" content=\"1600\" \/>\n\t<meta property=\"og:image:height\" content=\"1200\" \/>\n\t<meta property=\"og:image:type\" content=\"image\/jpeg\" \/>\n<meta name=\"twitter:card\" content=\"summary_large_image\" \/>\n<meta name=\"twitter:label1\" content=\"Dur\u00e9e de lecture estim\u00e9e\" \/>\n\t<meta name=\"twitter:data1\" content=\"2 minutes\" \/>\n<script type=\"application\/ld+json\" class=\"yoast-schema-graph\">{\"@context\":\"https:\/\/schema.org\",\"@graph\":[{\"@type\":\"WebPage\",\"@id\":\"https:\/\/timberwalls.net\/fr\/produits\/poutres-portantes-hts\/\",\"url\":\"https:\/\/timberwalls.net\/fr\/produits\/poutres-portantes-hts\/\",\"name\":\"Poutres portantes HTS - timberwalls.net\",\"isPartOf\":{\"@id\":\"https:\/\/timberwalls.net\/de\/#website\"},\"datePublished\":\"2024-08-16T01:57:55+00:00\",\"dateModified\":\"2024-09-09T16:47:18+00:00\",\"breadcrumb\":{\"@id\":\"https:\/\/timberwalls.net\/fr\/produits\/poutres-portantes-hts\/#breadcrumb\"},\"inLanguage\":\"fr-FR\",\"potentialAction\":[{\"@type\":\"ReadAction\",\"target\":[\"https:\/\/timberwalls.net\/fr\/produits\/poutres-portantes-hts\/\"]}]},{\"@type\":\"BreadcrumbList\",\"@id\":\"https:\/\/timberwalls.net\/fr\/produits\/poutres-portantes-hts\/#breadcrumb\",\"itemListElement\":[{\"@type\":\"ListItem\",\"position\":1,\"name\":\"Home\",\"item\":\"https:\/\/timberwalls.net\/fr\/\"},{\"@type\":\"ListItem\",\"position\":2,\"name\":\"Produits\",\"item\":\"https:\/\/timberwalls.net\/fr\/produits\/\"},{\"@type\":\"ListItem\",\"position\":3,\"name\":\"Poutres portantes HTS\"}]},{\"@type\":\"WebSite\",\"@id\":\"https:\/\/timberwalls.net\/de\/#website\",\"url\":\"https:\/\/timberwalls.net\/de\/\",\"name\":\"timberwalls.net\",\"description\":\"timberwalls.net\",\"publisher\":{\"@id\":\"https:\/\/timberwalls.net\/de\/#organization\"},\"potentialAction\":[{\"@type\":\"SearchAction\",\"target\":{\"@type\":\"EntryPoint\",\"urlTemplate\":\"https:\/\/timberwalls.net\/de\/?s={search_term_string}\"},\"query-input\":{\"@type\":\"PropertyValueSpecification\",\"valueRequired\":true,\"valueName\":\"search_term_string\"}}],\"inLanguage\":\"fr-FR\"},{\"@type\":\"Organization\",\"@id\":\"https:\/\/timberwalls.net\/de\/#organization\",\"name\":\"Wooden frame-panel houses\",\"url\":\"https:\/\/timberwalls.net\/de\/\",\"logo\":{\"@type\":\"ImageObject\",\"inLanguage\":\"fr-FR\",\"@id\":\"https:\/\/timberwalls.net\/de\/#\/schema\/logo\/image\/\",\"url\":\"https:\/\/timberwalls.net\/wp-content\/uploads\/2024\/08\/Timberwalls-logo-1.jpg\",\"contentUrl\":\"https:\/\/timberwalls.net\/wp-content\/uploads\/2024\/08\/Timberwalls-logo-1.jpg\",\"width\":960,\"height\":685,\"caption\":\"Wooden frame-panel houses\"},\"image\":{\"@id\":\"https:\/\/timberwalls.net\/de\/#\/schema\/logo\/image\/\"}}]}<\/script>\n<!-- \/ Yoast SEO plugin. -->","yoast_head_json":{"title":"Poutres portantes HTS - timberwalls.net","robots":{"index":"index","follow":"follow","max-snippet":"max-snippet:-1","max-image-preview":"max-image-preview:large","max-video-preview":"max-video-preview:-1"},"canonical":"https:\/\/timberwalls.net\/fr\/produits\/poutres-portantes-hts\/","og_locale":"fr_FR","og_type":"article","og_title":"Poutres portantes HTS - timberwalls.net","og_url":"https:\/\/timberwalls.net\/fr\/produits\/poutres-portantes-hts\/","og_site_name":"timberwalls.net","article_modified_time":"2024-09-09T16:47:18+00:00","og_image":[{"width":1600,"height":1200,"url":"https:\/\/timberwalls.net\/wp-content\/uploads\/2024\/09\/843_1854905491.jpg","type":"image\/jpeg"}],"twitter_card":"summary_large_image","twitter_misc":{"Dur\u00e9e de lecture estim\u00e9e":"2 minutes"},"schema":{"@context":"https:\/\/schema.org","@graph":[{"@type":"WebPage","@id":"https:\/\/timberwalls.net\/fr\/produits\/poutres-portantes-hts\/","url":"https:\/\/timberwalls.net\/fr\/produits\/poutres-portantes-hts\/","name":"Poutres portantes HTS - timberwalls.net","isPartOf":{"@id":"https:\/\/timberwalls.net\/de\/#website"},"datePublished":"2024-08-16T01:57:55+00:00","dateModified":"2024-09-09T16:47:18+00:00","breadcrumb":{"@id":"https:\/\/timberwalls.net\/fr\/produits\/poutres-portantes-hts\/#breadcrumb"},"inLanguage":"fr-FR","potentialAction":[{"@type":"ReadAction","target":["https:\/\/timberwalls.net\/fr\/produits\/poutres-portantes-hts\/"]}]},{"@type":"BreadcrumbList","@id":"https:\/\/timberwalls.net\/fr\/produits\/poutres-portantes-hts\/#breadcrumb","itemListElement":[{"@type":"ListItem","position":1,"name":"Home","item":"https:\/\/timberwalls.net\/fr\/"},{"@type":"ListItem","position":2,"name":"Produits","item":"https:\/\/timberwalls.net\/fr\/produits\/"},{"@type":"ListItem","position":3,"name":"Poutres portantes HTS"}]},{"@type":"WebSite","@id":"https:\/\/timberwalls.net\/de\/#website","url":"https:\/\/timberwalls.net\/de\/","name":"timberwalls.net","description":"timberwalls.net","publisher":{"@id":"https:\/\/timberwalls.net\/de\/#organization"},"potentialAction":[{"@type":"SearchAction","target":{"@type":"EntryPoint","urlTemplate":"https:\/\/timberwalls.net\/de\/?s={search_term_string}"},"query-input":{"@type":"PropertyValueSpecification","valueRequired":true,"valueName":"search_term_string"}}],"inLanguage":"fr-FR"},{"@type":"Organization","@id":"https:\/\/timberwalls.net\/de\/#organization","name":"Wooden frame-panel houses","url":"https:\/\/timberwalls.net\/de\/","logo":{"@type":"ImageObject","inLanguage":"fr-FR","@id":"https:\/\/timberwalls.net\/de\/#\/schema\/logo\/image\/","url":"https:\/\/timberwalls.net\/wp-content\/uploads\/2024\/08\/Timberwalls-logo-1.jpg","contentUrl":"https:\/\/timberwalls.net\/wp-content\/uploads\/2024\/08\/Timberwalls-logo-1.jpg","width":960,"height":685,"caption":"Wooden frame-panel houses"},"image":{"@id":"https:\/\/timberwalls.net\/de\/#\/schema\/logo\/image\/"}}]}},"_links":{"self":[{"href":"https:\/\/timberwalls.net\/fr\/wp-json\/wp\/v2\/pages\/13408","targetHints":{"allow":["GET"]}}],"collection":[{"href":"https:\/\/timberwalls.net\/fr\/wp-json\/wp\/v2\/pages"}],"about":[{"href":"https:\/\/timberwalls.net\/fr\/wp-json\/wp\/v2\/types\/page"}],"author":[{"embeddable":true,"href":"https:\/\/timberwalls.net\/fr\/wp-json\/wp\/v2\/users\/1"}],"replies":[{"embeddable":true,"href":"https:\/\/timberwalls.net\/fr\/wp-json\/wp\/v2\/comments?post=13408"}],"version-history":[{"count":2,"href":"https:\/\/timberwalls.net\/fr\/wp-json\/wp\/v2\/pages\/13408\/revisions"}],"predecessor-version":[{"id":13610,"href":"https:\/\/timberwalls.net\/fr\/wp-json\/wp\/v2\/pages\/13408\/revisions\/13610"}],"up":[{"embeddable":true,"href":"https:\/\/timberwalls.net\/fr\/wp-json\/wp\/v2\/pages\/13448"}],"wp:attachment":[{"href":"https:\/\/timberwalls.net\/fr\/wp-json\/wp\/v2\/media?parent=13408"}],"curies":[{"name":"wp","href":"https:\/\/api.w.org\/{rel}","templated":true}]}}