{"id":13400,"date":"2024-08-16T01:58:21","date_gmt":"2024-08-16T01:58:21","guid":{"rendered":"https:\/\/timberwalls.net\/pre-cut\/"},"modified":"2025-01-23T14:09:38","modified_gmt":"2025-01-23T14:09:38","slug":"pre-cut","status":"publish","type":"page","link":"https:\/\/timberwalls.net\/lt\/produktai\/pre-cut\/","title":{"rendered":"Pre-Cut"},"content":{"rendered":"<div class=\"wpb-content-wrapper\"><p>[vc_row gap=&#8221;20&#8243; content_placement=&#8221;middle&#8221; woodmart_css_id=&#8221;66beb66f5696d&#8221; responsive_spacing=&#8221;eyJwYXJhbV90eXBlIjoid29vZG1hcnRfcmVzcG9uc2l2ZV9zcGFjaW5nIiwic2VsZWN0b3JfaWQiOiI2NmJlYjY2ZjU2OTZkIiwic2hvcnRjb2RlIjoidmNfcm93IiwiZGF0YSI6eyJ0YWJsZXQiOnt9LCJtb2JpbGUiOnt9fX0=&#8221; mobile_bg_img_hidden=&#8221;no&#8221; tablet_bg_img_hidden=&#8221;no&#8221; woodmart_parallax=&#8221;0&#8243; woodmart_gradient_switch=&#8221;no&#8221; woodmart_box_shadow=&#8221;no&#8221; wd_z_index=&#8221;no&#8221; woodmart_disable_overflow=&#8221;0&#8243; row_reverse_mobile=&#8221;0&#8243; row_reverse_tablet=&#8221;0&#8243;][vc_column width=&#8221;1\/2&#8243;]\t\t\t<link rel=\"stylesheet\" id=\"wd-section-title-css\" href=\"https:\/\/timberwalls.net\/wp-content\/themes\/woodmart\/css\/parts\/el-section-title.min.css?ver=7.5.2\" type=\"text\/css\" media=\"all\" \/> \t\t\t\t\t\t<link rel=\"stylesheet\" id=\"wd-mod-highlighted-text-css\" href=\"https:\/\/timberwalls.net\/wp-content\/themes\/woodmart\/css\/parts\/mod-highlighted-text.min.css?ver=7.5.2\" type=\"text\/css\" media=\"all\" \/> \t\t\t\n\t\t<div id=\"wd-66beb7fb3179e\" class=\"title-wrapper wd-wpb set-mb-s reset-last-child  wd-rs-66beb7fb3179e wd-title-color-default wd-title-style-default text-left  wd-underline-colored\">\n\t\t\t\n\t\t\t<div class=\"liner-continer\">\n\t\t\t\t<h4 class=\"woodmart-title-container title  wd-font-weight- wd-fontsize-l\" >Pre-Cut<\/h4>\n\t\t\t\t\t\t\t<\/div>\n\t\t\t\n\t\t\t\n\t\t\t\n\t\t<\/div>\n\t\t\n\t\t\t\t\t<link rel=\"stylesheet\" id=\"wd-text-block-css\" href=\"https:\/\/timberwalls.net\/wp-content\/themes\/woodmart\/css\/parts\/el-text-block.min.css?ver=7.5.2\" type=\"text\/css\" media=\"all\" \/> \t\t\t\t\t<div id=\"wd-66e0597e33954\" class=\"wd-text-block wd-wpb reset-last-child wd-rs-66e0597e33954 text-left \">\n\t\t\t<p>\u201ePRE-CUT\u201c sistema leid\u017eia itin pagreitinti ir supaprastinti karkasinio namo statyb\u0105. M\u016bs\u0173 \u012fmon\u0117s konstruktoriams paruo\u0161us montavimo br\u0117\u017einius ir su\u017eym\u0117jus medienos dalis, net ir pats u\u017esakovas gali surinkti nesud\u0117tingos konstrukcijos pastat\u0105, o patyr\u0119 montuotojai gali sumontuoti net ir sud\u0117tingiausi\u0173 projekt\u0173 namus.<\/p>\n<p>Naudodami moderniausias rinkoje \u201eWEINMANN\u201c stakles ir kokybi\u0161k\u0105 C24 klas\u0117s medien\u0105, galime greitai ir kokybi\u0161kai i\u0161pjauti, i\u0161frezuoti ar i\u0161gr\u0119\u017eti \u012fvairias medines konstrukcijas (iki 13 m ilgio su vos 1 mm paklaida). Paruo\u0161tam statybai karkasiniam namui naudojant \u201ePre-cut\u201c sistem\u0105, visos statybai reikalingos medin\u0117s detal\u0117s yra i\u0161pjaunamos ir su\u017eymimos m\u016bs\u0173 gamybin\u0117se patalpose, tod\u0117l statybviet\u0117je n\u0117ra b\u016btinyb\u0117s naudoti skersinio pjovimo stakli\u0173 ar matavimo priemoni\u0173 \u2013 tereikia sud\u0117ti i\u0161pjautas medines dalis \u012f j\u0173 vietas pagal montavimo br\u0117\u017einius.<\/p>\n<p>\u201ePre-cut\u201c sistema taip pat leid\u017eia suma\u017einti gabenimo ir montavimo i\u0161laidas, nes jau i\u0161pjautos ir paruo\u0161tos med\u017eiagos u\u017eima ma\u017eiau vietos vilkiko priekaboje, o d\u0117l dali\u0173 montavimo vietoje u\u017esakovui nebereikia u\u017esakyti krano. D\u0117l suma\u017einto statybini\u0173 atliek\u0173 kiekio statybviet\u0117 tampa \u0161varesn\u0117 ir saugesn\u0117.<\/p>\n\t\t<\/div>\n\t\t\n\t\t<div id=\"wd-66e059a0de02f\" class=\"title-wrapper wd-wpb set-mb-s reset-last-child  wd-rs-66e059a0de02f wd-title-color-default wd-title-style-default text-left  wd-underline-colored\">\n\t\t\t\n\t\t\t<div class=\"liner-continer\">\n\t\t\t\t<h4 class=\"woodmart-title-container title  wd-font-weight- wd-fontsize-l\" >Atsi\u0173skite mums savo u\u017eklaus\u0105 ar u\u017eduokite klausim\u0105 \u017eemiau.<\/h4>\n\t\t\t\t\t\t\t<\/div>\n\t\t\t\n\t\t\t\n\t\t\t\n\t\t<\/div>\n\t\t\n\t\t\t\t<div id=\"wd-66e059b120050\" class=\"wd-text-block wd-wpb reset-last-child wd-rs-66e059b120050 text-left \">\n\t\t\t<div class='fluentform ff-default fluentform_wrapper_20 ffs_default_wrap'><form data-form_id=\"20\" id=\"fluentform_20\" class=\"frm-fluent-form fluent_form_20 ff-el-form-top ff_form_instance_20_1 ff-form-loading ffs_default\" data-form_instance=\"ff_form_instance_20_1\" method=\"POST\" ><fieldset  style=\"border: none!important;margin: 0!important;padding: 0!important;background-color: transparent!important;box-shadow: none!important;outline: none!important; min-inline-size: 100%;\">\n                    <legend class=\"ff_screen_reader_title\" style=\"display: block; margin: 0!important;padding: 0!important;height: 0!important;text-indent: -999999px;width: 0!important;overflow:hidden;\">Blank Form LT<\/legend><input type='hidden' name='__fluent_form_embded_post_id' value='13400' \/><input type=\"hidden\" id=\"_fluentform_20_fluentformnonce\" name=\"_fluentform_20_fluentformnonce\" value=\"921a4ae947\" \/><input type=\"hidden\" name=\"_wp_http_referer\" value=\"\/lt\/wp-json\/wp\/v2\/pages\/13400\" \/><div data-name=\"ff_cn_id_1\"  class='ff-t-container ff-column-container ff_columns_total_2  '><div class='ff-t-cell ff-t-column-1' style='flex-basis: 50%;'><div class='ff-el-group ff-el-form-hide_label'><div class=\"ff-el-input--label asterisk-right\"><label for='ff_20_input_text' aria-label=\"Vardas\">Vardas<\/label><\/div><div class='ff-el-input--content'><input type=\"text\" name=\"input_text\" class=\"ff-el-form-control\" placeholder=\"Vardas\" data-name=\"input_text\" id=\"ff_20_input_text\"  aria-invalid=\"false\" aria-required=false><\/div><\/div><\/div><div class='ff-t-cell ff-t-column-2' style='flex-basis: 50%;'><div class='ff-el-group ff-el-form-hide_label'><div class=\"ff-el-input--label ff-el-is-required asterisk-right\"><label for='ff_20_email' aria-label=\" El. pa\u0161tas\"> El. pa\u0161tas<\/label><\/div><div class='ff-el-input--content'><input type=\"email\" name=\"email\" id=\"ff_20_email\" class=\"ff-el-form-control\" placeholder=\" El. pa\u0161tas\" data-name=\"email\"  aria-invalid=\"false\" aria-required=true><\/div><\/div><\/div><\/div><div data-name=\"ff_cn_id_2\"  class='ff-t-container ff-column-container ff_columns_total_2  '><div class='ff-t-cell ff-t-column-1' style='flex-basis: 50%;'><div class='ff-el-group ff-el-form-hide_label'><div class=\"ff-el-input--label asterisk-right\"><label for='ff_20_input_text_2' aria-label=\"Telefono numeris\">Telefono numeris<\/label><\/div><div class='ff-el-input--content'><input type=\"text\" name=\"input_text_2\" class=\"ff-el-form-control\" placeholder=\"Telefono numeris\" data-name=\"input_text_2\" id=\"ff_20_input_text_2\"  aria-invalid=\"false\" aria-required=false><\/div><\/div><\/div><div class='ff-t-cell ff-t-column-2' style='flex-basis: 50%;'><div class='ff-el-group ff-el-form-hide_label'><div class=\"ff-el-input--label asterisk-right\"><label for='ff_20_input_text_3' aria-label=\"\u012emon\u0117\">\u012emon\u0117<\/label><\/div><div class='ff-el-input--content'><input type=\"text\" name=\"input_text_3\" class=\"ff-el-form-control\" placeholder=\"\u012emon\u0117\" data-name=\"input_text_3\" id=\"ff_20_input_text_3\"  aria-invalid=\"false\" aria-required=false><\/div><\/div><\/div><\/div><div data-name=\"ff_cn_id_3\"  class='ff-t-container ff-column-container ff_columns_total_1  '><div class='ff-t-cell ff-t-column-1' style='flex-basis: 100%;'><div class='ff-el-group ff-el-form-hide_label'><div class=\"ff-el-input--label asterisk-right\"><label for='ff_20_description' aria-label=\"J\u016bs\u0173 u\u017eklausa\">J\u016bs\u0173 u\u017eklausa<\/label><\/div><div class='ff-el-input--content'><textarea aria-invalid=\"false\" aria-required=false name=\"description\" id=\"ff_20_description\" class=\"ff-el-form-control\" placeholder=\"J\u016bs\u0173 u\u017eklausa\" rows=\"3\" cols=\"2\" data-name=\"description\" ><\/textarea><\/div><\/div><div class='ff-el-group    ff-el-input--content'><div class='ff-el-form-check ff-el-tc'><label aria-label='terms & conditions' class='ff-el-form-check-label ff_tc_label' for=gdpr-agreement_52c33268877cf7122d212a2947c1dc1a><span class='ff_tc_checkbox'><input type=\"checkbox\" name=\"gdpr-agreement\" class=\"ff-el-form-check-input ff_gdpr_field\" data-name=\"gdpr-agreement\" id=\"gdpr-agreement_52c33268877cf7122d212a2947c1dc1a\"  value='on' aria-invalid='false' aria-required=true><\/span> <div class='ff_t_c'>Sutinku su <a href=\"https:\/\/timberwalls.net\/lt\/privatumo-politika\/\">privatumo politika<\/a><\/div><\/label><\/div><\/div><div class='ff-el-group ff-text-left ff_submit_btn_wrapper ff_submit_btn_wrapper_custom'><button class=\"ff-btn ff-btn-submit ff-btn-md ff_btn_style wpf_has_custom_css\" type=\"submit\" name=\"custom_submit_button-20_1\" data-name=\"custom_submit_button-20_1\" >SI\u0172STI<\/button><style>form.fluent_form_20 .wpf_has_custom_css.ff-btn-submit { background-color:rgba(112, 86, 53, 1);border-color:rgba(112, 86, 53, 1);color:rgba(255, 255, 255, 1);border-radius:50px;min-width:100%; }form.fluent_form_20 .wpf_has_custom_css.ff-btn-submit:hover { background-color:rgba(146, 169, 96, 1);border-color:rgba(146, 169, 96, 1);color:rgba(255, 255, 255, 1);min-width:100%; } <\/style><\/div><\/div><\/div><\/fieldset><\/form><div id='fluentform_20_errors' class='ff-errors-in-stack ff_form_instance_20_1 ff-form-loading_errors ff_form_instance_20_1_errors'><\/div><\/div>        <script type=\"text\/javascript\">\n            window.fluent_form_ff_form_instance_20_1 = {\"id\":\"20\",\"settings\":{\"layout\":{\"labelPlacement\":\"top\",\"helpMessagePlacement\":\"with_label\",\"errorMessagePlacement\":\"inline\",\"cssClassName\":\"\",\"asteriskPlacement\":\"asterisk-right\"},\"restrictions\":{\"denyEmptySubmission\":{\"enabled\":false}}},\"form_instance\":\"ff_form_instance_20_1\",\"form_id_selector\":\"fluentform_20\",\"rules\":{\"input_text\":{\"required\":{\"value\":false,\"message\":\"This field is required\",\"global_message\":\"This field is required\",\"global\":true}},\"email\":{\"required\":{\"value\":true,\"message\":\"This field is required\",\"global_message\":\"This field is required\",\"global\":true},\"email\":{\"value\":true,\"message\":\"This field must contain a valid email\",\"global_message\":\"This field must contain a valid email\",\"global\":true}},\"input_text_2\":{\"required\":{\"value\":false,\"message\":\"This field is required\",\"global_message\":\"This field is required\",\"global\":true}},\"input_text_3\":{\"required\":{\"value\":false,\"message\":\"This field is required\",\"global_message\":\"This field is required\",\"global\":true}},\"description\":{\"required\":{\"value\":false,\"message\":\"This field is required\",\"global_message\":\"This field is required\",\"global\":true}},\"gdpr-agreement\":{\"required\":{\"value\":true,\"message\":\"This field is required\",\"global_message\":\"This field is required\",\"global\":true}}},\"debounce_time\":300};\n                    <\/script>\n        \n\t\t<\/div>\n\t\t[\/vc_column][vc_column width=&#8221;1\/2&#8243;][vc_video link=&#8221;https:\/\/www.youtube.com\/watch?v=DjkMZPeEthk&#8221; align=&#8221;center&#8221; css=&#8221;&#8221; poster_image=&#8221;11703&#8243; woodmart_css_id=&#8221;66beb8c90d23f&#8221; image_poster_switch=&#8221;yes&#8221; img_size=&#8221;full&#8221;]\t\t\t<link rel=\"stylesheet\" id=\"wd-photoswipe-css\" href=\"https:\/\/timberwalls.net\/wp-content\/themes\/woodmart\/css\/parts\/lib-photoswipe.min.css?ver=7.5.2\" type=\"text\/css\" media=\"all\" \/> \t\t\t\t\t\t<link rel=\"stylesheet\" id=\"wd-image-gallery-css\" href=\"https:\/\/timberwalls.net\/wp-content\/themes\/woodmart\/css\/parts\/el-gallery.min.css?ver=7.5.2\" type=\"text\/css\" media=\"all\" \/> \t\t\t\t\t<div id=\"gallery_728\" class=\"wd-images-gallery wd-wpb wd-rs-67924d4663ce7 photoswipe-images\" style=\"--wd-justify-content:center;--wd-align-items:center;\">\n\t\t\t\n\t\t\t<div class=\" wd-grid-g\" style=\"--wd-col-lg:2;--wd-col-md:2;--wd-col-sm:2;--wd-gap-lg:6px;\">\n\t\t\t\t\n\t\t\t\t\t\t\t\t\t\t\t\t\t\t\t<div class=\"wd-gallery-item wd-col\">\n\t\t\t\t\t\t\t\t\t\t\t\t\t\t<a href=\"https:\/\/timberwalls.net\/wp-content\/uploads\/2024\/08\/Timber-119-scaled-1.jpg\" data-elementor-open-lightbox=\"no\" data-index=\"1\" data-width=\"1710\" data-height=\"2560\" \n\t\t\t\t\t\t\t\t\t\t\t\t >\n\t\t\t\t\t\t\t\t\n\t\t\t\t\t\t\t\t<img loading=\"lazy\" decoding=\"async\" width=\"600\" height=\"400\" src=\"https:\/\/timberwalls.net\/wp-content\/uploads\/2024\/08\/Timber-119-scaled-1-600x400.jpg\" class=\"wd-gallery-image image-1\" alt=\"PRE-CUT - individualus medienos supjovimas\" \/>\n\t\t\t\t\t\t\t\t\t\t\t\t\t\t\t<\/a>\n\t\t\t\t\t\t\t\t\t\t\t\t<\/div>\n\t\t\t\t\t\t\t\t\t\t\t<div class=\"wd-gallery-item wd-col\">\n\t\t\t\t\t\t\t\t\t\t\t\t\t\t<a href=\"https:\/\/timberwalls.net\/wp-content\/uploads\/2024\/09\/Timber-113-scaled.jpg\" data-elementor-open-lightbox=\"no\" data-index=\"2\" data-width=\"2560\" data-height=\"1710\" \n\t\t\t\t\t\t\t\t\t\t\t\t >\n\t\t\t\t\t\t\t\t\n\t\t\t\t\t\t\t\t<img loading=\"lazy\" decoding=\"async\" width=\"600\" height=\"400\" src=\"https:\/\/timberwalls.net\/wp-content\/uploads\/2024\/09\/Timber-113-scaled-600x400.jpg\" class=\"wd-gallery-image image-2\" alt=\"PRE-CUT - individualus medienos supjovimas\" srcset=\"https:\/\/timberwalls.net\/wp-content\/uploads\/2024\/09\/Timber-113-scaled-600x400.jpg 600w, https:\/\/timberwalls.net\/wp-content\/uploads\/2024\/09\/Timber-113-400x267.jpg 400w, https:\/\/timberwalls.net\/wp-content\/uploads\/2024\/09\/Timber-113-1198x800.jpg 1198w, https:\/\/timberwalls.net\/wp-content\/uploads\/2024\/09\/Timber-113-768x513.jpg 768w, https:\/\/timberwalls.net\/wp-content\/uploads\/2024\/09\/Timber-113-1536x1026.jpg 1536w, https:\/\/timberwalls.net\/wp-content\/uploads\/2024\/09\/Timber-113-2048x1368.jpg 2048w, https:\/\/timberwalls.net\/wp-content\/uploads\/2024\/09\/Timber-113-200x134.jpg 200w\" sizes=\"auto, (max-width: 600px) 100vw, 600px\" \/>\n\t\t\t\t\t\t\t\t\t\t\t\t\t\t\t<\/a>\n\t\t\t\t\t\t\t\t\t\t\t\t<\/div>\n\t\t\t\t\t\t\t\t\t\t\t<div class=\"wd-gallery-item wd-col\">\n\t\t\t\t\t\t\t\t\t\t\t\t\t\t<a href=\"https:\/\/timberwalls.net\/wp-content\/uploads\/2024\/09\/Timber-114-scaled.jpg\" data-elementor-open-lightbox=\"no\" data-index=\"3\" data-width=\"2560\" data-height=\"1654\" \n\t\t\t\t\t\t\t\t\t\t\t\t >\n\t\t\t\t\t\t\t\t\n\t\t\t\t\t\t\t\t<img loading=\"lazy\" decoding=\"async\" width=\"600\" height=\"400\" src=\"https:\/\/timberwalls.net\/wp-content\/uploads\/2024\/09\/Timber-114-scaled-600x400.jpg\" class=\"wd-gallery-image image-3\" alt=\"PRE-CUT - individualus medienos supjovimas\" \/>\n\t\t\t\t\t\t\t\t\t\t\t\t\t\t\t<\/a>\n\t\t\t\t\t\t\t\t\t\t\t\t<\/div>\n\t\t\t\t\t\t\t\t\t\t\t<div class=\"wd-gallery-item wd-col\">\n\t\t\t\t\t\t\t\t\t\t\t\t\t\t<a href=\"https:\/\/timberwalls.net\/wp-content\/uploads\/2024\/09\/Timber-116-scaled.jpg\" data-elementor-open-lightbox=\"no\" data-index=\"4\" data-width=\"2560\" data-height=\"1710\" \n\t\t\t\t\t\t\t\t\t\t\t\t >\n\t\t\t\t\t\t\t\t\n\t\t\t\t\t\t\t\t<img loading=\"lazy\" decoding=\"async\" width=\"600\" height=\"400\" src=\"https:\/\/timberwalls.net\/wp-content\/uploads\/2024\/09\/Timber-116-scaled-600x400.jpg\" class=\"wd-gallery-image image-4\" alt=\"PRE-CUT - individualus medienos supjovimas\" srcset=\"https:\/\/timberwalls.net\/wp-content\/uploads\/2024\/09\/Timber-116-scaled-600x400.jpg 600w, https:\/\/timberwalls.net\/wp-content\/uploads\/2024\/09\/Timber-116-400x267.jpg 400w, https:\/\/timberwalls.net\/wp-content\/uploads\/2024\/09\/Timber-116-1198x800.jpg 1198w, https:\/\/timberwalls.net\/wp-content\/uploads\/2024\/09\/Timber-116-768x513.jpg 768w, https:\/\/timberwalls.net\/wp-content\/uploads\/2024\/09\/Timber-116-1536x1026.jpg 1536w, https:\/\/timberwalls.net\/wp-content\/uploads\/2024\/09\/Timber-116-2048x1368.jpg 2048w, https:\/\/timberwalls.net\/wp-content\/uploads\/2024\/09\/Timber-116-200x134.jpg 200w\" sizes=\"auto, (max-width: 600px) 100vw, 600px\" \/>\n\t\t\t\t\t\t\t\t\t\t\t\t\t\t\t<\/a>\n\t\t\t\t\t\t\t\t\t\t\t\t<\/div>\n\t\t\t\t\t\t\t\t\t\n\t\t\t\t\t\t\t<\/div>\n\n\t\t\t\t\t<\/div>\n\t\t[\/vc_column][\/vc_row]<\/p>\n<\/div>","protected":false},"excerpt":{"rendered":"<p>[vc_row gap=&#8221;20&#8243; content_placement=&#8221;middle&#8221; woodmart_css_id=&#8221;66beb66f5696d&#8221; responsive_spacing=&#8221;eyJwYXJhbV90eXBlIjoid29vZG1hcnRfcmVzcG9uc2l2ZV9zcGFjaW5nIiwic2VsZWN0b3JfaWQiOiI2NmJlYjY2ZjU2OTZkIiwic2hvcnRjb2RlIjoidmNfcm93IiwiZGF0YSI6eyJ0YWJsZXQiOnt9LCJtb2JpbGUiOnt9fX0=&#8221; mobile_bg_img_hidden=&#8221;no&#8221; tablet_bg_img_hidden=&#8221;no&#8221; woodmart_parallax=&#8221;0&#8243; woodmart_gradient_switch=&#8221;no&#8221; woodmart_box_shadow=&#8221;no&#8221; wd_z_index=&#8221;no&#8221; woodmart_disable_overflow=&#8221;0&#8243; row_reverse_mobile=&#8221;0&#8243; row_reverse_tablet=&#8221;0&#8243;][vc_column width=&#8221;1\/2&#8243;][\/vc_column][vc_column width=&#8221;1\/2&#8243;][vc_video link=&#8221;https:\/\/www.youtube.com\/watch?v=DjkMZPeEthk&#8221; align=&#8221;center&#8221; css=&#8221;&#8221; poster_image=&#8221;11703&#8243;<\/p>\n","protected":false},"author":1,"featured_media":0,"parent":13450,"menu_order":0,"comment_status":"closed","ping_status":"closed","template":"","meta":{"footnotes":""},"class_list":["post-13400","page","type-page","status-publish","hentry"],"yoast_head":"<!-- This site is optimized with the Yoast SEO plugin v23.6 - https:\/\/yoast.com\/wordpress\/plugins\/seo\/ -->\n<title>Pre-Cut - timberwalls.net<\/title>\n<meta name=\"description\" content=\"Pre-Cut paslauga - profesionalus karkaso supjovimas CNC stakl\u0117mis. U\u017etikriname ypating\u0105 tikslum\u0105, greit\u0105 gamyb\u0105 ir auk\u0161t\u0105 kokyb\u0119.\" \/>\n<meta name=\"robots\" content=\"index, follow, max-snippet:-1, max-image-preview:large, max-video-preview:-1\" \/>\n<link rel=\"canonical\" href=\"https:\/\/timberwalls.net\/lt\/produktai\/pre-cut\/\" \/>\n<meta property=\"og:locale\" content=\"lt_LT\" \/>\n<meta property=\"og:type\" content=\"article\" \/>\n<meta property=\"og:title\" content=\"Pre-Cut - timberwalls.net\" \/>\n<meta property=\"og:description\" content=\"Pre-Cut paslauga - profesionalus karkaso supjovimas CNC stakl\u0117mis. U\u017etikriname ypating\u0105 tikslum\u0105, greit\u0105 gamyb\u0105 ir auk\u0161t\u0105 kokyb\u0119.\" \/>\n<meta property=\"og:url\" content=\"https:\/\/timberwalls.net\/lt\/produktai\/pre-cut\/\" \/>\n<meta property=\"og:site_name\" content=\"timberwalls.net\" \/>\n<meta property=\"article:modified_time\" content=\"2025-01-23T14:09:38+00:00\" \/>\n<meta property=\"og:image\" content=\"https:\/\/timberwalls.net\/wp-content\/uploads\/2024\/09\/843_1854905491.jpg\" \/>\n\t<meta property=\"og:image:width\" content=\"1600\" \/>\n\t<meta property=\"og:image:height\" content=\"1200\" \/>\n\t<meta property=\"og:image:type\" content=\"image\/jpeg\" \/>\n<meta name=\"twitter:card\" content=\"summary_large_image\" \/>\n<meta name=\"twitter:label1\" content=\"Est. reading time\" \/>\n\t<meta name=\"twitter:data1\" content=\"2 minut\u0117s\" \/>\n<script type=\"application\/ld+json\" class=\"yoast-schema-graph\">{\"@context\":\"https:\/\/schema.org\",\"@graph\":[{\"@type\":\"WebPage\",\"@id\":\"https:\/\/timberwalls.net\/lt\/produktai\/pre-cut\/\",\"url\":\"https:\/\/timberwalls.net\/lt\/produktai\/pre-cut\/\",\"name\":\"Pre-Cut - timberwalls.net\",\"isPartOf\":{\"@id\":\"https:\/\/timberwalls.net\/de\/#website\"},\"datePublished\":\"2024-08-16T01:58:21+00:00\",\"dateModified\":\"2025-01-23T14:09:38+00:00\",\"description\":\"Pre-Cut paslauga - profesionalus karkaso supjovimas CNC stakl\u0117mis. U\u017etikriname ypating\u0105 tikslum\u0105, greit\u0105 gamyb\u0105 ir auk\u0161t\u0105 kokyb\u0119.\",\"breadcrumb\":{\"@id\":\"https:\/\/timberwalls.net\/lt\/produktai\/pre-cut\/#breadcrumb\"},\"inLanguage\":\"lt-LT\",\"potentialAction\":[{\"@type\":\"ReadAction\",\"target\":[\"https:\/\/timberwalls.net\/lt\/produktai\/pre-cut\/\"]}]},{\"@type\":\"BreadcrumbList\",\"@id\":\"https:\/\/timberwalls.net\/lt\/produktai\/pre-cut\/#breadcrumb\",\"itemListElement\":[{\"@type\":\"ListItem\",\"position\":1,\"name\":\"Home\",\"item\":\"https:\/\/timberwalls.net\/lt\/\"},{\"@type\":\"ListItem\",\"position\":2,\"name\":\"Produktai\",\"item\":\"https:\/\/timberwalls.net\/lt\/produktai\/\"},{\"@type\":\"ListItem\",\"position\":3,\"name\":\"Pre-Cut\"}]},{\"@type\":\"WebSite\",\"@id\":\"https:\/\/timberwalls.net\/de\/#website\",\"url\":\"https:\/\/timberwalls.net\/de\/\",\"name\":\"timberwalls.net\",\"description\":\"timberwalls.net\",\"publisher\":{\"@id\":\"https:\/\/timberwalls.net\/de\/#organization\"},\"potentialAction\":[{\"@type\":\"SearchAction\",\"target\":{\"@type\":\"EntryPoint\",\"urlTemplate\":\"https:\/\/timberwalls.net\/de\/?s={search_term_string}\"},\"query-input\":{\"@type\":\"PropertyValueSpecification\",\"valueRequired\":true,\"valueName\":\"search_term_string\"}}],\"inLanguage\":\"lt-LT\"},{\"@type\":\"Organization\",\"@id\":\"https:\/\/timberwalls.net\/de\/#organization\",\"name\":\"Wooden frame-panel houses\",\"url\":\"https:\/\/timberwalls.net\/de\/\",\"logo\":{\"@type\":\"ImageObject\",\"inLanguage\":\"lt-LT\",\"@id\":\"https:\/\/timberwalls.net\/de\/#\/schema\/logo\/image\/\",\"url\":\"https:\/\/timberwalls.net\/wp-content\/uploads\/2024\/08\/Timberwalls-logo-1.jpg\",\"contentUrl\":\"https:\/\/timberwalls.net\/wp-content\/uploads\/2024\/08\/Timberwalls-logo-1.jpg\",\"width\":960,\"height\":685,\"caption\":\"Wooden frame-panel houses\"},\"image\":{\"@id\":\"https:\/\/timberwalls.net\/de\/#\/schema\/logo\/image\/\"}}]}<\/script>\n<!-- \/ Yoast SEO plugin. -->","yoast_head_json":{"title":"Pre-Cut - timberwalls.net","description":"Pre-Cut paslauga - profesionalus karkaso supjovimas CNC stakl\u0117mis. U\u017etikriname ypating\u0105 tikslum\u0105, greit\u0105 gamyb\u0105 ir auk\u0161t\u0105 kokyb\u0119.","robots":{"index":"index","follow":"follow","max-snippet":"max-snippet:-1","max-image-preview":"max-image-preview:large","max-video-preview":"max-video-preview:-1"},"canonical":"https:\/\/timberwalls.net\/lt\/produktai\/pre-cut\/","og_locale":"lt_LT","og_type":"article","og_title":"Pre-Cut - timberwalls.net","og_description":"Pre-Cut paslauga - profesionalus karkaso supjovimas CNC stakl\u0117mis. U\u017etikriname ypating\u0105 tikslum\u0105, greit\u0105 gamyb\u0105 ir auk\u0161t\u0105 kokyb\u0119.","og_url":"https:\/\/timberwalls.net\/lt\/produktai\/pre-cut\/","og_site_name":"timberwalls.net","article_modified_time":"2025-01-23T14:09:38+00:00","og_image":[{"width":1600,"height":1200,"url":"https:\/\/timberwalls.net\/wp-content\/uploads\/2024\/09\/843_1854905491.jpg","type":"image\/jpeg"}],"twitter_card":"summary_large_image","twitter_misc":{"Est. reading time":"2 minut\u0117s"},"schema":{"@context":"https:\/\/schema.org","@graph":[{"@type":"WebPage","@id":"https:\/\/timberwalls.net\/lt\/produktai\/pre-cut\/","url":"https:\/\/timberwalls.net\/lt\/produktai\/pre-cut\/","name":"Pre-Cut - timberwalls.net","isPartOf":{"@id":"https:\/\/timberwalls.net\/de\/#website"},"datePublished":"2024-08-16T01:58:21+00:00","dateModified":"2025-01-23T14:09:38+00:00","description":"Pre-Cut paslauga - profesionalus karkaso supjovimas CNC stakl\u0117mis. U\u017etikriname ypating\u0105 tikslum\u0105, greit\u0105 gamyb\u0105 ir auk\u0161t\u0105 kokyb\u0119.","breadcrumb":{"@id":"https:\/\/timberwalls.net\/lt\/produktai\/pre-cut\/#breadcrumb"},"inLanguage":"lt-LT","potentialAction":[{"@type":"ReadAction","target":["https:\/\/timberwalls.net\/lt\/produktai\/pre-cut\/"]}]},{"@type":"BreadcrumbList","@id":"https:\/\/timberwalls.net\/lt\/produktai\/pre-cut\/#breadcrumb","itemListElement":[{"@type":"ListItem","position":1,"name":"Home","item":"https:\/\/timberwalls.net\/lt\/"},{"@type":"ListItem","position":2,"name":"Produktai","item":"https:\/\/timberwalls.net\/lt\/produktai\/"},{"@type":"ListItem","position":3,"name":"Pre-Cut"}]},{"@type":"WebSite","@id":"https:\/\/timberwalls.net\/de\/#website","url":"https:\/\/timberwalls.net\/de\/","name":"timberwalls.net","description":"timberwalls.net","publisher":{"@id":"https:\/\/timberwalls.net\/de\/#organization"},"potentialAction":[{"@type":"SearchAction","target":{"@type":"EntryPoint","urlTemplate":"https:\/\/timberwalls.net\/de\/?s={search_term_string}"},"query-input":{"@type":"PropertyValueSpecification","valueRequired":true,"valueName":"search_term_string"}}],"inLanguage":"lt-LT"},{"@type":"Organization","@id":"https:\/\/timberwalls.net\/de\/#organization","name":"Wooden frame-panel houses","url":"https:\/\/timberwalls.net\/de\/","logo":{"@type":"ImageObject","inLanguage":"lt-LT","@id":"https:\/\/timberwalls.net\/de\/#\/schema\/logo\/image\/","url":"https:\/\/timberwalls.net\/wp-content\/uploads\/2024\/08\/Timberwalls-logo-1.jpg","contentUrl":"https:\/\/timberwalls.net\/wp-content\/uploads\/2024\/08\/Timberwalls-logo-1.jpg","width":960,"height":685,"caption":"Wooden frame-panel houses"},"image":{"@id":"https:\/\/timberwalls.net\/de\/#\/schema\/logo\/image\/"}}]}},"_links":{"self":[{"href":"https:\/\/timberwalls.net\/lt\/wp-json\/wp\/v2\/pages\/13400","targetHints":{"allow":["GET"]}}],"collection":[{"href":"https:\/\/timberwalls.net\/lt\/wp-json\/wp\/v2\/pages"}],"about":[{"href":"https:\/\/timberwalls.net\/lt\/wp-json\/wp\/v2\/types\/page"}],"author":[{"embeddable":true,"href":"https:\/\/timberwalls.net\/lt\/wp-json\/wp\/v2\/users\/1"}],"replies":[{"embeddable":true,"href":"https:\/\/timberwalls.net\/lt\/wp-json\/wp\/v2\/comments?post=13400"}],"version-history":[{"count":3,"href":"https:\/\/timberwalls.net\/lt\/wp-json\/wp\/v2\/pages\/13400\/revisions"}],"predecessor-version":[{"id":15921,"href":"https:\/\/timberwalls.net\/lt\/wp-json\/wp\/v2\/pages\/13400\/revisions\/15921"}],"up":[{"embeddable":true,"href":"https:\/\/timberwalls.net\/lt\/wp-json\/wp\/v2\/pages\/13450"}],"wp:attachment":[{"href":"https:\/\/timberwalls.net\/lt\/wp-json\/wp\/v2\/media?parent=13400"}],"curies":[{"name":"wp","href":"https:\/\/api.w.org\/{rel}","templated":true}]}}