{"id":15160,"date":"2024-11-12T12:32:46","date_gmt":"2024-11-12T12:32:46","guid":{"rendered":"https:\/\/timberwalls.net\/?page_id=15160"},"modified":"2025-01-30T11:44:56","modified_gmt":"2025-01-30T11:44:56","slug":"skydine-renovacija","status":"publish","type":"page","link":"https:\/\/timberwalls.net\/lt\/produktai\/skydine-renovacija\/","title":{"rendered":"Skydin\u0117 Renovacija"},"content":{"rendered":"<div class=\"wpb-content-wrapper\"><p>[vc_row gap=&#8221;20&#8243; content_placement=&#8221;middle&#8221; woodmart_css_id=&#8221;66beb66f5696d&#8221; responsive_spacing=&#8221;eyJwYXJhbV90eXBlIjoid29vZG1hcnRfcmVzcG9uc2l2ZV9zcGFjaW5nIiwic2VsZWN0b3JfaWQiOiI2NmJlYjY2ZjU2OTZkIiwic2hvcnRjb2RlIjoidmNfcm93IiwiZGF0YSI6eyJ0YWJsZXQiOnt9LCJtb2JpbGUiOnt9fX0=&#8221; mobile_bg_img_hidden=&#8221;no&#8221; tablet_bg_img_hidden=&#8221;no&#8221; woodmart_parallax=&#8221;0&#8243; woodmart_gradient_switch=&#8221;no&#8221; woodmart_box_shadow=&#8221;no&#8221; wd_z_index=&#8221;no&#8221; woodmart_disable_overflow=&#8221;0&#8243; row_reverse_mobile=&#8221;0&#8243; row_reverse_tablet=&#8221;0&#8243;][vc_column]\t\t\t<link rel=\"stylesheet\" id=\"wd-section-title-css\" href=\"https:\/\/timberwalls.net\/wp-content\/themes\/woodmart\/css\/parts\/el-section-title.min.css?ver=7.5.2\" type=\"text\/css\" media=\"all\" \/> \t\t\t\t\t\t<link rel=\"stylesheet\" id=\"wd-mod-highlighted-text-css\" href=\"https:\/\/timberwalls.net\/wp-content\/themes\/woodmart\/css\/parts\/mod-highlighted-text.min.css?ver=7.5.2\" type=\"text\/css\" media=\"all\" \/> \t\t\t\n\t\t<div id=\"wd-679b616d0692c\" class=\"title-wrapper wd-wpb set-mb-s reset-last-child  wd-rs-679b616d0692c wd-title-color-default wd-title-style-default text-left  wd-underline-colored\">\n\t\t\t\n\t\t\t<div class=\"liner-continer\">\n\t\t\t\t<h4 class=\"woodmart-title-container title  wd-font-weight- wd-fontsize-l\" >Skydin\u0117 renovacija su TIMBERWALLS<\/h4>\n\t\t\t\t\t\t\t<\/div>\n\t\t\t\n\t\t\t\n\t\t\t\n\t\t<\/div>\n\t\t\n\t\t\t\t\t<link rel=\"stylesheet\" id=\"wd-text-block-css\" href=\"https:\/\/timberwalls.net\/wp-content\/themes\/woodmart\/css\/parts\/el-text-block.min.css?ver=7.5.2\" type=\"text\/css\" media=\"all\" \/> \t\t\t\t\t<div id=\"wd-679b617b62097\" class=\"wd-text-block wd-wpb reset-last-child wd-rs-679b617b62097 text-left \">\n\t\t\t<p>TIMBERWALLS \u2013 patikimas ir inovatyvus partneris vystytojams, ie\u0161kantiems ekonomi\u0161k\u0173, tvari\u0173 ir greitai \u012fgyvendinam\u0173 statybos sprendim\u0173. Vienas j\u0173 yra sovietini\u0173 daugianu\u010di\u0173 skydin\u0117 renovacija. Vakar\u0173 valstyb\u0117se vis da\u017eniau pasitelkiama serijin\u0117 skydin\u0117 renovacija. Jos esm\u0117 paprasta \u2013 gamyklose pagaminami lengvi, saug\u016bs ir tvirti medienos konstrukcij\u0173 skydai, pritaikyti konkre\u010diam pastatui, o po to spar\u010diai u\u017ededami ant objekto.<\/p>\n\t\t<\/div>\n\t\t[\/vc_column][vc_column]\n\t\t<div id=\"wd-679b619bc50e5\" class=\"title-wrapper wd-wpb set-mb-s reset-last-child  wd-rs-679b619bc50e5 wd-title-color-default wd-title-style-default text-left  wd-underline-colored\">\n\t\t\t\n\t\t\t<div class=\"liner-continer\">\n\t\t\t\t<h4 class=\"woodmart-title-container title  wd-font-weight- wd-fontsize-l\" >Kod\u0117l rinktis skydin\u0119 renovacij\u0105?<\/h4>\n\t\t\t\t\t\t\t<\/div>\n\t\t\t\n\t\t\t\n\t\t\t\n\t\t<\/div>\n\t\t\n\t\t[\/vc_column][\/vc_row][vc_row][vc_column width=&#8221;1\/2&#8243;]\t\t<div id=\"wd-679b61ae7a4d4\" class=\"wd-text-block wd-wpb reset-last-child wd-rs-679b61ae7a4d4 text-left \">\n\t\t\t<p>Renovuojant su skydine renovacija ap\u0161iltinama ne tik namo i\u0161or\u0117, bet ir atnaujinamos \u0161ildymo, kar\u0161to vandens, bendrojo naudojimo in\u017einerin\u0117s, v\u0117dinimo bei prie\u0161gaisrin\u0117s sistemos, \u0161iltinamos r\u016bsio perdangos, kei\u010diami langai, atnaujinami balkonai, laiptin\u0117s, liftai, \u0161iltinamas stogas.<\/p>\n<p>Privalumai:<\/p>\n<ul>\n<li><strong>Turto vert\u0117:<\/strong> Skydine technologija atrenovuoti pastatai tampa daug patrauklesni rinkoje. Turto vert\u0117 pakyla iki 30%, lyginant su analogi\u0161kais, nerenovuotais pastatais.<\/li>\n<li><strong>Energetiniai rodikliai:<\/strong> Naudojant medinius karkasinius skydus fasadams renovuoti yra suteikiama ne tik nauja i\u0161vaizda, bet ir papildomas ap\u0161iltinamas, ko pasekoje \u0161ilumos energijos s\u0105naudos u\u017e \u0161ildym\u0105 suma\u017e\u0117ja perpus.<\/li>\n<li><strong>Eliminuojamos avarini\u0173 situacij\u0173 gr\u0117sm\u0117s:<\/strong> ne paslaptis, kad daugiabu\u010diai statyti sovietme\u010diu yra blogos bukl\u0117s ir kelia gr\u0117sm\u0119 aplinkiniams. To yra i\u0161vengiama su atrenovuotais fasadais.<\/li>\n<li><strong>Pastato eksplotacinis laikas:<\/strong> Kadangi namo konstrukcijos yra sustiprinamos ir apsaugomos nuo i\u0161orini\u0173 poveiki\u0173, namo eksplotavimo laikas prat\u0119siamas 30 met\u0173.<\/li>\n<li><strong>Pastato estetika:<\/strong> Ne paslaptis, jog pastato i\u0161vaizda kiekvienam i\u0161 m\u016bs\u0173 yra\u00a0 svarbi. Skydin\u0117 renovacija leid\u017eia miestams atsinaujinti ir atrodyti moderniais, negriaunant ir i\u0161 naujo nestatant daugiabu\u010di\u0173.<\/li>\n<li><strong>CO2 <\/strong><strong>i\u0161metimas:<\/strong> 60kvm butas skydine technologija atrenovuotame pastate sutaupo iki 1 tonos \u012f aplink\u0105 i\u0161metamo CO2.<\/li>\n<\/ul>\n\t\t<\/div>\n\t\t[\/vc_column][vc_column width=&#8221;1\/2&#8243;][vc_single_image image=&#8221;14618&#8243; img_size=&#8221;592 x 630&#8243; css=&#8221;&#8221; parallax_scroll=&#8221;no&#8221; woodmart_inline=&#8221;no&#8221;][\/vc_column][\/vc_row][vc_row][vc_column]\n\t\t<div id=\"wd-679b61c550766\" class=\"title-wrapper wd-wpb set-mb-s reset-last-child  wd-rs-679b61c550766 wd-title-color-default wd-title-style-default text-left  wd-underline-colored\">\n\t\t\t\n\t\t\t<div class=\"liner-continer\">\n\t\t\t\t<h4 class=\"woodmart-title-container title  wd-font-weight- wd-fontsize-l\" >Partneryst\u0117 su TIMBERWALLS<\/h4>\n\t\t\t\t\t\t\t<\/div>\n\t\t\t\n\t\t\t\n\t\t\t\n\t\t<\/div>\n\t\t\n\t\t[\/vc_column][\/vc_row][vc_row][vc_column]\t\t<div id=\"wd-679b61d1e0bbb\" class=\"wd-text-block wd-wpb reset-last-child wd-rs-679b61d1e0bbb text-left \">\n\t\t\t<p>Kvie\u010diame jus bendradarbiauti su TIMBERWALLS \u2013 kartu galime \u012fgyvendinti net ir ambicingiausius nekilnojamojo turto projektus. Mes esame pasiruo\u0161\u0119 tapti j\u016bs\u0173 patikimu partneriu, teikdami pa\u017eangiausius sprendimus tiek nedideliems individualiems namams, tiek didelio masto kvartalams, komerciniams ir renovaciniams objektams.<\/p>\n<p>Jei turite klausim\u0173 ar nor\u0117tum\u0117te aptarti savo projekt\u0105, susisiekite su mumis \u2013 m\u016bs\u0173 komanda pasiruo\u0161usi pad\u0117ti kiekviename \u017eingsnyje.<\/p>\n\t\t<\/div>\n\t\t[\/vc_column][\/vc_row][vc_row][vc_column]<div id=\"wd-679b662eaa4ee\" class=\" wd-rs-679b662eaa4ee  wd-button-wrapper text-center\"><a href=\"https:\/\/timberwalls.net\/lt\/kontaktai\/\" title=\"\" class=\"btn btn-color-alt btn-style-default btn-style-round btn-size-extra-large\">SUSISIEKTI<\/a><\/div>[\/vc_column][\/vc_row]<\/p>\n<\/div>","protected":false},"excerpt":{"rendered":"<p>[vc_row gap=&#8221;20&#8243; content_placement=&#8221;middle&#8221; woodmart_css_id=&#8221;66beb66f5696d&#8221; responsive_spacing=&#8221;eyJwYXJhbV90eXBlIjoid29vZG1hcnRfcmVzcG9uc2l2ZV9zcGFjaW5nIiwic2VsZWN0b3JfaWQiOiI2NmJlYjY2ZjU2OTZkIiwic2hvcnRjb2RlIjoidmNfcm93IiwiZGF0YSI6eyJ0YWJsZXQiOnt9LCJtb2JpbGUiOnt9fX0=&#8221; mobile_bg_img_hidden=&#8221;no&#8221; tablet_bg_img_hidden=&#8221;no&#8221; woodmart_parallax=&#8221;0&#8243; woodmart_gradient_switch=&#8221;no&#8221; woodmart_box_shadow=&#8221;no&#8221; wd_z_index=&#8221;no&#8221; woodmart_disable_overflow=&#8221;0&#8243; row_reverse_mobile=&#8221;0&#8243; row_reverse_tablet=&#8221;0&#8243;][vc_column][\/vc_column][vc_column][\/vc_column][\/vc_row][vc_row][vc_column width=&#8221;1\/2&#8243;][\/vc_column][vc_column width=&#8221;1\/2&#8243;][vc_single_image image=&#8221;14618&#8243; img_size=&#8221;592 x 630&#8243;<\/p>\n","protected":false},"author":3,"featured_media":0,"parent":13450,"menu_order":0,"comment_status":"closed","ping_status":"closed","template":"","meta":{"footnotes":""},"class_list":["post-15160","page","type-page","status-publish","hentry"],"yoast_head":"<!-- This site is optimized with the Yoast SEO plugin v23.6 - https:\/\/yoast.com\/wordpress\/plugins\/seo\/ -->\n<title>Skydin\u0117 Renovacija - timberwalls.net<\/title>\n<meta name=\"robots\" content=\"index, follow, max-snippet:-1, max-image-preview:large, max-video-preview:-1\" \/>\n<link rel=\"canonical\" href=\"https:\/\/timberwalls.net\/lt\/produktai\/skydine-renovacija\/\" \/>\n<meta property=\"og:locale\" content=\"lt_LT\" \/>\n<meta property=\"og:type\" content=\"article\" \/>\n<meta property=\"og:title\" content=\"Skydin\u0117 Renovacija - timberwalls.net\" \/>\n<meta property=\"og:url\" content=\"https:\/\/timberwalls.net\/lt\/produktai\/skydine-renovacija\/\" \/>\n<meta property=\"og:site_name\" content=\"timberwalls.net\" \/>\n<meta property=\"article:modified_time\" content=\"2025-01-30T11:44:56+00:00\" \/>\n<meta property=\"og:image\" content=\"https:\/\/timberwalls.net\/wp-content\/uploads\/2024\/09\/843_1854905491.jpg\" \/>\n\t<meta property=\"og:image:width\" content=\"1600\" \/>\n\t<meta property=\"og:image:height\" content=\"1200\" \/>\n\t<meta property=\"og:image:type\" content=\"image\/jpeg\" \/>\n<meta name=\"twitter:card\" content=\"summary_large_image\" \/>\n<meta name=\"twitter:label1\" content=\"Est. reading time\" \/>\n\t<meta name=\"twitter:data1\" content=\"2 minut\u0117s\" \/>\n<script type=\"application\/ld+json\" class=\"yoast-schema-graph\">{\"@context\":\"https:\/\/schema.org\",\"@graph\":[{\"@type\":\"WebPage\",\"@id\":\"https:\/\/timberwalls.net\/lt\/produktai\/skydine-renovacija\/\",\"url\":\"https:\/\/timberwalls.net\/lt\/produktai\/skydine-renovacija\/\",\"name\":\"Skydin\u0117 Renovacija - timberwalls.net\",\"isPartOf\":{\"@id\":\"https:\/\/timberwalls.net\/de\/#website\"},\"datePublished\":\"2024-11-12T12:32:46+00:00\",\"dateModified\":\"2025-01-30T11:44:56+00:00\",\"breadcrumb\":{\"@id\":\"https:\/\/timberwalls.net\/lt\/produktai\/skydine-renovacija\/#breadcrumb\"},\"inLanguage\":\"lt-LT\",\"potentialAction\":[{\"@type\":\"ReadAction\",\"target\":[\"https:\/\/timberwalls.net\/lt\/produktai\/skydine-renovacija\/\"]}]},{\"@type\":\"BreadcrumbList\",\"@id\":\"https:\/\/timberwalls.net\/lt\/produktai\/skydine-renovacija\/#breadcrumb\",\"itemListElement\":[{\"@type\":\"ListItem\",\"position\":1,\"name\":\"Home\",\"item\":\"https:\/\/timberwalls.net\/lt\/\"},{\"@type\":\"ListItem\",\"position\":2,\"name\":\"Produktai\",\"item\":\"https:\/\/timberwalls.net\/lt\/produktai\/\"},{\"@type\":\"ListItem\",\"position\":3,\"name\":\"Skydin\u0117 Renovacija\"}]},{\"@type\":\"WebSite\",\"@id\":\"https:\/\/timberwalls.net\/de\/#website\",\"url\":\"https:\/\/timberwalls.net\/de\/\",\"name\":\"timberwalls.net\",\"description\":\"timberwalls.net\",\"publisher\":{\"@id\":\"https:\/\/timberwalls.net\/de\/#organization\"},\"potentialAction\":[{\"@type\":\"SearchAction\",\"target\":{\"@type\":\"EntryPoint\",\"urlTemplate\":\"https:\/\/timberwalls.net\/de\/?s={search_term_string}\"},\"query-input\":{\"@type\":\"PropertyValueSpecification\",\"valueRequired\":true,\"valueName\":\"search_term_string\"}}],\"inLanguage\":\"lt-LT\"},{\"@type\":\"Organization\",\"@id\":\"https:\/\/timberwalls.net\/de\/#organization\",\"name\":\"Wooden frame-panel houses\",\"url\":\"https:\/\/timberwalls.net\/de\/\",\"logo\":{\"@type\":\"ImageObject\",\"inLanguage\":\"lt-LT\",\"@id\":\"https:\/\/timberwalls.net\/de\/#\/schema\/logo\/image\/\",\"url\":\"https:\/\/timberwalls.net\/wp-content\/uploads\/2024\/08\/Timberwalls-logo-1.jpg\",\"contentUrl\":\"https:\/\/timberwalls.net\/wp-content\/uploads\/2024\/08\/Timberwalls-logo-1.jpg\",\"width\":960,\"height\":685,\"caption\":\"Wooden frame-panel houses\"},\"image\":{\"@id\":\"https:\/\/timberwalls.net\/de\/#\/schema\/logo\/image\/\"}}]}<\/script>\n<!-- \/ Yoast SEO plugin. -->","yoast_head_json":{"title":"Skydin\u0117 Renovacija - timberwalls.net","robots":{"index":"index","follow":"follow","max-snippet":"max-snippet:-1","max-image-preview":"max-image-preview:large","max-video-preview":"max-video-preview:-1"},"canonical":"https:\/\/timberwalls.net\/lt\/produktai\/skydine-renovacija\/","og_locale":"lt_LT","og_type":"article","og_title":"Skydin\u0117 Renovacija - timberwalls.net","og_url":"https:\/\/timberwalls.net\/lt\/produktai\/skydine-renovacija\/","og_site_name":"timberwalls.net","article_modified_time":"2025-01-30T11:44:56+00:00","og_image":[{"width":1600,"height":1200,"url":"https:\/\/timberwalls.net\/wp-content\/uploads\/2024\/09\/843_1854905491.jpg","type":"image\/jpeg"}],"twitter_card":"summary_large_image","twitter_misc":{"Est. reading time":"2 minut\u0117s"},"schema":{"@context":"https:\/\/schema.org","@graph":[{"@type":"WebPage","@id":"https:\/\/timberwalls.net\/lt\/produktai\/skydine-renovacija\/","url":"https:\/\/timberwalls.net\/lt\/produktai\/skydine-renovacija\/","name":"Skydin\u0117 Renovacija - timberwalls.net","isPartOf":{"@id":"https:\/\/timberwalls.net\/de\/#website"},"datePublished":"2024-11-12T12:32:46+00:00","dateModified":"2025-01-30T11:44:56+00:00","breadcrumb":{"@id":"https:\/\/timberwalls.net\/lt\/produktai\/skydine-renovacija\/#breadcrumb"},"inLanguage":"lt-LT","potentialAction":[{"@type":"ReadAction","target":["https:\/\/timberwalls.net\/lt\/produktai\/skydine-renovacija\/"]}]},{"@type":"BreadcrumbList","@id":"https:\/\/timberwalls.net\/lt\/produktai\/skydine-renovacija\/#breadcrumb","itemListElement":[{"@type":"ListItem","position":1,"name":"Home","item":"https:\/\/timberwalls.net\/lt\/"},{"@type":"ListItem","position":2,"name":"Produktai","item":"https:\/\/timberwalls.net\/lt\/produktai\/"},{"@type":"ListItem","position":3,"name":"Skydin\u0117 Renovacija"}]},{"@type":"WebSite","@id":"https:\/\/timberwalls.net\/de\/#website","url":"https:\/\/timberwalls.net\/de\/","name":"timberwalls.net","description":"timberwalls.net","publisher":{"@id":"https:\/\/timberwalls.net\/de\/#organization"},"potentialAction":[{"@type":"SearchAction","target":{"@type":"EntryPoint","urlTemplate":"https:\/\/timberwalls.net\/de\/?s={search_term_string}"},"query-input":{"@type":"PropertyValueSpecification","valueRequired":true,"valueName":"search_term_string"}}],"inLanguage":"lt-LT"},{"@type":"Organization","@id":"https:\/\/timberwalls.net\/de\/#organization","name":"Wooden frame-panel houses","url":"https:\/\/timberwalls.net\/de\/","logo":{"@type":"ImageObject","inLanguage":"lt-LT","@id":"https:\/\/timberwalls.net\/de\/#\/schema\/logo\/image\/","url":"https:\/\/timberwalls.net\/wp-content\/uploads\/2024\/08\/Timberwalls-logo-1.jpg","contentUrl":"https:\/\/timberwalls.net\/wp-content\/uploads\/2024\/08\/Timberwalls-logo-1.jpg","width":960,"height":685,"caption":"Wooden frame-panel houses"},"image":{"@id":"https:\/\/timberwalls.net\/de\/#\/schema\/logo\/image\/"}}]}},"_links":{"self":[{"href":"https:\/\/timberwalls.net\/lt\/wp-json\/wp\/v2\/pages\/15160","targetHints":{"allow":["GET"]}}],"collection":[{"href":"https:\/\/timberwalls.net\/lt\/wp-json\/wp\/v2\/pages"}],"about":[{"href":"https:\/\/timberwalls.net\/lt\/wp-json\/wp\/v2\/types\/page"}],"author":[{"embeddable":true,"href":"https:\/\/timberwalls.net\/lt\/wp-json\/wp\/v2\/users\/3"}],"replies":[{"embeddable":true,"href":"https:\/\/timberwalls.net\/lt\/wp-json\/wp\/v2\/comments?post=15160"}],"version-history":[{"count":6,"href":"https:\/\/timberwalls.net\/lt\/wp-json\/wp\/v2\/pages\/15160\/revisions"}],"predecessor-version":[{"id":15942,"href":"https:\/\/timberwalls.net\/lt\/wp-json\/wp\/v2\/pages\/15160\/revisions\/15942"}],"up":[{"embeddable":true,"href":"https:\/\/timberwalls.net\/lt\/wp-json\/wp\/v2\/pages\/13450"}],"wp:attachment":[{"href":"https:\/\/timberwalls.net\/lt\/wp-json\/wp\/v2\/media?parent=15160"}],"curies":[{"name":"wp","href":"https:\/\/api.w.org\/{rel}","templated":true}]}}