{"id":15174,"date":"2024-11-12T12:33:13","date_gmt":"2024-11-12T12:33:13","guid":{"rendered":"https:\/\/timberwalls.net\/?page_id=15174"},"modified":"2025-01-30T11:48:51","modified_gmt":"2025-01-30T11:48:51","slug":"skydiniai-komerciniai-pastatai-vystytojams","status":"publish","type":"page","link":"https:\/\/timberwalls.net\/lt\/produktai\/skydiniai-komerciniai-pastatai-vystytojams\/","title":{"rendered":"Skydiniai Komerciniai Pastatai Vystytojams"},"content":{"rendered":"<div class=\"wpb-content-wrapper\"><p>[vc_row gap=&#8221;20&#8243; content_placement=&#8221;middle&#8221; woodmart_css_id=&#8221;66beb66f5696d&#8221; responsive_spacing=&#8221;eyJwYXJhbV90eXBlIjoid29vZG1hcnRfcmVzcG9uc2l2ZV9zcGFjaW5nIiwic2VsZWN0b3JfaWQiOiI2NmJlYjY2ZjU2OTZkIiwic2hvcnRjb2RlIjoidmNfcm93IiwiZGF0YSI6eyJ0YWJsZXQiOnt9LCJtb2JpbGUiOnt9fX0=&#8221; mobile_bg_img_hidden=&#8221;no&#8221; tablet_bg_img_hidden=&#8221;no&#8221; woodmart_parallax=&#8221;0&#8243; woodmart_gradient_switch=&#8221;no&#8221; woodmart_box_shadow=&#8221;no&#8221; wd_z_index=&#8221;no&#8221; woodmart_disable_overflow=&#8221;0&#8243; row_reverse_mobile=&#8221;0&#8243; row_reverse_tablet=&#8221;0&#8243;][vc_column]\t\t\t<link rel=\"stylesheet\" id=\"wd-section-title-css\" href=\"https:\/\/timberwalls.net\/wp-content\/themes\/woodmart\/css\/parts\/el-section-title.min.css?ver=7.5.2\" type=\"text\/css\" media=\"all\" \/> \t\t\t\t\t\t<link rel=\"stylesheet\" id=\"wd-mod-highlighted-text-css\" href=\"https:\/\/timberwalls.net\/wp-content\/themes\/woodmart\/css\/parts\/mod-highlighted-text.min.css?ver=7.5.2\" type=\"text\/css\" media=\"all\" \/> \t\t\t\n\t\t<div id=\"wd-679b629aa13e2\" class=\"title-wrapper wd-wpb set-mb-s reset-last-child  wd-rs-679b629aa13e2 wd-title-color-default wd-title-style-default text-left  wd-underline-colored\">\n\t\t\t\n\t\t\t<div class=\"liner-continer\">\n\t\t\t\t<h4 class=\"woodmart-title-container title  wd-font-weight- wd-fontsize-l\" >Sprendimai vystytojams su TIMBERWALLS<\/h4>\n\t\t\t\t\t\t\t<\/div>\n\t\t\t\n\t\t\t\n\t\t\t\n\t\t<\/div>\n\t\t\n\t\t\t\t\t<link rel=\"stylesheet\" id=\"wd-text-block-css\" href=\"https:\/\/timberwalls.net\/wp-content\/themes\/woodmart\/css\/parts\/el-text-block.min.css?ver=7.5.2\" type=\"text\/css\" media=\"all\" \/> \t\t\t\t\t<div id=\"wd-679b66de09382\" class=\"wd-text-block wd-wpb reset-last-child wd-rs-679b66de09382 text-left \">\n\t\t\t<p>TIMBERWALLS \u2013 patikimas ir inovatyvus partneris vystytojams, ie\u0161kantiems ekonomi\u0161k\u0173, tvari\u0173 ir greitai \u012fgyvendinam\u0173 statybos sprendim\u0173. Su m\u016bs\u0173 skydiniais komercinais pastatais suteikiame galimyb\u0119 greitai ir kokybi\u0161kai \u012fgyvendinti \u012fvairaus masto projektus \u2013 nuo individuali\u0173 gyvenam\u0173j\u0173 b\u016bst\u0173 iki didelio masto nekilnojamojo turto projekt\u0173.<\/p>\n\t\t<\/div>\n\t\t[\/vc_column][\/vc_row][vc_row][vc_column]\n\t\t<div id=\"wd-679b62b751213\" class=\"title-wrapper wd-wpb set-mb-s reset-last-child  wd-rs-679b62b751213 wd-title-color-default wd-title-style-default text-left  wd-underline-colored\">\n\t\t\t\n\t\t\t<div class=\"liner-continer\">\n\t\t\t\t<h4 class=\"woodmart-title-container title  wd-font-weight- wd-fontsize-l\" >Kod\u0117l rinktis skydin\u0119 technologij\u0105, o ne m\u016brin\u0119?<\/h4>\n\t\t\t\t\t\t\t<\/div>\n\t\t\t\n\t\t\t\n\t\t\t\n\t\t<\/div>\n\t\t\n\t\t[\/vc_column][\/vc_row][vc_row][vc_column width=&#8221;1\/2&#8243;]\t\t<div id=\"wd-679b62d1c4b64\" class=\"wd-text-block wd-wpb reset-last-child wd-rs-679b62d1c4b64 text-left \">\n\t\t\t<p>Skydin\u0117 technologija tampa vis populiaresn\u0117 tarp vystytoj\u0173 d\u0117l keleto svarbi\u0173 prana\u0161um\u0173, palyginus su tradicine m\u016brine statyba:<\/p>\n<ul>\n<li><strong>Laiko taupymas ir greitis:<\/strong> Skydini\u0173 nam\u0173 statyba yra \u017eenkliai greitesn\u0117. Did\u017eioji dalis komponent\u0173 gaminama gamykloje, o j\u0173 montavimas u\u017etrunka vos kelias savaites. Tai leid\u017eia vystytojams grei\u010diau u\u017ebaigti projekt\u0105 ir grei\u010diau gauti peln\u0105, prie\u0161ingai nei renkantis m\u016brin\u0119 technologij\u0105, kuri reikalauja daugiau laiko tiek statybai, tiek d\u017ei\u016bvimo procesui.<\/li>\n<li><strong>Ekonomi\u0161kumas:<\/strong> Skydin\u0117 technologija leid\u017eia vystytojams efektyviau kontroliuoti i\u0161laidas. Sutaupomas laikas, ma\u017eiau i\u0161leid\u017eiama darbo j\u0117gai, o i\u0161 anksto suplanuotas med\u017eiag\u0173 sunaudojimas leid\u017eia i\u0161vengti nenumatyt\u0173 i\u0161laid\u0173.<\/li>\n<li><strong>Auk\u0161ta kokyb\u0117 ir tvarumas:<\/strong> M\u016bs\u0173 gaminami skydiniai namai atitinka auk\u0161\u010diausius kokyb\u0117s standartus. Kiekvienas elementas gaminamas kontroliuojamoje aplinkoje, tod\u0117l suma\u017einama klaid\u0173 rizika. Naudodami ekologi\u0161kas med\u017eiagas, u\u017etikriname ne tik tvar\u0173 projekt\u0173 vystym\u0105, bet ir \u0161varesn\u012f statybos proces\u0105, kas ypa\u010d svarbu gyvenamuosiuose kvartaluose.<\/li>\n<li><strong>Energetinis efektyvumas:<\/strong> Skydiniai namai pasi\u017eymi puikiomis termoizoliacin\u0117mis savyb\u0117mis, tod\u0117l \u0161ildymo ir v\u0117sinimo s\u0105naudos yra ma\u017eesn\u0117s. Tai ypa\u010d vertina b\u016bsimi b\u016bsto savininkai, kurie ilgainiui sutaupo eksploatacines i\u0161laidas.<\/li>\n<li><strong>Laimingi kaimynai ir \u0161vari statybviet\u0117:<\/strong> D\u0117l greito statyb\u0173 proceso ir ma\u017eesnio atliek\u0173 kiekio statybviet\u0117je aplinkiniai kaimynai patiria ma\u017eiau diskomforto, o kvartalas i\u0161laiko tvarking\u0105 aplink\u0105.<\/li>\n<li><strong>Greitesn\u0117 investicij\u0173 gr\u0105\u017ea:<\/strong> Greitesnis projekt\u0173 u\u017ebaigimas rei\u0161kia greitesn\u0119 pinig\u0173 gr\u0105\u017e\u0105 vystytojams. Pasirinkus skydin\u0119 technologij\u0105, projekt\u0105 galima \u012fgyvendinti per daug trumpesn\u012f laik\u0105, kas leid\u017eia grei\u010diau j\u012f parduoti arba i\u0161nuomoti.<\/li>\n<\/ul>\n\t\t<\/div>\n\t\t[\/vc_column][vc_column width=&#8221;1\/2&#8243;][vc_single_image image=&#8221;14611&#8243; img_size=&#8221;593 x 728&#8243; css=&#8221;&#8221; parallax_scroll=&#8221;no&#8221; woodmart_inline=&#8221;no&#8221;][\/vc_column][\/vc_row][vc_row][vc_column width=&#8221;1\/2&#8243;][\/vc_column][vc_column width=&#8221;1\/2&#8243;]\n\t\t<div id=\"wd-679b62e32f584\" class=\"title-wrapper wd-wpb set-mb-s reset-last-child  wd-rs-679b62e32f584 wd-title-color-default wd-title-style-default text-left  wd-underline-colored\">\n\t\t\t\n\t\t\t<div class=\"liner-continer\">\n\t\t\t\t<h4 class=\"woodmart-title-container title  wd-font-weight- wd-fontsize-l\" >TIMBERWALLS privalumai vystytojams:<\/h4>\n\t\t\t\t\t\t\t<\/div>\n\t\t\t\n\t\t\t\n\t\t\t\n\t\t<\/div>\n\t\t\n\t\t[\/vc_column][\/vc_row][vc_row][vc_column width=&#8221;1\/2&#8243;][vc_single_image image=&#8221;13242&#8243; img_size=&#8221;2048 x 1000&#8243; css=&#8221;&#8221; parallax_scroll=&#8221;no&#8221; woodmart_inline=&#8221;no&#8221;][\/vc_column][vc_column width=&#8221;1\/2&#8243;]\t\t<div id=\"wd-679b62f1de76f\" class=\"wd-text-block wd-wpb reset-last-child wd-rs-679b62f1de76f text-left \">\n\t\t\t<ul>\n<li><strong>Visapusis projekt\u0173 valdymas:<\/strong> nuo projektavimo iki gamybos ir montavimo \u2013 m\u016bs\u0173 komanda dirba tam, kad j\u016bs\u0173 projektas b\u016bt\u0173 \u012fgyvendintas skland\u017eiai ir laiku.<\/li>\n<li><strong>Profesionali ir patyrusi komanda:<\/strong> m\u016bs\u0173 specialistai pad\u0117s rasti geriausius sprendimus kiekvienam j\u016bs\u0173 projekto etapui.<\/li>\n<li><strong>Auk\u0161ti kokyb\u0117s standartai:<\/strong> visos gamybos ir montavimo operacijos vykdomos grie\u017etai laikantis kokyb\u0117s kontrol\u0117s protokol\u0173.<\/li>\n<li><strong>Tvarios statybos sertifikatai:<\/strong> m\u016bs\u0173 skydiniai namai atitinka tarptautinius tvarumo standartus, tod\u0117l galite b\u016bti ram\u016bs d\u0117l ekologinio projekto \u012fgyvendinimo.<\/li>\n<\/ul>\n\t\t<\/div>\n\t\t[\/vc_column][\/vc_row][vc_row][vc_column]\n\t\t<div id=\"wd-679b630c26c76\" class=\"title-wrapper wd-wpb set-mb-s reset-last-child  wd-rs-679b630c26c76 wd-title-color-default wd-title-style-default text-left  wd-underline-colored\">\n\t\t\t\n\t\t\t<div class=\"liner-continer\">\n\t\t\t\t<h4 class=\"woodmart-title-container title  wd-font-weight- wd-fontsize-l\" >Partneryst\u0117 su TIMBERWALLS<\/h4>\n\t\t\t\t\t\t\t<\/div>\n\t\t\t\n\t\t\t\n\t\t\t\n\t\t<\/div>\n\t\t\n\t\t[\/vc_column][\/vc_row][vc_row][vc_column]\t\t<div id=\"wd-679b63191fecd\" class=\"wd-text-block wd-wpb reset-last-child wd-rs-679b63191fecd text-left \">\n\t\t\t<p>Kvie\u010diame jus bendradarbiauti su TIMBERWALLS \u2013 kartu galime \u012fgyvendinti net ir ambicingiausius nekilnojamojo turto projektus. Mes esame pasiruo\u0161\u0119 tapti j\u016bs\u0173 patikimu partneriu, teikdami pa\u017eangiausius sprendimus tiek nedideliems individualiems namams, tiek didelio masto kvartalams, komerciniams ir renovaciniams objektams.<\/p>\n<p>Jei turite klausim\u0173 ar nor\u0117tum\u0117te aptarti savo projekt\u0105, susisiekite su mumis \u2013 m\u016bs\u0173 komanda pasiruo\u0161usi pad\u0117ti kiekviename \u017eingsnyje<\/p>\n\t\t<\/div>\n\t\t[\/vc_column][\/vc_row][vc_row][vc_column]<div id=\"wd-679b6651d84a9\" class=\" wd-rs-679b6651d84a9  wd-button-wrapper text-center\"><a href=\"https:\/\/timberwalls.net\/lt\/kontaktai\/\" title=\"\" class=\"btn btn-color-alt btn-style-default btn-style-round btn-size-extra-large\">SUSISIEKTI<\/a><\/div>[\/vc_column][\/vc_row]<\/p>\n<\/div>","protected":false},"excerpt":{"rendered":"<p>[vc_row gap=&#8221;20&#8243; content_placement=&#8221;middle&#8221; woodmart_css_id=&#8221;66beb66f5696d&#8221; responsive_spacing=&#8221;eyJwYXJhbV90eXBlIjoid29vZG1hcnRfcmVzcG9uc2l2ZV9zcGFjaW5nIiwic2VsZWN0b3JfaWQiOiI2NmJlYjY2ZjU2OTZkIiwic2hvcnRjb2RlIjoidmNfcm93IiwiZGF0YSI6eyJ0YWJsZXQiOnt9LCJtb2JpbGUiOnt9fX0=&#8221; mobile_bg_img_hidden=&#8221;no&#8221; tablet_bg_img_hidden=&#8221;no&#8221; woodmart_parallax=&#8221;0&#8243; woodmart_gradient_switch=&#8221;no&#8221; woodmart_box_shadow=&#8221;no&#8221; wd_z_index=&#8221;no&#8221; woodmart_disable_overflow=&#8221;0&#8243; row_reverse_mobile=&#8221;0&#8243; row_reverse_tablet=&#8221;0&#8243;][vc_column][\/vc_column][\/vc_row][vc_row][vc_column][\/vc_column][\/vc_row][vc_row][vc_column width=&#8221;1\/2&#8243;][\/vc_column][vc_column width=&#8221;1\/2&#8243;][vc_single_image image=&#8221;14611&#8243; img_size=&#8221;593 x 728&#8243;<\/p>\n","protected":false},"author":3,"featured_media":0,"parent":13450,"menu_order":0,"comment_status":"closed","ping_status":"closed","template":"","meta":{"footnotes":""},"class_list":["post-15174","page","type-page","status-publish","hentry"],"yoast_head":"<!-- This site is optimized with the Yoast SEO plugin v23.6 - https:\/\/yoast.com\/wordpress\/plugins\/seo\/ -->\n<title>Skydiniai Komerciniai Pastatai Vystytojams - timberwalls.net<\/title>\n<meta name=\"robots\" content=\"index, follow, max-snippet:-1, max-image-preview:large, max-video-preview:-1\" \/>\n<link rel=\"canonical\" href=\"https:\/\/timberwalls.net\/lt\/produktai\/skydiniai-komerciniai-pastatai-vystytojams\/\" \/>\n<meta property=\"og:locale\" content=\"lt_LT\" \/>\n<meta property=\"og:type\" content=\"article\" \/>\n<meta property=\"og:title\" content=\"Skydiniai Komerciniai Pastatai Vystytojams - timberwalls.net\" \/>\n<meta property=\"og:url\" content=\"https:\/\/timberwalls.net\/lt\/produktai\/skydiniai-komerciniai-pastatai-vystytojams\/\" \/>\n<meta property=\"og:site_name\" content=\"timberwalls.net\" \/>\n<meta property=\"article:modified_time\" content=\"2025-01-30T11:48:51+00:00\" \/>\n<meta property=\"og:image\" content=\"https:\/\/timberwalls.net\/wp-content\/uploads\/2024\/09\/843_1854905491.jpg\" \/>\n\t<meta property=\"og:image:width\" content=\"1600\" \/>\n\t<meta property=\"og:image:height\" content=\"1200\" \/>\n\t<meta property=\"og:image:type\" content=\"image\/jpeg\" \/>\n<meta name=\"twitter:card\" content=\"summary_large_image\" \/>\n<meta name=\"twitter:label1\" content=\"Est. reading time\" \/>\n\t<meta name=\"twitter:data1\" content=\"3 minut\u0117s\" \/>\n<script type=\"application\/ld+json\" class=\"yoast-schema-graph\">{\"@context\":\"https:\/\/schema.org\",\"@graph\":[{\"@type\":\"WebPage\",\"@id\":\"https:\/\/timberwalls.net\/lt\/produktai\/skydiniai-komerciniai-pastatai-vystytojams\/\",\"url\":\"https:\/\/timberwalls.net\/lt\/produktai\/skydiniai-komerciniai-pastatai-vystytojams\/\",\"name\":\"Skydiniai Komerciniai Pastatai Vystytojams - timberwalls.net\",\"isPartOf\":{\"@id\":\"https:\/\/timberwalls.net\/de\/#website\"},\"datePublished\":\"2024-11-12T12:33:13+00:00\",\"dateModified\":\"2025-01-30T11:48:51+00:00\",\"breadcrumb\":{\"@id\":\"https:\/\/timberwalls.net\/lt\/produktai\/skydiniai-komerciniai-pastatai-vystytojams\/#breadcrumb\"},\"inLanguage\":\"lt-LT\",\"potentialAction\":[{\"@type\":\"ReadAction\",\"target\":[\"https:\/\/timberwalls.net\/lt\/produktai\/skydiniai-komerciniai-pastatai-vystytojams\/\"]}]},{\"@type\":\"BreadcrumbList\",\"@id\":\"https:\/\/timberwalls.net\/lt\/produktai\/skydiniai-komerciniai-pastatai-vystytojams\/#breadcrumb\",\"itemListElement\":[{\"@type\":\"ListItem\",\"position\":1,\"name\":\"Home\",\"item\":\"https:\/\/timberwalls.net\/lt\/\"},{\"@type\":\"ListItem\",\"position\":2,\"name\":\"Produktai\",\"item\":\"https:\/\/timberwalls.net\/lt\/produktai\/\"},{\"@type\":\"ListItem\",\"position\":3,\"name\":\"Skydiniai Komerciniai Pastatai Vystytojams\"}]},{\"@type\":\"WebSite\",\"@id\":\"https:\/\/timberwalls.net\/de\/#website\",\"url\":\"https:\/\/timberwalls.net\/de\/\",\"name\":\"timberwalls.net\",\"description\":\"timberwalls.net\",\"publisher\":{\"@id\":\"https:\/\/timberwalls.net\/de\/#organization\"},\"potentialAction\":[{\"@type\":\"SearchAction\",\"target\":{\"@type\":\"EntryPoint\",\"urlTemplate\":\"https:\/\/timberwalls.net\/de\/?s={search_term_string}\"},\"query-input\":{\"@type\":\"PropertyValueSpecification\",\"valueRequired\":true,\"valueName\":\"search_term_string\"}}],\"inLanguage\":\"lt-LT\"},{\"@type\":\"Organization\",\"@id\":\"https:\/\/timberwalls.net\/de\/#organization\",\"name\":\"Wooden frame-panel houses\",\"url\":\"https:\/\/timberwalls.net\/de\/\",\"logo\":{\"@type\":\"ImageObject\",\"inLanguage\":\"lt-LT\",\"@id\":\"https:\/\/timberwalls.net\/de\/#\/schema\/logo\/image\/\",\"url\":\"https:\/\/timberwalls.net\/wp-content\/uploads\/2024\/08\/Timberwalls-logo-1.jpg\",\"contentUrl\":\"https:\/\/timberwalls.net\/wp-content\/uploads\/2024\/08\/Timberwalls-logo-1.jpg\",\"width\":960,\"height\":685,\"caption\":\"Wooden frame-panel houses\"},\"image\":{\"@id\":\"https:\/\/timberwalls.net\/de\/#\/schema\/logo\/image\/\"}}]}<\/script>\n<!-- \/ Yoast SEO plugin. -->","yoast_head_json":{"title":"Skydiniai Komerciniai Pastatai Vystytojams - timberwalls.net","robots":{"index":"index","follow":"follow","max-snippet":"max-snippet:-1","max-image-preview":"max-image-preview:large","max-video-preview":"max-video-preview:-1"},"canonical":"https:\/\/timberwalls.net\/lt\/produktai\/skydiniai-komerciniai-pastatai-vystytojams\/","og_locale":"lt_LT","og_type":"article","og_title":"Skydiniai Komerciniai Pastatai Vystytojams - timberwalls.net","og_url":"https:\/\/timberwalls.net\/lt\/produktai\/skydiniai-komerciniai-pastatai-vystytojams\/","og_site_name":"timberwalls.net","article_modified_time":"2025-01-30T11:48:51+00:00","og_image":[{"width":1600,"height":1200,"url":"https:\/\/timberwalls.net\/wp-content\/uploads\/2024\/09\/843_1854905491.jpg","type":"image\/jpeg"}],"twitter_card":"summary_large_image","twitter_misc":{"Est. reading time":"3 minut\u0117s"},"schema":{"@context":"https:\/\/schema.org","@graph":[{"@type":"WebPage","@id":"https:\/\/timberwalls.net\/lt\/produktai\/skydiniai-komerciniai-pastatai-vystytojams\/","url":"https:\/\/timberwalls.net\/lt\/produktai\/skydiniai-komerciniai-pastatai-vystytojams\/","name":"Skydiniai Komerciniai Pastatai Vystytojams - timberwalls.net","isPartOf":{"@id":"https:\/\/timberwalls.net\/de\/#website"},"datePublished":"2024-11-12T12:33:13+00:00","dateModified":"2025-01-30T11:48:51+00:00","breadcrumb":{"@id":"https:\/\/timberwalls.net\/lt\/produktai\/skydiniai-komerciniai-pastatai-vystytojams\/#breadcrumb"},"inLanguage":"lt-LT","potentialAction":[{"@type":"ReadAction","target":["https:\/\/timberwalls.net\/lt\/produktai\/skydiniai-komerciniai-pastatai-vystytojams\/"]}]},{"@type":"BreadcrumbList","@id":"https:\/\/timberwalls.net\/lt\/produktai\/skydiniai-komerciniai-pastatai-vystytojams\/#breadcrumb","itemListElement":[{"@type":"ListItem","position":1,"name":"Home","item":"https:\/\/timberwalls.net\/lt\/"},{"@type":"ListItem","position":2,"name":"Produktai","item":"https:\/\/timberwalls.net\/lt\/produktai\/"},{"@type":"ListItem","position":3,"name":"Skydiniai Komerciniai Pastatai Vystytojams"}]},{"@type":"WebSite","@id":"https:\/\/timberwalls.net\/de\/#website","url":"https:\/\/timberwalls.net\/de\/","name":"timberwalls.net","description":"timberwalls.net","publisher":{"@id":"https:\/\/timberwalls.net\/de\/#organization"},"potentialAction":[{"@type":"SearchAction","target":{"@type":"EntryPoint","urlTemplate":"https:\/\/timberwalls.net\/de\/?s={search_term_string}"},"query-input":{"@type":"PropertyValueSpecification","valueRequired":true,"valueName":"search_term_string"}}],"inLanguage":"lt-LT"},{"@type":"Organization","@id":"https:\/\/timberwalls.net\/de\/#organization","name":"Wooden frame-panel houses","url":"https:\/\/timberwalls.net\/de\/","logo":{"@type":"ImageObject","inLanguage":"lt-LT","@id":"https:\/\/timberwalls.net\/de\/#\/schema\/logo\/image\/","url":"https:\/\/timberwalls.net\/wp-content\/uploads\/2024\/08\/Timberwalls-logo-1.jpg","contentUrl":"https:\/\/timberwalls.net\/wp-content\/uploads\/2024\/08\/Timberwalls-logo-1.jpg","width":960,"height":685,"caption":"Wooden frame-panel houses"},"image":{"@id":"https:\/\/timberwalls.net\/de\/#\/schema\/logo\/image\/"}}]}},"_links":{"self":[{"href":"https:\/\/timberwalls.net\/lt\/wp-json\/wp\/v2\/pages\/15174","targetHints":{"allow":["GET"]}}],"collection":[{"href":"https:\/\/timberwalls.net\/lt\/wp-json\/wp\/v2\/pages"}],"about":[{"href":"https:\/\/timberwalls.net\/lt\/wp-json\/wp\/v2\/types\/page"}],"author":[{"embeddable":true,"href":"https:\/\/timberwalls.net\/lt\/wp-json\/wp\/v2\/users\/3"}],"replies":[{"embeddable":true,"href":"https:\/\/timberwalls.net\/lt\/wp-json\/wp\/v2\/comments?post=15174"}],"version-history":[{"count":7,"href":"https:\/\/timberwalls.net\/lt\/wp-json\/wp\/v2\/pages\/15174\/revisions"}],"predecessor-version":[{"id":15944,"href":"https:\/\/timberwalls.net\/lt\/wp-json\/wp\/v2\/pages\/15174\/revisions\/15944"}],"up":[{"embeddable":true,"href":"https:\/\/timberwalls.net\/lt\/wp-json\/wp\/v2\/pages\/13450"}],"wp:attachment":[{"href":"https:\/\/timberwalls.net\/lt\/wp-json\/wp\/v2\/media?parent=15174"}],"curies":[{"name":"wp","href":"https:\/\/api.w.org\/{rel}","templated":true}]}}