{"id":13456,"date":"2024-08-13T12:51:56","date_gmt":"2024-08-13T12:51:56","guid":{"rendered":"https:\/\/timberwalls.net\/house-projects\/"},"modified":"2025-01-31T10:59:26","modified_gmt":"2025-01-31T10:59:26","slug":"ferdighus","status":"publish","type":"page","link":"https:\/\/timberwalls.net\/no\/ferdighus\/","title":{"rendered":"Ferdighus"},"content":{"rendered":"<div class=\"wpb-content-wrapper\"><p>[vc_row][vc_column width=&raquo;1\/2&#8243; css=&raquo;.vc_custom_1723730383399{margin-bottom: 20px !important;}&raquo; woodmart_css_id=&raquo;66be09cba7ef4&#8243; parallax_scroll=&raquo;no&raquo; woodmart_sticky_column=&raquo;false&raquo; wd_collapsible_content_switcher=&raquo;no&raquo; wd_column_role_offcanvas_desktop=&raquo;no&raquo; wd_column_role_offcanvas_tablet=&raquo;no&raquo; wd_column_role_offcanvas_mobile=&raquo;no&raquo; wd_column_role_content_desktop=&raquo;no&raquo; wd_column_role_content_tablet=&raquo;no&raquo; wd_column_role_content_mobile=&raquo;no&raquo; mobile_bg_img_hidden=&raquo;no&raquo; tablet_bg_img_hidden=&raquo;no&raquo; woodmart_parallax=&raquo;0&#8243; woodmart_box_shadow=&raquo;no&raquo; responsive_spacing=&raquo;eyJwYXJhbV90eXBlIjoid29vZG1hcnRfcmVzcG9uc2l2ZV9zcGFjaW5nIiwic2VsZWN0b3JfaWQiOiI2NmJlMDljYmE3ZWY0Iiwic2hvcnRjb2RlIjoidmNfY29sdW1uIiwiZGF0YSI6eyJ0YWJsZXQiOnt9LCJtb2JpbGUiOnt9fX0=&raquo; mobile_reset_margin=&raquo;no&raquo; tablet_reset_margin=&raquo;no&raquo; wd_z_index=&raquo;no&raquo;]\t\t\t<link rel=\"stylesheet\" id=\"wd-banner-css\" href=\"https:\/\/timberwalls.net\/wp-content\/themes\/woodmart\/css\/parts\/wpb-el-banner.min.css?ver=7.5.2\" type=\"text\/css\" media=\"all\" \/> \t\t\t\t\t\t<link rel=\"stylesheet\" id=\"wd-banner-style-mask-and-shadow-css\" href=\"https:\/\/timberwalls.net\/wp-content\/themes\/woodmart\/css\/parts\/el-banner-style-mask-and-shadow.min.css?ver=7.5.2\" type=\"text\/css\" media=\"all\" \/> \t\t\t\t\t\t<link rel=\"stylesheet\" id=\"wd-banner-hover-zoom-css\" href=\"https:\/\/timberwalls.net\/wp-content\/themes\/woodmart\/css\/parts\/el-banner-hover-zoom.min.css?ver=7.5.2\" type=\"text\/css\" media=\"all\" \/> \t\t\t\t\t\t<link rel=\"stylesheet\" id=\"wd-banner-btn-hover-css\" href=\"https:\/\/timberwalls.net\/wp-content\/themes\/woodmart\/css\/parts\/el-banner-btn-hover.min.css?ver=7.5.2\" type=\"text\/css\" media=\"all\" \/> \t\t\t\t\t\t<link rel=\"stylesheet\" id=\"wd-mod-highlighted-text-css\" href=\"https:\/\/timberwalls.net\/wp-content\/themes\/woodmart\/css\/parts\/mod-highlighted-text.min.css?ver=7.5.2\" type=\"text\/css\" media=\"all\" \/> \t\t\t\t\t<div class=\"promo-banner-wrapper  wd-rs-67922f3f666d9 \">\n\t\t\t<div id=\"wd-67922f3f666d9\" class=\"promo-banner  banner-mask banner-hover-zoom color-scheme-light banner-btn-size-default banner-btn-style-bordered  with-btn banner-btn-position-hover wd-with-link wd-underline-colored\">\n\t\t\t\t<div class=\"main-wrapp-img\">\n\t\t\t\t\t<div class=\"banner-image wd-bg-position-center\" >\n\t\t\t\t\t\t<img loading=\"lazy\" decoding=\"async\" width=\"2560\" height=\"1440\" src=\"https:\/\/timberwalls.net\/wp-content\/uploads\/2024\/08\/69.9._Photo-4-scaled-1.jpg\" class=\"attachment-full size-full\" alt=\"\" \/>\t\t\t\t\t<\/div>\n\t\t\t\t<\/div>\n\n\t\t\t\t<div class=\"wrapper-content-banner wd-fill  wd-items-middle wd-justify-center\">\n\t\t\t\t\t<div class=\"content-banner  text-center\">\n\t\t\t\t\t\t<h4 class=\"banner-title wd-font-weight- wd-fontsize-xl\">STANDARD FERDIGHUS<\/h4>\t\t\t\t\t\t\n\t\t\t\t\t\t\n\t\t\t\t\t\t<div class=\"banner-btn-wrapper\"><div id=\"wd-69f630f8ba0ee\" class=\"  wd-button-wrapper text-center\"><a href=\"https:\/\/timberwalls.net\/no\/husprosjekter\/standard-ferdighus\/\" title=\"\" class=\"btn btn-color-white btn-style-bordered btn-style-round btn-size-default\">Se mer.<\/a><\/div><\/div>\t\t\t\t\t<\/div>\n\t\t\t\t<\/div>\n\n\t\t\t\t\t\t\t\t\t<a class=\"wd-promo-banner-link wd-fill\" aria-label=\"Banner link\" href=\"https:\/\/timberwalls.net\/no\/husprosjekter\/standard-ferdighus\/\" title=\"\"><\/a>\n\t\t\t\t\n\t\t\t\t\t\t\t<\/div>\n\t\t<\/div>\n\n\t\t[\/vc_column][vc_column width=&raquo;1\/2&#8243; css=&raquo;.vc_custom_1723730390169{margin-bottom: 20px !important;}&raquo; woodmart_css_id=&raquo;66be09d21077f&raquo; parallax_scroll=&raquo;no&raquo; woodmart_sticky_column=&raquo;false&raquo; wd_collapsible_content_switcher=&raquo;no&raquo; wd_column_role_offcanvas_desktop=&raquo;no&raquo; wd_column_role_offcanvas_tablet=&raquo;no&raquo; wd_column_role_offcanvas_mobile=&raquo;no&raquo; wd_column_role_content_desktop=&raquo;no&raquo; wd_column_role_content_tablet=&raquo;no&raquo; wd_column_role_content_mobile=&raquo;no&raquo; mobile_bg_img_hidden=&raquo;no&raquo; tablet_bg_img_hidden=&raquo;no&raquo; woodmart_parallax=&raquo;0&#8243; woodmart_box_shadow=&raquo;no&raquo; responsive_spacing=&raquo;eyJwYXJhbV90eXBlIjoid29vZG1hcnRfcmVzcG9uc2l2ZV9zcGFjaW5nIiwic2VsZWN0b3JfaWQiOiI2NmJlMDlkMjEwNzdmIiwic2hvcnRjb2RlIjoidmNfY29sdW1uIiwiZGF0YSI6eyJ0YWJsZXQiOnt9LCJtb2JpbGUiOnt9fX0=&raquo; mobile_reset_margin=&raquo;no&raquo; tablet_reset_margin=&raquo;no&raquo; wd_z_index=&raquo;no&raquo;]\t\t<div class=\"promo-banner-wrapper  wd-rs-67922f444f5b7 \">\n\t\t\t<div id=\"wd-67922f444f5b7\" class=\"promo-banner  banner-mask banner-hover-zoom color-scheme-light banner-btn-size-default banner-btn-style-bordered  with-btn banner-btn-position-hover wd-with-link wd-underline-colored\">\n\t\t\t\t<div class=\"main-wrapp-img\">\n\t\t\t\t\t<div class=\"banner-image wd-bg-position-center\" >\n\t\t\t\t\t\t<img loading=\"lazy\" decoding=\"async\" width=\"2048\" height=\"1366\" src=\"https:\/\/timberwalls.net\/wp-content\/uploads\/2024\/09\/Architect-Office-with-Plan-on-PC-scaled-1.jpeg\" class=\"attachment-full size-full\" alt=\"\" \/>\t\t\t\t\t<\/div>\n\t\t\t\t<\/div>\n\n\t\t\t\t<div class=\"wrapper-content-banner wd-fill  wd-items-middle wd-justify-center\">\n\t\t\t\t\t<div class=\"content-banner  text-center\">\n\t\t\t\t\t\t<h4 class=\"banner-title wd-font-weight- wd-fontsize-xl\">BYGGET FOR BESTILLING -<\/h4>\t\t\t\t\t\t\n\t\t\t\t\t\t\n\t\t\t\t\t\t<div class=\"banner-btn-wrapper\"><div id=\"wd-69f630f8ba3b9\" class=\"  wd-button-wrapper text-center\"><a href=\"https:\/\/timberwalls.net\/no\/husprosjekter\/bygget-pa-bestilling\/\" title=\"\" class=\"btn btn-color-white btn-style-bordered btn-style-round btn-size-default\">Se mer.<\/a><\/div><\/div>\t\t\t\t\t<\/div>\n\t\t\t\t<\/div>\n\n\t\t\t\t\t\t\t\t\t<a class=\"wd-promo-banner-link wd-fill\" aria-label=\"Banner link\" href=\"https:\/\/timberwalls.net\/no\/husprosjekter\/bygget-pa-bestilling\/\" title=\"\"><\/a>\n\t\t\t\t\n\t\t\t\t\t\t\t<\/div>\n\t\t<\/div>\n\n\t\t[\/vc_column][\/vc_row][vc_row][vc_column width=&raquo;1\/2&#8243; css=&raquo;.vc_custom_1723730383399{margin-bottom: 20px !important;}&raquo; woodmart_css_id=&raquo;66be09cba7ef4&#8243; parallax_scroll=&raquo;no&raquo; woodmart_sticky_column=&raquo;false&raquo; wd_collapsible_content_switcher=&raquo;no&raquo; wd_column_role_offcanvas_desktop=&raquo;no&raquo; wd_column_role_offcanvas_tablet=&raquo;no&raquo; wd_column_role_offcanvas_mobile=&raquo;no&raquo; wd_column_role_content_desktop=&raquo;no&raquo; wd_column_role_content_tablet=&raquo;no&raquo; wd_column_role_content_mobile=&raquo;no&raquo; mobile_bg_img_hidden=&raquo;no&raquo; tablet_bg_img_hidden=&raquo;no&raquo; woodmart_parallax=&raquo;0&#8243; woodmart_box_shadow=&raquo;no&raquo; responsive_spacing=&raquo;eyJwYXJhbV90eXBlIjoid29vZG1hcnRfcmVzcG9uc2l2ZV9zcGFjaW5nIiwic2VsZWN0b3JfaWQiOiI2NmJlMDljYmE3ZWY0Iiwic2hvcnRjb2RlIjoidmNfY29sdW1uIiwiZGF0YSI6eyJ0YWJsZXQiOnt9LCJtb2JpbGUiOnt9fX0=&raquo; mobile_reset_margin=&raquo;no&raquo; tablet_reset_margin=&raquo;no&raquo; wd_z_index=&raquo;no&raquo;]\t\t<div class=\"promo-banner-wrapper  wd-rs-67922f48900a5 \">\n\t\t\t<div id=\"wd-67922f48900a5\" class=\"promo-banner  banner-mask banner-hover-zoom color-scheme-light banner-btn-size-default banner-btn-style-bordered  with-btn banner-btn-position-hover wd-with-link wd-underline-colored\">\n\t\t\t\t<div class=\"main-wrapp-img\">\n\t\t\t\t\t<div class=\"banner-image wd-bg-position-center\" >\n\t\t\t\t\t\t<img loading=\"lazy\" decoding=\"async\" width=\"1200\" height=\"711\" src=\"https:\/\/timberwalls.net\/wp-content\/uploads\/2024\/09\/7fa19180-6aa0-11ed-a135-293c3c895afb.jpg\" class=\"attachment-full size-full\" alt=\"\" \/>\t\t\t\t\t<\/div>\n\t\t\t\t<\/div>\n\n\t\t\t\t<div class=\"wrapper-content-banner wd-fill  wd-items-middle wd-justify-center\">\n\t\t\t\t\t<div class=\"content-banner  text-center\">\n\t\t\t\t\t\t<h4 class=\"banner-title wd-font-weight- wd-fontsize-xl\">FORSAMLING<\/h4>\t\t\t\t\t\t\n\t\t\t\t\t\t\n\t\t\t\t\t\t<div class=\"banner-btn-wrapper\"><div id=\"wd-69f630f8ba5da\" class=\"  wd-button-wrapper text-center\"><a href=\"https:\/\/timberwalls.net\/no\/husprosjekter\/forsamling\/\" title=\"\" class=\"btn btn-color-white btn-style-bordered btn-style-round btn-size-default\">Se mer.<\/a><\/div><\/div>\t\t\t\t\t<\/div>\n\t\t\t\t<\/div>\n\n\t\t\t\t\t\t\t\t\t<a class=\"wd-promo-banner-link wd-fill\" aria-label=\"Banner link\" href=\"https:\/\/timberwalls.net\/no\/husprosjekter\/forsamling\/\" title=\"\"><\/a>\n\t\t\t\t\n\t\t\t\t\t\t\t<\/div>\n\t\t<\/div>\n\n\t\t[\/vc_column][vc_column width=&raquo;1\/2&#8243; css=&raquo;.vc_custom_1723730390169{margin-bottom: 20px !important;}&raquo; woodmart_css_id=&raquo;66be09d21077f&raquo; parallax_scroll=&raquo;no&raquo; woodmart_sticky_column=&raquo;false&raquo; wd_collapsible_content_switcher=&raquo;no&raquo; wd_column_role_offcanvas_desktop=&raquo;no&raquo; wd_column_role_offcanvas_tablet=&raquo;no&raquo; wd_column_role_offcanvas_mobile=&raquo;no&raquo; wd_column_role_content_desktop=&raquo;no&raquo; wd_column_role_content_tablet=&raquo;no&raquo; wd_column_role_content_mobile=&raquo;no&raquo; mobile_bg_img_hidden=&raquo;no&raquo; tablet_bg_img_hidden=&raquo;no&raquo; woodmart_parallax=&raquo;0&#8243; woodmart_box_shadow=&raquo;no&raquo; responsive_spacing=&raquo;eyJwYXJhbV90eXBlIjoid29vZG1hcnRfcmVzcG9uc2l2ZV9zcGFjaW5nIiwic2VsZWN0b3JfaWQiOiI2NmJlMDlkMjEwNzdmIiwic2hvcnRjb2RlIjoidmNfY29sdW1uIiwiZGF0YSI6eyJ0YWJsZXQiOnt9LCJtb2JpbGUiOnt9fX0=&raquo; mobile_reset_margin=&raquo;no&raquo; tablet_reset_margin=&raquo;no&raquo; wd_z_index=&raquo;no&raquo;]\t\t<div class=\"promo-banner-wrapper  wd-rs-67922f4d2772e \">\n\t\t\t<div id=\"wd-67922f4d2772e\" class=\"promo-banner  banner-mask banner-hover-zoom color-scheme-light banner-btn-size-default banner-btn-style-bordered  with-btn banner-btn-position-hover wd-with-link wd-underline-colored\">\n\t\t\t\t<div class=\"main-wrapp-img\">\n\t\t\t\t\t<div class=\"banner-image wd-bg-position-center\" >\n\t\t\t\t\t\t<img loading=\"lazy\" decoding=\"async\" width=\"1600\" height=\"1067\" src=\"https:\/\/timberwalls.net\/wp-content\/uploads\/2024\/09\/843_1912415826.jpg\" class=\"attachment-full size-full\" alt=\"Fully completed prefab home project near Oslo, NorwayFully completed prefab home project in Norway\" \/>\t\t\t\t\t<\/div>\n\t\t\t\t<\/div>\n\n\t\t\t\t<div class=\"wrapper-content-banner wd-fill  wd-items-middle wd-justify-center\">\n\t\t\t\t\t<div class=\"content-banner  text-center\">\n\t\t\t\t\t\t<h4 class=\"banner-title wd-font-weight- wd-fontsize-xl\">GJENNOMF\u00d8RTE PROSJEKTER<\/h4>\t\t\t\t\t\t\n\t\t\t\t\t\t\n\t\t\t\t\t\t<div class=\"banner-btn-wrapper\"><div id=\"wd-69f630f8ba800\" class=\"  wd-button-wrapper text-center\"><a href=\"https:\/\/timberwalls.net\/no\/galleri\/gjennomforte-prosjekter\/\" title=\"\" class=\"btn btn-color-white btn-style-bordered btn-style-round btn-size-default\">Se mer.<\/a><\/div><\/div>\t\t\t\t\t<\/div>\n\t\t\t\t<\/div>\n\n\t\t\t\t\t\t\t\t\t<a class=\"wd-promo-banner-link wd-fill\" aria-label=\"Banner link\" href=\"https:\/\/timberwalls.net\/no\/galleri\/gjennomforte-prosjekter\/\" title=\"\"><\/a>\n\t\t\t\t\n\t\t\t\t\t\t\t<\/div>\n\t\t<\/div>\n\n\t\t[\/vc_column][\/vc_row][vc_row css=&raquo;.vc_custom_1728915737352{margin-top: 50px !important;}&raquo; woodmart_css_id=&raquo;670d2916128ad&raquo; responsive_spacing=&raquo;eyJwYXJhbV90eXBlIjoid29vZG1hcnRfcmVzcG9uc2l2ZV9zcGFjaW5nIiwic2VsZWN0b3JfaWQiOiI2NzBkMjkxNjEyOGFkIiwic2hvcnRjb2RlIjoidmNfcm93IiwiZGF0YSI6eyJ0YWJsZXQiOnt9LCJtb2JpbGUiOnt9fX0=&raquo; mobile_bg_img_hidden=&raquo;no&raquo; tablet_bg_img_hidden=&raquo;no&raquo; woodmart_parallax=&raquo;0&#8243; woodmart_gradient_switch=&raquo;no&raquo; woodmart_box_shadow=&raquo;no&raquo; wd_z_index=&raquo;no&raquo; woodmart_disable_overflow=&raquo;0&#8243; row_reverse_mobile=&raquo;0&#8243; row_reverse_tablet=&raquo;0&#8243;][vc_column]\t\t\t<link rel=\"stylesheet\" id=\"wd-text-block-css\" href=\"https:\/\/timberwalls.net\/wp-content\/themes\/woodmart\/css\/parts\/el-text-block.min.css?ver=7.5.2\" type=\"text\/css\" media=\"all\" \/> \t\t\t\t\t<div id=\"wd-670d290c14351\" class=\"wd-text-block wd-wpb reset-last-child wd-rs-670d290c14351 text-left \">\n\t\t\t<h3><strong>Elementarhusbygging: Fra prosjekt til ferdig hus<\/strong><\/h3>\n<p>Elementarhuser er kjent for sin raske og effektive bygging, takket v\u00e6re prefabrikkerte elementer. Denne produksjonsprosessen sparer tid og unng\u00e5r uventede utfordringer som kan oppst\u00e5 under byggingen.<\/p>\n<p>Produksjonsprosessen omfatter flere hovedfaser:<\/p>\n<ul>\n<li><strong>Planlegging:<\/strong> Hvert elementarhus begynner med et individuelt prosjekt. Arkitekter og ingeni\u00f8rer samarbeider med kundene for \u00e5 utvikle en unik boligplan, som tar hensyn til tomtens s\u00e6rpreg, kundens \u00f8nsker og byggeforskrifter.<\/li>\n<li><strong>Elementproduksjon:<\/strong> Basert p\u00e5 den utarbeidede planen starter produksjonen av elementer p\u00e5 fabrikken. Disse elementene best\u00e5r av en trekonstruksjon fylt med isolasjonsmaterialer. Vinduer, d\u00f8rer og tekniske systemer integreres i elementene.<\/li>\n<li><strong>Transport og montering:<\/strong> De ferdige elementene transporteres til byggeplassen og monteres p\u00e5 et forberedt fundament. Monteringsarbeidet utf\u00f8res raskt og presist, da hvert element er produsert etter en individuell plan og passer n\u00f8yaktig til sin plass.<\/li>\n<li><strong>Innvendig og utvendig arbeid:<\/strong> Etter at huset er satt sammen, utf\u00f8res innvendig og utvendig arbeid. Ved \u00e5 velge riktige materialer og overflatebehandling kan huset f\u00e5 en individuell og koselig karakter.<\/li>\n<\/ul>\n<h3><strong>Fordeler med elementarhuser: Ditt dr\u00f8mmehus<\/strong><\/h3>\n<p>\u00c5 bygge et hus er en betydelig investering, s\u00e5 du fortjener et hjem som perfekt gjenspeiler din stil og dine behov. Trehus og elementarhuser tilbyr en unik kombinasjon av skj\u00f8nnhet, b\u00e6rekraft og effektivitet, noe som gj\u00f8r dem til et utmerket valg for mange huseiere.<\/p>\n<p><strong>Fordeler med trehus og elementarhuser<\/strong><\/p>\n<p>En trekonstruksjon er en allsidig og tidstestet byggeteknologi med flere fordeler i forhold til tradisjonell murstens- og murv\u00e6rksbygging. Her er noen av de viktigste fordelene ved \u00e5 velge et trehus eller elementarhus:<\/p>\n<ul>\n<li><strong>Raskere bygging:<\/strong> Siden veggene i et elementarhus settes sammen i et kontrollert milj\u00f8, er byggeprosessen betydelig raskere enn tradisjonelle metoder. Det betyr at du kan flytte inn i ditt nye hjem tidligere og unng\u00e5 problemene med et langt byggeprosjekt.<\/li>\n<li><strong>B\u00e6rekraftig bygging:<\/strong> Tre er en fornybar ressurs, og byggingen av trehus og elementarhuser bruker mindre tre enn tradisjonelle t\u00f8mmerhus. I tillegg reduserer monteringsprosessen avfall p\u00e5 byggeplassen.<\/li>\n<li><strong>Energieffektivitet:<\/strong> Trehus og elementarhuser er naturlig energieffektive p\u00e5 grunn av treets utmerkede isolerende egenskaper. Dette kan hjelpe deg med \u00e5 spare penger p\u00e5 oppvarmings- og kj\u00f8lekostnader \u00e5ret rundt.<\/li>\n<li><strong>Holdbarhet:<\/strong> Riktig bygget og vedlikeholdt elementarhuser kan vare i \u00e5rhundrer. Tres styrke og stabilitet gj\u00f8r det til et p\u00e5litelig byggemateriale som kan t\u00e5le naturens krefter.<\/li>\n<li><strong>Designfleksibilitet:<\/strong> Elementarkonstruksjon gir mulighet for stor designfleksibilitet. Du kan skape et unikt hjem med forskjellige arkitektoniske stilarter og planer.<\/li>\n<\/ul>\n<p><strong>Timberwalls<\/strong> er forpliktet til \u00e5 levere sine kunder elementarhuser av h\u00f8yeste kvalitet. Vi bruker bare de beste materialene og ansetter erfarne h\u00e5ndverkere for \u00e5 sikre at ditt hus er bygget til \u00e5 vare.<\/p>\n<h3><strong>Hvorfor velge Timberwalls<\/strong><\/h3>\n<ul>\n<li><strong>Over 20 \u00e5rs erfaring:<\/strong> Vi har bygget elementarhuser i over 20 \u00e5r og har en dokumentert suksesshistorie. Vi vet hva som kreves for \u00e5 bygge et hjem som oppfyller dine behov og overg\u00e5r dine forventninger.<\/li>\n<li><strong>Bredt spekter av tjenester:<\/strong> Vi tilbyr et bredt spekter av tjenester for \u00e5 m\u00f8te dine behov, fra planlegging og ingeni\u00f8rarbeid til bygging og etterbehandling. Vi kan hjelpe deg p\u00e5 hvert trinn i husbyggingen.<\/li>\n<li><strong>Kundefokus:<\/strong> Vi er forpliktet til \u00e5 levere v\u00e5re kunder den best mulige opplevelse. Vi samarbeider tett med deg gjennom hele byggeprosessen for \u00e5 sikre at ditt hus er bygget etter dine n\u00f8yaktige krav.<\/li>\n<\/ul>\n<p>Hvis du vurderer \u00e5 bygge et nytt hus, oppfordrer vi deg til \u00e5 l\u00e6re mer om fordelene ved elementarhusbygging. Kontakt <strong>Timberwalls<\/strong> i dag for \u00e5 diskutere ditt dr\u00f8mmehus og starte ditt byggeprosjekt.<\/p>\n\t\t<\/div>\n\t\t[\/vc_column][\/vc_row]<\/p>\n<\/div>","protected":false},"excerpt":{"rendered":"<p>[vc_row][vc_column width=&raquo;1\/2&#8243; css=&raquo;.vc_custom_1723730383399{margin-bottom: 20px !important;}&raquo; woodmart_css_id=&raquo;66be09cba7ef4&#8243; parallax_scroll=&raquo;no&raquo; woodmart_sticky_column=&raquo;false&raquo; wd_collapsible_content_switcher=&raquo;no&raquo; wd_column_role_offcanvas_desktop=&raquo;no&raquo; wd_column_role_offcanvas_tablet=&raquo;no&raquo; wd_column_role_offcanvas_mobile=&raquo;no&raquo; wd_column_role_content_desktop=&raquo;no&raquo; wd_column_role_content_tablet=&raquo;no&raquo; wd_column_role_content_mobile=&raquo;no&raquo; mobile_bg_img_hidden=&raquo;no&raquo; tablet_bg_img_hidden=&raquo;no&raquo; woodmart_parallax=&raquo;0&#8243; woodmart_box_shadow=&raquo;no&raquo; responsive_spacing=&raquo;eyJwYXJhbV90eXBlIjoid29vZG1hcnRfcmVzcG9uc2l2ZV9zcGFjaW5nIiwic2VsZWN0b3JfaWQiOiI2NmJlMDljYmE3ZWY0Iiwic2hvcnRjb2RlIjoidmNfY29sdW1uIiwiZGF0YSI6eyJ0YWJsZXQiOnt9LCJtb2JpbGUiOnt9fX0=&raquo;<\/p>\n","protected":false},"author":1,"featured_media":0,"parent":0,"menu_order":0,"comment_status":"closed","ping_status":"closed","template":"","meta":{"footnotes":""},"class_list":["post-13456","page","type-page","status-publish","hentry"],"yoast_head":"<!-- This site is optimized with the Yoast SEO plugin v23.6 - https:\/\/yoast.com\/wordpress\/plugins\/seo\/ -->\n<title>Ferdighus - timberwalls.net<\/title>\n<meta name=\"description\" content=\"Prefabrikkerte hus \u2013 raskt, milj\u00f8vennlig og moderne! Vi tilbyr husprosjekter, montering og viser gjennomf\u00f8rte prosjekter. Finn ut mer!\" \/>\n<meta name=\"robots\" content=\"index, follow, max-snippet:-1, max-image-preview:large, max-video-preview:-1\" \/>\n<link rel=\"canonical\" href=\"https:\/\/timberwalls.net\/no\/ferdighus\/\" \/>\n<meta property=\"og:locale\" content=\"nb_NO\" \/>\n<meta property=\"og:type\" content=\"article\" \/>\n<meta property=\"og:title\" content=\"Ferdighus - timberwalls.net\" \/>\n<meta property=\"og:description\" content=\"Prefabrikkerte hus \u2013 raskt, milj\u00f8vennlig og moderne! Vi tilbyr husprosjekter, montering og viser gjennomf\u00f8rte prosjekter. Finn ut mer!\" \/>\n<meta property=\"og:url\" content=\"https:\/\/timberwalls.net\/no\/ferdighus\/\" \/>\n<meta property=\"og:site_name\" content=\"timberwalls.net\" \/>\n<meta property=\"article:modified_time\" content=\"2025-01-31T10:59:26+00:00\" \/>\n<meta property=\"og:image\" content=\"https:\/\/timberwalls.net\/wp-content\/uploads\/2024\/09\/843_1854905491.jpg\" \/>\n\t<meta property=\"og:image:width\" content=\"1600\" \/>\n\t<meta property=\"og:image:height\" content=\"1200\" \/>\n\t<meta property=\"og:image:type\" content=\"image\/jpeg\" \/>\n<meta name=\"twitter:card\" content=\"summary_large_image\" \/>\n<meta name=\"twitter:label1\" content=\"Ansl. lesetid\" \/>\n\t<meta name=\"twitter:data1\" content=\"6 minutter\" \/>\n<script type=\"application\/ld+json\" class=\"yoast-schema-graph\">{\"@context\":\"https:\/\/schema.org\",\"@graph\":[{\"@type\":\"WebPage\",\"@id\":\"https:\/\/timberwalls.net\/no\/ferdighus\/\",\"url\":\"https:\/\/timberwalls.net\/no\/ferdighus\/\",\"name\":\"Ferdighus - timberwalls.net\",\"isPartOf\":{\"@id\":\"https:\/\/timberwalls.net\/de\/#website\"},\"datePublished\":\"2024-08-13T12:51:56+00:00\",\"dateModified\":\"2025-01-31T10:59:26+00:00\",\"description\":\"Prefabrikkerte hus \u2013 raskt, milj\u00f8vennlig og moderne! Vi tilbyr husprosjekter, montering og viser gjennomf\u00f8rte prosjekter. Finn ut mer!\",\"breadcrumb\":{\"@id\":\"https:\/\/timberwalls.net\/no\/ferdighus\/#breadcrumb\"},\"inLanguage\":\"nb-NO\",\"potentialAction\":[{\"@type\":\"ReadAction\",\"target\":[\"https:\/\/timberwalls.net\/no\/ferdighus\/\"]}]},{\"@type\":\"BreadcrumbList\",\"@id\":\"https:\/\/timberwalls.net\/no\/ferdighus\/#breadcrumb\",\"itemListElement\":[{\"@type\":\"ListItem\",\"position\":1,\"name\":\"Home\",\"item\":\"https:\/\/timberwalls.net\/no\/\"},{\"@type\":\"ListItem\",\"position\":2,\"name\":\"Ferdighus\"}]},{\"@type\":\"WebSite\",\"@id\":\"https:\/\/timberwalls.net\/de\/#website\",\"url\":\"https:\/\/timberwalls.net\/de\/\",\"name\":\"timberwalls.net\",\"description\":\"timberwalls.net\",\"publisher\":{\"@id\":\"https:\/\/timberwalls.net\/de\/#organization\"},\"potentialAction\":[{\"@type\":\"SearchAction\",\"target\":{\"@type\":\"EntryPoint\",\"urlTemplate\":\"https:\/\/timberwalls.net\/de\/?s={search_term_string}\"},\"query-input\":{\"@type\":\"PropertyValueSpecification\",\"valueRequired\":true,\"valueName\":\"search_term_string\"}}],\"inLanguage\":\"nb-NO\"},{\"@type\":\"Organization\",\"@id\":\"https:\/\/timberwalls.net\/de\/#organization\",\"name\":\"Wooden frame-panel houses\",\"url\":\"https:\/\/timberwalls.net\/de\/\",\"logo\":{\"@type\":\"ImageObject\",\"inLanguage\":\"nb-NO\",\"@id\":\"https:\/\/timberwalls.net\/de\/#\/schema\/logo\/image\/\",\"url\":\"https:\/\/timberwalls.net\/wp-content\/uploads\/2024\/08\/Timberwalls-logo-1.jpg\",\"contentUrl\":\"https:\/\/timberwalls.net\/wp-content\/uploads\/2024\/08\/Timberwalls-logo-1.jpg\",\"width\":960,\"height\":685,\"caption\":\"Wooden frame-panel houses\"},\"image\":{\"@id\":\"https:\/\/timberwalls.net\/de\/#\/schema\/logo\/image\/\"}}]}<\/script>\n<!-- \/ Yoast SEO plugin. -->","yoast_head_json":{"title":"Ferdighus - timberwalls.net","description":"Prefabrikkerte hus \u2013 raskt, milj\u00f8vennlig og moderne! Vi tilbyr husprosjekter, montering og viser gjennomf\u00f8rte prosjekter. Finn ut mer!","robots":{"index":"index","follow":"follow","max-snippet":"max-snippet:-1","max-image-preview":"max-image-preview:large","max-video-preview":"max-video-preview:-1"},"canonical":"https:\/\/timberwalls.net\/no\/ferdighus\/","og_locale":"nb_NO","og_type":"article","og_title":"Ferdighus - timberwalls.net","og_description":"Prefabrikkerte hus \u2013 raskt, milj\u00f8vennlig og moderne! Vi tilbyr husprosjekter, montering og viser gjennomf\u00f8rte prosjekter. Finn ut mer!","og_url":"https:\/\/timberwalls.net\/no\/ferdighus\/","og_site_name":"timberwalls.net","article_modified_time":"2025-01-31T10:59:26+00:00","og_image":[{"width":1600,"height":1200,"url":"https:\/\/timberwalls.net\/wp-content\/uploads\/2024\/09\/843_1854905491.jpg","type":"image\/jpeg"}],"twitter_card":"summary_large_image","twitter_misc":{"Ansl. lesetid":"6 minutter"},"schema":{"@context":"https:\/\/schema.org","@graph":[{"@type":"WebPage","@id":"https:\/\/timberwalls.net\/no\/ferdighus\/","url":"https:\/\/timberwalls.net\/no\/ferdighus\/","name":"Ferdighus - timberwalls.net","isPartOf":{"@id":"https:\/\/timberwalls.net\/de\/#website"},"datePublished":"2024-08-13T12:51:56+00:00","dateModified":"2025-01-31T10:59:26+00:00","description":"Prefabrikkerte hus \u2013 raskt, milj\u00f8vennlig og moderne! Vi tilbyr husprosjekter, montering og viser gjennomf\u00f8rte prosjekter. Finn ut mer!","breadcrumb":{"@id":"https:\/\/timberwalls.net\/no\/ferdighus\/#breadcrumb"},"inLanguage":"nb-NO","potentialAction":[{"@type":"ReadAction","target":["https:\/\/timberwalls.net\/no\/ferdighus\/"]}]},{"@type":"BreadcrumbList","@id":"https:\/\/timberwalls.net\/no\/ferdighus\/#breadcrumb","itemListElement":[{"@type":"ListItem","position":1,"name":"Home","item":"https:\/\/timberwalls.net\/no\/"},{"@type":"ListItem","position":2,"name":"Ferdighus"}]},{"@type":"WebSite","@id":"https:\/\/timberwalls.net\/de\/#website","url":"https:\/\/timberwalls.net\/de\/","name":"timberwalls.net","description":"timberwalls.net","publisher":{"@id":"https:\/\/timberwalls.net\/de\/#organization"},"potentialAction":[{"@type":"SearchAction","target":{"@type":"EntryPoint","urlTemplate":"https:\/\/timberwalls.net\/de\/?s={search_term_string}"},"query-input":{"@type":"PropertyValueSpecification","valueRequired":true,"valueName":"search_term_string"}}],"inLanguage":"nb-NO"},{"@type":"Organization","@id":"https:\/\/timberwalls.net\/de\/#organization","name":"Wooden frame-panel houses","url":"https:\/\/timberwalls.net\/de\/","logo":{"@type":"ImageObject","inLanguage":"nb-NO","@id":"https:\/\/timberwalls.net\/de\/#\/schema\/logo\/image\/","url":"https:\/\/timberwalls.net\/wp-content\/uploads\/2024\/08\/Timberwalls-logo-1.jpg","contentUrl":"https:\/\/timberwalls.net\/wp-content\/uploads\/2024\/08\/Timberwalls-logo-1.jpg","width":960,"height":685,"caption":"Wooden frame-panel houses"},"image":{"@id":"https:\/\/timberwalls.net\/de\/#\/schema\/logo\/image\/"}}]}},"_links":{"self":[{"href":"https:\/\/timberwalls.net\/no\/wp-json\/wp\/v2\/pages\/13456","targetHints":{"allow":["GET"]}}],"collection":[{"href":"https:\/\/timberwalls.net\/no\/wp-json\/wp\/v2\/pages"}],"about":[{"href":"https:\/\/timberwalls.net\/no\/wp-json\/wp\/v2\/types\/page"}],"author":[{"embeddable":true,"href":"https:\/\/timberwalls.net\/no\/wp-json\/wp\/v2\/users\/1"}],"replies":[{"embeddable":true,"href":"https:\/\/timberwalls.net\/no\/wp-json\/wp\/v2\/comments?post=13456"}],"version-history":[{"count":17,"href":"https:\/\/timberwalls.net\/no\/wp-json\/wp\/v2\/pages\/13456\/revisions"}],"predecessor-version":[{"id":15979,"href":"https:\/\/timberwalls.net\/no\/wp-json\/wp\/v2\/pages\/13456\/revisions\/15979"}],"wp:attachment":[{"href":"https:\/\/timberwalls.net\/no\/wp-json\/wp\/v2\/media?parent=13456"}],"curies":[{"name":"wp","href":"https:\/\/api.w.org\/{rel}","templated":true}]}}