{"id":13476,"date":"2021-08-25T07:26:28","date_gmt":"2021-08-25T07:26:28","guid":{"rendered":"https:\/\/timberwalls.net\/about-us-3\/"},"modified":"2024-09-11T17:42:11","modified_gmt":"2024-09-11T17:42:11","slug":"om-oss","status":"publish","type":"page","link":"https:\/\/timberwalls.net\/no\/om-oss\/","title":{"rendered":"Om oss"},"content":{"rendered":"<div class=\"wpb-content-wrapper\"><p>[vc_row woodmart_stretch_content=&raquo;section-stretch&raquo; css=&raquo;.vc_custom_1723692837248{margin-top: -50px !important;margin-bottom: 50px !important;padding-top: 20px !important;padding-bottom: 20px !important;background-color: #f2efeb !important;background-position: center !important;background-repeat: no-repeat !important;background-size: cover !important;}&raquo; woodmart_css_id=&raquo;66bd771be7b66&#8243; responsive_spacing=&raquo;eyJwYXJhbV90eXBlIjoid29vZG1hcnRfcmVzcG9uc2l2ZV9zcGFjaW5nIiwic2VsZWN0b3JfaWQiOiI2NmJkNzcxYmU3YjY2Iiwic2hvcnRjb2RlIjoidmNfcm93IiwiZGF0YSI6eyJ0YWJsZXQiOnt9LCJtb2JpbGUiOnt9fX0=&raquo; mobile_bg_img_hidden=&raquo;no&raquo; tablet_bg_img_hidden=&raquo;no&raquo; woodmart_parallax=&raquo;0&#8243; woodmart_gradient_switch=&raquo;no&raquo; woodmart_box_shadow=&raquo;no&raquo; wd_z_index=&raquo;no&raquo; woodmart_disable_overflow=&raquo;0&#8243; row_reverse_mobile=&raquo;0&#8243; row_reverse_tablet=&raquo;0&#8243;][vc_column]\t\t\t<link rel=\"stylesheet\" id=\"wd-section-title-css\" href=\"https:\/\/timberwalls.net\/wp-content\/themes\/woodmart\/css\/parts\/el-section-title.min.css?ver=7.5.2\" type=\"text\/css\" media=\"all\" \/> \t\t\t\t\t\t<link rel=\"stylesheet\" id=\"wd-mod-highlighted-text-css\" href=\"https:\/\/timberwalls.net\/wp-content\/themes\/woodmart\/css\/parts\/mod-highlighted-text.min.css?ver=7.5.2\" type=\"text\/css\" media=\"all\" \/> \t\t\t\n\t\t<div id=\"wd-66dc2a98dee40\" class=\"title-wrapper wd-wpb set-mb-s reset-last-child  wd-rs-66dc2a98dee40 wd-title-color-default wd-title-style-default text-center vc_custom_1725704859897 wd-underline-colored\">\n\t\t\t\n\t\t\t<div class=\"liner-continer\">\n\t\t\t\t<h4 class=\"woodmart-title-container title  wd-font-weight-500 wd-fontsize-l\" >Velkommen til TIMBERWALLS, hvor vi spesialiserer oss p\u00e5 produksjon av h\u00f8ykvalitets trehus, kommersielle trebygg, takkonstruksjoner og HTS-bjelker. V\u00e5r forpliktelse til innovasjon og fortreffelighet skiller oss ut i byggebransjen.<\/h4>\n\t\t\t\t\t\t\t<\/div>\n\t\t\t\n\t\t\t\n\t\t\t\n\t\t<\/div>\n\t\t\n\t\t[\/vc_column][\/vc_row][vc_row gap=&raquo;20&#8243; content_placement=&raquo;middle&raquo; woodmart_css_id=&raquo;66bd77c32ce47&#8243; responsive_spacing=&raquo;eyJwYXJhbV90eXBlIjoid29vZG1hcnRfcmVzcG9uc2l2ZV9zcGFjaW5nIiwic2VsZWN0b3JfaWQiOiI2NmJkNzdjMzJjZTQ3Iiwic2hvcnRjb2RlIjoidmNfcm93IiwiZGF0YSI6eyJ0YWJsZXQiOnt9LCJtb2JpbGUiOnt9fX0=&raquo; mobile_bg_img_hidden=&raquo;no&raquo; tablet_bg_img_hidden=&raquo;no&raquo; woodmart_parallax=&raquo;0&#8243; woodmart_gradient_switch=&raquo;no&raquo; woodmart_box_shadow=&raquo;no&raquo; wd_z_index=&raquo;no&raquo; woodmart_disable_overflow=&raquo;0&#8243; row_reverse_mobile=&raquo;0&#8243; row_reverse_tablet=&raquo;0&#8243;][vc_column width=&raquo;1\/2&#8243; css=&raquo;.vc_custom_1615617895716{padding-top: 0px !important;}&raquo; mobile_bg_img_hidden=&raquo;no&raquo; tablet_bg_img_hidden=&raquo;no&raquo; woodmart_parallax=&raquo;0&#8243; woodmart_sticky_column=&raquo;false&raquo; parallax_scroll=&raquo;no&raquo; mobile_reset_margin=&raquo;no&raquo; tablet_reset_margin=&raquo;no&raquo;]\n\t\t<div id=\"wd-66dc2aa07fcb2\" class=\"title-wrapper wd-wpb set-mb-s reset-last-child  wd-rs-66dc2aa07fcb2 wd-title-color-default wd-title-style-default text-left vc_custom_1725704871867 wd-underline-colored\">\n\t\t\t\n\t\t\t<div class=\"liner-continer\">\n\t\t\t\t<h4 class=\"woodmart-title-container title  wd-font-weight- wd-fontsize-l\" >KVALITET<\/h4>\n\t\t\t\t\t\t\t<\/div>\n\t\t\t\n\t\t\t\n\t\t\t\n\t\t<\/div>\n\t\t\n\t\t\t\t\t<link rel=\"stylesheet\" id=\"wd-text-block-css\" href=\"https:\/\/timberwalls.net\/wp-content\/themes\/woodmart\/css\/parts\/el-text-block.min.css?ver=7.5.2\" type=\"text\/css\" media=\"all\" \/> \t\t\t\t\t<div id=\"wd-66dc2aaa87efb\" class=\"wd-text-block wd-wpb reset-last-child wd-rs-66dc2aaa87efb text-left wd-fontsize-s \">\n\t\t\t<p>Den nyeste teknologien, oppdatert utstyr og dyktige medarbeidere er n\u00f8kkelen til h\u00f8y kvalitet. Takket v\u00e6re v\u00e5re partnere blir produksjonsprosessene automatisert og utf\u00f8rt av sertifisert og internasjonalt anerkjent utstyr, overv\u00e5ket av kvalifisert personell. V\u00e5r leverand\u00f8r av produksjonsutstyr \u2013 WEINMANN er en av de mest innovative produsentene i Tyskland. Takket v\u00e6re innovativt utstyr og profesjonelt personale, kan vi garantere en konsekvent produksjonsprosess og, viktigst av alt, resultater av h\u00f8yeste kvalitet.<\/p>\n<p>Vi bruker kun sertifiserte, tidstestede materialer av h\u00f8y kvalitet i v\u00e5re produksjonsprosesser. Siden kvalitet er en topp prioritet for v\u00e5rt selskap, har vi strenge kvalitetskrav til materialer og foretrekker milj\u00f8vennlige materialer. Produksjonsprosesser foreg\u00e5r i lukkede rom, s\u00e5 materialene v\u00e5re er beskyttet mot v\u00e6rforhold.<\/p>\n\t\t<\/div>\n\t\t[\/vc_column][vc_column width=&raquo;1\/2&#8243; css=&raquo;.vc_custom_1629877093976{padding-top: 0px !important;}&raquo; mobile_bg_img_hidden=&raquo;no&raquo; tablet_bg_img_hidden=&raquo;no&raquo; woodmart_parallax=&raquo;0&#8243; woodmart_sticky_column=&raquo;false&raquo; parallax_scroll=&raquo;no&raquo; mobile_reset_margin=&raquo;no&raquo; tablet_reset_margin=&raquo;no&raquo; wd_z_index=&raquo;no&raquo; woodmart_css_id=&raquo;6125f363cf509&#8243; responsive_spacing=&raquo;eyJwYXJhbV90eXBlIjoid29vZG1hcnRfcmVzcG9uc2l2ZV9zcGFjaW5nIiwic2VsZWN0b3JfaWQiOiI2MTI1ZjM2M2NmNTA5Iiwic2hvcnRjb2RlIjoidmNfY29sdW1uIiwiZGF0YSI6eyJ0YWJsZXQiOnt9LCJtb2JpbGUiOnt9fX0=&raquo;][vc_video link=&raquo;https:\/\/www.youtube.com\/watch?v=aJWnvkapC5E&raquo; css=&raquo;&raquo; poster_image=&raquo;10974&#8243; image_poster_switch=&raquo;yes&raquo; img_size=&raquo;full&raquo; woodmart_css_id=&raquo;66bd76af119bf&raquo;][\/vc_column][\/vc_row][vc_row gap=&raquo;20&#8243; content_placement=&raquo;middle&raquo; woodmart_css_id=&raquo;66bd77c32ce47&#8243; responsive_spacing=&raquo;eyJwYXJhbV90eXBlIjoid29vZG1hcnRfcmVzcG9uc2l2ZV9zcGFjaW5nIiwic2VsZWN0b3JfaWQiOiI2NmJkNzdjMzJjZTQ3Iiwic2hvcnRjb2RlIjoidmNfcm93IiwiZGF0YSI6eyJ0YWJsZXQiOnt9LCJtb2JpbGUiOnt9fX0=&raquo; mobile_bg_img_hidden=&raquo;no&raquo; tablet_bg_img_hidden=&raquo;no&raquo; woodmart_parallax=&raquo;0&#8243; woodmart_gradient_switch=&raquo;no&raquo; woodmart_box_shadow=&raquo;no&raquo; wd_z_index=&raquo;no&raquo; woodmart_disable_overflow=&raquo;0&#8243; row_reverse_mobile=&raquo;0&#8243; row_reverse_tablet=&raquo;0&#8243;][vc_column]\n\t\t<div id=\"wd-66dc2ace97908\" class=\"title-wrapper wd-wpb set-mb-s reset-last-child  wd-rs-66dc2ace97908 wd-title-color-default wd-title-style-default text-left vc_custom_1725704913391 wd-underline-colored\">\n\t\t\t\n\t\t\t<div class=\"liner-continer\">\n\t\t\t\t<h4 class=\"woodmart-title-container title  wd-font-weight- wd-fontsize-l\" >HISTORIE<\/h4>\n\t\t\t\t\t\t\t<\/div>\n\t\t\t\n\t\t\t\n\t\t\t\n\t\t<\/div>\n\t\t\n\t\t\t\t\t<link rel=\"stylesheet\" id=\"wd-timeline-css\" href=\"https:\/\/timberwalls.net\/wp-content\/themes\/woodmart\/css\/parts\/el-timeline.min.css?ver=7.5.2\" type=\"text\/css\" media=\"all\" \/> \t\t\t\t\t<div id=\"wd-66bd79bdb8f27\" class=\"wd-timeline-wrapper wd-item-default wd-line-dashed wd-rs-66bd79bdb8f27 \">\n\t\t\t<div class=\"woodmart-timeline-line\">\n\t\t\t\t<span class=\"line-dot dot-start\"><\/span>\n\t\t\t\t<span class=\"line-dot dot-end\"><\/span>\n\t\t\t<\/div>\n\t\t\t<div class=\"wd-timeline\">\n\t\t\t\t\t\t<div id=\"wd-66dc2ade9278d\" class=\"wd-timeline-item wd-item-position-left\">\n\n\t\t\t<div class=\"woodmart-timeline-dot\"><\/div>\n\n\t\t\t<div class=\"timeline-col timeline-col-primary\">\n\t\t\t\t<span class=\"timeline-arrow\"><\/span>\n\t\t\t\t\t\t\t\t<h4 class=\"wd-timeline-title\">I 1994<\/h4>\n\t\t\t\t<div class=\"wd-timeline-content set-cont-mb-s reset-last-child\">&laquo;Gelmeda&raquo; JSC startet sin virksomhet med \u00e5 bygge og produsere t\u00f8mmerhus, badehus, sommerhus og andre \u00f8kologiske og treprodukter. Ved \u00e5 vinne kundenes tillit og vellykket implementering av mange prosjekter, og takket v\u00e6re spesialistene v\u00e5re, \u00f8kte produksjonsteknologien og de ansattes ferdigheter konsekvent.<\/div>\n\t\t\t<\/div>\n\n\t\t\t<div class=\"timeline-col timeline-col-secondary\">\t\n\t\t\t\t<span class=\"timeline-arrow\"><\/span>\n\t\t\t\t\t\t\t\t\t<div class=\"wd-timeline-image\" >\n\t\t\t\t\t\t<img loading=\"lazy\" decoding=\"async\" width=\"1440\" height=\"960\" src=\"https:\/\/timberwalls.net\/wp-content\/uploads\/2024\/08\/TaDiena-005.jpg\" class=\"attachment-full size-full\" alt=\"\" srcset=\"https:\/\/timberwalls.net\/wp-content\/uploads\/2024\/08\/TaDiena-005.jpg 1440w, https:\/\/timberwalls.net\/wp-content\/uploads\/2024\/08\/TaDiena-005-400x267.jpg 400w, https:\/\/timberwalls.net\/wp-content\/uploads\/2024\/08\/TaDiena-005-1200x800.jpg 1200w, https:\/\/timberwalls.net\/wp-content\/uploads\/2024\/08\/TaDiena-005-768x512.jpg 768w, https:\/\/timberwalls.net\/wp-content\/uploads\/2024\/08\/TaDiena-005-430x287.jpg 430w, https:\/\/timberwalls.net\/wp-content\/uploads\/2024\/08\/TaDiena-005-700x467.jpg 700w, https:\/\/timberwalls.net\/wp-content\/uploads\/2024\/08\/TaDiena-005-150x100.jpg 150w\" sizes=\"auto, (max-width: 1440px) 100vw, 1440px\" \/>\t\t\t\t\t<\/div>\n\t\t\t\t\t\t\t\t<h4 class=\"wd-timeline-title\"><\/h4>\n\t\t\t\t<div class=\"wd-timeline-content set-cont-mb-s reset-last-child\"><\/div>\n\t\t\t<\/div>\n\t\t\t\t\t<\/div>\n\t\t\t\t<div id=\"wd-66dc2af2cfa4a\" class=\"wd-timeline-item wd-item-position-left\">\n\n\t\t\t<div class=\"woodmart-timeline-dot\"><\/div>\n\n\t\t\t<div class=\"timeline-col timeline-col-primary\">\n\t\t\t\t<span class=\"timeline-arrow\"><\/span>\n\t\t\t\t\t\t\t\t\t<div class=\"wd-timeline-image\" >\n\t\t\t\t\t\t<img loading=\"lazy\" decoding=\"async\" width=\"1440\" height=\"960\" src=\"https:\/\/timberwalls.net\/wp-content\/uploads\/2024\/08\/TaDiena-009.jpg\" class=\"attachment-full size-full\" alt=\"\" srcset=\"https:\/\/timberwalls.net\/wp-content\/uploads\/2024\/08\/TaDiena-009.jpg 1440w, https:\/\/timberwalls.net\/wp-content\/uploads\/2024\/08\/TaDiena-009-400x267.jpg 400w, https:\/\/timberwalls.net\/wp-content\/uploads\/2024\/08\/TaDiena-009-1200x800.jpg 1200w, https:\/\/timberwalls.net\/wp-content\/uploads\/2024\/08\/TaDiena-009-768x512.jpg 768w, https:\/\/timberwalls.net\/wp-content\/uploads\/2024\/08\/TaDiena-009-430x287.jpg 430w, https:\/\/timberwalls.net\/wp-content\/uploads\/2024\/08\/TaDiena-009-700x467.jpg 700w, https:\/\/timberwalls.net\/wp-content\/uploads\/2024\/08\/TaDiena-009-150x100.jpg 150w\" sizes=\"auto, (max-width: 1440px) 100vw, 1440px\" \/>\t\t\t\t\t<\/div>\n\t\t\t\t\t\t\t\t<h4 class=\"wd-timeline-title\"><\/h4>\n\t\t\t\t<div class=\"wd-timeline-content set-cont-mb-s reset-last-child\"><\/div>\n\t\t\t<\/div>\n\n\t\t\t<div class=\"timeline-col timeline-col-secondary\">\t\n\t\t\t\t<span class=\"timeline-arrow\"><\/span>\n\t\t\t\t\t\t\t\t<h4 class=\"wd-timeline-title\">I 2016<\/h4>\n\t\t\t\t<div class=\"wd-timeline-content set-cont-mb-s reset-last-child\">ved \u00e5 f\u00f8lge de siste trendene, teknologiene og markedsbehovene, og takket v\u00e6re EUs strukturfond, begynte vi \u00e5 kommunisere med det internasjonalt anerkjente produksjons- og teknologiselskapet WEINMANN. Dette selskapet foreslo og hjalp oss med \u00e5 f\u00e5 det mest innovative utstyret, og n\u00e5 kan vi v\u00e6re stolte av resultatene: produksjon av \u00f8konomiske, \u00f8kologiske og passive boliger.<\/div>\n\t\t\t<\/div>\n\t\t\t\t\t<\/div>\n\t\t\t\t\t<\/div>\n\t\t\t\t\t<\/div>\n\t\t[\/vc_column][\/vc_row]<\/p>\n<\/div>","protected":false},"excerpt":{"rendered":"<p>[vc_row woodmart_stretch_content=&raquo;section-stretch&raquo; css=&raquo;.vc_custom_1723692837248{margin-top: -50px !important;margin-bottom: 50px !important;padding-top: 20px !important;padding-bottom: 20px !important;background-color: #f2efeb !important;background-position: center !important;background-repeat: no-repeat !important;background-size: cover !important;}&raquo; woodmart_css_id=&raquo;66bd771be7b66&#8243;<\/p>\n","protected":false},"author":1,"featured_media":0,"parent":0,"menu_order":0,"comment_status":"closed","ping_status":"closed","template":"","meta":{"footnotes":""},"class_list":["post-13476","page","type-page","status-publish","hentry"],"yoast_head":"<!-- This site is optimized with the Yoast SEO plugin v23.6 - https:\/\/yoast.com\/wordpress\/plugins\/seo\/ -->\n<title>Om oss - timberwalls.net<\/title>\n<meta name=\"robots\" content=\"index, follow, max-snippet:-1, max-image-preview:large, max-video-preview:-1\" \/>\n<link rel=\"canonical\" href=\"https:\/\/timberwalls.net\/no\/om-oss\/\" \/>\n<meta property=\"og:locale\" content=\"nb_NO\" \/>\n<meta property=\"og:type\" content=\"article\" \/>\n<meta property=\"og:title\" content=\"Om oss - timberwalls.net\" \/>\n<meta property=\"og:url\" content=\"https:\/\/timberwalls.net\/no\/om-oss\/\" \/>\n<meta property=\"og:site_name\" content=\"timberwalls.net\" \/>\n<meta property=\"article:modified_time\" content=\"2024-09-11T17:42:11+00:00\" \/>\n<meta property=\"og:image\" content=\"https:\/\/timberwalls.net\/wp-content\/uploads\/2024\/09\/843_1854905491.jpg\" \/>\n\t<meta property=\"og:image:width\" content=\"1600\" \/>\n\t<meta property=\"og:image:height\" content=\"1200\" \/>\n\t<meta property=\"og:image:type\" content=\"image\/jpeg\" \/>\n<meta name=\"twitter:card\" content=\"summary_large_image\" \/>\n<meta name=\"twitter:label1\" content=\"Ansl. lesetid\" \/>\n\t<meta name=\"twitter:data1\" content=\"5 minutter\" \/>\n<script type=\"application\/ld+json\" class=\"yoast-schema-graph\">{\"@context\":\"https:\/\/schema.org\",\"@graph\":[{\"@type\":\"WebPage\",\"@id\":\"https:\/\/timberwalls.net\/no\/om-oss\/\",\"url\":\"https:\/\/timberwalls.net\/no\/om-oss\/\",\"name\":\"Om oss - timberwalls.net\",\"isPartOf\":{\"@id\":\"https:\/\/timberwalls.net\/de\/#website\"},\"datePublished\":\"2021-08-25T07:26:28+00:00\",\"dateModified\":\"2024-09-11T17:42:11+00:00\",\"breadcrumb\":{\"@id\":\"https:\/\/timberwalls.net\/no\/om-oss\/#breadcrumb\"},\"inLanguage\":\"nb-NO\",\"potentialAction\":[{\"@type\":\"ReadAction\",\"target\":[\"https:\/\/timberwalls.net\/no\/om-oss\/\"]}]},{\"@type\":\"BreadcrumbList\",\"@id\":\"https:\/\/timberwalls.net\/no\/om-oss\/#breadcrumb\",\"itemListElement\":[{\"@type\":\"ListItem\",\"position\":1,\"name\":\"Home\",\"item\":\"https:\/\/timberwalls.net\/no\/\"},{\"@type\":\"ListItem\",\"position\":2,\"name\":\"Om oss\"}]},{\"@type\":\"WebSite\",\"@id\":\"https:\/\/timberwalls.net\/de\/#website\",\"url\":\"https:\/\/timberwalls.net\/de\/\",\"name\":\"timberwalls.net\",\"description\":\"timberwalls.net\",\"publisher\":{\"@id\":\"https:\/\/timberwalls.net\/de\/#organization\"},\"potentialAction\":[{\"@type\":\"SearchAction\",\"target\":{\"@type\":\"EntryPoint\",\"urlTemplate\":\"https:\/\/timberwalls.net\/de\/?s={search_term_string}\"},\"query-input\":{\"@type\":\"PropertyValueSpecification\",\"valueRequired\":true,\"valueName\":\"search_term_string\"}}],\"inLanguage\":\"nb-NO\"},{\"@type\":\"Organization\",\"@id\":\"https:\/\/timberwalls.net\/de\/#organization\",\"name\":\"Wooden frame-panel houses\",\"url\":\"https:\/\/timberwalls.net\/de\/\",\"logo\":{\"@type\":\"ImageObject\",\"inLanguage\":\"nb-NO\",\"@id\":\"https:\/\/timberwalls.net\/de\/#\/schema\/logo\/image\/\",\"url\":\"https:\/\/timberwalls.net\/wp-content\/uploads\/2024\/08\/Timberwalls-logo-1.jpg\",\"contentUrl\":\"https:\/\/timberwalls.net\/wp-content\/uploads\/2024\/08\/Timberwalls-logo-1.jpg\",\"width\":960,\"height\":685,\"caption\":\"Wooden frame-panel houses\"},\"image\":{\"@id\":\"https:\/\/timberwalls.net\/de\/#\/schema\/logo\/image\/\"}}]}<\/script>\n<!-- \/ Yoast SEO plugin. -->","yoast_head_json":{"title":"Om oss - timberwalls.net","robots":{"index":"index","follow":"follow","max-snippet":"max-snippet:-1","max-image-preview":"max-image-preview:large","max-video-preview":"max-video-preview:-1"},"canonical":"https:\/\/timberwalls.net\/no\/om-oss\/","og_locale":"nb_NO","og_type":"article","og_title":"Om oss - timberwalls.net","og_url":"https:\/\/timberwalls.net\/no\/om-oss\/","og_site_name":"timberwalls.net","article_modified_time":"2024-09-11T17:42:11+00:00","og_image":[{"width":1600,"height":1200,"url":"https:\/\/timberwalls.net\/wp-content\/uploads\/2024\/09\/843_1854905491.jpg","type":"image\/jpeg"}],"twitter_card":"summary_large_image","twitter_misc":{"Ansl. lesetid":"5 minutter"},"schema":{"@context":"https:\/\/schema.org","@graph":[{"@type":"WebPage","@id":"https:\/\/timberwalls.net\/no\/om-oss\/","url":"https:\/\/timberwalls.net\/no\/om-oss\/","name":"Om oss - timberwalls.net","isPartOf":{"@id":"https:\/\/timberwalls.net\/de\/#website"},"datePublished":"2021-08-25T07:26:28+00:00","dateModified":"2024-09-11T17:42:11+00:00","breadcrumb":{"@id":"https:\/\/timberwalls.net\/no\/om-oss\/#breadcrumb"},"inLanguage":"nb-NO","potentialAction":[{"@type":"ReadAction","target":["https:\/\/timberwalls.net\/no\/om-oss\/"]}]},{"@type":"BreadcrumbList","@id":"https:\/\/timberwalls.net\/no\/om-oss\/#breadcrumb","itemListElement":[{"@type":"ListItem","position":1,"name":"Home","item":"https:\/\/timberwalls.net\/no\/"},{"@type":"ListItem","position":2,"name":"Om oss"}]},{"@type":"WebSite","@id":"https:\/\/timberwalls.net\/de\/#website","url":"https:\/\/timberwalls.net\/de\/","name":"timberwalls.net","description":"timberwalls.net","publisher":{"@id":"https:\/\/timberwalls.net\/de\/#organization"},"potentialAction":[{"@type":"SearchAction","target":{"@type":"EntryPoint","urlTemplate":"https:\/\/timberwalls.net\/de\/?s={search_term_string}"},"query-input":{"@type":"PropertyValueSpecification","valueRequired":true,"valueName":"search_term_string"}}],"inLanguage":"nb-NO"},{"@type":"Organization","@id":"https:\/\/timberwalls.net\/de\/#organization","name":"Wooden frame-panel houses","url":"https:\/\/timberwalls.net\/de\/","logo":{"@type":"ImageObject","inLanguage":"nb-NO","@id":"https:\/\/timberwalls.net\/de\/#\/schema\/logo\/image\/","url":"https:\/\/timberwalls.net\/wp-content\/uploads\/2024\/08\/Timberwalls-logo-1.jpg","contentUrl":"https:\/\/timberwalls.net\/wp-content\/uploads\/2024\/08\/Timberwalls-logo-1.jpg","width":960,"height":685,"caption":"Wooden frame-panel houses"},"image":{"@id":"https:\/\/timberwalls.net\/de\/#\/schema\/logo\/image\/"}}]}},"_links":{"self":[{"href":"https:\/\/timberwalls.net\/no\/wp-json\/wp\/v2\/pages\/13476","targetHints":{"allow":["GET"]}}],"collection":[{"href":"https:\/\/timberwalls.net\/no\/wp-json\/wp\/v2\/pages"}],"about":[{"href":"https:\/\/timberwalls.net\/no\/wp-json\/wp\/v2\/types\/page"}],"author":[{"embeddable":true,"href":"https:\/\/timberwalls.net\/no\/wp-json\/wp\/v2\/users\/1"}],"replies":[{"embeddable":true,"href":"https:\/\/timberwalls.net\/no\/wp-json\/wp\/v2\/comments?post=13476"}],"version-history":[{"count":4,"href":"https:\/\/timberwalls.net\/no\/wp-json\/wp\/v2\/pages\/13476\/revisions"}],"predecessor-version":[{"id":14326,"href":"https:\/\/timberwalls.net\/no\/wp-json\/wp\/v2\/pages\/13476\/revisions\/14326"}],"wp:attachment":[{"href":"https:\/\/timberwalls.net\/no\/wp-json\/wp\/v2\/media?parent=13476"}],"curies":[{"name":"wp","href":"https:\/\/api.w.org\/{rel}","templated":true}]}}