{"id":13402,"date":"2024-08-16T01:58:21","date_gmt":"2024-08-16T01:58:21","guid":{"rendered":"https:\/\/timberwalls.net\/pre-cut\/"},"modified":"2024-09-11T17:47:24","modified_gmt":"2024-09-11T17:47:24","slug":"forskarning","status":"publish","type":"page","link":"https:\/\/timberwalls.net\/sv\/produkter\/forskarning\/","title":{"rendered":"F\u00f6rsk\u00e4rning"},"content":{"rendered":"<div class=\"wpb-content-wrapper\"><p>[vc_row gap=&#8221;20&#8243; content_placement=&#8221;middle&#8221; woodmart_css_id=&#8221;66beb66f5696d&#8221; responsive_spacing=&#8221;eyJwYXJhbV90eXBlIjoid29vZG1hcnRfcmVzcG9uc2l2ZV9zcGFjaW5nIiwic2VsZWN0b3JfaWQiOiI2NmJlYjY2ZjU2OTZkIiwic2hvcnRjb2RlIjoidmNfcm93IiwiZGF0YSI6eyJ0YWJsZXQiOnt9LCJtb2JpbGUiOnt9fX0=&#8221; mobile_bg_img_hidden=&#8221;no&#8221; tablet_bg_img_hidden=&#8221;no&#8221; woodmart_parallax=&#8221;0&#8243; woodmart_gradient_switch=&#8221;no&#8221; woodmart_box_shadow=&#8221;no&#8221; wd_z_index=&#8221;no&#8221; woodmart_disable_overflow=&#8221;0&#8243; row_reverse_mobile=&#8221;0&#8243; row_reverse_tablet=&#8221;0&#8243;][vc_column width=&#8221;1\/2&#8243;]\t\t\t<link rel=\"stylesheet\" id=\"wd-section-title-css\" href=\"https:\/\/timberwalls.net\/wp-content\/themes\/woodmart\/css\/parts\/el-section-title.min.css?ver=7.5.2\" type=\"text\/css\" media=\"all\" \/> \t\t\t\t\t\t<link rel=\"stylesheet\" id=\"wd-mod-highlighted-text-css\" href=\"https:\/\/timberwalls.net\/wp-content\/themes\/woodmart\/css\/parts\/mod-highlighted-text.min.css?ver=7.5.2\" type=\"text\/css\" media=\"all\" \/> \t\t\t\n\t\t<div id=\"wd-66df2af177d41\" class=\"title-wrapper wd-wpb set-mb-s reset-last-child  wd-rs-66df2af177d41 wd-title-color-default wd-title-style-default text-left  wd-underline-colored\">\n\t\t\t\n\t\t\t<div class=\"liner-continer\">\n\t\t\t\t<h4 class=\"woodmart-title-container title  wd-font-weight- wd-fontsize-l\" >F\u00d6RSK\u00c4RNING<\/h4>\n\t\t\t\t\t\t\t<\/div>\n\t\t\t\n\t\t\t\n\t\t\t\n\t\t<\/div>\n\t\t\n\t\t\t\t\t<link rel=\"stylesheet\" id=\"wd-text-block-css\" href=\"https:\/\/timberwalls.net\/wp-content\/themes\/woodmart\/css\/parts\/el-text-block.min.css?ver=7.5.2\" type=\"text\/css\" media=\"all\" \/> \t\t\t\t\t<div id=\"wd-66df2af6e3780\" class=\"wd-text-block wd-wpb reset-last-child wd-rs-66df2af6e3780 text-left \">\n\t\t\t<p>Med den senaste WEINMANN-utrustningen och h\u00f6gkvalitativt C24-tr\u00e4 f\u00f6rbereder vi tr\u00e4element snabbt och exakt, vi kan fr\u00e4sa eller borra olika tr\u00e4konstruktioner upp till 13 meter l\u00e5nga med 1 mm noggrannhet. Alla tr\u00e4element \u00e4r numrerade i v\u00e5ra produktionslokaler och levereras med monteringsritningar. Pre-Cut-systemet minskar transport- och installationskostnaderna eftersom elementen tar mindre plats i trailern och det inte beh\u00f6vs n\u00e5gon kran. Det minskar ocks\u00e5 byggavfallet, vilket g\u00f6r byggandet renare, s\u00e4krare och milj\u00f6v\u00e4nligare. F\u00f6r att montera byggnaden med Pre-Cut beh\u00f6ver du bara en plan yta \u2013 en tr\u00e4golvv\u00e4gg eller ett betongfundament.<\/p>\n\t\t<\/div>\n\t\t\n\t\t<div id=\"wd-66df2b00ef785\" class=\"title-wrapper wd-wpb set-mb-s reset-last-child  wd-rs-66df2b00ef785 wd-title-color-default wd-title-style-default text-left  wd-underline-colored\">\n\t\t\t\n\t\t\t<div class=\"liner-continer\">\n\t\t\t\t<h4 class=\"woodmart-title-container title  wd-font-weight- wd-fontsize-l\" >Skicka oss din f\u00f6rfr\u00e5gan eller fr\u00e5ga nedan.<\/h4>\n\t\t\t\t\t\t\t<\/div>\n\t\t\t\n\t\t\t\n\t\t\t\n\t\t<\/div>\n\t\t\n\t\t\t\t<div id=\"wd-66df2adfdf8d6\" class=\"wd-text-block wd-wpb reset-last-child wd-rs-66df2adfdf8d6 text-left \">\n\t\t\t<div class='fluentform ff-default fluentform_wrapper_17 ffs_default_wrap'><form data-form_id=\"17\" id=\"fluentform_17\" class=\"frm-fluent-form fluent_form_17 ff-el-form-top ff_form_instance_17_1 ff-form-loading ffs_default\" data-form_instance=\"ff_form_instance_17_1\" method=\"POST\" ><fieldset  style=\"border: none!important;margin: 0!important;padding: 0!important;background-color: transparent!important;box-shadow: none!important;outline: none!important; min-inline-size: 100%;\">\n                    <legend class=\"ff_screen_reader_title\" style=\"display: block; margin: 0!important;padding: 0!important;height: 0!important;text-indent: -999999px;width: 0!important;overflow:hidden;\">Blank Form SV<\/legend><input type='hidden' name='__fluent_form_embded_post_id' value='13402' \/><input type=\"hidden\" id=\"_fluentform_17_fluentformnonce\" name=\"_fluentform_17_fluentformnonce\" value=\"2658b8eb9d\" \/><input type=\"hidden\" name=\"_wp_http_referer\" value=\"\/sv\/wp-json\/wp\/v2\/pages\/13402\" \/><div data-name=\"ff_cn_id_1\"  class='ff-t-container ff-column-container ff_columns_total_2  '><div class='ff-t-cell ff-t-column-1' style='flex-basis: 50%;'><div class='ff-el-group ff-el-form-hide_label'><div class=\"ff-el-input--label asterisk-right\"><label for='ff_17_input_text' aria-label=\"Ditt namn\">Ditt namn<\/label><\/div><div class='ff-el-input--content'><input type=\"text\" name=\"input_text\" class=\"ff-el-form-control\" placeholder=\"Ditt namn\" data-name=\"input_text\" id=\"ff_17_input_text\"  aria-invalid=\"false\" aria-required=false><\/div><\/div><\/div><div class='ff-t-cell ff-t-column-2' style='flex-basis: 50%;'><div class='ff-el-group ff-el-form-hide_label'><div class=\"ff-el-input--label ff-el-is-required asterisk-right\"><label for='ff_17_email' aria-label=\"E-post\">E-post<\/label><\/div><div class='ff-el-input--content'><input type=\"email\" name=\"email\" id=\"ff_17_email\" class=\"ff-el-form-control\" placeholder=\"E-post\" data-name=\"email\"  aria-invalid=\"false\" aria-required=true><\/div><\/div><\/div><\/div><div data-name=\"ff_cn_id_2\"  class='ff-t-container ff-column-container ff_columns_total_2  '><div class='ff-t-cell ff-t-column-1' style='flex-basis: 50%;'><div class='ff-el-group ff-el-form-hide_label'><div class=\"ff-el-input--label asterisk-right\"><label for='ff_17_input_text_2' aria-label=\"Telefonnummer\">Telefonnummer<\/label><\/div><div class='ff-el-input--content'><input type=\"text\" name=\"input_text_2\" class=\"ff-el-form-control\" placeholder=\"Telefonnummer\" data-name=\"input_text_2\" id=\"ff_17_input_text_2\"  aria-invalid=\"false\" aria-required=false><\/div><\/div><\/div><div class='ff-t-cell ff-t-column-2' style='flex-basis: 50%;'><div class='ff-el-group ff-el-form-hide_label'><div class=\"ff-el-input--label asterisk-right\"><label for='ff_17_input_text_3' aria-label=\"F\u00f6retag\">F\u00f6retag<\/label><\/div><div class='ff-el-input--content'><input type=\"text\" name=\"input_text_3\" class=\"ff-el-form-control\" placeholder=\"F\u00f6retag\" data-name=\"input_text_3\" id=\"ff_17_input_text_3\"  aria-invalid=\"false\" aria-required=false><\/div><\/div><\/div><\/div><div data-name=\"ff_cn_id_3\"  class='ff-t-container ff-column-container ff_columns_total_1  '><div class='ff-t-cell ff-t-column-1' style='flex-basis: 100%;'><div class='ff-el-group ff-el-form-hide_label'><div class=\"ff-el-input--label asterisk-right\"><label for='ff_17_description' aria-label=\"Ditt meddelande\">Ditt meddelande<\/label><\/div><div class='ff-el-input--content'><textarea aria-invalid=\"false\" aria-required=false name=\"description\" id=\"ff_17_description\" class=\"ff-el-form-control\" placeholder=\"Ditt meddelande\" rows=\"3\" cols=\"2\" data-name=\"description\" ><\/textarea><\/div><\/div><div class='ff-el-group    ff-el-input--content'><div class='ff-el-form-check ff-el-tc'><label aria-label='terms & conditions' class='ff-el-form-check-label ff_tc_label' for=gdpr-agreement_4638bb2f21e0bc941d256ad16d6c1706><span class='ff_tc_checkbox'><input type=\"checkbox\" name=\"gdpr-agreement\" class=\"ff-el-form-check-input ff_gdpr_field\" data-name=\"gdpr-agreement\" id=\"gdpr-agreement_4638bb2f21e0bc941d256ad16d6c1706\"  value='on' aria-invalid='false' aria-required=true><\/span> <div class='ff_t_c'>Jag godk\u00e4nner <a href=\"https:\/\/timberwalls.net\/sv\/integritetspolicyn\/\">integritetspolicyn<\/a><\/div><\/label><\/div><\/div><div class='ff-el-group ff-text-left ff_submit_btn_wrapper ff_submit_btn_wrapper_custom'><button class=\"ff-btn ff-btn-submit ff-btn-md ff_btn_style wpf_has_custom_css\" type=\"submit\" name=\"custom_submit_button-17_1\" data-name=\"custom_submit_button-17_1\" >SKICKA<\/button><style>form.fluent_form_17 .wpf_has_custom_css.ff-btn-submit { background-color:rgba(112, 86, 53, 1);border-color:rgba(112, 86, 53, 1);color:rgba(255, 255, 255, 1);border-radius:50px;min-width:100%; }form.fluent_form_17 .wpf_has_custom_css.ff-btn-submit:hover { background-color:rgba(146, 169, 96, 1);border-color:rgba(146, 169, 96, 1);color:rgba(255, 255, 255, 1);min-width:100%; } <\/style><\/div><\/div><\/div><\/fieldset><\/form><div id='fluentform_17_errors' class='ff-errors-in-stack ff_form_instance_17_1 ff-form-loading_errors ff_form_instance_17_1_errors'><\/div><\/div>        <script type=\"text\/javascript\">\n            window.fluent_form_ff_form_instance_17_1 = {\"id\":\"17\",\"settings\":{\"layout\":{\"labelPlacement\":\"top\",\"helpMessagePlacement\":\"with_label\",\"errorMessagePlacement\":\"inline\",\"cssClassName\":\"\",\"asteriskPlacement\":\"asterisk-right\"},\"restrictions\":{\"denyEmptySubmission\":{\"enabled\":false}}},\"form_instance\":\"ff_form_instance_17_1\",\"form_id_selector\":\"fluentform_17\",\"rules\":{\"input_text\":{\"required\":{\"value\":false,\"message\":\"This field is required\",\"global_message\":\"This field is required\",\"global\":true}},\"email\":{\"required\":{\"value\":true,\"message\":\"This field is required\",\"global_message\":\"This field is required\",\"global\":true},\"email\":{\"value\":true,\"message\":\"This field must contain a valid email\",\"global_message\":\"This field must contain a valid email\",\"global\":true}},\"input_text_2\":{\"required\":{\"value\":false,\"message\":\"This field is required\",\"global_message\":\"This field is required\",\"global\":true}},\"input_text_3\":{\"required\":{\"value\":false,\"message\":\"This field is required\",\"global_message\":\"This field is required\",\"global\":true}},\"description\":{\"required\":{\"value\":false,\"message\":\"This field is required\",\"global_message\":\"This field is required\",\"global\":true}},\"gdpr-agreement\":{\"required\":{\"value\":true,\"message\":\"This field is required\",\"global_message\":\"This field is required\",\"global\":true}}},\"debounce_time\":300};\n                    <\/script>\n        \n\t\t<\/div>\n\t\t[\/vc_column][vc_column width=&#8221;1\/2&#8243;][vc_video link=&#8221;https:\/\/www.youtube.com\/watch?v=DjkMZPeEthk&#8221; align=&#8221;center&#8221; css=&#8221;&#8221; poster_image=&#8221;11703&#8243; woodmart_css_id=&#8221;66beb8c90d23f&#8221; image_poster_switch=&#8221;yes&#8221; img_size=&#8221;full&#8221;]\t\t\t<link rel=\"stylesheet\" id=\"wd-photoswipe-css\" href=\"https:\/\/timberwalls.net\/wp-content\/themes\/woodmart\/css\/parts\/lib-photoswipe.min.css?ver=7.5.2\" type=\"text\/css\" media=\"all\" \/> \t\t\t\t\t\t<link rel=\"stylesheet\" id=\"wd-image-gallery-css\" href=\"https:\/\/timberwalls.net\/wp-content\/themes\/woodmart\/css\/parts\/el-gallery.min.css?ver=7.5.2\" type=\"text\/css\" media=\"all\" \/> \t\t\t\t\t<div id=\"gallery_633\" class=\"wd-images-gallery wd-wpb wd-rs-66d709252aa60 photoswipe-images\" style=\"--wd-justify-content:center;--wd-align-items:center;\">\n\t\t\t\n\t\t\t<div class=\" wd-grid-g\" style=\"--wd-col-lg:2;--wd-col-md:2;--wd-col-sm:2;--wd-gap-lg:6px;\">\n\t\t\t\t\n\t\t\t\t\t\t\t\t\t\t\t\t\t\t\t<div class=\"wd-gallery-item wd-col\">\n\t\t\t\t\t\t\t\t\t\t\t\t\t\t<a href=\"https:\/\/timberwalls.net\/wp-content\/uploads\/2024\/08\/Timber-119-scaled-1.jpg\" data-elementor-open-lightbox=\"no\" data-index=\"1\" data-width=\"1710\" data-height=\"2560\" \n\t\t\t\t\t\t\t\t\t\t\t\t >\n\t\t\t\t\t\t\t\t\n\t\t\t\t\t\t\t\t<img loading=\"lazy\" decoding=\"async\" width=\"600\" height=\"400\" src=\"https:\/\/timberwalls.net\/wp-content\/uploads\/2024\/08\/Timber-119-scaled-1-600x400.jpg\" class=\"wd-gallery-image image-1\" alt=\"PRE-CUT - individualus medienos supjovimas\" \/>\n\t\t\t\t\t\t\t\t\t\t\t\t\t\t\t<\/a>\n\t\t\t\t\t\t\t\t\t\t\t\t<\/div>\n\t\t\t\t\t\t\t\t\t\t\t<div class=\"wd-gallery-item wd-col\">\n\t\t\t\t\t\t\t\t\t\t\t\t\t\t<a href=\"https:\/\/timberwalls.net\/wp-content\/uploads\/2024\/09\/Timber-113-scaled.jpg\" data-elementor-open-lightbox=\"no\" data-index=\"2\" data-width=\"2560\" data-height=\"1710\" \n\t\t\t\t\t\t\t\t\t\t\t\t >\n\t\t\t\t\t\t\t\t\n\t\t\t\t\t\t\t\t<img loading=\"lazy\" decoding=\"async\" width=\"600\" height=\"400\" src=\"https:\/\/timberwalls.net\/wp-content\/uploads\/2024\/09\/Timber-113-scaled-600x400.jpg\" class=\"wd-gallery-image image-2\" alt=\"PRE-CUT - individualus medienos supjovimas\" srcset=\"https:\/\/timberwalls.net\/wp-content\/uploads\/2024\/09\/Timber-113-scaled-600x400.jpg 600w, https:\/\/timberwalls.net\/wp-content\/uploads\/2024\/09\/Timber-113-400x267.jpg 400w, https:\/\/timberwalls.net\/wp-content\/uploads\/2024\/09\/Timber-113-1198x800.jpg 1198w, https:\/\/timberwalls.net\/wp-content\/uploads\/2024\/09\/Timber-113-768x513.jpg 768w, https:\/\/timberwalls.net\/wp-content\/uploads\/2024\/09\/Timber-113-1536x1026.jpg 1536w, https:\/\/timberwalls.net\/wp-content\/uploads\/2024\/09\/Timber-113-2048x1368.jpg 2048w, https:\/\/timberwalls.net\/wp-content\/uploads\/2024\/09\/Timber-113-200x134.jpg 200w\" sizes=\"auto, (max-width: 600px) 100vw, 600px\" \/>\n\t\t\t\t\t\t\t\t\t\t\t\t\t\t\t<\/a>\n\t\t\t\t\t\t\t\t\t\t\t\t<\/div>\n\t\t\t\t\t\t\t\t\t\t\t<div class=\"wd-gallery-item wd-col\">\n\t\t\t\t\t\t\t\t\t\t\t\t\t\t<a href=\"https:\/\/timberwalls.net\/wp-content\/uploads\/2024\/09\/Timber-114-scaled.jpg\" data-elementor-open-lightbox=\"no\" data-index=\"3\" data-width=\"2560\" data-height=\"1654\" \n\t\t\t\t\t\t\t\t\t\t\t\t >\n\t\t\t\t\t\t\t\t\n\t\t\t\t\t\t\t\t<img loading=\"lazy\" decoding=\"async\" width=\"600\" height=\"400\" src=\"https:\/\/timberwalls.net\/wp-content\/uploads\/2024\/09\/Timber-114-scaled-600x400.jpg\" class=\"wd-gallery-image image-3\" alt=\"PRE-CUT - individualus medienos supjovimas\" \/>\n\t\t\t\t\t\t\t\t\t\t\t\t\t\t\t<\/a>\n\t\t\t\t\t\t\t\t\t\t\t\t<\/div>\n\t\t\t\t\t\t\t\t\t\t\t<div class=\"wd-gallery-item wd-col\">\n\t\t\t\t\t\t\t\t\t\t\t\t\t\t<a href=\"https:\/\/timberwalls.net\/wp-content\/uploads\/2024\/09\/Timber-116-scaled.jpg\" data-elementor-open-lightbox=\"no\" data-index=\"4\" data-width=\"2560\" data-height=\"1710\" \n\t\t\t\t\t\t\t\t\t\t\t\t >\n\t\t\t\t\t\t\t\t\n\t\t\t\t\t\t\t\t<img loading=\"lazy\" decoding=\"async\" width=\"600\" height=\"400\" src=\"https:\/\/timberwalls.net\/wp-content\/uploads\/2024\/09\/Timber-116-scaled-600x400.jpg\" class=\"wd-gallery-image image-4\" alt=\"PRE-CUT - individualus medienos supjovimas\" srcset=\"https:\/\/timberwalls.net\/wp-content\/uploads\/2024\/09\/Timber-116-scaled-600x400.jpg 600w, https:\/\/timberwalls.net\/wp-content\/uploads\/2024\/09\/Timber-116-400x267.jpg 400w, https:\/\/timberwalls.net\/wp-content\/uploads\/2024\/09\/Timber-116-1198x800.jpg 1198w, https:\/\/timberwalls.net\/wp-content\/uploads\/2024\/09\/Timber-116-768x513.jpg 768w, https:\/\/timberwalls.net\/wp-content\/uploads\/2024\/09\/Timber-116-1536x1026.jpg 1536w, https:\/\/timberwalls.net\/wp-content\/uploads\/2024\/09\/Timber-116-2048x1368.jpg 2048w, https:\/\/timberwalls.net\/wp-content\/uploads\/2024\/09\/Timber-116-200x134.jpg 200w\" sizes=\"auto, (max-width: 600px) 100vw, 600px\" \/>\n\t\t\t\t\t\t\t\t\t\t\t\t\t\t\t<\/a>\n\t\t\t\t\t\t\t\t\t\t\t\t<\/div>\n\t\t\t\t\t\t\t\t\t\n\t\t\t\t\t\t\t<\/div>\n\n\t\t\t\t\t<\/div>\n\t\t[\/vc_column][\/vc_row]<\/p>\n<\/div>","protected":false},"excerpt":{"rendered":"<p>[vc_row gap=&#8221;20&#8243; content_placement=&#8221;middle&#8221; woodmart_css_id=&#8221;66beb66f5696d&#8221; responsive_spacing=&#8221;eyJwYXJhbV90eXBlIjoid29vZG1hcnRfcmVzcG9uc2l2ZV9zcGFjaW5nIiwic2VsZWN0b3JfaWQiOiI2NmJlYjY2ZjU2OTZkIiwic2hvcnRjb2RlIjoidmNfcm93IiwiZGF0YSI6eyJ0YWJsZXQiOnt9LCJtb2JpbGUiOnt9fX0=&#8221; mobile_bg_img_hidden=&#8221;no&#8221; tablet_bg_img_hidden=&#8221;no&#8221; woodmart_parallax=&#8221;0&#8243; woodmart_gradient_switch=&#8221;no&#8221; woodmart_box_shadow=&#8221;no&#8221; wd_z_index=&#8221;no&#8221; woodmart_disable_overflow=&#8221;0&#8243; row_reverse_mobile=&#8221;0&#8243; row_reverse_tablet=&#8221;0&#8243;][vc_column width=&#8221;1\/2&#8243;][\/vc_column][vc_column width=&#8221;1\/2&#8243;][vc_video link=&#8221;https:\/\/www.youtube.com\/watch?v=DjkMZPeEthk&#8221; align=&#8221;center&#8221; css=&#8221;&#8221; poster_image=&#8221;11703&#8243;<\/p>\n","protected":false},"author":1,"featured_media":0,"parent":13452,"menu_order":0,"comment_status":"closed","ping_status":"closed","template":"","meta":{"footnotes":""},"class_list":["post-13402","page","type-page","status-publish","hentry"],"yoast_head":"<!-- This site is optimized with the Yoast SEO plugin v23.6 - https:\/\/yoast.com\/wordpress\/plugins\/seo\/ -->\n<title>F\u00f6rsk\u00e4rning - timberwalls.net<\/title>\n<meta name=\"robots\" content=\"index, follow, max-snippet:-1, max-image-preview:large, max-video-preview:-1\" \/>\n<link rel=\"canonical\" href=\"https:\/\/timberwalls.net\/sv\/produkter\/forskarning\/\" \/>\n<meta property=\"og:locale\" content=\"sv_SE\" \/>\n<meta property=\"og:type\" content=\"article\" \/>\n<meta property=\"og:title\" content=\"F\u00f6rsk\u00e4rning - timberwalls.net\" \/>\n<meta property=\"og:url\" content=\"https:\/\/timberwalls.net\/sv\/produkter\/forskarning\/\" \/>\n<meta property=\"og:site_name\" content=\"timberwalls.net\" \/>\n<meta property=\"article:modified_time\" content=\"2024-09-11T17:47:24+00:00\" \/>\n<meta property=\"og:image\" content=\"https:\/\/timberwalls.net\/wp-content\/uploads\/2024\/09\/843_1854905491.jpg\" \/>\n\t<meta property=\"og:image:width\" content=\"1600\" \/>\n\t<meta property=\"og:image:height\" content=\"1200\" \/>\n\t<meta property=\"og:image:type\" content=\"image\/jpeg\" \/>\n<meta name=\"twitter:card\" content=\"summary_large_image\" \/>\n<meta name=\"twitter:label1\" content=\"Ber\u00e4knad l\u00e4stid\" \/>\n\t<meta name=\"twitter:data1\" content=\"2 minuter\" \/>\n<script type=\"application\/ld+json\" class=\"yoast-schema-graph\">{\"@context\":\"https:\/\/schema.org\",\"@graph\":[{\"@type\":\"WebPage\",\"@id\":\"https:\/\/timberwalls.net\/sv\/produkter\/forskarning\/\",\"url\":\"https:\/\/timberwalls.net\/sv\/produkter\/forskarning\/\",\"name\":\"F\u00f6rsk\u00e4rning - timberwalls.net\",\"isPartOf\":{\"@id\":\"https:\/\/timberwalls.net\/de\/#website\"},\"datePublished\":\"2024-08-16T01:58:21+00:00\",\"dateModified\":\"2024-09-11T17:47:24+00:00\",\"breadcrumb\":{\"@id\":\"https:\/\/timberwalls.net\/sv\/produkter\/forskarning\/#breadcrumb\"},\"inLanguage\":\"sv-SE\",\"potentialAction\":[{\"@type\":\"ReadAction\",\"target\":[\"https:\/\/timberwalls.net\/sv\/produkter\/forskarning\/\"]}]},{\"@type\":\"BreadcrumbList\",\"@id\":\"https:\/\/timberwalls.net\/sv\/produkter\/forskarning\/#breadcrumb\",\"itemListElement\":[{\"@type\":\"ListItem\",\"position\":1,\"name\":\"Home\",\"item\":\"https:\/\/timberwalls.net\/sv\/\"},{\"@type\":\"ListItem\",\"position\":2,\"name\":\"Produkter\",\"item\":\"https:\/\/timberwalls.net\/sv\/produkter\/\"},{\"@type\":\"ListItem\",\"position\":3,\"name\":\"F\u00f6rsk\u00e4rning\"}]},{\"@type\":\"WebSite\",\"@id\":\"https:\/\/timberwalls.net\/de\/#website\",\"url\":\"https:\/\/timberwalls.net\/de\/\",\"name\":\"timberwalls.net\",\"description\":\"timberwalls.net\",\"publisher\":{\"@id\":\"https:\/\/timberwalls.net\/de\/#organization\"},\"potentialAction\":[{\"@type\":\"SearchAction\",\"target\":{\"@type\":\"EntryPoint\",\"urlTemplate\":\"https:\/\/timberwalls.net\/de\/?s={search_term_string}\"},\"query-input\":{\"@type\":\"PropertyValueSpecification\",\"valueRequired\":true,\"valueName\":\"search_term_string\"}}],\"inLanguage\":\"sv-SE\"},{\"@type\":\"Organization\",\"@id\":\"https:\/\/timberwalls.net\/de\/#organization\",\"name\":\"Wooden frame-panel houses\",\"url\":\"https:\/\/timberwalls.net\/de\/\",\"logo\":{\"@type\":\"ImageObject\",\"inLanguage\":\"sv-SE\",\"@id\":\"https:\/\/timberwalls.net\/de\/#\/schema\/logo\/image\/\",\"url\":\"https:\/\/timberwalls.net\/wp-content\/uploads\/2024\/08\/Timberwalls-logo-1.jpg\",\"contentUrl\":\"https:\/\/timberwalls.net\/wp-content\/uploads\/2024\/08\/Timberwalls-logo-1.jpg\",\"width\":960,\"height\":685,\"caption\":\"Wooden frame-panel houses\"},\"image\":{\"@id\":\"https:\/\/timberwalls.net\/de\/#\/schema\/logo\/image\/\"}}]}<\/script>\n<!-- \/ Yoast SEO plugin. -->","yoast_head_json":{"title":"F\u00f6rsk\u00e4rning - timberwalls.net","robots":{"index":"index","follow":"follow","max-snippet":"max-snippet:-1","max-image-preview":"max-image-preview:large","max-video-preview":"max-video-preview:-1"},"canonical":"https:\/\/timberwalls.net\/sv\/produkter\/forskarning\/","og_locale":"sv_SE","og_type":"article","og_title":"F\u00f6rsk\u00e4rning - timberwalls.net","og_url":"https:\/\/timberwalls.net\/sv\/produkter\/forskarning\/","og_site_name":"timberwalls.net","article_modified_time":"2024-09-11T17:47:24+00:00","og_image":[{"width":1600,"height":1200,"url":"https:\/\/timberwalls.net\/wp-content\/uploads\/2024\/09\/843_1854905491.jpg","type":"image\/jpeg"}],"twitter_card":"summary_large_image","twitter_misc":{"Ber\u00e4knad l\u00e4stid":"2 minuter"},"schema":{"@context":"https:\/\/schema.org","@graph":[{"@type":"WebPage","@id":"https:\/\/timberwalls.net\/sv\/produkter\/forskarning\/","url":"https:\/\/timberwalls.net\/sv\/produkter\/forskarning\/","name":"F\u00f6rsk\u00e4rning - timberwalls.net","isPartOf":{"@id":"https:\/\/timberwalls.net\/de\/#website"},"datePublished":"2024-08-16T01:58:21+00:00","dateModified":"2024-09-11T17:47:24+00:00","breadcrumb":{"@id":"https:\/\/timberwalls.net\/sv\/produkter\/forskarning\/#breadcrumb"},"inLanguage":"sv-SE","potentialAction":[{"@type":"ReadAction","target":["https:\/\/timberwalls.net\/sv\/produkter\/forskarning\/"]}]},{"@type":"BreadcrumbList","@id":"https:\/\/timberwalls.net\/sv\/produkter\/forskarning\/#breadcrumb","itemListElement":[{"@type":"ListItem","position":1,"name":"Home","item":"https:\/\/timberwalls.net\/sv\/"},{"@type":"ListItem","position":2,"name":"Produkter","item":"https:\/\/timberwalls.net\/sv\/produkter\/"},{"@type":"ListItem","position":3,"name":"F\u00f6rsk\u00e4rning"}]},{"@type":"WebSite","@id":"https:\/\/timberwalls.net\/de\/#website","url":"https:\/\/timberwalls.net\/de\/","name":"timberwalls.net","description":"timberwalls.net","publisher":{"@id":"https:\/\/timberwalls.net\/de\/#organization"},"potentialAction":[{"@type":"SearchAction","target":{"@type":"EntryPoint","urlTemplate":"https:\/\/timberwalls.net\/de\/?s={search_term_string}"},"query-input":{"@type":"PropertyValueSpecification","valueRequired":true,"valueName":"search_term_string"}}],"inLanguage":"sv-SE"},{"@type":"Organization","@id":"https:\/\/timberwalls.net\/de\/#organization","name":"Wooden frame-panel houses","url":"https:\/\/timberwalls.net\/de\/","logo":{"@type":"ImageObject","inLanguage":"sv-SE","@id":"https:\/\/timberwalls.net\/de\/#\/schema\/logo\/image\/","url":"https:\/\/timberwalls.net\/wp-content\/uploads\/2024\/08\/Timberwalls-logo-1.jpg","contentUrl":"https:\/\/timberwalls.net\/wp-content\/uploads\/2024\/08\/Timberwalls-logo-1.jpg","width":960,"height":685,"caption":"Wooden frame-panel houses"},"image":{"@id":"https:\/\/timberwalls.net\/de\/#\/schema\/logo\/image\/"}}]}},"_links":{"self":[{"href":"https:\/\/timberwalls.net\/sv\/wp-json\/wp\/v2\/pages\/13402","targetHints":{"allow":["GET"]}}],"collection":[{"href":"https:\/\/timberwalls.net\/sv\/wp-json\/wp\/v2\/pages"}],"about":[{"href":"https:\/\/timberwalls.net\/sv\/wp-json\/wp\/v2\/types\/page"}],"author":[{"embeddable":true,"href":"https:\/\/timberwalls.net\/sv\/wp-json\/wp\/v2\/users\/1"}],"replies":[{"embeddable":true,"href":"https:\/\/timberwalls.net\/sv\/wp-json\/wp\/v2\/comments?post=13402"}],"version-history":[{"count":3,"href":"https:\/\/timberwalls.net\/sv\/wp-json\/wp\/v2\/pages\/13402\/revisions"}],"predecessor-version":[{"id":14339,"href":"https:\/\/timberwalls.net\/sv\/wp-json\/wp\/v2\/pages\/13402\/revisions\/14339"}],"up":[{"embeddable":true,"href":"https:\/\/timberwalls.net\/sv\/wp-json\/wp\/v2\/pages\/13452"}],"wp:attachment":[{"href":"https:\/\/timberwalls.net\/sv\/wp-json\/wp\/v2\/media?parent=13402"}],"curies":[{"name":"wp","href":"https:\/\/api.w.org\/{rel}","templated":true}]}}