{"id":13457,"date":"2024-08-13T12:51:56","date_gmt":"2024-08-13T12:51:56","guid":{"rendered":"https:\/\/timberwalls.net\/house-projects\/"},"modified":"2025-01-23T12:01:02","modified_gmt":"2025-01-23T12:01:02","slug":"husprojekt","status":"publish","type":"page","link":"https:\/\/timberwalls.net\/sv\/husprojekt\/","title":{"rendered":"Husprojekt"},"content":{"rendered":"<div class=\"wpb-content-wrapper\"><p>[vc_row][vc_column width=&#8221;1\/2&#8243; css=&#8221;.vc_custom_1723730383399{margin-bottom: 20px !important;}&#8221; woodmart_css_id=&#8221;66be09cba7ef4&#8243; parallax_scroll=&#8221;no&#8221; woodmart_sticky_column=&#8221;false&#8221; wd_collapsible_content_switcher=&#8221;no&#8221; wd_column_role_offcanvas_desktop=&#8221;no&#8221; wd_column_role_offcanvas_tablet=&#8221;no&#8221; wd_column_role_offcanvas_mobile=&#8221;no&#8221; wd_column_role_content_desktop=&#8221;no&#8221; wd_column_role_content_tablet=&#8221;no&#8221; wd_column_role_content_mobile=&#8221;no&#8221; mobile_bg_img_hidden=&#8221;no&#8221; tablet_bg_img_hidden=&#8221;no&#8221; woodmart_parallax=&#8221;0&#8243; woodmart_box_shadow=&#8221;no&#8221; responsive_spacing=&#8221;eyJwYXJhbV90eXBlIjoid29vZG1hcnRfcmVzcG9uc2l2ZV9zcGFjaW5nIiwic2VsZWN0b3JfaWQiOiI2NmJlMDljYmE3ZWY0Iiwic2hvcnRjb2RlIjoidmNfY29sdW1uIiwiZGF0YSI6eyJ0YWJsZXQiOnt9LCJtb2JpbGUiOnt9fX0=&#8221; mobile_reset_margin=&#8221;no&#8221; tablet_reset_margin=&#8221;no&#8221; wd_z_index=&#8221;no&#8221;]\t\t\t<link rel=\"stylesheet\" id=\"wd-banner-css\" href=\"https:\/\/timberwalls.net\/wp-content\/themes\/woodmart\/css\/parts\/wpb-el-banner.min.css?ver=7.5.2\" type=\"text\/css\" media=\"all\" \/> \t\t\t\t\t\t<link rel=\"stylesheet\" id=\"wd-banner-style-mask-and-shadow-css\" href=\"https:\/\/timberwalls.net\/wp-content\/themes\/woodmart\/css\/parts\/el-banner-style-mask-and-shadow.min.css?ver=7.5.2\" type=\"text\/css\" media=\"all\" \/> \t\t\t\t\t\t<link rel=\"stylesheet\" id=\"wd-banner-hover-zoom-css\" href=\"https:\/\/timberwalls.net\/wp-content\/themes\/woodmart\/css\/parts\/el-banner-hover-zoom.min.css?ver=7.5.2\" type=\"text\/css\" media=\"all\" \/> \t\t\t\t\t\t<link rel=\"stylesheet\" id=\"wd-banner-btn-hover-css\" href=\"https:\/\/timberwalls.net\/wp-content\/themes\/woodmart\/css\/parts\/el-banner-btn-hover.min.css?ver=7.5.2\" type=\"text\/css\" media=\"all\" \/> \t\t\t\t\t\t<link rel=\"stylesheet\" id=\"wd-mod-highlighted-text-css\" href=\"https:\/\/timberwalls.net\/wp-content\/themes\/woodmart\/css\/parts\/mod-highlighted-text.min.css?ver=7.5.2\" type=\"text\/css\" media=\"all\" \/> \t\t\t\t\t<div class=\"promo-banner-wrapper  wd-rs-67922f69a4a41 \">\n\t\t\t<div id=\"wd-67922f69a4a41\" class=\"promo-banner  banner-mask banner-hover-zoom color-scheme-light banner-btn-size-default banner-btn-style-bordered  with-btn banner-btn-position-hover wd-with-link wd-underline-colored\">\n\t\t\t\t<div class=\"main-wrapp-img\">\n\t\t\t\t\t<div class=\"banner-image wd-bg-position-center\" >\n\t\t\t\t\t\t<img loading=\"lazy\" decoding=\"async\" width=\"2560\" height=\"1440\" src=\"https:\/\/timberwalls.net\/wp-content\/uploads\/2024\/08\/69.9._Photo-4-scaled-1.jpg\" class=\"attachment-full size-full\" alt=\"\" \/>\t\t\t\t\t<\/div>\n\t\t\t\t<\/div>\n\n\t\t\t\t<div class=\"wrapper-content-banner wd-fill  wd-items-middle wd-justify-center\">\n\t\t\t\t\t<div class=\"content-banner  text-center\">\n\t\t\t\t\t\t<h4 class=\"banner-title wd-font-weight- wd-fontsize-xl\">STANDARDHUS<\/h4>\t\t\t\t\t\t\n\t\t\t\t\t\t\n\t\t\t\t\t\t<div class=\"banner-btn-wrapper\"><div id=\"wd-69e0fab4dc904\" class=\"  wd-button-wrapper text-center\"><a href=\"https:\/\/timberwalls.net\/sv\/husprojekt\/standardhus\/\" title=\"\" class=\"btn btn-color-white btn-style-bordered btn-style-round btn-size-default\">Se mer<\/a><\/div><\/div>\t\t\t\t\t<\/div>\n\t\t\t\t<\/div>\n\n\t\t\t\t\t\t\t\t\t<a class=\"wd-promo-banner-link wd-fill\" aria-label=\"Banner link\" href=\"https:\/\/timberwalls.net\/sv\/husprojekt\/standardhus\/\" title=\"\"><\/a>\n\t\t\t\t\n\t\t\t\t\t\t\t<\/div>\n\t\t<\/div>\n\n\t\t[\/vc_column][vc_column width=&#8221;1\/2&#8243; css=&#8221;.vc_custom_1723730390169{margin-bottom: 20px !important;}&#8221; woodmart_css_id=&#8221;66be09d21077f&#8221; parallax_scroll=&#8221;no&#8221; woodmart_sticky_column=&#8221;false&#8221; wd_collapsible_content_switcher=&#8221;no&#8221; wd_column_role_offcanvas_desktop=&#8221;no&#8221; wd_column_role_offcanvas_tablet=&#8221;no&#8221; wd_column_role_offcanvas_mobile=&#8221;no&#8221; wd_column_role_content_desktop=&#8221;no&#8221; wd_column_role_content_tablet=&#8221;no&#8221; wd_column_role_content_mobile=&#8221;no&#8221; mobile_bg_img_hidden=&#8221;no&#8221; tablet_bg_img_hidden=&#8221;no&#8221; woodmart_parallax=&#8221;0&#8243; woodmart_box_shadow=&#8221;no&#8221; responsive_spacing=&#8221;eyJwYXJhbV90eXBlIjoid29vZG1hcnRfcmVzcG9uc2l2ZV9zcGFjaW5nIiwic2VsZWN0b3JfaWQiOiI2NmJlMDlkMjEwNzdmIiwic2hvcnRjb2RlIjoidmNfY29sdW1uIiwiZGF0YSI6eyJ0YWJsZXQiOnt9LCJtb2JpbGUiOnt9fX0=&#8221; mobile_reset_margin=&#8221;no&#8221; tablet_reset_margin=&#8221;no&#8221; wd_z_index=&#8221;no&#8221;]\t\t<div class=\"promo-banner-wrapper  wd-rs-67922f6ed299f \">\n\t\t\t<div id=\"wd-67922f6ed299f\" class=\"promo-banner  banner-mask banner-hover-zoom color-scheme-light banner-btn-size-default banner-btn-style-bordered  with-btn banner-btn-position-hover wd-with-link wd-underline-colored\">\n\t\t\t\t<div class=\"main-wrapp-img\">\n\t\t\t\t\t<div class=\"banner-image wd-bg-position-center\" >\n\t\t\t\t\t\t<img loading=\"lazy\" decoding=\"async\" width=\"2048\" height=\"1366\" src=\"https:\/\/timberwalls.net\/wp-content\/uploads\/2024\/09\/Architect-Office-with-Plan-on-PC-scaled-1.jpeg\" class=\"attachment-full size-full\" alt=\"\" \/>\t\t\t\t\t<\/div>\n\t\t\t\t<\/div>\n\n\t\t\t\t<div class=\"wrapper-content-banner wd-fill  wd-items-middle wd-justify-center\">\n\t\t\t\t\t<div class=\"content-banner  text-center\">\n\t\t\t\t\t\t<h4 class=\"banner-title wd-font-weight- wd-fontsize-xl\">BYGGT P\u00c5 BEST\u00c4LLNING<\/h4>\t\t\t\t\t\t\n\t\t\t\t\t\t\n\t\t\t\t\t\t<div class=\"banner-btn-wrapper\"><div id=\"wd-69e0fab4dcd3d\" class=\"  wd-button-wrapper text-center\"><a href=\"https:\/\/timberwalls.net\/sv\/house-projects\/byggt-pa-bestallning\/\" title=\"\" class=\"btn btn-color-white btn-style-bordered btn-style-round btn-size-default\">Se mer<\/a><\/div><\/div>\t\t\t\t\t<\/div>\n\t\t\t\t<\/div>\n\n\t\t\t\t\t\t\t\t\t<a class=\"wd-promo-banner-link wd-fill\" aria-label=\"Banner link\" href=\"https:\/\/timberwalls.net\/sv\/house-projects\/byggt-pa-bestallning\/\" title=\"\"><\/a>\n\t\t\t\t\n\t\t\t\t\t\t\t<\/div>\n\t\t<\/div>\n\n\t\t[\/vc_column][\/vc_row][vc_row][vc_column width=&#8221;1\/2&#8243; css=&#8221;.vc_custom_1723730383399{margin-bottom: 20px !important;}&#8221; woodmart_css_id=&#8221;66be09cba7ef4&#8243; parallax_scroll=&#8221;no&#8221; woodmart_sticky_column=&#8221;false&#8221; wd_collapsible_content_switcher=&#8221;no&#8221; wd_column_role_offcanvas_desktop=&#8221;no&#8221; wd_column_role_offcanvas_tablet=&#8221;no&#8221; wd_column_role_offcanvas_mobile=&#8221;no&#8221; wd_column_role_content_desktop=&#8221;no&#8221; wd_column_role_content_tablet=&#8221;no&#8221; wd_column_role_content_mobile=&#8221;no&#8221; mobile_bg_img_hidden=&#8221;no&#8221; tablet_bg_img_hidden=&#8221;no&#8221; woodmart_parallax=&#8221;0&#8243; woodmart_box_shadow=&#8221;no&#8221; responsive_spacing=&#8221;eyJwYXJhbV90eXBlIjoid29vZG1hcnRfcmVzcG9uc2l2ZV9zcGFjaW5nIiwic2VsZWN0b3JfaWQiOiI2NmJlMDljYmE3ZWY0Iiwic2hvcnRjb2RlIjoidmNfY29sdW1uIiwiZGF0YSI6eyJ0YWJsZXQiOnt9LCJtb2JpbGUiOnt9fX0=&#8221; mobile_reset_margin=&#8221;no&#8221; tablet_reset_margin=&#8221;no&#8221; wd_z_index=&#8221;no&#8221;]\t\t<div class=\"promo-banner-wrapper  wd-rs-67922f73c24cf \">\n\t\t\t<div id=\"wd-67922f73c24cf\" class=\"promo-banner  banner-mask banner-hover-zoom color-scheme-light banner-btn-size-default banner-btn-style-bordered  with-btn banner-btn-position-hover wd-with-link wd-underline-colored\">\n\t\t\t\t<div class=\"main-wrapp-img\">\n\t\t\t\t\t<div class=\"banner-image wd-bg-position-center\" >\n\t\t\t\t\t\t<img loading=\"lazy\" decoding=\"async\" width=\"1200\" height=\"711\" src=\"https:\/\/timberwalls.net\/wp-content\/uploads\/2024\/09\/7fa19180-6aa0-11ed-a135-293c3c895afb.jpg\" class=\"attachment-full size-full\" alt=\"\" \/>\t\t\t\t\t<\/div>\n\t\t\t\t<\/div>\n\n\t\t\t\t<div class=\"wrapper-content-banner wd-fill  wd-items-middle wd-justify-center\">\n\t\t\t\t\t<div class=\"content-banner  text-center\">\n\t\t\t\t\t\t<h4 class=\"banner-title wd-font-weight- wd-fontsize-xl\">MONTERING<\/h4>\t\t\t\t\t\t\n\t\t\t\t\t\t\n\t\t\t\t\t\t<div class=\"banner-btn-wrapper\"><div id=\"wd-69e0fab4dd146\" class=\"  wd-button-wrapper text-center\"><a href=\"https:\/\/timberwalls.net\/sv\/husprojekt\/montering\/\" title=\"\" class=\"btn btn-color-white btn-style-bordered btn-style-round btn-size-default\">Se mer<\/a><\/div><\/div>\t\t\t\t\t<\/div>\n\t\t\t\t<\/div>\n\n\t\t\t\t\t\t\t\t\t<a class=\"wd-promo-banner-link wd-fill\" aria-label=\"Banner link\" href=\"https:\/\/timberwalls.net\/sv\/husprojekt\/montering\/\" title=\"\"><\/a>\n\t\t\t\t\n\t\t\t\t\t\t\t<\/div>\n\t\t<\/div>\n\n\t\t[\/vc_column][vc_column width=&#8221;1\/2&#8243; css=&#8221;.vc_custom_1723730390169{margin-bottom: 20px !important;}&#8221; woodmart_css_id=&#8221;66be09d21077f&#8221; parallax_scroll=&#8221;no&#8221; woodmart_sticky_column=&#8221;false&#8221; wd_collapsible_content_switcher=&#8221;no&#8221; wd_column_role_offcanvas_desktop=&#8221;no&#8221; wd_column_role_offcanvas_tablet=&#8221;no&#8221; wd_column_role_offcanvas_mobile=&#8221;no&#8221; wd_column_role_content_desktop=&#8221;no&#8221; wd_column_role_content_tablet=&#8221;no&#8221; wd_column_role_content_mobile=&#8221;no&#8221; mobile_bg_img_hidden=&#8221;no&#8221; tablet_bg_img_hidden=&#8221;no&#8221; woodmart_parallax=&#8221;0&#8243; woodmart_box_shadow=&#8221;no&#8221; responsive_spacing=&#8221;eyJwYXJhbV90eXBlIjoid29vZG1hcnRfcmVzcG9uc2l2ZV9zcGFjaW5nIiwic2VsZWN0b3JfaWQiOiI2NmJlMDlkMjEwNzdmIiwic2hvcnRjb2RlIjoidmNfY29sdW1uIiwiZGF0YSI6eyJ0YWJsZXQiOnt9LCJtb2JpbGUiOnt9fX0=&#8221; mobile_reset_margin=&#8221;no&#8221; tablet_reset_margin=&#8221;no&#8221; wd_z_index=&#8221;no&#8221;]\t\t<div class=\"promo-banner-wrapper  wd-rs-67922f78c0259 \">\n\t\t\t<div id=\"wd-67922f78c0259\" class=\"promo-banner  banner-mask banner-hover-zoom color-scheme-light banner-btn-size-default banner-btn-style-bordered  with-btn banner-btn-position-hover wd-with-link wd-underline-colored\">\n\t\t\t\t<div class=\"main-wrapp-img\">\n\t\t\t\t\t<div class=\"banner-image wd-bg-position-center\" >\n\t\t\t\t\t\t<img loading=\"lazy\" decoding=\"async\" width=\"1600\" height=\"1067\" src=\"https:\/\/timberwalls.net\/wp-content\/uploads\/2024\/09\/843_1912415826.jpg\" class=\"attachment-full size-full\" alt=\"Fully completed prefab home project near Oslo, NorwayFully completed prefab home project in Norway\" \/>\t\t\t\t\t<\/div>\n\t\t\t\t<\/div>\n\n\t\t\t\t<div class=\"wrapper-content-banner wd-fill  wd-items-middle wd-justify-center\">\n\t\t\t\t\t<div class=\"content-banner  text-center\">\n\t\t\t\t\t\t<h4 class=\"banner-title wd-font-weight- wd-fontsize-xl\">SLUTF\u00d6RDA PROJEKT<\/h4>\t\t\t\t\t\t\n\t\t\t\t\t\t\n\t\t\t\t\t\t<div class=\"banner-btn-wrapper\"><div id=\"wd-69e0fab4dd4e9\" class=\"  wd-button-wrapper text-center\"><a href=\"https:\/\/timberwalls.net\/sv\/gallery\/slutforda-projekt\/\" title=\"\" class=\"btn btn-color-white btn-style-bordered btn-style-round btn-size-default\">Se mer<\/a><\/div><\/div>\t\t\t\t\t<\/div>\n\t\t\t\t<\/div>\n\n\t\t\t\t\t\t\t\t\t<a class=\"wd-promo-banner-link wd-fill\" aria-label=\"Banner link\" href=\"https:\/\/timberwalls.net\/sv\/gallery\/slutforda-projekt\/\" title=\"\"><\/a>\n\t\t\t\t\n\t\t\t\t\t\t\t<\/div>\n\t\t<\/div>\n\n\t\t[\/vc_column][\/vc_row][vc_row css=&#8221;.vc_custom_1728915770810{margin-top: 50px !important;}&#8221; woodmart_css_id=&#8221;670d2937b7589&#8243; responsive_spacing=&#8221;eyJwYXJhbV90eXBlIjoid29vZG1hcnRfcmVzcG9uc2l2ZV9zcGFjaW5nIiwic2VsZWN0b3JfaWQiOiI2NzBkMjkzN2I3NTg5Iiwic2hvcnRjb2RlIjoidmNfcm93IiwiZGF0YSI6eyJ0YWJsZXQiOnt9LCJtb2JpbGUiOnt9fX0=&#8221; mobile_bg_img_hidden=&#8221;no&#8221; tablet_bg_img_hidden=&#8221;no&#8221; woodmart_parallax=&#8221;0&#8243; woodmart_gradient_switch=&#8221;no&#8221; woodmart_box_shadow=&#8221;no&#8221; wd_z_index=&#8221;no&#8221; woodmart_disable_overflow=&#8221;0&#8243; row_reverse_mobile=&#8221;0&#8243; row_reverse_tablet=&#8221;0&#8243;][vc_column]\t\t\t<link rel=\"stylesheet\" id=\"wd-text-block-css\" href=\"https:\/\/timberwalls.net\/wp-content\/themes\/woodmart\/css\/parts\/el-text-block.min.css?ver=7.5.2\" type=\"text\/css\" media=\"all\" \/> \t\t\t\t\t<div id=\"wd-670d29324bc52\" class=\"wd-text-block wd-wpb reset-last-child wd-rs-670d29324bc52 text-left \">\n\t\t\t<p><strong>Elementarhusbyggande: Fr\u00e5n projekt till f\u00e4rdigt hus<\/strong><\/p>\n<p>Elementarhuser \u00e4r k\u00e4nda f\u00f6r sitt snabba och effektiva byggande, tack vare prefabricerade element. Denna produktionsprocess sparar tid och undviker ov\u00e4ntade utmaningar som kan uppst\u00e5 under byggandet.<\/p>\n<p>Produktionsprocessen omfattar flera huvudfaser:<\/p>\n<ul>\n<li><strong>Planering:<\/strong> Varje elementarhus b\u00f6rjar med ett individuellt projekt. Arkitekter och ingenj\u00f6rer samarbetar med kunderna f\u00f6r att utveckla en unik bostadsplan som tar h\u00e4nsyn till tomtens egenskaper, kundens \u00f6nskem\u00e5l och byggregler.<\/li>\n<li><strong>Elementproduktion:<\/strong> Baserat p\u00e5 den utarbetade planen startar produktionen av element p\u00e5 fabriken. Dessa element best\u00e5r av en tr\u00e4konstruktion fylld med isoleringsmaterial. F\u00f6nster, d\u00f6rrar och tekniska system integreras i elementen.<\/li>\n<li><strong>Transport och montering:<\/strong> De f\u00e4rdiga elementen transporteras till byggplatsen och monteras p\u00e5 ett f\u00f6rberett fundament. Monteringsarbetet utf\u00f6rs snabbt och precist, d\u00e5 varje element \u00e4r producerat efter en individuell plan och passar exakt till sin plats.<\/li>\n<li><strong>Inv\u00e4ndigt och utv\u00e4ndigt arbete:<\/strong> Efter att huset \u00e4r sammanst\u00e4llt, utf\u00f6rs inv\u00e4ndigt och utv\u00e4ndigt arbete. Genom att v\u00e4lja r\u00e4tt material och ytbehandling kan huset f\u00e5 en individuell och trivsam karakt\u00e4r.<\/li>\n<\/ul>\n<p><strong>F\u00f6rdelar med elementarhuser: Ditt dr\u00f6mhus<\/strong><\/p>\n<p>Att bygga ett hus \u00e4r en betydande investering, s\u00e5 du f\u00f6rtj\u00e4nar ett hem som perfekt \u00e5terspeglar din stil och dina behov. Tr\u00e4hus och elementarhuser erbjuder en unik kombination av sk\u00f6nhet, h\u00e5llbarhet och effektivitet, vilket g\u00f6r dem till ett utm\u00e4rkt val f\u00f6r m\u00e5nga hus\u00e4gare.<\/p>\n<p><strong>F\u00f6rdelar med tr\u00e4hus och elementarhuser<\/strong><\/p>\n<p>En tr\u00e4konstruktion \u00e4r en m\u00e5ngsidig och bepr\u00f6vad byggteknik med flera f\u00f6rdelar j\u00e4mf\u00f6rt med traditionell murstens- och tegelbyggnad. H\u00e4r \u00e4r n\u00e5gra av de viktigaste f\u00f6rdelarna med att v\u00e4lja ett tr\u00e4hus eller elementarhus:<\/p>\n<ul>\n<li><strong>Snabbare byggande:<\/strong> Eftersom v\u00e4ggarna i ett elementarhus sammanfogas i en kontrollerad milj\u00f6 \u00e4r byggprocessen betydligt snabbare \u00e4n traditionella metoder. Det betyder att du kan flytta in i ditt nya hem tidigare och undvika besv\u00e4ret med ett l\u00e5ngt byggprojekt.<\/li>\n<li><strong>H\u00e5llbar byggande:<\/strong> Tr\u00e4 \u00e4r en f\u00f6rnybar resurs, och byggandet av tr\u00e4hus och elementarhuser anv\u00e4nder mindre tr\u00e4 \u00e4n traditionella timmerhus. Dessutom minskar monteringsprocessen avfall p\u00e5 byggplatsen.<\/li>\n<li><strong>Energieffektivitet:<\/strong> Tr\u00e4hus och elementarhuser \u00e4r naturligt energieffektiva p\u00e5 grund av tr\u00e4ets utm\u00e4rkta isolerande egenskaper. Detta kan hj\u00e4lpa dig att spara pengar p\u00e5 uppv\u00e4rmnings- och kylkostnader \u00e5ret runt.<\/li>\n<li><strong>H\u00e5llbarhet:<\/strong> Korrekt byggda och underh\u00e5llna elementarhuser kan h\u00e5lla i \u00e5rhundraden. Tr\u00e4ets styrka och stabilitet g\u00f6r det till ett p\u00e5litligt byggmaterial som kan t\u00e5la naturens krafter.<\/li>\n<li><strong>Designflexibilitet:<\/strong> Elementarkonstruktion m\u00f6jligg\u00f6r stor designflexibilitet. Du kan skapa ett unikt hem med olika arkitektoniska stilar och planer.<\/li>\n<\/ul>\n<p><strong>Timberwalls<\/strong> \u00e4r engagerade i att leverera sina kunder elementarhuser av h\u00f6gsta kvalitet. Vi anv\u00e4nder endast de b\u00e4sta materialen och anst\u00e4ller erfarna hantverkare f\u00f6r att s\u00e4kerst\u00e4lla att ditt hus \u00e4r byggt f\u00f6r att h\u00e5lla.<\/p>\n<p><strong>Varf\u00f6r v\u00e4lja Timberwalls<\/strong><\/p>\n<ul>\n<li><strong>\u00d6ver 20 \u00e5rs erfarenhet:<\/strong> Vi har byggt elementarhuser i \u00f6ver 20 \u00e5r och har en dokumenterad framg\u00e5ngssaga. Vi vet vad som kr\u00e4vs f\u00f6r att bygga ett hem som uppfyller dina behov och \u00f6vertr\u00e4ffar dina f\u00f6rv\u00e4ntningar.<\/li>\n<li><strong>Brett utbud av tj\u00e4nster:<\/strong> Vi erbjuder ett brett utbud av tj\u00e4nster f\u00f6r att m\u00f6ta dina behov, fr\u00e5n planering och ingenj\u00f6rsarbete till byggande och efterbehandling. Vi kan hj\u00e4lpa dig i varje steg av husbygget.<\/li>\n<li><strong>Kundfokus:<\/strong> Vi \u00e4r engagerade i att leverera v\u00e5ra kunder den b\u00e4sta m\u00f6jliga upplevelse. Vi samarbetar n\u00e4ra med dig under hela byggprocessen f\u00f6r att s\u00e4kerst\u00e4lla att ditt hus \u00e4r byggt enligt dina exakta krav.<\/li>\n<\/ul>\n<p>Om du \u00f6verv\u00e4ger att bygga ett nytt hus, uppmuntrar vi dig att l\u00e4ra dig mer om f\u00f6rdelarna med elementarhusbyggande. Kontakta <strong>Timberwalls<\/strong> idag f\u00f6r att diskutera ditt dr\u00f6mhus och starta ditt byggprojekt.<\/p>\n\t\t<\/div>\n\t\t[\/vc_column][\/vc_row]<\/p>\n<\/div>","protected":false},"excerpt":{"rendered":"<p>[vc_row][vc_column width=&#8221;1\/2&#8243; css=&#8221;.vc_custom_1723730383399{margin-bottom: 20px !important;}&#8221; woodmart_css_id=&#8221;66be09cba7ef4&#8243; parallax_scroll=&#8221;no&#8221; woodmart_sticky_column=&#8221;false&#8221; wd_collapsible_content_switcher=&#8221;no&#8221; wd_column_role_offcanvas_desktop=&#8221;no&#8221; wd_column_role_offcanvas_tablet=&#8221;no&#8221; wd_column_role_offcanvas_mobile=&#8221;no&#8221; wd_column_role_content_desktop=&#8221;no&#8221; wd_column_role_content_tablet=&#8221;no&#8221; wd_column_role_content_mobile=&#8221;no&#8221; mobile_bg_img_hidden=&#8221;no&#8221; tablet_bg_img_hidden=&#8221;no&#8221; woodmart_parallax=&#8221;0&#8243; woodmart_box_shadow=&#8221;no&#8221; responsive_spacing=&#8221;eyJwYXJhbV90eXBlIjoid29vZG1hcnRfcmVzcG9uc2l2ZV9zcGFjaW5nIiwic2VsZWN0b3JfaWQiOiI2NmJlMDljYmE3ZWY0Iiwic2hvcnRjb2RlIjoidmNfY29sdW1uIiwiZGF0YSI6eyJ0YWJsZXQiOnt9LCJtb2JpbGUiOnt9fX0=&#8221;<\/p>\n","protected":false},"author":1,"featured_media":0,"parent":0,"menu_order":0,"comment_status":"closed","ping_status":"closed","template":"","meta":{"footnotes":""},"class_list":["post-13457","page","type-page","status-publish","hentry"],"yoast_head":"<!-- This site is optimized with the Yoast SEO plugin v23.6 - https:\/\/yoast.com\/wordpress\/plugins\/seo\/ -->\n<title>Husprojekt - timberwalls.net<\/title>\n<meta name=\"robots\" content=\"index, follow, max-snippet:-1, max-image-preview:large, max-video-preview:-1\" \/>\n<link rel=\"canonical\" href=\"https:\/\/timberwalls.net\/sv\/husprojekt\/\" \/>\n<meta property=\"og:locale\" content=\"sv_SE\" \/>\n<meta property=\"og:type\" content=\"article\" \/>\n<meta property=\"og:title\" content=\"Husprojekt - timberwalls.net\" \/>\n<meta property=\"og:url\" content=\"https:\/\/timberwalls.net\/sv\/husprojekt\/\" \/>\n<meta property=\"og:site_name\" content=\"timberwalls.net\" \/>\n<meta property=\"article:modified_time\" content=\"2025-01-23T12:01:02+00:00\" \/>\n<meta property=\"og:image\" content=\"https:\/\/timberwalls.net\/wp-content\/uploads\/2024\/09\/843_1854905491.jpg\" \/>\n\t<meta property=\"og:image:width\" content=\"1600\" \/>\n\t<meta property=\"og:image:height\" content=\"1200\" \/>\n\t<meta property=\"og:image:type\" content=\"image\/jpeg\" \/>\n<meta name=\"twitter:card\" content=\"summary_large_image\" \/>\n<meta name=\"twitter:label1\" content=\"Ber\u00e4knad l\u00e4stid\" \/>\n\t<meta name=\"twitter:data1\" content=\"5 minuter\" \/>\n<script type=\"application\/ld+json\" class=\"yoast-schema-graph\">{\"@context\":\"https:\/\/schema.org\",\"@graph\":[{\"@type\":\"WebPage\",\"@id\":\"https:\/\/timberwalls.net\/sv\/husprojekt\/\",\"url\":\"https:\/\/timberwalls.net\/sv\/husprojekt\/\",\"name\":\"Husprojekt - timberwalls.net\",\"isPartOf\":{\"@id\":\"https:\/\/timberwalls.net\/de\/#website\"},\"datePublished\":\"2024-08-13T12:51:56+00:00\",\"dateModified\":\"2025-01-23T12:01:02+00:00\",\"breadcrumb\":{\"@id\":\"https:\/\/timberwalls.net\/sv\/husprojekt\/#breadcrumb\"},\"inLanguage\":\"sv-SE\",\"potentialAction\":[{\"@type\":\"ReadAction\",\"target\":[\"https:\/\/timberwalls.net\/sv\/husprojekt\/\"]}]},{\"@type\":\"BreadcrumbList\",\"@id\":\"https:\/\/timberwalls.net\/sv\/husprojekt\/#breadcrumb\",\"itemListElement\":[{\"@type\":\"ListItem\",\"position\":1,\"name\":\"Home\",\"item\":\"https:\/\/timberwalls.net\/sv\/\"},{\"@type\":\"ListItem\",\"position\":2,\"name\":\"Husprojekt\"}]},{\"@type\":\"WebSite\",\"@id\":\"https:\/\/timberwalls.net\/de\/#website\",\"url\":\"https:\/\/timberwalls.net\/de\/\",\"name\":\"timberwalls.net\",\"description\":\"timberwalls.net\",\"publisher\":{\"@id\":\"https:\/\/timberwalls.net\/de\/#organization\"},\"potentialAction\":[{\"@type\":\"SearchAction\",\"target\":{\"@type\":\"EntryPoint\",\"urlTemplate\":\"https:\/\/timberwalls.net\/de\/?s={search_term_string}\"},\"query-input\":{\"@type\":\"PropertyValueSpecification\",\"valueRequired\":true,\"valueName\":\"search_term_string\"}}],\"inLanguage\":\"sv-SE\"},{\"@type\":\"Organization\",\"@id\":\"https:\/\/timberwalls.net\/de\/#organization\",\"name\":\"Wooden frame-panel houses\",\"url\":\"https:\/\/timberwalls.net\/de\/\",\"logo\":{\"@type\":\"ImageObject\",\"inLanguage\":\"sv-SE\",\"@id\":\"https:\/\/timberwalls.net\/de\/#\/schema\/logo\/image\/\",\"url\":\"https:\/\/timberwalls.net\/wp-content\/uploads\/2024\/08\/Timberwalls-logo-1.jpg\",\"contentUrl\":\"https:\/\/timberwalls.net\/wp-content\/uploads\/2024\/08\/Timberwalls-logo-1.jpg\",\"width\":960,\"height\":685,\"caption\":\"Wooden frame-panel houses\"},\"image\":{\"@id\":\"https:\/\/timberwalls.net\/de\/#\/schema\/logo\/image\/\"}}]}<\/script>\n<!-- \/ Yoast SEO plugin. -->","yoast_head_json":{"title":"Husprojekt - timberwalls.net","robots":{"index":"index","follow":"follow","max-snippet":"max-snippet:-1","max-image-preview":"max-image-preview:large","max-video-preview":"max-video-preview:-1"},"canonical":"https:\/\/timberwalls.net\/sv\/husprojekt\/","og_locale":"sv_SE","og_type":"article","og_title":"Husprojekt - timberwalls.net","og_url":"https:\/\/timberwalls.net\/sv\/husprojekt\/","og_site_name":"timberwalls.net","article_modified_time":"2025-01-23T12:01:02+00:00","og_image":[{"width":1600,"height":1200,"url":"https:\/\/timberwalls.net\/wp-content\/uploads\/2024\/09\/843_1854905491.jpg","type":"image\/jpeg"}],"twitter_card":"summary_large_image","twitter_misc":{"Ber\u00e4knad l\u00e4stid":"5 minuter"},"schema":{"@context":"https:\/\/schema.org","@graph":[{"@type":"WebPage","@id":"https:\/\/timberwalls.net\/sv\/husprojekt\/","url":"https:\/\/timberwalls.net\/sv\/husprojekt\/","name":"Husprojekt - timberwalls.net","isPartOf":{"@id":"https:\/\/timberwalls.net\/de\/#website"},"datePublished":"2024-08-13T12:51:56+00:00","dateModified":"2025-01-23T12:01:02+00:00","breadcrumb":{"@id":"https:\/\/timberwalls.net\/sv\/husprojekt\/#breadcrumb"},"inLanguage":"sv-SE","potentialAction":[{"@type":"ReadAction","target":["https:\/\/timberwalls.net\/sv\/husprojekt\/"]}]},{"@type":"BreadcrumbList","@id":"https:\/\/timberwalls.net\/sv\/husprojekt\/#breadcrumb","itemListElement":[{"@type":"ListItem","position":1,"name":"Home","item":"https:\/\/timberwalls.net\/sv\/"},{"@type":"ListItem","position":2,"name":"Husprojekt"}]},{"@type":"WebSite","@id":"https:\/\/timberwalls.net\/de\/#website","url":"https:\/\/timberwalls.net\/de\/","name":"timberwalls.net","description":"timberwalls.net","publisher":{"@id":"https:\/\/timberwalls.net\/de\/#organization"},"potentialAction":[{"@type":"SearchAction","target":{"@type":"EntryPoint","urlTemplate":"https:\/\/timberwalls.net\/de\/?s={search_term_string}"},"query-input":{"@type":"PropertyValueSpecification","valueRequired":true,"valueName":"search_term_string"}}],"inLanguage":"sv-SE"},{"@type":"Organization","@id":"https:\/\/timberwalls.net\/de\/#organization","name":"Wooden frame-panel houses","url":"https:\/\/timberwalls.net\/de\/","logo":{"@type":"ImageObject","inLanguage":"sv-SE","@id":"https:\/\/timberwalls.net\/de\/#\/schema\/logo\/image\/","url":"https:\/\/timberwalls.net\/wp-content\/uploads\/2024\/08\/Timberwalls-logo-1.jpg","contentUrl":"https:\/\/timberwalls.net\/wp-content\/uploads\/2024\/08\/Timberwalls-logo-1.jpg","width":960,"height":685,"caption":"Wooden frame-panel houses"},"image":{"@id":"https:\/\/timberwalls.net\/de\/#\/schema\/logo\/image\/"}}]}},"_links":{"self":[{"href":"https:\/\/timberwalls.net\/sv\/wp-json\/wp\/v2\/pages\/13457","targetHints":{"allow":["GET"]}}],"collection":[{"href":"https:\/\/timberwalls.net\/sv\/wp-json\/wp\/v2\/pages"}],"about":[{"href":"https:\/\/timberwalls.net\/sv\/wp-json\/wp\/v2\/types\/page"}],"author":[{"embeddable":true,"href":"https:\/\/timberwalls.net\/sv\/wp-json\/wp\/v2\/users\/1"}],"replies":[{"embeddable":true,"href":"https:\/\/timberwalls.net\/sv\/wp-json\/wp\/v2\/comments?post=13457"}],"version-history":[{"count":10,"href":"https:\/\/timberwalls.net\/sv\/wp-json\/wp\/v2\/pages\/13457\/revisions"}],"predecessor-version":[{"id":15915,"href":"https:\/\/timberwalls.net\/sv\/wp-json\/wp\/v2\/pages\/13457\/revisions\/15915"}],"wp:attachment":[{"href":"https:\/\/timberwalls.net\/sv\/wp-json\/wp\/v2\/media?parent=13457"}],"curies":[{"name":"wp","href":"https:\/\/api.w.org\/{rel}","templated":true}]}}