{"id":13477,"date":"2021-08-25T07:26:28","date_gmt":"2021-08-25T07:26:28","guid":{"rendered":"https:\/\/timberwalls.net\/about-us-3\/"},"modified":"2024-09-11T17:46:35","modified_gmt":"2024-09-11T17:46:35","slug":"om-oss","status":"publish","type":"page","link":"https:\/\/timberwalls.net\/sv\/om-oss\/","title":{"rendered":"Om oss"},"content":{"rendered":"<div class=\"wpb-content-wrapper\"><p>[vc_row woodmart_stretch_content=&#8221;section-stretch&#8221; css=&#8221;.vc_custom_1723692837248{margin-top: -50px !important;margin-bottom: 50px !important;padding-top: 20px !important;padding-bottom: 20px !important;background-color: #f2efeb !important;background-position: center !important;background-repeat: no-repeat !important;background-size: cover !important;}&#8221; woodmart_css_id=&#8221;66bd771be7b66&#8243; responsive_spacing=&#8221;eyJwYXJhbV90eXBlIjoid29vZG1hcnRfcmVzcG9uc2l2ZV9zcGFjaW5nIiwic2VsZWN0b3JfaWQiOiI2NmJkNzcxYmU3YjY2Iiwic2hvcnRjb2RlIjoidmNfcm93IiwiZGF0YSI6eyJ0YWJsZXQiOnt9LCJtb2JpbGUiOnt9fX0=&#8221; mobile_bg_img_hidden=&#8221;no&#8221; tablet_bg_img_hidden=&#8221;no&#8221; woodmart_parallax=&#8221;0&#8243; woodmart_gradient_switch=&#8221;no&#8221; woodmart_box_shadow=&#8221;no&#8221; wd_z_index=&#8221;no&#8221; woodmart_disable_overflow=&#8221;0&#8243; row_reverse_mobile=&#8221;0&#8243; row_reverse_tablet=&#8221;0&#8243;][vc_column]\t\t\t<link rel=\"stylesheet\" id=\"wd-section-title-css\" href=\"https:\/\/timberwalls.net\/wp-content\/themes\/woodmart\/css\/parts\/el-section-title.min.css?ver=7.5.2\" type=\"text\/css\" media=\"all\" \/> \t\t\t\t\t\t<link rel=\"stylesheet\" id=\"wd-mod-highlighted-text-css\" href=\"https:\/\/timberwalls.net\/wp-content\/themes\/woodmart\/css\/parts\/mod-highlighted-text.min.css?ver=7.5.2\" type=\"text\/css\" media=\"all\" \/> \t\t\t\n\t\t<div id=\"wd-66df2f9ad0d61\" class=\"title-wrapper wd-wpb set-mb-s reset-last-child  wd-rs-66df2f9ad0d61 wd-title-color-default wd-title-style-default text-center vc_custom_1725902754608 wd-underline-colored\">\n\t\t\t\n\t\t\t<div class=\"liner-continer\">\n\t\t\t\t<h4 class=\"woodmart-title-container title  wd-font-weight-500 wd-fontsize-l\" >V\u00e4lkommen till TIMBERWALLS, d\u00e4r vi \u00e4r specialiserade p\u00e5 produktion av h\u00f6gkvalitativa tr\u00e4hus, kommersiella tr\u00e4byggnader, takkonstruktioner och HTS-bj\u00e4lkar. V\u00e5rt engagemang f\u00f6r innovation och excellens skiljer oss i byggbranschen.<\/h4>\n\t\t\t\t\t\t\t<\/div>\n\t\t\t\n\t\t\t\n\t\t\t\n\t\t<\/div>\n\t\t\n\t\t[\/vc_column][\/vc_row][vc_row gap=&#8221;20&#8243; content_placement=&#8221;middle&#8221; woodmart_css_id=&#8221;66bd77c32ce47&#8243; responsive_spacing=&#8221;eyJwYXJhbV90eXBlIjoid29vZG1hcnRfcmVzcG9uc2l2ZV9zcGFjaW5nIiwic2VsZWN0b3JfaWQiOiI2NmJkNzdjMzJjZTQ3Iiwic2hvcnRjb2RlIjoidmNfcm93IiwiZGF0YSI6eyJ0YWJsZXQiOnt9LCJtb2JpbGUiOnt9fX0=&#8221; mobile_bg_img_hidden=&#8221;no&#8221; tablet_bg_img_hidden=&#8221;no&#8221; woodmart_parallax=&#8221;0&#8243; woodmart_gradient_switch=&#8221;no&#8221; woodmart_box_shadow=&#8221;no&#8221; wd_z_index=&#8221;no&#8221; woodmart_disable_overflow=&#8221;0&#8243; row_reverse_mobile=&#8221;0&#8243; row_reverse_tablet=&#8221;0&#8243;][vc_column width=&#8221;1\/2&#8243; css=&#8221;.vc_custom_1615617895716{padding-top: 0px !important;}&#8221; mobile_bg_img_hidden=&#8221;no&#8221; tablet_bg_img_hidden=&#8221;no&#8221; woodmart_parallax=&#8221;0&#8243; woodmart_sticky_column=&#8221;false&#8221; parallax_scroll=&#8221;no&#8221; mobile_reset_margin=&#8221;no&#8221; tablet_reset_margin=&#8221;no&#8221;]\n\t\t<div id=\"wd-66df2fa5d52cc\" class=\"title-wrapper wd-wpb set-mb-s reset-last-child  wd-rs-66df2fa5d52cc wd-title-color-default wd-title-style-default text-left vc_custom_1725902768298 wd-underline-colored\">\n\t\t\t\n\t\t\t<div class=\"liner-continer\">\n\t\t\t\t<h4 class=\"woodmart-title-container title  wd-font-weight- wd-fontsize-l\" >KVALITET<\/h4>\n\t\t\t\t\t\t\t<\/div>\n\t\t\t\n\t\t\t\n\t\t\t\n\t\t<\/div>\n\t\t\n\t\t\t\t\t<link rel=\"stylesheet\" id=\"wd-text-block-css\" href=\"https:\/\/timberwalls.net\/wp-content\/themes\/woodmart\/css\/parts\/el-text-block.min.css?ver=7.5.2\" type=\"text\/css\" media=\"all\" \/> \t\t\t\t\t<div id=\"wd-66df2fb77400c\" class=\"wd-text-block wd-wpb reset-last-child wd-rs-66df2fb77400c text-left wd-fontsize-s \">\n\t\t\t<p>Den senaste tekniken, uppdaterad utrustning och skickliga medarbetare \u00e4r nyckeln till h\u00f6g kvalitet. Tack vare v\u00e5ra partners automatiseras produktionsprocesserna och utf\u00f6rs av certifierad och internationellt erk\u00e4nd utrustning, \u00f6vervakad av kvalificerad personal. V\u00e5r leverant\u00f6r av produktionsutrustning \u2013 WEINMANN \u00e4r en av de mest innovativa tillverkarna i Tyskland. Tack vare innovativ utrustning och professionell personal kan vi garantera en konsekvent tillverkningsprocess och, viktigast av allt, resultat av h\u00f6gsta kvalitet.<\/p>\n<p>Vi anv\u00e4nder endast certifierade, bepr\u00f6vade material av h\u00f6g kvalitet i v\u00e5ra tillverkningsprocesser. Eftersom kvalitet \u00e4r h\u00f6gsta prioritet f\u00f6r v\u00e5rt f\u00f6retag har vi h\u00f6ga kvalitetskrav p\u00e5 material och f\u00f6redrar milj\u00f6v\u00e4nliga material. Tillverkningsprocesser sker i slutna rum, s\u00e5 v\u00e5ra material \u00e4r skyddade fr\u00e5n v\u00e4derf\u00f6rh\u00e5llanden.<\/p>\n\t\t<\/div>\n\t\t[\/vc_column][vc_column width=&#8221;1\/2&#8243; css=&#8221;.vc_custom_1629877093976{padding-top: 0px !important;}&#8221; mobile_bg_img_hidden=&#8221;no&#8221; tablet_bg_img_hidden=&#8221;no&#8221; woodmart_parallax=&#8221;0&#8243; woodmart_sticky_column=&#8221;false&#8221; parallax_scroll=&#8221;no&#8221; mobile_reset_margin=&#8221;no&#8221; tablet_reset_margin=&#8221;no&#8221; wd_z_index=&#8221;no&#8221; woodmart_css_id=&#8221;6125f363cf509&#8243; responsive_spacing=&#8221;eyJwYXJhbV90eXBlIjoid29vZG1hcnRfcmVzcG9uc2l2ZV9zcGFjaW5nIiwic2VsZWN0b3JfaWQiOiI2MTI1ZjM2M2NmNTA5Iiwic2hvcnRjb2RlIjoidmNfY29sdW1uIiwiZGF0YSI6eyJ0YWJsZXQiOnt9LCJtb2JpbGUiOnt9fX0=&#8221;][vc_video link=&#8221;https:\/\/www.youtube.com\/watch?v=aJWnvkapC5E&#8221; css=&#8221;&#8221; poster_image=&#8221;10974&#8243; image_poster_switch=&#8221;yes&#8221; img_size=&#8221;full&#8221; woodmart_css_id=&#8221;66bd76af119bf&#8221;][\/vc_column][\/vc_row][vc_row gap=&#8221;20&#8243; content_placement=&#8221;middle&#8221; woodmart_css_id=&#8221;66bd77c32ce47&#8243; responsive_spacing=&#8221;eyJwYXJhbV90eXBlIjoid29vZG1hcnRfcmVzcG9uc2l2ZV9zcGFjaW5nIiwic2VsZWN0b3JfaWQiOiI2NmJkNzdjMzJjZTQ3Iiwic2hvcnRjb2RlIjoidmNfcm93IiwiZGF0YSI6eyJ0YWJsZXQiOnt9LCJtb2JpbGUiOnt9fX0=&#8221; mobile_bg_img_hidden=&#8221;no&#8221; tablet_bg_img_hidden=&#8221;no&#8221; woodmart_parallax=&#8221;0&#8243; woodmart_gradient_switch=&#8221;no&#8221; woodmart_box_shadow=&#8221;no&#8221; wd_z_index=&#8221;no&#8221; woodmart_disable_overflow=&#8221;0&#8243; row_reverse_mobile=&#8221;0&#8243; row_reverse_tablet=&#8221;0&#8243;][vc_column]\n\t\t<div id=\"wd-66df2fddb3695\" class=\"title-wrapper wd-wpb set-mb-s reset-last-child  wd-rs-66df2fddb3695 wd-title-color-default wd-title-style-default text-left vc_custom_1725902829868 wd-underline-colored\">\n\t\t\t\n\t\t\t<div class=\"liner-continer\">\n\t\t\t\t<h4 class=\"woodmart-title-container title  wd-font-weight- wd-fontsize-l\" >HISTORIA<\/h4>\n\t\t\t\t\t\t\t<\/div>\n\t\t\t\n\t\t\t\n\t\t\t\n\t\t<\/div>\n\t\t\n\t\t\t\t\t<link rel=\"stylesheet\" id=\"wd-timeline-css\" href=\"https:\/\/timberwalls.net\/wp-content\/themes\/woodmart\/css\/parts\/el-timeline.min.css?ver=7.5.2\" type=\"text\/css\" media=\"all\" \/> \t\t\t\t\t<div id=\"wd-66bd79bdb8f27\" class=\"wd-timeline-wrapper wd-item-default wd-line-dashed wd-rs-66bd79bdb8f27 \">\n\t\t\t<div class=\"woodmart-timeline-line\">\n\t\t\t\t<span class=\"line-dot dot-start\"><\/span>\n\t\t\t\t<span class=\"line-dot dot-end\"><\/span>\n\t\t\t<\/div>\n\t\t\t<div class=\"wd-timeline\">\n\t\t\t\t\t\t<div id=\"wd-66df2fefb6cb2\" class=\"wd-timeline-item wd-item-position-left\">\n\n\t\t\t<div class=\"woodmart-timeline-dot\"><\/div>\n\n\t\t\t<div class=\"timeline-col timeline-col-primary\">\n\t\t\t\t<span class=\"timeline-arrow\"><\/span>\n\t\t\t\t\t\t\t\t<h4 class=\"wd-timeline-title\">\u00c5r 1994<\/h4>\n\t\t\t\t<div class=\"wd-timeline-content set-cont-mb-s reset-last-child\">&#8221;Gelmeda&#8221; JSC startade sin verksamhet med att fr\u00e4mst bygga och tillverka timmerhus, badhus, sommarstugor och andra ekologiska och tr\u00e4produkter. Genom att vinna kundernas f\u00f6rtroende och framg\u00e5ngsrikt genomf\u00f6ra m\u00e5nga projekt, och tack vare v\u00e5ra specialister, \u00f6kade produktionstekniken och de anst\u00e4lldas kompetens konsekvent.<\/div>\n\t\t\t<\/div>\n\n\t\t\t<div class=\"timeline-col timeline-col-secondary\">\t\n\t\t\t\t<span class=\"timeline-arrow\"><\/span>\n\t\t\t\t\t\t\t\t\t<div class=\"wd-timeline-image\" >\n\t\t\t\t\t\t<img loading=\"lazy\" decoding=\"async\" width=\"1440\" height=\"960\" src=\"https:\/\/timberwalls.net\/wp-content\/uploads\/2024\/08\/TaDiena-005.jpg\" class=\"attachment-full size-full\" alt=\"\" srcset=\"https:\/\/timberwalls.net\/wp-content\/uploads\/2024\/08\/TaDiena-005.jpg 1440w, https:\/\/timberwalls.net\/wp-content\/uploads\/2024\/08\/TaDiena-005-400x267.jpg 400w, https:\/\/timberwalls.net\/wp-content\/uploads\/2024\/08\/TaDiena-005-1200x800.jpg 1200w, https:\/\/timberwalls.net\/wp-content\/uploads\/2024\/08\/TaDiena-005-768x512.jpg 768w, https:\/\/timberwalls.net\/wp-content\/uploads\/2024\/08\/TaDiena-005-430x287.jpg 430w, https:\/\/timberwalls.net\/wp-content\/uploads\/2024\/08\/TaDiena-005-700x467.jpg 700w, https:\/\/timberwalls.net\/wp-content\/uploads\/2024\/08\/TaDiena-005-150x100.jpg 150w\" sizes=\"auto, (max-width: 1440px) 100vw, 1440px\" \/>\t\t\t\t\t<\/div>\n\t\t\t\t\t\t\t\t<h4 class=\"wd-timeline-title\"><\/h4>\n\t\t\t\t<div class=\"wd-timeline-content set-cont-mb-s reset-last-child\"><\/div>\n\t\t\t<\/div>\n\t\t\t\t\t<\/div>\n\t\t\t\t<div id=\"wd-66df30131cbd2\" class=\"wd-timeline-item wd-item-position-left\">\n\n\t\t\t<div class=\"woodmart-timeline-dot\"><\/div>\n\n\t\t\t<div class=\"timeline-col timeline-col-primary\">\n\t\t\t\t<span class=\"timeline-arrow\"><\/span>\n\t\t\t\t\t\t\t\t\t<div class=\"wd-timeline-image\" >\n\t\t\t\t\t\t<img loading=\"lazy\" decoding=\"async\" width=\"1440\" height=\"960\" src=\"https:\/\/timberwalls.net\/wp-content\/uploads\/2024\/08\/TaDiena-009.jpg\" class=\"attachment-full size-full\" alt=\"\" srcset=\"https:\/\/timberwalls.net\/wp-content\/uploads\/2024\/08\/TaDiena-009.jpg 1440w, https:\/\/timberwalls.net\/wp-content\/uploads\/2024\/08\/TaDiena-009-400x267.jpg 400w, https:\/\/timberwalls.net\/wp-content\/uploads\/2024\/08\/TaDiena-009-1200x800.jpg 1200w, https:\/\/timberwalls.net\/wp-content\/uploads\/2024\/08\/TaDiena-009-768x512.jpg 768w, https:\/\/timberwalls.net\/wp-content\/uploads\/2024\/08\/TaDiena-009-430x287.jpg 430w, https:\/\/timberwalls.net\/wp-content\/uploads\/2024\/08\/TaDiena-009-700x467.jpg 700w, https:\/\/timberwalls.net\/wp-content\/uploads\/2024\/08\/TaDiena-009-150x100.jpg 150w\" sizes=\"auto, (max-width: 1440px) 100vw, 1440px\" \/>\t\t\t\t\t<\/div>\n\t\t\t\t\t\t\t\t<h4 class=\"wd-timeline-title\"><\/h4>\n\t\t\t\t<div class=\"wd-timeline-content set-cont-mb-s reset-last-child\"><\/div>\n\t\t\t<\/div>\n\n\t\t\t<div class=\"timeline-col timeline-col-secondary\">\t\n\t\t\t\t<span class=\"timeline-arrow\"><\/span>\n\t\t\t\t\t\t\t\t<h4 class=\"wd-timeline-title\">\u00c5r 2016<\/h4>\n\t\t\t\t<div class=\"wd-timeline-content set-cont-mb-s reset-last-child\">genom att f\u00f6lja de senaste trenderna, teknologierna och marknadens behov, och tack vare EU:s strukturfonder, b\u00f6rjade vi kommunicera med det internationellt erk\u00e4nda produktions- och teknikf\u00f6retaget WEINMANN. Detta f\u00f6retag f\u00f6reslog och hj\u00e4lpte oss att f\u00e5 den mest innovativa utrustningen och nu kan vi vara stolta \u00f6ver resultaten: tillverkning av ekonomiska, ekologiska och passiva bost\u00e4der.<\/div>\n\t\t\t<\/div>\n\t\t\t\t\t<\/div>\n\t\t\t\t\t<\/div>\n\t\t\t\t\t<\/div>\n\t\t[\/vc_column][\/vc_row]<\/p>\n<\/div>","protected":false},"excerpt":{"rendered":"<p>[vc_row woodmart_stretch_content=&#8221;section-stretch&#8221; css=&#8221;.vc_custom_1723692837248{margin-top: -50px !important;margin-bottom: 50px !important;padding-top: 20px !important;padding-bottom: 20px !important;background-color: #f2efeb !important;background-position: center !important;background-repeat: no-repeat !important;background-size: cover !important;}&#8221; woodmart_css_id=&#8221;66bd771be7b66&#8243;<\/p>\n","protected":false},"author":1,"featured_media":0,"parent":0,"menu_order":0,"comment_status":"closed","ping_status":"closed","template":"","meta":{"footnotes":""},"class_list":["post-13477","page","type-page","status-publish","hentry"],"yoast_head":"<!-- This site is optimized with the Yoast SEO plugin v23.6 - https:\/\/yoast.com\/wordpress\/plugins\/seo\/ -->\n<title>Om oss - timberwalls.net<\/title>\n<meta name=\"robots\" content=\"index, follow, max-snippet:-1, max-image-preview:large, max-video-preview:-1\" \/>\n<link rel=\"canonical\" href=\"https:\/\/timberwalls.net\/sv\/om-oss\/\" \/>\n<meta property=\"og:locale\" content=\"sv_SE\" \/>\n<meta property=\"og:type\" content=\"article\" \/>\n<meta property=\"og:title\" content=\"Om oss - timberwalls.net\" \/>\n<meta property=\"og:url\" content=\"https:\/\/timberwalls.net\/sv\/om-oss\/\" \/>\n<meta property=\"og:site_name\" content=\"timberwalls.net\" \/>\n<meta property=\"article:modified_time\" content=\"2024-09-11T17:46:35+00:00\" \/>\n<meta property=\"og:image\" content=\"https:\/\/timberwalls.net\/wp-content\/uploads\/2024\/09\/843_1854905491.jpg\" \/>\n\t<meta property=\"og:image:width\" content=\"1600\" \/>\n\t<meta property=\"og:image:height\" content=\"1200\" \/>\n\t<meta property=\"og:image:type\" content=\"image\/jpeg\" \/>\n<meta name=\"twitter:card\" content=\"summary_large_image\" \/>\n<meta name=\"twitter:label1\" content=\"Ber\u00e4knad l\u00e4stid\" \/>\n\t<meta name=\"twitter:data1\" content=\"6 minuter\" \/>\n<script type=\"application\/ld+json\" class=\"yoast-schema-graph\">{\"@context\":\"https:\/\/schema.org\",\"@graph\":[{\"@type\":\"WebPage\",\"@id\":\"https:\/\/timberwalls.net\/sv\/om-oss\/\",\"url\":\"https:\/\/timberwalls.net\/sv\/om-oss\/\",\"name\":\"Om oss - timberwalls.net\",\"isPartOf\":{\"@id\":\"https:\/\/timberwalls.net\/de\/#website\"},\"datePublished\":\"2021-08-25T07:26:28+00:00\",\"dateModified\":\"2024-09-11T17:46:35+00:00\",\"breadcrumb\":{\"@id\":\"https:\/\/timberwalls.net\/sv\/om-oss\/#breadcrumb\"},\"inLanguage\":\"sv-SE\",\"potentialAction\":[{\"@type\":\"ReadAction\",\"target\":[\"https:\/\/timberwalls.net\/sv\/om-oss\/\"]}]},{\"@type\":\"BreadcrumbList\",\"@id\":\"https:\/\/timberwalls.net\/sv\/om-oss\/#breadcrumb\",\"itemListElement\":[{\"@type\":\"ListItem\",\"position\":1,\"name\":\"Home\",\"item\":\"https:\/\/timberwalls.net\/sv\/\"},{\"@type\":\"ListItem\",\"position\":2,\"name\":\"Om oss\"}]},{\"@type\":\"WebSite\",\"@id\":\"https:\/\/timberwalls.net\/de\/#website\",\"url\":\"https:\/\/timberwalls.net\/de\/\",\"name\":\"timberwalls.net\",\"description\":\"timberwalls.net\",\"publisher\":{\"@id\":\"https:\/\/timberwalls.net\/de\/#organization\"},\"potentialAction\":[{\"@type\":\"SearchAction\",\"target\":{\"@type\":\"EntryPoint\",\"urlTemplate\":\"https:\/\/timberwalls.net\/de\/?s={search_term_string}\"},\"query-input\":{\"@type\":\"PropertyValueSpecification\",\"valueRequired\":true,\"valueName\":\"search_term_string\"}}],\"inLanguage\":\"sv-SE\"},{\"@type\":\"Organization\",\"@id\":\"https:\/\/timberwalls.net\/de\/#organization\",\"name\":\"Wooden frame-panel houses\",\"url\":\"https:\/\/timberwalls.net\/de\/\",\"logo\":{\"@type\":\"ImageObject\",\"inLanguage\":\"sv-SE\",\"@id\":\"https:\/\/timberwalls.net\/de\/#\/schema\/logo\/image\/\",\"url\":\"https:\/\/timberwalls.net\/wp-content\/uploads\/2024\/08\/Timberwalls-logo-1.jpg\",\"contentUrl\":\"https:\/\/timberwalls.net\/wp-content\/uploads\/2024\/08\/Timberwalls-logo-1.jpg\",\"width\":960,\"height\":685,\"caption\":\"Wooden frame-panel houses\"},\"image\":{\"@id\":\"https:\/\/timberwalls.net\/de\/#\/schema\/logo\/image\/\"}}]}<\/script>\n<!-- \/ Yoast SEO plugin. -->","yoast_head_json":{"title":"Om oss - timberwalls.net","robots":{"index":"index","follow":"follow","max-snippet":"max-snippet:-1","max-image-preview":"max-image-preview:large","max-video-preview":"max-video-preview:-1"},"canonical":"https:\/\/timberwalls.net\/sv\/om-oss\/","og_locale":"sv_SE","og_type":"article","og_title":"Om oss - timberwalls.net","og_url":"https:\/\/timberwalls.net\/sv\/om-oss\/","og_site_name":"timberwalls.net","article_modified_time":"2024-09-11T17:46:35+00:00","og_image":[{"width":1600,"height":1200,"url":"https:\/\/timberwalls.net\/wp-content\/uploads\/2024\/09\/843_1854905491.jpg","type":"image\/jpeg"}],"twitter_card":"summary_large_image","twitter_misc":{"Ber\u00e4knad l\u00e4stid":"6 minuter"},"schema":{"@context":"https:\/\/schema.org","@graph":[{"@type":"WebPage","@id":"https:\/\/timberwalls.net\/sv\/om-oss\/","url":"https:\/\/timberwalls.net\/sv\/om-oss\/","name":"Om oss - timberwalls.net","isPartOf":{"@id":"https:\/\/timberwalls.net\/de\/#website"},"datePublished":"2021-08-25T07:26:28+00:00","dateModified":"2024-09-11T17:46:35+00:00","breadcrumb":{"@id":"https:\/\/timberwalls.net\/sv\/om-oss\/#breadcrumb"},"inLanguage":"sv-SE","potentialAction":[{"@type":"ReadAction","target":["https:\/\/timberwalls.net\/sv\/om-oss\/"]}]},{"@type":"BreadcrumbList","@id":"https:\/\/timberwalls.net\/sv\/om-oss\/#breadcrumb","itemListElement":[{"@type":"ListItem","position":1,"name":"Home","item":"https:\/\/timberwalls.net\/sv\/"},{"@type":"ListItem","position":2,"name":"Om oss"}]},{"@type":"WebSite","@id":"https:\/\/timberwalls.net\/de\/#website","url":"https:\/\/timberwalls.net\/de\/","name":"timberwalls.net","description":"timberwalls.net","publisher":{"@id":"https:\/\/timberwalls.net\/de\/#organization"},"potentialAction":[{"@type":"SearchAction","target":{"@type":"EntryPoint","urlTemplate":"https:\/\/timberwalls.net\/de\/?s={search_term_string}"},"query-input":{"@type":"PropertyValueSpecification","valueRequired":true,"valueName":"search_term_string"}}],"inLanguage":"sv-SE"},{"@type":"Organization","@id":"https:\/\/timberwalls.net\/de\/#organization","name":"Wooden frame-panel houses","url":"https:\/\/timberwalls.net\/de\/","logo":{"@type":"ImageObject","inLanguage":"sv-SE","@id":"https:\/\/timberwalls.net\/de\/#\/schema\/logo\/image\/","url":"https:\/\/timberwalls.net\/wp-content\/uploads\/2024\/08\/Timberwalls-logo-1.jpg","contentUrl":"https:\/\/timberwalls.net\/wp-content\/uploads\/2024\/08\/Timberwalls-logo-1.jpg","width":960,"height":685,"caption":"Wooden frame-panel houses"},"image":{"@id":"https:\/\/timberwalls.net\/de\/#\/schema\/logo\/image\/"}}]}},"_links":{"self":[{"href":"https:\/\/timberwalls.net\/sv\/wp-json\/wp\/v2\/pages\/13477","targetHints":{"allow":["GET"]}}],"collection":[{"href":"https:\/\/timberwalls.net\/sv\/wp-json\/wp\/v2\/pages"}],"about":[{"href":"https:\/\/timberwalls.net\/sv\/wp-json\/wp\/v2\/types\/page"}],"author":[{"embeddable":true,"href":"https:\/\/timberwalls.net\/sv\/wp-json\/wp\/v2\/users\/1"}],"replies":[{"embeddable":true,"href":"https:\/\/timberwalls.net\/sv\/wp-json\/wp\/v2\/comments?post=13477"}],"version-history":[{"count":4,"href":"https:\/\/timberwalls.net\/sv\/wp-json\/wp\/v2\/pages\/13477\/revisions"}],"predecessor-version":[{"id":14337,"href":"https:\/\/timberwalls.net\/sv\/wp-json\/wp\/v2\/pages\/13477\/revisions\/14337"}],"wp:attachment":[{"href":"https:\/\/timberwalls.net\/sv\/wp-json\/wp\/v2\/media?parent=13477"}],"curies":[{"name":"wp","href":"https:\/\/api.w.org\/{rel}","templated":true}]}}