{"id":13482,"date":"2017-06-14T13:43:21","date_gmt":"2017-06-14T13:43:21","guid":{"rendered":"https:\/\/timberwalls.net\/news\/"},"modified":"2024-10-28T12:04:38","modified_gmt":"2024-10-28T12:04:38","slug":"news","status":"publish","type":"page","link":"https:\/\/timberwalls.net\/sv\/news\/","title":{"rendered":"Nyheter"},"content":{"rendered":"<div class=\"wpb-content-wrapper\"><p>[vc_row][vc_column]\t\t\t<link rel=\"stylesheet\" id=\"wd-blog-base-css\" href=\"https:\/\/timberwalls.net\/wp-content\/themes\/woodmart\/css\/parts\/blog-base.min.css?ver=7.5.2\" type=\"text\/css\" media=\"all\" \/> \t\t\t\t\t\t<link rel=\"stylesheet\" id=\"wd-blog-loop-base-css\" href=\"https:\/\/timberwalls.net\/wp-content\/themes\/woodmart\/css\/parts\/blog-loop-base.min.css?ver=7.5.2\" type=\"text\/css\" media=\"all\" \/> \t\t\t\t\t\t<link rel=\"stylesheet\" id=\"wd-blog-loop-design-meta-image-css\" href=\"https:\/\/timberwalls.net\/wp-content\/themes\/woodmart\/css\/parts\/blog-loop-design-meta-image.min.css?ver=7.5.2\" type=\"text\/css\" media=\"all\" \/> \t\t\t<div class=\"wd-blog-element wd-wpb wd-rs-671f6778c2d3f\"><div class=\"wd-posts wd-blog-holder  wd-grid-g\" id=\"69e1037cf1532\" data-paged=\"1\" data-atts=\"{&quot;carousel_id&quot;:&quot;5000&quot;,&quot;speed&quot;:&quot;5000&quot;,&quot;slides_per_view&quot;:&quot;3&quot;,&quot;slides_per_view_tablet&quot;:&quot;auto&quot;,&quot;slides_per_view_mobile&quot;:&quot;auto&quot;,&quot;wrap&quot;:&quot;&quot;,&quot;loop&quot;:false,&quot;autoplay&quot;:&quot;no&quot;,&quot;autoheight&quot;:&quot;no&quot;,&quot;hide_pagination_control&quot;:&quot;&quot;,&quot;hide_pagination_control_tablet&quot;:&quot;yes&quot;,&quot;hide_pagination_control_mobile&quot;:&quot;yes&quot;,&quot;dynamic_pagination_control&quot;:&quot;&quot;,&quot;hide_prev_next_buttons&quot;:&quot;&quot;,&quot;carousel_arrows_position&quot;:&quot;&quot;,&quot;hide_scrollbar&quot;:&quot;yes&quot;,&quot;hide_scrollbar_tablet&quot;:&quot;yes&quot;,&quot;hide_scrollbar_mobile&quot;:&quot;yes&quot;,&quot;scroll_per_page&quot;:&quot;yes&quot;,&quot;dragEndSpeed&quot;:200,&quot;center_mode&quot;:&quot;no&quot;,&quot;custom_sizes&quot;:&quot;&quot;,&quot;sliding_speed&quot;:false,&quot;animation&quot;:false,&quot;content_animation&quot;:false,&quot;post_type&quot;:&quot;post&quot;,&quot;slider&quot;:&quot;&quot;,&quot;library&quot;:&quot;&quot;,&quot;css&quot;:&quot;&quot;,&quot;effect&quot;:&quot;&quot;,&quot;spacing&quot;:&quot;&quot;,&quot;spacing_tablet&quot;:&quot;&quot;,&quot;spacing_mobile&quot;:&quot;&quot;,&quot;carousel_sync&quot;:&quot;&quot;,&quot;sync_parent_id&quot;:&quot;&quot;,&quot;sync_child_id&quot;:&quot;&quot;,&quot;scroll_carousel_init&quot;:&quot;no&quot;,&quot;disable_overflow_carousel&quot;:&quot;&quot;,&quot;include&quot;:&quot;&quot;,&quot;custom_query&quot;:&quot;&quot;,&quot;taxonomies&quot;:&quot;&quot;,&quot;pagination&quot;:&quot;pagination&quot;,&quot;parts_media&quot;:true,&quot;parts_title&quot;:&quot;1&quot;,&quot;parts_meta&quot;:&quot;0&quot;,&quot;parts_text&quot;:&quot;1&quot;,&quot;parts_btn&quot;:&quot;1&quot;,&quot;items_per_page&quot;:12,&quot;offset&quot;:&quot;&quot;,&quot;orderby&quot;:&quot;date&quot;,&quot;order&quot;:&quot;DESC&quot;,&quot;meta_key&quot;:&quot;&quot;,&quot;exclude&quot;:&quot;&quot;,&quot;class&quot;:&quot;&quot;,&quot;ajax_page&quot;:&quot;&quot;,&quot;img_size&quot;:&quot;410x250&quot;,&quot;blog_design&quot;:&quot;meta-image&quot;,&quot;blog_carousel_design&quot;:&quot;masonry&quot;,&quot;blog_columns&quot;:3,&quot;blog_columns_tablet&quot;:&quot;auto&quot;,&quot;blog_columns_mobile&quot;:&quot;auto&quot;,&quot;blog_spacing&quot;:&quot;20&quot;,&quot;blog_spacing_tablet&quot;:&quot;&quot;,&quot;blog_spacing_mobile&quot;:&quot;&quot;,&quot;lazy_loading&quot;:&quot;no&quot;,&quot;search&quot;:&quot;&quot;,&quot;woodmart_css_id&quot;:&quot;671f6778c2d3f&quot;}\" data-source=\"shortcode\" style=\"--wd-col-lg:3;--wd-col-md:3;--wd-col-sm:1;--wd-gap-lg:20px;--wd-gap-sm:10px;\">\n<article id=\"post-15631\" class=\"wd-post blog-design-meta-image blog-post-loop blog-style-bg wd-add-shadow wd-col post-15631 post type-post status-publish format-standard has-post-thumbnail hentry\">\n\t\t\t<div class=\"wd-post-inner\">\n\t\n\t<div class=\"wd-post-thumb color-scheme-light\">\n\t\t\t\t\t<div class=\"wd-post-img\">\n\t\t\t\t<img loading=\"lazy\" decoding=\"async\" width=\"410\" height=\"250\" src=\"https:\/\/timberwalls.net\/wp-content\/uploads\/2024\/11\/101d588705d6bbedcc3109ed3a6be5fa-410x250.webp\" class=\"attachment-410x250 size-410x250\" alt=\"\" \/>\t\t\t<\/div>\n\t\t\n\t\t\t\t<a class=\"wd-post-link wd-fill\" href=\"https:\/\/timberwalls.net\/sv\/2025\/01\/13\/timberwalls-och-vmg-lignum-ett-partnerskap-for-renovering\/\" rel=\"bookmark\" aria-label=\"Link on post TIMBERWALLS och VMG Lignum \u2013 Ett partnerskap f\u00f6r renovering\"><\/a>\n\n\t\t\t<\/div>\n\n\t<div class=\"wd-post-content\">\n\t\t<div class=\"wd-post-entry-meta\">\n\t\t\t\t\t\t\n\t\t\t<div class=\"wd-modified-date\">\n\t\t\t\t\t\t<time class=\"updated\" datetime=\"2025-01-13T11:45:20+00:00\">\n\t\t\t2025 januari 13\t\t<\/time>\n\t\t\t\t\t<\/div>\n\n\t\t\t<div class=\"wd-meta-date\">\n\t\t\t\t13 jan 2025\t\t\t<\/div>\n\t\t<\/div>\n\n\t\t\t\t\t<h3 class=\"wd-entities-title title post-title\">\n\t\t\t\t<a href=\"https:\/\/timberwalls.net\/sv\/2025\/01\/13\/timberwalls-och-vmg-lignum-ett-partnerskap-for-renovering\/\" rel=\"bookmark\">\n\t\t\t\t\tTIMBERWALLS och VMG Lignum \u2013 Ett partnerskap f\u00f6r renovering\t\t\t\t<\/a>\n\t\t\t<\/h3>\n\t\t\n\t\t\t\t\t<div class=\"wd-entry-content\">\n\t\t\t\t\t\t\t\t\tTimberwalls och VMG Lignum: Ett samarbete f\u00f6r modern l\u00e4genhetsrenovering\r\nVi p\u00e5 Timberwalls samarbetar n\u00e4ra med VMG Lignum i ett panelr...\t\t\t\t\t\t\t\t\t\t\t\t<\/div>\n\t\t\n\t\t\t\t\t\t\t\t\t\t<div class=\"wd-read-more\">\n\t\t\t\t\t\t<a class=\"btn-read-more more-link\" href=\"https:\/\/timberwalls.net\/sv\/2025\/01\/13\/timberwalls-och-vmg-lignum-ett-partnerskap-for-renovering\/\">Continue reading<\/a>\t\t\t\t\t<\/div>\n\t\t\t\t\t\t\t<\/div>\n\n\t\t\t<\/div>\n\t<\/article>\n\n<article id=\"post-15627\" class=\"wd-post blog-design-meta-image blog-post-loop blog-style-bg wd-add-shadow wd-col post-15627 post type-post status-publish format-standard has-post-thumbnail hentry\">\n\t\t\t<div class=\"wd-post-inner\">\n\t\n\t<div class=\"wd-post-thumb color-scheme-light\">\n\t\t\t\t\t<div class=\"wd-post-img\">\n\t\t\t\t<img loading=\"lazy\" decoding=\"async\" width=\"410\" height=\"250\" src=\"https:\/\/timberwalls.net\/wp-content\/uploads\/2024\/11\/guillaume-perigois-HL4LEIyGEYU-unsplash-scaled-410x250.jpg\" class=\"attachment-410x250 size-410x250\" alt=\"\" \/>\t\t\t<\/div>\n\t\t\n\t\t\t\t<a class=\"wd-post-link wd-fill\" href=\"https:\/\/timberwalls.net\/sv\/2025\/01\/13\/finansiering-fran-europeiska-regionala-utvecklingsfonden\/\" rel=\"bookmark\" aria-label=\"Link on post Finansiering fr\u00e5n Europeiska regionala utvecklingsfonden\"><\/a>\n\n\t\t\t<\/div>\n\n\t<div class=\"wd-post-content\">\n\t\t<div class=\"wd-post-entry-meta\">\n\t\t\t\t\t\t\n\t\t\t<div class=\"wd-modified-date\">\n\t\t\t\t\t\t<time class=\"updated\" datetime=\"2025-01-13T11:41:09+00:00\">\n\t\t\t2025 januari 13\t\t<\/time>\n\t\t\t\t\t<\/div>\n\n\t\t\t<div class=\"wd-meta-date\">\n\t\t\t\t13 jan 2025\t\t\t<\/div>\n\t\t<\/div>\n\n\t\t\t\t\t<h3 class=\"wd-entities-title title post-title\">\n\t\t\t\t<a href=\"https:\/\/timberwalls.net\/sv\/2025\/01\/13\/finansiering-fran-europeiska-regionala-utvecklingsfonden\/\" rel=\"bookmark\">\n\t\t\t\t\tFinansiering fr\u00e5n Europeiska regionala utvecklingsfonden\t\t\t\t<\/a>\n\t\t\t<\/h3>\n\t\t\n\t\t\t\t\t<div class=\"wd-entry-content\">\n\t\t\t\t\t\t\t\t\tUAB \"Gelmeda\" genomf\u00f6r ett projekt som finansieras av Europeiska regionala utvecklingsfonden inom Europeiska unionens initiativ f\u00f6r att...\t\t\t\t\t\t\t\t\t\t\t\t<\/div>\n\t\t\n\t\t\t\t\t\t\t\t\t\t<div class=\"wd-read-more\">\n\t\t\t\t\t\t<a class=\"btn-read-more more-link\" href=\"https:\/\/timberwalls.net\/sv\/2025\/01\/13\/finansiering-fran-europeiska-regionala-utvecklingsfonden\/\">Continue reading<\/a>\t\t\t\t\t<\/div>\n\t\t\t\t\t\t\t<\/div>\n\n\t\t\t<\/div>\n\t<\/article>\n\n<article id=\"post-15624\" class=\"wd-post blog-design-meta-image blog-post-loop blog-style-bg wd-add-shadow wd-col post-15624 post type-post status-publish format-standard has-post-thumbnail hentry\">\n\t\t\t<div class=\"wd-post-inner\">\n\t\n\t<div class=\"wd-post-thumb color-scheme-light\">\n\t\t\t\t\t<div class=\"wd-post-img\">\n\t\t\t\t<img loading=\"lazy\" decoding=\"async\" width=\"410\" height=\"250\" src=\"https:\/\/timberwalls.net\/wp-content\/uploads\/2024\/10\/NR175909-rs-683x1024-1-410x250.jpg\" class=\"attachment-410x250 size-410x250\" alt=\"\" \/>\t\t\t<\/div>\n\t\t\n\t\t\t\t<a class=\"wd-post-link wd-fill\" href=\"https:\/\/timberwalls.net\/sv\/2025\/01\/13\/hur-panelhus-framjar-hallbarhet-och-miljovanlighet\/\" rel=\"bookmark\" aria-label=\"Link on post Hur panelhus fr\u00e4mjar h\u00e5llbarhet och milj\u00f6v\u00e4nlighet\"><\/a>\n\n\t\t\t<\/div>\n\n\t<div class=\"wd-post-content\">\n\t\t<div class=\"wd-post-entry-meta\">\n\t\t\t\t\t\t\n\t\t\t<div class=\"wd-modified-date\">\n\t\t\t\t\t\t<time class=\"updated\" datetime=\"2025-01-13T11:37:22+00:00\">\n\t\t\t2025 januari 13\t\t<\/time>\n\t\t\t\t\t<\/div>\n\n\t\t\t<div class=\"wd-meta-date\">\n\t\t\t\t13 jan 2025\t\t\t<\/div>\n\t\t<\/div>\n\n\t\t\t\t\t<h3 class=\"wd-entities-title title post-title\">\n\t\t\t\t<a href=\"https:\/\/timberwalls.net\/sv\/2025\/01\/13\/hur-panelhus-framjar-hallbarhet-och-miljovanlighet\/\" rel=\"bookmark\">\n\t\t\t\t\tHur panelhus fr\u00e4mjar h\u00e5llbarhet och milj\u00f6v\u00e4nlighet\t\t\t\t<\/a>\n\t\t\t<\/h3>\n\t\t\n\t\t\t\t\t<div class=\"wd-entry-content\">\n\t\t\t\t\t\t\t\t\tUnder de senaste \u00e5ren har allt fler m\u00e4nniskor valt h\u00e5llbara och milj\u00f6v\u00e4nliga byggteknologier, d\u00e4r panelhus har blivit ett av de mest po...\t\t\t\t\t\t\t\t\t\t\t\t<\/div>\n\t\t\n\t\t\t\t\t\t\t\t\t\t<div class=\"wd-read-more\">\n\t\t\t\t\t\t<a class=\"btn-read-more more-link\" href=\"https:\/\/timberwalls.net\/sv\/2025\/01\/13\/hur-panelhus-framjar-hallbarhet-och-miljovanlighet\/\">Continue reading<\/a>\t\t\t\t\t<\/div>\n\t\t\t\t\t\t\t<\/div>\n\n\t\t\t<\/div>\n\t<\/article>\n\n<article id=\"post-15622\" class=\"wd-post blog-design-meta-image blog-post-loop blog-style-bg wd-add-shadow wd-col post-15622 post type-post status-publish format-standard has-post-thumbnail hentry\">\n\t\t\t<div class=\"wd-post-inner\">\n\t\n\t<div class=\"wd-post-thumb color-scheme-light\">\n\t\t\t\t\t<div class=\"wd-post-img\">\n\t\t\t\t<img loading=\"lazy\" decoding=\"async\" width=\"410\" height=\"250\" src=\"https:\/\/timberwalls.net\/wp-content\/uploads\/2024\/09\/5924d92d1d93f5376bddd21ecb00a0d205ba4253-410x250.jpg\" class=\"attachment-410x250 size-410x250\" alt=\"\" \/>\t\t\t<\/div>\n\t\t\n\t\t\t\t<a class=\"wd-post-link wd-fill\" href=\"https:\/\/timberwalls.net\/sv\/2025\/01\/13\/timberwalls-hallbara-hem-for-det-islandska-landskapet\/\" rel=\"bookmark\" aria-label=\"Link on post Timberwalls: H\u00e5llbara Hem f\u00f6r det Isl\u00e4ndska Landskapet\"><\/a>\n\n\t\t\t<\/div>\n\n\t<div class=\"wd-post-content\">\n\t\t<div class=\"wd-post-entry-meta\">\n\t\t\t\t\t\t\n\t\t\t<div class=\"wd-modified-date\">\n\t\t\t\t\t\t<time class=\"updated\" datetime=\"2025-01-13T11:32:46+00:00\">\n\t\t\t2025 januari 13\t\t<\/time>\n\t\t\t\t\t<\/div>\n\n\t\t\t<div class=\"wd-meta-date\">\n\t\t\t\t13 jan 2025\t\t\t<\/div>\n\t\t<\/div>\n\n\t\t\t\t\t<h3 class=\"wd-entities-title title post-title\">\n\t\t\t\t<a href=\"https:\/\/timberwalls.net\/sv\/2025\/01\/13\/timberwalls-hallbara-hem-for-det-islandska-landskapet\/\" rel=\"bookmark\">\n\t\t\t\t\tTimberwalls: H\u00e5llbara Hem f\u00f6r det Isl\u00e4ndska Landskapet\t\t\t\t<\/a>\n\t\t\t<\/h3>\n\t\t\n\t\t\t\t\t<div class=\"wd-entry-content\">\n\t\t\t\t\t\t\t\t\tTimberwalls, en pionj\u00e4r inom h\u00e5llbart tr\u00e4byggande, \u00e4r stolta \u00f6ver att meddela sin expansion till den vackra och unika isl\u00e4ndska marknad...\t\t\t\t\t\t\t\t\t\t\t\t<\/div>\n\t\t\n\t\t\t\t\t\t\t\t\t\t<div class=\"wd-read-more\">\n\t\t\t\t\t\t<a class=\"btn-read-more more-link\" href=\"https:\/\/timberwalls.net\/sv\/2025\/01\/13\/timberwalls-hallbara-hem-for-det-islandska-landskapet\/\">Continue reading<\/a>\t\t\t\t\t<\/div>\n\t\t\t\t\t\t\t<\/div>\n\n\t\t\t<\/div>\n\t<\/article>\n\n<article id=\"post-15620\" class=\"wd-post blog-design-meta-image blog-post-loop blog-style-bg wd-add-shadow wd-col post-15620 post type-post status-publish format-standard has-post-thumbnail hentry\">\n\t\t\t<div class=\"wd-post-inner\">\n\t\n\t<div class=\"wd-post-thumb color-scheme-light\">\n\t\t\t\t\t<div class=\"wd-post-img\">\n\t\t\t\t<img loading=\"lazy\" decoding=\"async\" width=\"410\" height=\"250\" src=\"https:\/\/timberwalls.net\/wp-content\/uploads\/2021\/07\/evironmental-product-decleration-410x250.jpg\" class=\"attachment-410x250 size-410x250\" alt=\"\" \/>\t\t\t<\/div>\n\t\t\n\t\t\t\t<a class=\"wd-post-link wd-fill\" href=\"https:\/\/timberwalls.net\/sv\/2025\/01\/13\/gron-framtid-epd-material-i-danmark\/\" rel=\"bookmark\" aria-label=\"Link on post Gr\u00f6n framtid: EPD-material i Danmark\"><\/a>\n\n\t\t\t<\/div>\n\n\t<div class=\"wd-post-content\">\n\t\t<div class=\"wd-post-entry-meta\">\n\t\t\t\t\t\t\n\t\t\t<div class=\"wd-modified-date\">\n\t\t\t\t\t\t<time class=\"updated\" datetime=\"2025-01-13T11:25:21+00:00\">\n\t\t\t2025 januari 13\t\t<\/time>\n\t\t\t\t\t<\/div>\n\n\t\t\t<div class=\"wd-meta-date\">\n\t\t\t\t13 jan 2025\t\t\t<\/div>\n\t\t<\/div>\n\n\t\t\t\t\t<h3 class=\"wd-entities-title title post-title\">\n\t\t\t\t<a href=\"https:\/\/timberwalls.net\/sv\/2025\/01\/13\/gron-framtid-epd-material-i-danmark\/\" rel=\"bookmark\">\n\t\t\t\t\tGr\u00f6n framtid: EPD-material i Danmark\t\t\t\t<\/a>\n\t\t\t<\/h3>\n\t\t\n\t\t\t\t\t<div class=\"wd-entry-content\">\n\t\t\t\t\t\t\t\t\tDanmark, en global ledare inom h\u00e5llbara metoder, har satt en h\u00f6g standard f\u00f6r gr\u00f6nt byggande. Anv\u00e4ndningen av EPD-certifierade material...\t\t\t\t\t\t\t\t\t\t\t\t<\/div>\n\t\t\n\t\t\t\t\t\t\t\t\t\t<div class=\"wd-read-more\">\n\t\t\t\t\t\t<a class=\"btn-read-more more-link\" href=\"https:\/\/timberwalls.net\/sv\/2025\/01\/13\/gron-framtid-epd-material-i-danmark\/\">Continue reading<\/a>\t\t\t\t\t<\/div>\n\t\t\t\t\t\t\t<\/div>\n\n\t\t\t<\/div>\n\t<\/article>\n\n<article id=\"post-15617\" class=\"wd-post blog-design-meta-image blog-post-loop blog-style-bg wd-add-shadow wd-col post-15617 post type-post status-publish format-standard has-post-thumbnail hentry\">\n\t\t\t<div class=\"wd-post-inner\">\n\t\n\t<div class=\"wd-post-thumb color-scheme-light\">\n\t\t\t\t\t<div class=\"wd-post-img\">\n\t\t\t\t<img loading=\"lazy\" decoding=\"async\" width=\"410\" height=\"250\" src=\"https:\/\/timberwalls.net\/wp-content\/uploads\/2017\/06\/OperaHouse-scaled-410x250.jpg\" class=\"attachment-410x250 size-410x250\" alt=\"\" \/>\t\t\t<\/div>\n\t\t\n\t\t\t\t<a class=\"wd-post-link wd-fill\" href=\"https:\/\/timberwalls.net\/sv\/2025\/01\/13\/timberwalls-utokar-horisonterna-till-australien\/\" rel=\"bookmark\" aria-label=\"Link on post Timberwalls: Ut\u00f6kar horisonterna till Australien\"><\/a>\n\n\t\t\t<\/div>\n\n\t<div class=\"wd-post-content\">\n\t\t<div class=\"wd-post-entry-meta\">\n\t\t\t\t\t\t\n\t\t\t<div class=\"wd-modified-date\">\n\t\t\t\t\t\t<time class=\"updated\" datetime=\"2025-01-13T11:17:28+00:00\">\n\t\t\t2025 januari 13\t\t<\/time>\n\t\t\t\t\t<\/div>\n\n\t\t\t<div class=\"wd-meta-date\">\n\t\t\t\t13 jan 2025\t\t\t<\/div>\n\t\t<\/div>\n\n\t\t\t\t\t<h3 class=\"wd-entities-title title post-title\">\n\t\t\t\t<a href=\"https:\/\/timberwalls.net\/sv\/2025\/01\/13\/timberwalls-utokar-horisonterna-till-australien\/\" rel=\"bookmark\">\n\t\t\t\t\tTimberwalls: Ut\u00f6kar horisonterna till Australien\t\t\t\t<\/a>\n\t\t\t<\/h3>\n\t\t\n\t\t\t\t\t<div class=\"wd-entry-content\">\n\t\t\t\t\t\t\t\t\tTimberwalls, en v\u00e4lk\u00e4nd ledare inom innovativ tr\u00e4konstruktion, \u00e4r glada att meddela sin expansion till den livfulla australiska marknad...\t\t\t\t\t\t\t\t\t\t\t\t<\/div>\n\t\t\n\t\t\t\t\t\t\t\t\t\t<div class=\"wd-read-more\">\n\t\t\t\t\t\t<a class=\"btn-read-more more-link\" href=\"https:\/\/timberwalls.net\/sv\/2025\/01\/13\/timberwalls-utokar-horisonterna-till-australien\/\">Continue reading<\/a>\t\t\t\t\t<\/div>\n\t\t\t\t\t\t\t<\/div>\n\n\t\t\t<\/div>\n\t<\/article>\n<\/div><\/div>[\/vc_column][\/vc_row]<\/p>\n<\/div>","protected":false},"excerpt":{"rendered":"<p>[vc_row][vc_column][\/vc_column][\/vc_row]<\/p>\n","protected":false},"author":1,"featured_media":0,"parent":0,"menu_order":0,"comment_status":"closed","ping_status":"closed","template":"","meta":{"footnotes":""},"class_list":["post-13482","page","type-page","status-publish","hentry"],"yoast_head":"<!-- This site is optimized with the Yoast SEO plugin v23.6 - https:\/\/yoast.com\/wordpress\/plugins\/seo\/ -->\n<title>Nyheter - timberwalls.net<\/title>\n<meta name=\"robots\" content=\"index, follow, max-snippet:-1, max-image-preview:large, max-video-preview:-1\" \/>\n<link rel=\"canonical\" href=\"https:\/\/timberwalls.net\/sv\/news\/\" \/>\n<meta property=\"og:locale\" content=\"sv_SE\" \/>\n<meta property=\"og:type\" content=\"article\" \/>\n<meta property=\"og:title\" content=\"Nyheter - timberwalls.net\" \/>\n<meta property=\"og:url\" content=\"https:\/\/timberwalls.net\/sv\/news\/\" \/>\n<meta property=\"og:site_name\" content=\"timberwalls.net\" \/>\n<meta property=\"article:modified_time\" content=\"2024-10-28T12:04:38+00:00\" \/>\n<meta property=\"og:image\" content=\"https:\/\/timberwalls.net\/wp-content\/uploads\/2024\/09\/843_1854905491.jpg\" \/>\n\t<meta property=\"og:image:width\" content=\"1600\" \/>\n\t<meta property=\"og:image:height\" content=\"1200\" \/>\n\t<meta property=\"og:image:type\" content=\"image\/jpeg\" \/>\n<meta name=\"twitter:card\" content=\"summary_large_image\" \/>\n<script type=\"application\/ld+json\" class=\"yoast-schema-graph\">{\"@context\":\"https:\/\/schema.org\",\"@graph\":[{\"@type\":\"WebPage\",\"@id\":\"https:\/\/timberwalls.net\/sv\/news\/\",\"url\":\"https:\/\/timberwalls.net\/sv\/news\/\",\"name\":\"Nyheter - timberwalls.net\",\"isPartOf\":{\"@id\":\"https:\/\/timberwalls.net\/de\/#website\"},\"datePublished\":\"2017-06-14T13:43:21+00:00\",\"dateModified\":\"2024-10-28T12:04:38+00:00\",\"breadcrumb\":{\"@id\":\"https:\/\/timberwalls.net\/sv\/news\/#breadcrumb\"},\"inLanguage\":\"sv-SE\",\"potentialAction\":[{\"@type\":\"ReadAction\",\"target\":[\"https:\/\/timberwalls.net\/sv\/news\/\"]}]},{\"@type\":\"BreadcrumbList\",\"@id\":\"https:\/\/timberwalls.net\/sv\/news\/#breadcrumb\",\"itemListElement\":[{\"@type\":\"ListItem\",\"position\":1,\"name\":\"Home\",\"item\":\"https:\/\/timberwalls.net\/sv\/\"},{\"@type\":\"ListItem\",\"position\":2,\"name\":\"Nyheter\"}]},{\"@type\":\"WebSite\",\"@id\":\"https:\/\/timberwalls.net\/de\/#website\",\"url\":\"https:\/\/timberwalls.net\/de\/\",\"name\":\"timberwalls.net\",\"description\":\"timberwalls.net\",\"publisher\":{\"@id\":\"https:\/\/timberwalls.net\/de\/#organization\"},\"potentialAction\":[{\"@type\":\"SearchAction\",\"target\":{\"@type\":\"EntryPoint\",\"urlTemplate\":\"https:\/\/timberwalls.net\/de\/?s={search_term_string}\"},\"query-input\":{\"@type\":\"PropertyValueSpecification\",\"valueRequired\":true,\"valueName\":\"search_term_string\"}}],\"inLanguage\":\"sv-SE\"},{\"@type\":\"Organization\",\"@id\":\"https:\/\/timberwalls.net\/de\/#organization\",\"name\":\"Wooden frame-panel houses\",\"url\":\"https:\/\/timberwalls.net\/de\/\",\"logo\":{\"@type\":\"ImageObject\",\"inLanguage\":\"sv-SE\",\"@id\":\"https:\/\/timberwalls.net\/de\/#\/schema\/logo\/image\/\",\"url\":\"https:\/\/timberwalls.net\/wp-content\/uploads\/2024\/08\/Timberwalls-logo-1.jpg\",\"contentUrl\":\"https:\/\/timberwalls.net\/wp-content\/uploads\/2024\/08\/Timberwalls-logo-1.jpg\",\"width\":960,\"height\":685,\"caption\":\"Wooden frame-panel houses\"},\"image\":{\"@id\":\"https:\/\/timberwalls.net\/de\/#\/schema\/logo\/image\/\"}}]}<\/script>\n<!-- \/ Yoast SEO plugin. -->","yoast_head_json":{"title":"Nyheter - timberwalls.net","robots":{"index":"index","follow":"follow","max-snippet":"max-snippet:-1","max-image-preview":"max-image-preview:large","max-video-preview":"max-video-preview:-1"},"canonical":"https:\/\/timberwalls.net\/sv\/news\/","og_locale":"sv_SE","og_type":"article","og_title":"Nyheter - timberwalls.net","og_url":"https:\/\/timberwalls.net\/sv\/news\/","og_site_name":"timberwalls.net","article_modified_time":"2024-10-28T12:04:38+00:00","og_image":[{"width":1600,"height":1200,"url":"https:\/\/timberwalls.net\/wp-content\/uploads\/2024\/09\/843_1854905491.jpg","type":"image\/jpeg"}],"twitter_card":"summary_large_image","schema":{"@context":"https:\/\/schema.org","@graph":[{"@type":"WebPage","@id":"https:\/\/timberwalls.net\/sv\/news\/","url":"https:\/\/timberwalls.net\/sv\/news\/","name":"Nyheter - timberwalls.net","isPartOf":{"@id":"https:\/\/timberwalls.net\/de\/#website"},"datePublished":"2017-06-14T13:43:21+00:00","dateModified":"2024-10-28T12:04:38+00:00","breadcrumb":{"@id":"https:\/\/timberwalls.net\/sv\/news\/#breadcrumb"},"inLanguage":"sv-SE","potentialAction":[{"@type":"ReadAction","target":["https:\/\/timberwalls.net\/sv\/news\/"]}]},{"@type":"BreadcrumbList","@id":"https:\/\/timberwalls.net\/sv\/news\/#breadcrumb","itemListElement":[{"@type":"ListItem","position":1,"name":"Home","item":"https:\/\/timberwalls.net\/sv\/"},{"@type":"ListItem","position":2,"name":"Nyheter"}]},{"@type":"WebSite","@id":"https:\/\/timberwalls.net\/de\/#website","url":"https:\/\/timberwalls.net\/de\/","name":"timberwalls.net","description":"timberwalls.net","publisher":{"@id":"https:\/\/timberwalls.net\/de\/#organization"},"potentialAction":[{"@type":"SearchAction","target":{"@type":"EntryPoint","urlTemplate":"https:\/\/timberwalls.net\/de\/?s={search_term_string}"},"query-input":{"@type":"PropertyValueSpecification","valueRequired":true,"valueName":"search_term_string"}}],"inLanguage":"sv-SE"},{"@type":"Organization","@id":"https:\/\/timberwalls.net\/de\/#organization","name":"Wooden frame-panel houses","url":"https:\/\/timberwalls.net\/de\/","logo":{"@type":"ImageObject","inLanguage":"sv-SE","@id":"https:\/\/timberwalls.net\/de\/#\/schema\/logo\/image\/","url":"https:\/\/timberwalls.net\/wp-content\/uploads\/2024\/08\/Timberwalls-logo-1.jpg","contentUrl":"https:\/\/timberwalls.net\/wp-content\/uploads\/2024\/08\/Timberwalls-logo-1.jpg","width":960,"height":685,"caption":"Wooden frame-panel houses"},"image":{"@id":"https:\/\/timberwalls.net\/de\/#\/schema\/logo\/image\/"}}]}},"_links":{"self":[{"href":"https:\/\/timberwalls.net\/sv\/wp-json\/wp\/v2\/pages\/13482","targetHints":{"allow":["GET"]}}],"collection":[{"href":"https:\/\/timberwalls.net\/sv\/wp-json\/wp\/v2\/pages"}],"about":[{"href":"https:\/\/timberwalls.net\/sv\/wp-json\/wp\/v2\/types\/page"}],"author":[{"embeddable":true,"href":"https:\/\/timberwalls.net\/sv\/wp-json\/wp\/v2\/users\/1"}],"replies":[{"embeddable":true,"href":"https:\/\/timberwalls.net\/sv\/wp-json\/wp\/v2\/comments?post=13482"}],"version-history":[{"count":3,"href":"https:\/\/timberwalls.net\/sv\/wp-json\/wp\/v2\/pages\/13482\/revisions"}],"predecessor-version":[{"id":14731,"href":"https:\/\/timberwalls.net\/sv\/wp-json\/wp\/v2\/pages\/13482\/revisions\/14731"}],"wp:attachment":[{"href":"https:\/\/timberwalls.net\/sv\/wp-json\/wp\/v2\/media?parent=13482"}],"curies":[{"name":"wp","href":"https:\/\/api.w.org\/{rel}","templated":true}]}}